{"id":19509,"date":"2017-01-03T04:57:17","date_gmt":"2017-01-03T06:57:17","guid":{"rendered":"https:\/\/www.gintaresgeles.lt\/?post_type=product&#038;p=19509"},"modified":"2026-02-10T17:24:19","modified_gmt":"2026-02-10T15:24:19","slug":"bouquet-of-yellow-roses-and-alstromeries","status":"publish","type":"product","link":"https:\/\/www.gintaresgeles.lt\/en\/puokste\/bouquet-of-yellow-roses-and-alstromeries\/","title":{"rendered":"Bouquet of yellow roses and alstroemerias"},"content":{"rendered":"<p>Alstroemerias are flowers of recognition and luck. They become more frequently used in bouquets because of their symbolism and expressive colorful blossoms that radiate positivity. Roses, on the other hand, are more moderate flowers that create a romantic and full of love atmosphere. This well-matched symbolic contrast is ensured by yellow roses and bright alstroemerias. It will surprise with its meaning and appearance &#8211; the color contrast will make this bouquet to explode with positivity and will put a sincere smile on every receiver.<\/p>\n","protected":false},"excerpt":{"rendered":"<p style=\"text-align: justify;\">A charming and elegant bouquet of yellow roses and colorful and brightly colored alstromeries. This colorful bouquet will be welcomed not only by women, but by men as well.<\/p>\n<p>Small bouquet \u2013 5 roses and 6 alstroemeria;<br \/>\nMedium bouquet \u2013 10 roses and 9 alstroemeria;<br \/>\nA large bouquet \u2013 15 roses and 12 alstroemeria.<\/p>\n<p><em><strong><span class=\"HwtZe\" lang=\"en\"><span class=\"jCAhz ChMk0b C1N51c\"><span class=\"ryNqvb\">Alstroemeria<\/span><\/span><\/span> colors are chosen from those we have on sale at the time, if you want a specific color contact us.<\/strong><\/em><\/p>\n<p>&nbsp;<\/p>\n<p style=\"text-align: right;\">\n","protected":false},"featured_media":44121,"template":"","meta":[],"product_brand":[],"product_cat":[261,260,259,252,266,265,256,258,253,257,263,264,909,240,268,1966,238],"product_tag":[],"class_list":{"0":"post-19509","1":"product","2":"type-product","3":"status-publish","4":"has-post-thumbnail","6":"product_cat-birthday-bouquets","7":"product_cat-birthday-flowers","8":"product_cat-flowers-by-occasion","9":"product_cat-flowers-by-recipient","10":"product_cat-flowers-by-style","11":"product_cat-flowers-by-type","12":"product_cat-flowers-for-girlfriend","13":"product_cat-flowers-for-men","14":"product_cat-flowers-for-mom","15":"product_cat-flowers-for-women","16":"product_cat-mothers-day-flowers","17":"product_cat-valentines-day-flowers","18":"product_cat-yellow-roses","19":"product_cat-alstroemerias","20":"product_cat-flower-bouquets","21":"product_cat-flowers-wrapped-in-paper","22":"product_cat-roses","23":"tm-has-options","25":"first","26":"instock","27":"taxable","28":"shipping-taxable","29":"purchasable","30":"product-type-variable"},"yoast_head":"<!-- This site is optimized with the Yoast SEO plugin v25.3 - https:\/\/yoast.com\/wordpress\/plugins\/seo\/ -->\n<title>Bouquet of yellow roses and alstroemerias |Subtle bouquets | Gintar\u0117sG\u0117l\u0117s<\/title>\n<meta name=\"description\" content=\"The bright yellow roses are perfectly matched with colorful alstroemerias and at the same time create a playful, yet attractive, bouquet.\" \/>\n<meta name=\"robots\" content=\"index, follow, max-snippet:-1, max-image-preview:large, max-video-preview:-1\" \/>\n<link rel=\"canonical\" href=\"https:\/\/www.gintaresgeles.lt\/en\/puokste\/bouquet-of-yellow-roses-and-alstromeries\/\" \/>\n<meta property=\"og:locale\" content=\"en_US\" \/>\n<meta property=\"og:type\" content=\"article\" \/>\n<meta property=\"og:title\" content=\"Bouquet of yellow roses and alstroemerias |Subtle bouquets | Gintar\u0117sG\u0117l\u0117s\" \/>\n<meta property=\"og:description\" content=\"The bright yellow roses are perfectly matched with colorful alstroemerias and at the same time create a playful, yet attractive, bouquet.\" \/>\n<meta property=\"og:url\" content=\"https:\/\/www.gintaresgeles.lt\/en\/puokste\/bouquet-of-yellow-roses-and-alstromeries\/\" \/>\n<meta property=\"og:site_name\" content=\"gintaresgeles.lt\" \/>\n<meta property=\"article:modified_time\" content=\"2026-02-10T15:24:19+00:00\" \/>\n<meta property=\"og:image\" content=\"https:\/\/www.gintaresgeles.lt\/wp-content\/uploads\/2017\/01\/geltonos-rozes-ir-alstromerijos-puoksteje-gimtadienio-geles.jpg\" \/>\n\t<meta property=\"og:image:width\" content=\"1200\" \/>\n\t<meta property=\"og:image:height\" content=\"1200\" \/>\n\t<meta property=\"og:image:type\" content=\"image\/jpeg\" \/>\n<meta name=\"twitter:card\" content=\"summary_large_image\" \/>\n<script type=\"application\/ld+json\" class=\"yoast-schema-graph\">{\"@context\":\"https:\/\/schema.org\",\"@graph\":[{\"@type\":\"WebPage\",\"@id\":\"https:\/\/www.gintaresgeles.lt\/en\/puokste\/bouquet-of-yellow-roses-and-alstromeries\/\",\"url\":\"https:\/\/www.gintaresgeles.lt\/en\/puokste\/bouquet-of-yellow-roses-and-alstromeries\/\",\"name\":\"Bouquet of yellow roses and alstroemerias |Subtle bouquets | Gintar\u0117sG\u0117l\u0117s\",\"isPartOf\":{\"@id\":\"https:\/\/www.gintaresgeles.lt\/en\/#website\"},\"primaryImageOfPage\":{\"@id\":\"https:\/\/www.gintaresgeles.lt\/en\/puokste\/bouquet-of-yellow-roses-and-alstromeries\/#primaryimage\"},\"image\":{\"@id\":\"https:\/\/www.gintaresgeles.lt\/en\/puokste\/bouquet-of-yellow-roses-and-alstromeries\/#primaryimage\"},\"thumbnailUrl\":\"https:\/\/www.gintaresgeles.lt\/wp-content\/uploads\/2017\/01\/geltonos-rozes-ir-alstromerijos-puoksteje-gimtadienio-geles.jpg\",\"datePublished\":\"2017-01-03T06:57:17+00:00\",\"dateModified\":\"2026-02-10T15:24:19+00:00\",\"description\":\"The bright yellow roses are perfectly matched with colorful alstroemerias and at the same time create a playful, yet attractive, bouquet.\",\"breadcrumb\":{\"@id\":\"https:\/\/www.gintaresgeles.lt\/en\/puokste\/bouquet-of-yellow-roses-and-alstromeries\/#breadcrumb\"},\"inLanguage\":\"en-US\",\"potentialAction\":[{\"@type\":\"ReadAction\",\"target\":[\"https:\/\/www.gintaresgeles.lt\/en\/puokste\/bouquet-of-yellow-roses-and-alstromeries\/\"]}]},{\"@type\":\"ImageObject\",\"inLanguage\":\"en-US\",\"@id\":\"https:\/\/www.gintaresgeles.lt\/en\/puokste\/bouquet-of-yellow-roses-and-alstromeries\/#primaryimage\",\"url\":\"https:\/\/www.gintaresgeles.lt\/wp-content\/uploads\/2017\/01\/geltonos-rozes-ir-alstromerijos-puoksteje-gimtadienio-geles.jpg\",\"contentUrl\":\"https:\/\/www.gintaresgeles.lt\/wp-content\/uploads\/2017\/01\/geltonos-rozes-ir-alstromerijos-puoksteje-gimtadienio-geles.jpg\",\"width\":1200,\"height\":1200,\"caption\":\"Gelton\u0173 ro\u017ei\u0173 ir ivairiaspalvi\u0173 alstromerij\u0173 puok\u0161t\u0117 g\u0117l\u0117s moterims\"},{\"@type\":\"BreadcrumbList\",\"@id\":\"https:\/\/www.gintaresgeles.lt\/en\/puokste\/bouquet-of-yellow-roses-and-alstromeries\/#breadcrumb\",\"itemListElement\":[{\"@type\":\"ListItem\",\"position\":1,\"name\":\"Prad\u017eia\",\"item\":\"https:\/\/www.gintaresgeles.lt\/en\/\"},{\"@type\":\"ListItem\",\"position\":2,\"name\":\"All flowers and other products\",\"item\":\"https:\/\/www.gintaresgeles.lt\/en\/all-flowers-and-other-products\/\"},{\"@type\":\"ListItem\",\"position\":3,\"name\":\"Bouquet of yellow roses and alstroemerias\"}]},{\"@type\":\"WebSite\",\"@id\":\"https:\/\/www.gintaresgeles.lt\/en\/#website\",\"url\":\"https:\/\/www.gintaresgeles.lt\/en\/\",\"name\":\"Gintares Geles\",\"description\":\"Flower delivery in Vilnius | Same-day delivery | Gintares geles\",\"potentialAction\":[{\"@type\":\"SearchAction\",\"target\":{\"@type\":\"EntryPoint\",\"urlTemplate\":\"https:\/\/www.gintaresgeles.lt\/en\/?s={search_term_string}\"},\"query-input\":{\"@type\":\"PropertyValueSpecification\",\"valueRequired\":true,\"valueName\":\"search_term_string\"}}],\"inLanguage\":\"en-US\"}]}<\/script>\n<!-- \/ Yoast SEO plugin. -->","yoast_head_json":{"title":"Bouquet of yellow roses and alstroemerias |Subtle bouquets | Gintar\u0117sG\u0117l\u0117s","description":"The bright yellow roses are perfectly matched with colorful alstroemerias and at the same time create a playful, yet attractive, bouquet.","robots":{"index":"index","follow":"follow","max-snippet":"max-snippet:-1","max-image-preview":"max-image-preview:large","max-video-preview":"max-video-preview:-1"},"canonical":"https:\/\/www.gintaresgeles.lt\/en\/puokste\/bouquet-of-yellow-roses-and-alstromeries\/","og_locale":"en_US","og_type":"article","og_title":"Bouquet of yellow roses and alstroemerias |Subtle bouquets | Gintar\u0117sG\u0117l\u0117s","og_description":"The bright yellow roses are perfectly matched with colorful alstroemerias and at the same time create a playful, yet attractive, bouquet.","og_url":"https:\/\/www.gintaresgeles.lt\/en\/puokste\/bouquet-of-yellow-roses-and-alstromeries\/","og_site_name":"gintaresgeles.lt","article_modified_time":"2026-02-10T15:24:19+00:00","og_image":[{"width":1200,"height":1200,"url":"https:\/\/www.gintaresgeles.lt\/wp-content\/uploads\/2017\/01\/geltonos-rozes-ir-alstromerijos-puoksteje-gimtadienio-geles.jpg","type":"image\/jpeg"}],"twitter_card":"summary_large_image","schema":{"@context":"https:\/\/schema.org","@graph":[{"@type":"WebPage","@id":"https:\/\/www.gintaresgeles.lt\/en\/puokste\/bouquet-of-yellow-roses-and-alstromeries\/","url":"https:\/\/www.gintaresgeles.lt\/en\/puokste\/bouquet-of-yellow-roses-and-alstromeries\/","name":"Bouquet of yellow roses and alstroemerias |Subtle bouquets | Gintar\u0117sG\u0117l\u0117s","isPartOf":{"@id":"https:\/\/www.gintaresgeles.lt\/en\/#website"},"primaryImageOfPage":{"@id":"https:\/\/www.gintaresgeles.lt\/en\/puokste\/bouquet-of-yellow-roses-and-alstromeries\/#primaryimage"},"image":{"@id":"https:\/\/www.gintaresgeles.lt\/en\/puokste\/bouquet-of-yellow-roses-and-alstromeries\/#primaryimage"},"thumbnailUrl":"https:\/\/www.gintaresgeles.lt\/wp-content\/uploads\/2017\/01\/geltonos-rozes-ir-alstromerijos-puoksteje-gimtadienio-geles.jpg","datePublished":"2017-01-03T06:57:17+00:00","dateModified":"2026-02-10T15:24:19+00:00","description":"The bright yellow roses are perfectly matched with colorful alstroemerias and at the same time create a playful, yet attractive, bouquet.","breadcrumb":{"@id":"https:\/\/www.gintaresgeles.lt\/en\/puokste\/bouquet-of-yellow-roses-and-alstromeries\/#breadcrumb"},"inLanguage":"en-US","potentialAction":[{"@type":"ReadAction","target":["https:\/\/www.gintaresgeles.lt\/en\/puokste\/bouquet-of-yellow-roses-and-alstromeries\/"]}]},{"@type":"ImageObject","inLanguage":"en-US","@id":"https:\/\/www.gintaresgeles.lt\/en\/puokste\/bouquet-of-yellow-roses-and-alstromeries\/#primaryimage","url":"https:\/\/www.gintaresgeles.lt\/wp-content\/uploads\/2017\/01\/geltonos-rozes-ir-alstromerijos-puoksteje-gimtadienio-geles.jpg","contentUrl":"https:\/\/www.gintaresgeles.lt\/wp-content\/uploads\/2017\/01\/geltonos-rozes-ir-alstromerijos-puoksteje-gimtadienio-geles.jpg","width":1200,"height":1200,"caption":"Gelton\u0173 ro\u017ei\u0173 ir ivairiaspalvi\u0173 alstromerij\u0173 puok\u0161t\u0117 g\u0117l\u0117s moterims"},{"@type":"BreadcrumbList","@id":"https:\/\/www.gintaresgeles.lt\/en\/puokste\/bouquet-of-yellow-roses-and-alstromeries\/#breadcrumb","itemListElement":[{"@type":"ListItem","position":1,"name":"Prad\u017eia","item":"https:\/\/www.gintaresgeles.lt\/en\/"},{"@type":"ListItem","position":2,"name":"All flowers and other products","item":"https:\/\/www.gintaresgeles.lt\/en\/all-flowers-and-other-products\/"},{"@type":"ListItem","position":3,"name":"Bouquet of yellow roses and alstroemerias"}]},{"@type":"WebSite","@id":"https:\/\/www.gintaresgeles.lt\/en\/#website","url":"https:\/\/www.gintaresgeles.lt\/en\/","name":"Gintares Geles","description":"Flower delivery in Vilnius | Same-day delivery | Gintares geles","potentialAction":[{"@type":"SearchAction","target":{"@type":"EntryPoint","urlTemplate":"https:\/\/www.gintaresgeles.lt\/en\/?s={search_term_string}"},"query-input":{"@type":"PropertyValueSpecification","valueRequired":true,"valueName":"search_term_string"}}],"inLanguage":"en-US"}]}},"_links":{"self":[{"href":"https:\/\/www.gintaresgeles.lt\/en\/wp-json\/wp\/v2\/product\/19509","targetHints":{"allow":["GET"]}}],"collection":[{"href":"https:\/\/www.gintaresgeles.lt\/en\/wp-json\/wp\/v2\/product"}],"about":[{"href":"https:\/\/www.gintaresgeles.lt\/en\/wp-json\/wp\/v2\/types\/product"}],"wp:featuredmedia":[{"embeddable":true,"href":"https:\/\/www.gintaresgeles.lt\/en\/wp-json\/wp\/v2\/media\/44121"}],"wp:attachment":[{"href":"https:\/\/www.gintaresgeles.lt\/en\/wp-json\/wp\/v2\/media?parent=19509"}],"wp:term":[{"taxonomy":"product_brand","embeddable":true,"href":"https:\/\/www.gintaresgeles.lt\/en\/wp-json\/wp\/v2\/product_brand?post=19509"},{"taxonomy":"product_cat","embeddable":true,"href":"https:\/\/www.gintaresgeles.lt\/en\/wp-json\/wp\/v2\/product_cat?post=19509"},{"taxonomy":"product_tag","embeddable":true,"href":"https:\/\/www.gintaresgeles.lt\/en\/wp-json\/wp\/v2\/product_tag?post=19509"}],"curies":[{"name":"wp","href":"https:\/\/api.w.org\/{rel}","templated":true}]}}