{"id":19547,"date":"2016-12-21T10:16:15","date_gmt":"2016-12-21T12:16:15","guid":{"rendered":"https:\/\/www.gintaresgeles.lt\/?post_type=product&#038;p=19547"},"modified":"2025-05-29T02:02:19","modified_gmt":"2025-05-29T00:02:19","slug":"bouquet-of-red-and-yellow-roses","status":"publish","type":"product","link":"https:\/\/www.gintaresgeles.lt\/en\/puokste\/bouquet-of-red-and-yellow-roses\/","title":{"rendered":"Bouquet of red and yellow roses"},"content":{"rendered":"<p>The bouquet is suitable to give as a gift for any occasion. The chosen colors match with one another and create a contrast which makes the bouquet more interesting, colorful and playful.<\/p>\n","protected":false},"excerpt":{"rendered":"<p style=\"text-align: justify\">Although the gifts of roses are often used to express romantic and warm feelings to a loved one, these flowers are perfectly suited as a business gift for a colleague or little-known person. Although the bouquet consists of two colored roses &#8211; yellow and red, but it looks colorful, a simple and universal red rose bouquet turns into an interesting and original.<\/p>\n<p style=\"text-align: right\">\n","protected":false},"featured_media":53802,"template":"","meta":[],"product_brand":[],"product_cat":[261,260,259,252,266,265,256,258,253,257,263,891,264,909,268,1966,238],"product_tag":[],"class_list":{"0":"post-19547","1":"product","2":"type-product","3":"status-publish","4":"has-post-thumbnail","6":"product_cat-birthday-bouquets","7":"product_cat-birthday-flowers","8":"product_cat-flowers-by-occasion","9":"product_cat-flowers-by-recipient","10":"product_cat-flowers-by-style","11":"product_cat-flowers-by-type","12":"product_cat-flowers-for-girlfriend","13":"product_cat-flowers-for-men","14":"product_cat-flowers-for-mom","15":"product_cat-flowers-for-women","16":"product_cat-mothers-day-flowers","17":"product_cat-red-roses","18":"product_cat-valentines-day-flowers","19":"product_cat-yellow-roses","20":"product_cat-flower-bouquets","21":"product_cat-flowers-wrapped-in-paper","22":"product_cat-roses","23":"tm-has-options","25":"first","26":"instock","27":"taxable","28":"shipping-taxable","29":"purchasable","30":"product-type-variable","31":"has-default-attributes"},"yoast_head":"<!-- This site is optimized with the Yoast SEO plugin v25.3 - https:\/\/yoast.com\/wordpress\/plugins\/seo\/ -->\n<title>Bouquet of red and yellow roses | Color Contrast | Gintar\u0117sG\u0117l\u0117s<\/title>\n<meta name=\"description\" content=\"A floral bouquet of roses, consisting of yellow and red roses bound with a beautiful ribbon, will fit both for a special occasion and for a simple celebration. Order online with delivery in Vilnius or Vilnius district.\" \/>\n<meta name=\"robots\" content=\"index, follow, max-snippet:-1, max-image-preview:large, max-video-preview:-1\" \/>\n<link rel=\"canonical\" href=\"https:\/\/www.gintaresgeles.lt\/en\/puokste\/bouquet-of-red-and-yellow-roses\/\" \/>\n<meta property=\"og:locale\" content=\"en_US\" \/>\n<meta property=\"og:type\" content=\"article\" \/>\n<meta property=\"og:title\" content=\"Bouquet of red and yellow roses | Color Contrast | Gintar\u0117sG\u0117l\u0117s\" \/>\n<meta property=\"og:description\" content=\"A floral bouquet of roses, consisting of yellow and red roses bound with a beautiful ribbon, will fit both for a special occasion and for a simple celebration. Order online with delivery in Vilnius or Vilnius district.\" \/>\n<meta property=\"og:url\" content=\"https:\/\/www.gintaresgeles.lt\/en\/puokste\/bouquet-of-red-and-yellow-roses\/\" \/>\n<meta property=\"og:site_name\" content=\"gintaresgeles.lt\" \/>\n<meta property=\"article:modified_time\" content=\"2025-05-29T00:02:19+00:00\" \/>\n<meta property=\"og:image\" content=\"https:\/\/www.gintaresgeles.lt\/wp-content\/uploads\/2016\/12\/geltonos-ir-raudonos-rozes-puoksteje-gimtadienio-geles-scaled.jpg\" \/>\n\t<meta property=\"og:image:width\" content=\"2560\" \/>\n\t<meta property=\"og:image:height\" content=\"2560\" \/>\n\t<meta property=\"og:image:type\" content=\"image\/jpeg\" \/>\n<meta name=\"twitter:card\" content=\"summary_large_image\" \/>\n<script type=\"application\/ld+json\" class=\"yoast-schema-graph\">{\"@context\":\"https:\/\/schema.org\",\"@graph\":[{\"@type\":\"WebPage\",\"@id\":\"https:\/\/www.gintaresgeles.lt\/en\/puokste\/bouquet-of-red-and-yellow-roses\/\",\"url\":\"https:\/\/www.gintaresgeles.lt\/en\/puokste\/bouquet-of-red-and-yellow-roses\/\",\"name\":\"Bouquet of red and yellow roses | Color Contrast | Gintar\u0117sG\u0117l\u0117s\",\"isPartOf\":{\"@id\":\"https:\/\/www.gintaresgeles.lt\/en\/#website\"},\"primaryImageOfPage\":{\"@id\":\"https:\/\/www.gintaresgeles.lt\/en\/puokste\/bouquet-of-red-and-yellow-roses\/#primaryimage\"},\"image\":{\"@id\":\"https:\/\/www.gintaresgeles.lt\/en\/puokste\/bouquet-of-red-and-yellow-roses\/#primaryimage\"},\"thumbnailUrl\":\"https:\/\/www.gintaresgeles.lt\/wp-content\/uploads\/2016\/12\/geltonos-ir-raudonos-rozes-puoksteje-gimtadienio-geles-scaled.jpg\",\"datePublished\":\"2016-12-21T12:16:15+00:00\",\"dateModified\":\"2025-05-29T00:02:19+00:00\",\"description\":\"A floral bouquet of roses, consisting of yellow and red roses bound with a beautiful ribbon, will fit both for a special occasion and for a simple celebration. Order online with delivery in Vilnius or Vilnius district.\",\"breadcrumb\":{\"@id\":\"https:\/\/www.gintaresgeles.lt\/en\/puokste\/bouquet-of-red-and-yellow-roses\/#breadcrumb\"},\"inLanguage\":\"en-US\",\"potentialAction\":[{\"@type\":\"ReadAction\",\"target\":[\"https:\/\/www.gintaresgeles.lt\/en\/puokste\/bouquet-of-red-and-yellow-roses\/\"]}]},{\"@type\":\"ImageObject\",\"inLanguage\":\"en-US\",\"@id\":\"https:\/\/www.gintaresgeles.lt\/en\/puokste\/bouquet-of-red-and-yellow-roses\/#primaryimage\",\"url\":\"https:\/\/www.gintaresgeles.lt\/wp-content\/uploads\/2016\/12\/geltonos-ir-raudonos-rozes-puoksteje-gimtadienio-geles-scaled.jpg\",\"contentUrl\":\"https:\/\/www.gintaresgeles.lt\/wp-content\/uploads\/2016\/12\/geltonos-ir-raudonos-rozes-puoksteje-gimtadienio-geles-scaled.jpg\",\"width\":2560,\"height\":2560,\"caption\":\"Raudon\u0173 ir gelton\u0173 ro\u017ei\u0173 puok\u0161t\u0117 gimtadienio g\u0117l\u0117s\"},{\"@type\":\"BreadcrumbList\",\"@id\":\"https:\/\/www.gintaresgeles.lt\/en\/puokste\/bouquet-of-red-and-yellow-roses\/#breadcrumb\",\"itemListElement\":[{\"@type\":\"ListItem\",\"position\":1,\"name\":\"Prad\u017eia\",\"item\":\"https:\/\/www.gintaresgeles.lt\/en\/\"},{\"@type\":\"ListItem\",\"position\":2,\"name\":\"All flowers and other products\",\"item\":\"https:\/\/www.gintaresgeles.lt\/en\/all-flowers-and-other-products\/\"},{\"@type\":\"ListItem\",\"position\":3,\"name\":\"Bouquet of red and yellow roses\"}]},{\"@type\":\"WebSite\",\"@id\":\"https:\/\/www.gintaresgeles.lt\/en\/#website\",\"url\":\"https:\/\/www.gintaresgeles.lt\/en\/\",\"name\":\"gintaresgeles.lt\",\"description\":\"G\u0117li\u0173 parduotuv\u0117 internete\",\"potentialAction\":[{\"@type\":\"SearchAction\",\"target\":{\"@type\":\"EntryPoint\",\"urlTemplate\":\"https:\/\/www.gintaresgeles.lt\/en\/?s={search_term_string}\"},\"query-input\":{\"@type\":\"PropertyValueSpecification\",\"valueRequired\":true,\"valueName\":\"search_term_string\"}}],\"inLanguage\":\"en-US\"}]}<\/script>\n<!-- \/ Yoast SEO plugin. -->","yoast_head_json":{"title":"Bouquet of red and yellow roses | Color Contrast | Gintar\u0117sG\u0117l\u0117s","description":"A floral bouquet of roses, consisting of yellow and red roses bound with a beautiful ribbon, will fit both for a special occasion and for a simple celebration. Order online with delivery in Vilnius or Vilnius district.","robots":{"index":"index","follow":"follow","max-snippet":"max-snippet:-1","max-image-preview":"max-image-preview:large","max-video-preview":"max-video-preview:-1"},"canonical":"https:\/\/www.gintaresgeles.lt\/en\/puokste\/bouquet-of-red-and-yellow-roses\/","og_locale":"en_US","og_type":"article","og_title":"Bouquet of red and yellow roses | Color Contrast | Gintar\u0117sG\u0117l\u0117s","og_description":"A floral bouquet of roses, consisting of yellow and red roses bound with a beautiful ribbon, will fit both for a special occasion and for a simple celebration. Order online with delivery in Vilnius or Vilnius district.","og_url":"https:\/\/www.gintaresgeles.lt\/en\/puokste\/bouquet-of-red-and-yellow-roses\/","og_site_name":"gintaresgeles.lt","article_modified_time":"2025-05-29T00:02:19+00:00","og_image":[{"width":2560,"height":2560,"url":"https:\/\/www.gintaresgeles.lt\/wp-content\/uploads\/2016\/12\/geltonos-ir-raudonos-rozes-puoksteje-gimtadienio-geles-scaled.jpg","type":"image\/jpeg"}],"twitter_card":"summary_large_image","schema":{"@context":"https:\/\/schema.org","@graph":[{"@type":"WebPage","@id":"https:\/\/www.gintaresgeles.lt\/en\/puokste\/bouquet-of-red-and-yellow-roses\/","url":"https:\/\/www.gintaresgeles.lt\/en\/puokste\/bouquet-of-red-and-yellow-roses\/","name":"Bouquet of red and yellow roses | Color Contrast | Gintar\u0117sG\u0117l\u0117s","isPartOf":{"@id":"https:\/\/www.gintaresgeles.lt\/en\/#website"},"primaryImageOfPage":{"@id":"https:\/\/www.gintaresgeles.lt\/en\/puokste\/bouquet-of-red-and-yellow-roses\/#primaryimage"},"image":{"@id":"https:\/\/www.gintaresgeles.lt\/en\/puokste\/bouquet-of-red-and-yellow-roses\/#primaryimage"},"thumbnailUrl":"https:\/\/www.gintaresgeles.lt\/wp-content\/uploads\/2016\/12\/geltonos-ir-raudonos-rozes-puoksteje-gimtadienio-geles-scaled.jpg","datePublished":"2016-12-21T12:16:15+00:00","dateModified":"2025-05-29T00:02:19+00:00","description":"A floral bouquet of roses, consisting of yellow and red roses bound with a beautiful ribbon, will fit both for a special occasion and for a simple celebration. Order online with delivery in Vilnius or Vilnius district.","breadcrumb":{"@id":"https:\/\/www.gintaresgeles.lt\/en\/puokste\/bouquet-of-red-and-yellow-roses\/#breadcrumb"},"inLanguage":"en-US","potentialAction":[{"@type":"ReadAction","target":["https:\/\/www.gintaresgeles.lt\/en\/puokste\/bouquet-of-red-and-yellow-roses\/"]}]},{"@type":"ImageObject","inLanguage":"en-US","@id":"https:\/\/www.gintaresgeles.lt\/en\/puokste\/bouquet-of-red-and-yellow-roses\/#primaryimage","url":"https:\/\/www.gintaresgeles.lt\/wp-content\/uploads\/2016\/12\/geltonos-ir-raudonos-rozes-puoksteje-gimtadienio-geles-scaled.jpg","contentUrl":"https:\/\/www.gintaresgeles.lt\/wp-content\/uploads\/2016\/12\/geltonos-ir-raudonos-rozes-puoksteje-gimtadienio-geles-scaled.jpg","width":2560,"height":2560,"caption":"Raudon\u0173 ir gelton\u0173 ro\u017ei\u0173 puok\u0161t\u0117 gimtadienio g\u0117l\u0117s"},{"@type":"BreadcrumbList","@id":"https:\/\/www.gintaresgeles.lt\/en\/puokste\/bouquet-of-red-and-yellow-roses\/#breadcrumb","itemListElement":[{"@type":"ListItem","position":1,"name":"Prad\u017eia","item":"https:\/\/www.gintaresgeles.lt\/en\/"},{"@type":"ListItem","position":2,"name":"All flowers and other products","item":"https:\/\/www.gintaresgeles.lt\/en\/all-flowers-and-other-products\/"},{"@type":"ListItem","position":3,"name":"Bouquet of red and yellow roses"}]},{"@type":"WebSite","@id":"https:\/\/www.gintaresgeles.lt\/en\/#website","url":"https:\/\/www.gintaresgeles.lt\/en\/","name":"gintaresgeles.lt","description":"G\u0117li\u0173 parduotuv\u0117 internete","potentialAction":[{"@type":"SearchAction","target":{"@type":"EntryPoint","urlTemplate":"https:\/\/www.gintaresgeles.lt\/en\/?s={search_term_string}"},"query-input":{"@type":"PropertyValueSpecification","valueRequired":true,"valueName":"search_term_string"}}],"inLanguage":"en-US"}]}},"_links":{"self":[{"href":"https:\/\/www.gintaresgeles.lt\/en\/wp-json\/wp\/v2\/product\/19547","targetHints":{"allow":["GET"]}}],"collection":[{"href":"https:\/\/www.gintaresgeles.lt\/en\/wp-json\/wp\/v2\/product"}],"about":[{"href":"https:\/\/www.gintaresgeles.lt\/en\/wp-json\/wp\/v2\/types\/product"}],"wp:featuredmedia":[{"embeddable":true,"href":"https:\/\/www.gintaresgeles.lt\/en\/wp-json\/wp\/v2\/media\/53802"}],"wp:attachment":[{"href":"https:\/\/www.gintaresgeles.lt\/en\/wp-json\/wp\/v2\/media?parent=19547"}],"wp:term":[{"taxonomy":"product_brand","embeddable":true,"href":"https:\/\/www.gintaresgeles.lt\/en\/wp-json\/wp\/v2\/product_brand?post=19547"},{"taxonomy":"product_cat","embeddable":true,"href":"https:\/\/www.gintaresgeles.lt\/en\/wp-json\/wp\/v2\/product_cat?post=19547"},{"taxonomy":"product_tag","embeddable":true,"href":"https:\/\/www.gintaresgeles.lt\/en\/wp-json\/wp\/v2\/product_tag?post=19547"}],"curies":[{"name":"wp","href":"https:\/\/api.w.org\/{rel}","templated":true}]}}