{"id":19575,"date":"2016-12-13T12:10:58","date_gmt":"2018-08-02T13:01:55","guid":{"rendered":"https:\/\/www.gintaresgeles.lt\/?post_type=product&#038;p=19575"},"modified":"2025-05-29T02:02:21","modified_gmt":"2025-05-29T00:02:21","slug":"rose-box-heart","status":"publish","type":"product","link":"https:\/\/www.gintaresgeles.lt\/en\/puokste\/rose-box-heart\/","title":{"rendered":"Roses box &#8220;Heart&#8221;"},"content":{"rendered":"<p>Red roses are the symbol of love and passion, whereas white roses stand for respect and devotion. Because of their symbolic compatibility, white and red roses are frequently combined together when it comes to surprising women. Also, there is also the fact that white and red colors perfectly match with one another.<\/p>\n<p>This flower box is special because of its symbolic meaning, enchanting image, and lovely composition. However, the biggest impression will be left by the abundance of roses that are composed in the box.<\/p>\n","protected":false},"excerpt":{"rendered":"<p style=\"text-align: justify\">A romantic and original gift for woman &#8211; a heart shaped box full of roses. A special combination of colors with thirty red and one white roses will not only captivate, but also enchant a loved one or a close woman. A good looking box full of roses will be warm and romantic surprise for your special one.<\/p>\n<p style=\"text-align: justify\">The amount of flowers in the box depends on your choice. Depending on the size of the rose blossoms, there may be more roses less or more so that the overall look does not look too abundant or there is no shortage of roses.<\/p>\n<p style=\"text-align: right\">\n","protected":false},"featured_media":24302,"template":"","meta":[],"product_brand":[],"product_cat":[261,260,259,252,266,265,256,253,257,428,262,263,891,650,264,267,238],"product_tag":[],"class_list":{"0":"post-19575","1":"product","2":"type-product","3":"status-publish","4":"has-post-thumbnail","6":"product_cat-birthday-bouquets","7":"product_cat-birthday-flowers","8":"product_cat-flowers-by-occasion","9":"product_cat-flowers-by-recipient","10":"product_cat-flowers-by-style","11":"product_cat-flowers-by-type","12":"product_cat-flowers-for-girlfriend","13":"product_cat-flowers-for-mom","14":"product_cat-flowers-for-women","15":"product_cat-jubilee-flowers","16":"product_cat-march8th-flowers","17":"product_cat-mothers-day-flowers","18":"product_cat-red-roses","19":"product_cat-roses-in-a-box","20":"product_cat-valentines-day-flowers","21":"product_cat-flower-boxes","22":"product_cat-roses","23":"tm-no-options","25":"first","26":"outofstock","27":"taxable","28":"shipping-taxable","29":"purchasable","30":"product-type-variable","31":"has-default-attributes"},"yoast_head":"<!-- This site is optimized with the Yoast SEO plugin v25.3 - https:\/\/yoast.com\/wordpress\/plugins\/seo\/ -->\n<title>Rose box &quot;Heart&quot; | Hearts shape | Gintar\u0117s G\u0117l\u0117s<\/title>\n<meta name=\"description\" content=\"A heart shaped box is a great gift for a love day or another romantic holiday. All roses are red, apart from one white. This box will enchant your special woman.\" \/>\n<meta name=\"robots\" content=\"index, follow, max-snippet:-1, max-image-preview:large, max-video-preview:-1\" \/>\n<link rel=\"canonical\" href=\"https:\/\/www.gintaresgeles.lt\/en\/puokste\/rose-box-heart\/\" \/>\n<meta property=\"og:locale\" content=\"en_US\" \/>\n<meta property=\"og:type\" content=\"article\" \/>\n<meta property=\"og:title\" content=\"Rose box &quot;Heart&quot; | Hearts shape | Gintar\u0117s G\u0117l\u0117s\" \/>\n<meta property=\"og:description\" content=\"A heart shaped box is a great gift for a love day or another romantic holiday. All roses are red, apart from one white. This box will enchant your special woman.\" \/>\n<meta property=\"og:url\" content=\"https:\/\/www.gintaresgeles.lt\/en\/puokste\/rose-box-heart\/\" \/>\n<meta property=\"og:site_name\" content=\"gintaresgeles.lt\" \/>\n<meta property=\"article:modified_time\" content=\"2025-05-29T00:02:21+00:00\" \/>\n<meta property=\"og:image\" content=\"https:\/\/www.gintaresgeles.lt\/wp-content\/uploads\/2016\/12\/geles-dezutese-raudonos-rozes-sirdele.jpg\" \/>\n\t<meta property=\"og:image:width\" content=\"600\" \/>\n\t<meta property=\"og:image:height\" content=\"600\" \/>\n\t<meta property=\"og:image:type\" content=\"image\/jpeg\" \/>\n<meta name=\"twitter:card\" content=\"summary_large_image\" \/>\n<script type=\"application\/ld+json\" class=\"yoast-schema-graph\">{\"@context\":\"https:\/\/schema.org\",\"@graph\":[{\"@type\":\"WebPage\",\"@id\":\"https:\/\/www.gintaresgeles.lt\/en\/puokste\/rose-box-heart\/\",\"url\":\"https:\/\/www.gintaresgeles.lt\/en\/puokste\/rose-box-heart\/\",\"name\":\"Rose box \\\"Heart\\\" | Hearts shape | Gintar\u0117s G\u0117l\u0117s\",\"isPartOf\":{\"@id\":\"https:\/\/www.gintaresgeles.lt\/en\/#website\"},\"primaryImageOfPage\":{\"@id\":\"https:\/\/www.gintaresgeles.lt\/en\/puokste\/rose-box-heart\/#primaryimage\"},\"image\":{\"@id\":\"https:\/\/www.gintaresgeles.lt\/en\/puokste\/rose-box-heart\/#primaryimage\"},\"thumbnailUrl\":\"https:\/\/www.gintaresgeles.lt\/wp-content\/uploads\/2016\/12\/geles-dezutese-raudonos-rozes-sirdele.jpg\",\"datePublished\":\"2018-08-02T13:01:55+00:00\",\"dateModified\":\"2025-05-29T00:02:21+00:00\",\"description\":\"A heart shaped box is a great gift for a love day or another romantic holiday. All roses are red, apart from one white. This box will enchant your special woman.\",\"breadcrumb\":{\"@id\":\"https:\/\/www.gintaresgeles.lt\/en\/puokste\/rose-box-heart\/#breadcrumb\"},\"inLanguage\":\"en-US\",\"potentialAction\":[{\"@type\":\"ReadAction\",\"target\":[\"https:\/\/www.gintaresgeles.lt\/en\/puokste\/rose-box-heart\/\"]}]},{\"@type\":\"ImageObject\",\"inLanguage\":\"en-US\",\"@id\":\"https:\/\/www.gintaresgeles.lt\/en\/puokste\/rose-box-heart\/#primaryimage\",\"url\":\"https:\/\/www.gintaresgeles.lt\/wp-content\/uploads\/2016\/12\/geles-dezutese-raudonos-rozes-sirdele.jpg\",\"contentUrl\":\"https:\/\/www.gintaresgeles.lt\/wp-content\/uploads\/2016\/12\/geles-dezutese-raudonos-rozes-sirdele.jpg\",\"width\":600,\"height\":600,\"caption\":\"Raudonos ro\u017e\u0117s \u0161irdel\u0117s formos g\u0117li\u0173 d\u0117\u017eut\u0117je\"},{\"@type\":\"BreadcrumbList\",\"@id\":\"https:\/\/www.gintaresgeles.lt\/en\/puokste\/rose-box-heart\/#breadcrumb\",\"itemListElement\":[{\"@type\":\"ListItem\",\"position\":1,\"name\":\"Prad\u017eia\",\"item\":\"https:\/\/www.gintaresgeles.lt\/en\/\"},{\"@type\":\"ListItem\",\"position\":2,\"name\":\"All flowers and other products\",\"item\":\"https:\/\/www.gintaresgeles.lt\/en\/all-flowers-and-other-products\/\"},{\"@type\":\"ListItem\",\"position\":3,\"name\":\"Roses box &#8222;Heart&#8221;\"}]},{\"@type\":\"WebSite\",\"@id\":\"https:\/\/www.gintaresgeles.lt\/en\/#website\",\"url\":\"https:\/\/www.gintaresgeles.lt\/en\/\",\"name\":\"gintaresgeles.lt\",\"description\":\"G\u0117li\u0173 parduotuv\u0117 internete\",\"potentialAction\":[{\"@type\":\"SearchAction\",\"target\":{\"@type\":\"EntryPoint\",\"urlTemplate\":\"https:\/\/www.gintaresgeles.lt\/en\/?s={search_term_string}\"},\"query-input\":{\"@type\":\"PropertyValueSpecification\",\"valueRequired\":true,\"valueName\":\"search_term_string\"}}],\"inLanguage\":\"en-US\"}]}<\/script>\n<!-- \/ Yoast SEO plugin. -->","yoast_head_json":{"title":"Rose box \"Heart\" | Hearts shape | Gintar\u0117s G\u0117l\u0117s","description":"A heart shaped box is a great gift for a love day or another romantic holiday. All roses are red, apart from one white. This box will enchant your special woman.","robots":{"index":"index","follow":"follow","max-snippet":"max-snippet:-1","max-image-preview":"max-image-preview:large","max-video-preview":"max-video-preview:-1"},"canonical":"https:\/\/www.gintaresgeles.lt\/en\/puokste\/rose-box-heart\/","og_locale":"en_US","og_type":"article","og_title":"Rose box \"Heart\" | Hearts shape | Gintar\u0117s G\u0117l\u0117s","og_description":"A heart shaped box is a great gift for a love day or another romantic holiday. All roses are red, apart from one white. This box will enchant your special woman.","og_url":"https:\/\/www.gintaresgeles.lt\/en\/puokste\/rose-box-heart\/","og_site_name":"gintaresgeles.lt","article_modified_time":"2025-05-29T00:02:21+00:00","og_image":[{"width":600,"height":600,"url":"https:\/\/www.gintaresgeles.lt\/wp-content\/uploads\/2016\/12\/geles-dezutese-raudonos-rozes-sirdele.jpg","type":"image\/jpeg"}],"twitter_card":"summary_large_image","schema":{"@context":"https:\/\/schema.org","@graph":[{"@type":"WebPage","@id":"https:\/\/www.gintaresgeles.lt\/en\/puokste\/rose-box-heart\/","url":"https:\/\/www.gintaresgeles.lt\/en\/puokste\/rose-box-heart\/","name":"Rose box \"Heart\" | Hearts shape | Gintar\u0117s G\u0117l\u0117s","isPartOf":{"@id":"https:\/\/www.gintaresgeles.lt\/en\/#website"},"primaryImageOfPage":{"@id":"https:\/\/www.gintaresgeles.lt\/en\/puokste\/rose-box-heart\/#primaryimage"},"image":{"@id":"https:\/\/www.gintaresgeles.lt\/en\/puokste\/rose-box-heart\/#primaryimage"},"thumbnailUrl":"https:\/\/www.gintaresgeles.lt\/wp-content\/uploads\/2016\/12\/geles-dezutese-raudonos-rozes-sirdele.jpg","datePublished":"2018-08-02T13:01:55+00:00","dateModified":"2025-05-29T00:02:21+00:00","description":"A heart shaped box is a great gift for a love day or another romantic holiday. All roses are red, apart from one white. This box will enchant your special woman.","breadcrumb":{"@id":"https:\/\/www.gintaresgeles.lt\/en\/puokste\/rose-box-heart\/#breadcrumb"},"inLanguage":"en-US","potentialAction":[{"@type":"ReadAction","target":["https:\/\/www.gintaresgeles.lt\/en\/puokste\/rose-box-heart\/"]}]},{"@type":"ImageObject","inLanguage":"en-US","@id":"https:\/\/www.gintaresgeles.lt\/en\/puokste\/rose-box-heart\/#primaryimage","url":"https:\/\/www.gintaresgeles.lt\/wp-content\/uploads\/2016\/12\/geles-dezutese-raudonos-rozes-sirdele.jpg","contentUrl":"https:\/\/www.gintaresgeles.lt\/wp-content\/uploads\/2016\/12\/geles-dezutese-raudonos-rozes-sirdele.jpg","width":600,"height":600,"caption":"Raudonos ro\u017e\u0117s \u0161irdel\u0117s formos g\u0117li\u0173 d\u0117\u017eut\u0117je"},{"@type":"BreadcrumbList","@id":"https:\/\/www.gintaresgeles.lt\/en\/puokste\/rose-box-heart\/#breadcrumb","itemListElement":[{"@type":"ListItem","position":1,"name":"Prad\u017eia","item":"https:\/\/www.gintaresgeles.lt\/en\/"},{"@type":"ListItem","position":2,"name":"All flowers and other products","item":"https:\/\/www.gintaresgeles.lt\/en\/all-flowers-and-other-products\/"},{"@type":"ListItem","position":3,"name":"Roses box &#8222;Heart&#8221;"}]},{"@type":"WebSite","@id":"https:\/\/www.gintaresgeles.lt\/en\/#website","url":"https:\/\/www.gintaresgeles.lt\/en\/","name":"gintaresgeles.lt","description":"G\u0117li\u0173 parduotuv\u0117 internete","potentialAction":[{"@type":"SearchAction","target":{"@type":"EntryPoint","urlTemplate":"https:\/\/www.gintaresgeles.lt\/en\/?s={search_term_string}"},"query-input":{"@type":"PropertyValueSpecification","valueRequired":true,"valueName":"search_term_string"}}],"inLanguage":"en-US"}]}},"_links":{"self":[{"href":"https:\/\/www.gintaresgeles.lt\/en\/wp-json\/wp\/v2\/product\/19575","targetHints":{"allow":["GET"]}}],"collection":[{"href":"https:\/\/www.gintaresgeles.lt\/en\/wp-json\/wp\/v2\/product"}],"about":[{"href":"https:\/\/www.gintaresgeles.lt\/en\/wp-json\/wp\/v2\/types\/product"}],"wp:featuredmedia":[{"embeddable":true,"href":"https:\/\/www.gintaresgeles.lt\/en\/wp-json\/wp\/v2\/media\/24302"}],"wp:attachment":[{"href":"https:\/\/www.gintaresgeles.lt\/en\/wp-json\/wp\/v2\/media?parent=19575"}],"wp:term":[{"taxonomy":"product_brand","embeddable":true,"href":"https:\/\/www.gintaresgeles.lt\/en\/wp-json\/wp\/v2\/product_brand?post=19575"},{"taxonomy":"product_cat","embeddable":true,"href":"https:\/\/www.gintaresgeles.lt\/en\/wp-json\/wp\/v2\/product_cat?post=19575"},{"taxonomy":"product_tag","embeddable":true,"href":"https:\/\/www.gintaresgeles.lt\/en\/wp-json\/wp\/v2\/product_tag?post=19575"}],"curies":[{"name":"wp","href":"https:\/\/api.w.org\/{rel}","templated":true}]}}