{"id":19587,"date":"2016-12-12T13:13:36","date_gmt":"2016-12-12T15:13:36","guid":{"rendered":"https:\/\/www.gintaresgeles.lt\/?post_type=product&#038;p=19587"},"modified":"2026-02-10T19:46:18","modified_gmt":"2026-02-10T17:46:18","slug":"elegant-white-rose-box","status":"publish","type":"product","link":"https:\/\/www.gintaresgeles.lt\/en\/puokste\/elegant-white-rose-box\/","title":{"rendered":"Elegant White Roses Box"},"content":{"rendered":"<p>Rose is the most popular flower in the whole world for a reason. It has a special symbolic meaning, and it is extremely beautiful. In this case, white roses symbolize sincerity, and purity, which is why white roses are a perfect gift for young people, especially for girls. Particularly this bouquet will not be just a simple composition of white roses.<\/p>\n","protected":false},"excerpt":{"rendered":"<p style=\"text-align: justify;\">A full box of roses will surprise and delight each beloved woman. The spectacular, elegant and stylish box of white roses will show love and respect at any time and will not leave indifferent any woman!<\/p>\n<p style=\"text-align: right;\">\n","protected":false},"featured_media":52120,"template":"","meta":[],"product_brand":[],"product_cat":[261,260,259,252,266,265,256,253,257,1539,428,262,263,650,264,908,267,238],"product_tag":[],"class_list":{"0":"post-19587","1":"product","2":"type-product","3":"status-publish","4":"has-post-thumbnail","6":"product_cat-birthday-bouquets","7":"product_cat-birthday-flowers","8":"product_cat-flowers-by-occasion","9":"product_cat-flowers-by-recipient","10":"product_cat-flowers-by-style","11":"product_cat-flowers-by-type","12":"product_cat-flowers-for-girlfriend","13":"product_cat-flowers-for-mom","14":"product_cat-flowers-for-women","15":"product_cat-flowers-of-mourning","16":"product_cat-jubilee-flowers","17":"product_cat-march8th-flowers","18":"product_cat-mothers-day-flowers","19":"product_cat-roses-in-a-box","20":"product_cat-valentines-day-flowers","21":"product_cat-white-roses","22":"product_cat-flower-boxes","23":"product_cat-roses","24":"tm-no-options","26":"first","27":"instock","28":"taxable","29":"shipping-taxable","30":"purchasable","31":"product-type-variable","32":"has-default-attributes"},"yoast_head":"<!-- This site is optimized with the Yoast SEO plugin v25.3 - https:\/\/yoast.com\/wordpress\/plugins\/seo\/ -->\n<title>Elegant White Rose Box | White roses for women | Gintar\u0117sG\u0117l\u0117s<\/title>\n<meta name=\"description\" content=\"An elegant and luxurious box full of white roses - an impressive and exotic gift for a girl or woman any special occasion for her.\" \/>\n<meta name=\"robots\" content=\"index, follow, max-snippet:-1, max-image-preview:large, max-video-preview:-1\" \/>\n<link rel=\"canonical\" href=\"https:\/\/www.gintaresgeles.lt\/en\/puokste\/elegant-white-rose-box\/\" \/>\n<meta property=\"og:locale\" content=\"en_US\" \/>\n<meta property=\"og:type\" content=\"article\" \/>\n<meta property=\"og:title\" content=\"Elegant White Rose Box | White roses for women | Gintar\u0117sG\u0117l\u0117s\" \/>\n<meta property=\"og:description\" content=\"An elegant and luxurious box full of white roses - an impressive and exotic gift for a girl or woman any special occasion for her.\" \/>\n<meta property=\"og:url\" content=\"https:\/\/www.gintaresgeles.lt\/en\/puokste\/elegant-white-rose-box\/\" \/>\n<meta property=\"og:site_name\" content=\"gintaresgeles.lt\" \/>\n<meta property=\"article:modified_time\" content=\"2026-02-10T17:46:18+00:00\" \/>\n<meta property=\"og:image\" content=\"https:\/\/www.gintaresgeles.lt\/wp-content\/uploads\/2016\/12\/baltos-rozes-dezuteje-gimtadienio-geles-1.jpg\" \/>\n\t<meta property=\"og:image:width\" content=\"1200\" \/>\n\t<meta property=\"og:image:height\" content=\"1200\" \/>\n\t<meta property=\"og:image:type\" content=\"image\/jpeg\" \/>\n<meta name=\"twitter:card\" content=\"summary_large_image\" \/>\n<script type=\"application\/ld+json\" class=\"yoast-schema-graph\">{\"@context\":\"https:\/\/schema.org\",\"@graph\":[{\"@type\":\"WebPage\",\"@id\":\"https:\/\/www.gintaresgeles.lt\/en\/puokste\/elegant-white-rose-box\/\",\"url\":\"https:\/\/www.gintaresgeles.lt\/en\/puokste\/elegant-white-rose-box\/\",\"name\":\"Elegant White Rose Box | White roses for women | Gintar\u0117sG\u0117l\u0117s\",\"isPartOf\":{\"@id\":\"https:\/\/www.gintaresgeles.lt\/en\/#website\"},\"primaryImageOfPage\":{\"@id\":\"https:\/\/www.gintaresgeles.lt\/en\/puokste\/elegant-white-rose-box\/#primaryimage\"},\"image\":{\"@id\":\"https:\/\/www.gintaresgeles.lt\/en\/puokste\/elegant-white-rose-box\/#primaryimage\"},\"thumbnailUrl\":\"https:\/\/www.gintaresgeles.lt\/wp-content\/uploads\/2016\/12\/baltos-rozes-dezuteje-gimtadienio-geles-1.jpg\",\"datePublished\":\"2016-12-12T15:13:36+00:00\",\"dateModified\":\"2026-02-10T17:46:18+00:00\",\"description\":\"An elegant and luxurious box full of white roses - an impressive and exotic gift for a girl or woman any special occasion for her.\",\"breadcrumb\":{\"@id\":\"https:\/\/www.gintaresgeles.lt\/en\/puokste\/elegant-white-rose-box\/#breadcrumb\"},\"inLanguage\":\"en-US\",\"potentialAction\":[{\"@type\":\"ReadAction\",\"target\":[\"https:\/\/www.gintaresgeles.lt\/en\/puokste\/elegant-white-rose-box\/\"]}]},{\"@type\":\"ImageObject\",\"inLanguage\":\"en-US\",\"@id\":\"https:\/\/www.gintaresgeles.lt\/en\/puokste\/elegant-white-rose-box\/#primaryimage\",\"url\":\"https:\/\/www.gintaresgeles.lt\/wp-content\/uploads\/2016\/12\/baltos-rozes-dezuteje-gimtadienio-geles-1.jpg\",\"contentUrl\":\"https:\/\/www.gintaresgeles.lt\/wp-content\/uploads\/2016\/12\/baltos-rozes-dezuteje-gimtadienio-geles-1.jpg\",\"width\":1200,\"height\":1200,\"caption\":\"Eleganti\u0161kos baltos ro\u017e\u0117s d\u0117\u017eut\u0117je\"},{\"@type\":\"BreadcrumbList\",\"@id\":\"https:\/\/www.gintaresgeles.lt\/en\/puokste\/elegant-white-rose-box\/#breadcrumb\",\"itemListElement\":[{\"@type\":\"ListItem\",\"position\":1,\"name\":\"Prad\u017eia\",\"item\":\"https:\/\/www.gintaresgeles.lt\/en\/\"},{\"@type\":\"ListItem\",\"position\":2,\"name\":\"All flowers and other products\",\"item\":\"https:\/\/www.gintaresgeles.lt\/en\/all-flowers-and-other-products\/\"},{\"@type\":\"ListItem\",\"position\":3,\"name\":\"Elegant White Roses Box\"}]},{\"@type\":\"WebSite\",\"@id\":\"https:\/\/www.gintaresgeles.lt\/en\/#website\",\"url\":\"https:\/\/www.gintaresgeles.lt\/en\/\",\"name\":\"gintaresgeles.lt\",\"description\":\"G\u0117li\u0173 parduotuv\u0117 internete\",\"potentialAction\":[{\"@type\":\"SearchAction\",\"target\":{\"@type\":\"EntryPoint\",\"urlTemplate\":\"https:\/\/www.gintaresgeles.lt\/en\/?s={search_term_string}\"},\"query-input\":{\"@type\":\"PropertyValueSpecification\",\"valueRequired\":true,\"valueName\":\"search_term_string\"}}],\"inLanguage\":\"en-US\"}]}<\/script>\n<!-- \/ Yoast SEO plugin. -->","yoast_head_json":{"title":"Elegant White Rose Box | White roses for women | Gintar\u0117sG\u0117l\u0117s","description":"An elegant and luxurious box full of white roses - an impressive and exotic gift for a girl or woman any special occasion for her.","robots":{"index":"index","follow":"follow","max-snippet":"max-snippet:-1","max-image-preview":"max-image-preview:large","max-video-preview":"max-video-preview:-1"},"canonical":"https:\/\/www.gintaresgeles.lt\/en\/puokste\/elegant-white-rose-box\/","og_locale":"en_US","og_type":"article","og_title":"Elegant White Rose Box | White roses for women | Gintar\u0117sG\u0117l\u0117s","og_description":"An elegant and luxurious box full of white roses - an impressive and exotic gift for a girl or woman any special occasion for her.","og_url":"https:\/\/www.gintaresgeles.lt\/en\/puokste\/elegant-white-rose-box\/","og_site_name":"gintaresgeles.lt","article_modified_time":"2026-02-10T17:46:18+00:00","og_image":[{"width":1200,"height":1200,"url":"https:\/\/www.gintaresgeles.lt\/wp-content\/uploads\/2016\/12\/baltos-rozes-dezuteje-gimtadienio-geles-1.jpg","type":"image\/jpeg"}],"twitter_card":"summary_large_image","schema":{"@context":"https:\/\/schema.org","@graph":[{"@type":"WebPage","@id":"https:\/\/www.gintaresgeles.lt\/en\/puokste\/elegant-white-rose-box\/","url":"https:\/\/www.gintaresgeles.lt\/en\/puokste\/elegant-white-rose-box\/","name":"Elegant White Rose Box | White roses for women | Gintar\u0117sG\u0117l\u0117s","isPartOf":{"@id":"https:\/\/www.gintaresgeles.lt\/en\/#website"},"primaryImageOfPage":{"@id":"https:\/\/www.gintaresgeles.lt\/en\/puokste\/elegant-white-rose-box\/#primaryimage"},"image":{"@id":"https:\/\/www.gintaresgeles.lt\/en\/puokste\/elegant-white-rose-box\/#primaryimage"},"thumbnailUrl":"https:\/\/www.gintaresgeles.lt\/wp-content\/uploads\/2016\/12\/baltos-rozes-dezuteje-gimtadienio-geles-1.jpg","datePublished":"2016-12-12T15:13:36+00:00","dateModified":"2026-02-10T17:46:18+00:00","description":"An elegant and luxurious box full of white roses - an impressive and exotic gift for a girl or woman any special occasion for her.","breadcrumb":{"@id":"https:\/\/www.gintaresgeles.lt\/en\/puokste\/elegant-white-rose-box\/#breadcrumb"},"inLanguage":"en-US","potentialAction":[{"@type":"ReadAction","target":["https:\/\/www.gintaresgeles.lt\/en\/puokste\/elegant-white-rose-box\/"]}]},{"@type":"ImageObject","inLanguage":"en-US","@id":"https:\/\/www.gintaresgeles.lt\/en\/puokste\/elegant-white-rose-box\/#primaryimage","url":"https:\/\/www.gintaresgeles.lt\/wp-content\/uploads\/2016\/12\/baltos-rozes-dezuteje-gimtadienio-geles-1.jpg","contentUrl":"https:\/\/www.gintaresgeles.lt\/wp-content\/uploads\/2016\/12\/baltos-rozes-dezuteje-gimtadienio-geles-1.jpg","width":1200,"height":1200,"caption":"Eleganti\u0161kos baltos ro\u017e\u0117s d\u0117\u017eut\u0117je"},{"@type":"BreadcrumbList","@id":"https:\/\/www.gintaresgeles.lt\/en\/puokste\/elegant-white-rose-box\/#breadcrumb","itemListElement":[{"@type":"ListItem","position":1,"name":"Prad\u017eia","item":"https:\/\/www.gintaresgeles.lt\/en\/"},{"@type":"ListItem","position":2,"name":"All flowers and other products","item":"https:\/\/www.gintaresgeles.lt\/en\/all-flowers-and-other-products\/"},{"@type":"ListItem","position":3,"name":"Elegant White Roses Box"}]},{"@type":"WebSite","@id":"https:\/\/www.gintaresgeles.lt\/en\/#website","url":"https:\/\/www.gintaresgeles.lt\/en\/","name":"gintaresgeles.lt","description":"G\u0117li\u0173 parduotuv\u0117 internete","potentialAction":[{"@type":"SearchAction","target":{"@type":"EntryPoint","urlTemplate":"https:\/\/www.gintaresgeles.lt\/en\/?s={search_term_string}"},"query-input":{"@type":"PropertyValueSpecification","valueRequired":true,"valueName":"search_term_string"}}],"inLanguage":"en-US"}]}},"_links":{"self":[{"href":"https:\/\/www.gintaresgeles.lt\/en\/wp-json\/wp\/v2\/product\/19587","targetHints":{"allow":["GET"]}}],"collection":[{"href":"https:\/\/www.gintaresgeles.lt\/en\/wp-json\/wp\/v2\/product"}],"about":[{"href":"https:\/\/www.gintaresgeles.lt\/en\/wp-json\/wp\/v2\/types\/product"}],"wp:featuredmedia":[{"embeddable":true,"href":"https:\/\/www.gintaresgeles.lt\/en\/wp-json\/wp\/v2\/media\/52120"}],"wp:attachment":[{"href":"https:\/\/www.gintaresgeles.lt\/en\/wp-json\/wp\/v2\/media?parent=19587"}],"wp:term":[{"taxonomy":"product_brand","embeddable":true,"href":"https:\/\/www.gintaresgeles.lt\/en\/wp-json\/wp\/v2\/product_brand?post=19587"},{"taxonomy":"product_cat","embeddable":true,"href":"https:\/\/www.gintaresgeles.lt\/en\/wp-json\/wp\/v2\/product_cat?post=19587"},{"taxonomy":"product_tag","embeddable":true,"href":"https:\/\/www.gintaresgeles.lt\/en\/wp-json\/wp\/v2\/product_tag?post=19587"}],"curies":[{"name":"wp","href":"https:\/\/api.w.org\/{rel}","templated":true}]}}