{"id":19592,"date":"2016-11-30T13:00:26","date_gmt":"2018-08-04T07:41:55","guid":{"rendered":"https:\/\/www.gintaresgeles.lt\/?post_type=product&#038;p=19592"},"modified":"2025-05-29T02:02:22","modified_gmt":"2025-05-29T00:02:22","slug":"box-of-purple-irises","status":"publish","type":"product","link":"https:\/\/www.gintaresgeles.lt\/en\/puokste\/box-of-purple-irises\/","title":{"rendered":"Box of purple irises"},"content":{"rendered":"<p>The summer-joy-radiating box of irises will brighten up your special person&#8217;s day. Purple irises are well arranged in the stylish box. What makes this composition charming is that the color of irises make the box suitable for both men and women. However, these flowers are more frequently given to men.<\/p>\n","protected":false},"excerpt":{"rendered":"<p style=\"text-align: justify\">Iris is a spring or summer flower that will always remind the joy and beauty of the warm seasons. This box is suitable for both men and women, but because of its bright violet color it is especially suitable for surprising your special or important man.<\/p>\n<p style=\"text-align: justify\">Flower quantity in the box: 27 pcs. irises.<\/p>\n<p style=\"text-align: right\">\n","protected":false},"featured_media":40998,"template":"","meta":[],"product_brand":[],"product_cat":[261,260,259,252,266,265,256,258,253,257,428,262,263,267,247],"product_tag":[],"class_list":{"0":"post-19592","1":"product","2":"type-product","3":"status-publish","4":"has-post-thumbnail","6":"product_cat-birthday-bouquets","7":"product_cat-birthday-flowers","8":"product_cat-flowers-by-occasion","9":"product_cat-flowers-by-recipient","10":"product_cat-flowers-by-style","11":"product_cat-flowers-by-type","12":"product_cat-flowers-for-girlfriend","13":"product_cat-flowers-for-men","14":"product_cat-flowers-for-mom","15":"product_cat-flowers-for-women","16":"product_cat-jubilee-flowers","17":"product_cat-march8th-flowers","18":"product_cat-mothers-day-flowers","19":"product_cat-flower-boxes","20":"product_cat-irises","21":"tm-has-options","23":"first","24":"instock","25":"taxable","26":"shipping-taxable","27":"purchasable","28":"product-type-simple"},"yoast_head":"<!-- This site is optimized with the Yoast SEO plugin v25.3 - https:\/\/yoast.com\/wordpress\/plugins\/seo\/ -->\n<title>Box of purple irises | Irises - flowers for men and women| Gintar\u0117sG\u0117l\u0117s<\/title>\n<meta name=\"description\" content=\"Surprise your special person with a box of purple flowers - the irises. This bouquet will remind the recipient of the summer&#039;s beauty and warmth.\" \/>\n<meta name=\"robots\" content=\"index, follow, max-snippet:-1, max-image-preview:large, max-video-preview:-1\" \/>\n<link rel=\"canonical\" href=\"https:\/\/www.gintaresgeles.lt\/en\/puokste\/box-of-purple-irises\/\" \/>\n<meta property=\"og:locale\" content=\"en_US\" \/>\n<meta property=\"og:type\" content=\"article\" \/>\n<meta property=\"og:title\" content=\"Box of purple irises | Irises - flowers for men and women| Gintar\u0117sG\u0117l\u0117s\" \/>\n<meta property=\"og:description\" content=\"Surprise your special person with a box of purple flowers - the irises. This bouquet will remind the recipient of the summer&#039;s beauty and warmth.\" \/>\n<meta property=\"og:url\" content=\"https:\/\/www.gintaresgeles.lt\/en\/puokste\/box-of-purple-irises\/\" \/>\n<meta property=\"og:site_name\" content=\"gintaresgeles.lt\" \/>\n<meta property=\"article:modified_time\" content=\"2025-05-29T00:02:22+00:00\" \/>\n<meta property=\"og:image\" content=\"https:\/\/www.gintaresgeles.lt\/wp-content\/uploads\/2016\/11\/irisai-dezuteje-geles-vyrams.jpg\" \/>\n\t<meta property=\"og:image:width\" content=\"1200\" \/>\n\t<meta property=\"og:image:height\" content=\"1200\" \/>\n\t<meta property=\"og:image:type\" content=\"image\/jpeg\" \/>\n<meta name=\"twitter:card\" content=\"summary_large_image\" \/>\n<script type=\"application\/ld+json\" class=\"yoast-schema-graph\">{\"@context\":\"https:\/\/schema.org\",\"@graph\":[{\"@type\":\"WebPage\",\"@id\":\"https:\/\/www.gintaresgeles.lt\/en\/puokste\/box-of-purple-irises\/\",\"url\":\"https:\/\/www.gintaresgeles.lt\/en\/puokste\/box-of-purple-irises\/\",\"name\":\"Box of purple irises | Irises - flowers for men and women| Gintar\u0117sG\u0117l\u0117s\",\"isPartOf\":{\"@id\":\"https:\/\/www.gintaresgeles.lt\/en\/#website\"},\"primaryImageOfPage\":{\"@id\":\"https:\/\/www.gintaresgeles.lt\/en\/puokste\/box-of-purple-irises\/#primaryimage\"},\"image\":{\"@id\":\"https:\/\/www.gintaresgeles.lt\/en\/puokste\/box-of-purple-irises\/#primaryimage\"},\"thumbnailUrl\":\"https:\/\/www.gintaresgeles.lt\/wp-content\/uploads\/2016\/11\/irisai-dezuteje-geles-vyrams.jpg\",\"datePublished\":\"2018-08-04T07:41:55+00:00\",\"dateModified\":\"2025-05-29T00:02:22+00:00\",\"description\":\"Surprise your special person with a box of purple flowers - the irises. This bouquet will remind the recipient of the summer's beauty and warmth.\",\"breadcrumb\":{\"@id\":\"https:\/\/www.gintaresgeles.lt\/en\/puokste\/box-of-purple-irises\/#breadcrumb\"},\"inLanguage\":\"en-US\",\"potentialAction\":[{\"@type\":\"ReadAction\",\"target\":[\"https:\/\/www.gintaresgeles.lt\/en\/puokste\/box-of-purple-irises\/\"]}]},{\"@type\":\"ImageObject\",\"inLanguage\":\"en-US\",\"@id\":\"https:\/\/www.gintaresgeles.lt\/en\/puokste\/box-of-purple-irises\/#primaryimage\",\"url\":\"https:\/\/www.gintaresgeles.lt\/wp-content\/uploads\/2016\/11\/irisai-dezuteje-geles-vyrams.jpg\",\"contentUrl\":\"https:\/\/www.gintaresgeles.lt\/wp-content\/uploads\/2016\/11\/irisai-dezuteje-geles-vyrams.jpg\",\"width\":1200,\"height\":1200,\"caption\":\"M\u0117lyn\u0173 iris\u0173 d\u0117\u017eut\u0117 gimtadienio g\u0117l\u0117s\"},{\"@type\":\"BreadcrumbList\",\"@id\":\"https:\/\/www.gintaresgeles.lt\/en\/puokste\/box-of-purple-irises\/#breadcrumb\",\"itemListElement\":[{\"@type\":\"ListItem\",\"position\":1,\"name\":\"Prad\u017eia\",\"item\":\"https:\/\/www.gintaresgeles.lt\/en\/\"},{\"@type\":\"ListItem\",\"position\":2,\"name\":\"All flowers and other products\",\"item\":\"https:\/\/www.gintaresgeles.lt\/en\/all-flowers-and-other-products\/\"},{\"@type\":\"ListItem\",\"position\":3,\"name\":\"Box of purple irises\"}]},{\"@type\":\"WebSite\",\"@id\":\"https:\/\/www.gintaresgeles.lt\/en\/#website\",\"url\":\"https:\/\/www.gintaresgeles.lt\/en\/\",\"name\":\"gintaresgeles.lt\",\"description\":\"G\u0117li\u0173 parduotuv\u0117 internete\",\"potentialAction\":[{\"@type\":\"SearchAction\",\"target\":{\"@type\":\"EntryPoint\",\"urlTemplate\":\"https:\/\/www.gintaresgeles.lt\/en\/?s={search_term_string}\"},\"query-input\":{\"@type\":\"PropertyValueSpecification\",\"valueRequired\":true,\"valueName\":\"search_term_string\"}}],\"inLanguage\":\"en-US\"}]}<\/script>\n<!-- \/ Yoast SEO plugin. -->","yoast_head_json":{"title":"Box of purple irises | Irises - flowers for men and women| Gintar\u0117sG\u0117l\u0117s","description":"Surprise your special person with a box of purple flowers - the irises. This bouquet will remind the recipient of the summer's beauty and warmth.","robots":{"index":"index","follow":"follow","max-snippet":"max-snippet:-1","max-image-preview":"max-image-preview:large","max-video-preview":"max-video-preview:-1"},"canonical":"https:\/\/www.gintaresgeles.lt\/en\/puokste\/box-of-purple-irises\/","og_locale":"en_US","og_type":"article","og_title":"Box of purple irises | Irises - flowers for men and women| Gintar\u0117sG\u0117l\u0117s","og_description":"Surprise your special person with a box of purple flowers - the irises. This bouquet will remind the recipient of the summer's beauty and warmth.","og_url":"https:\/\/www.gintaresgeles.lt\/en\/puokste\/box-of-purple-irises\/","og_site_name":"gintaresgeles.lt","article_modified_time":"2025-05-29T00:02:22+00:00","og_image":[{"width":1200,"height":1200,"url":"https:\/\/www.gintaresgeles.lt\/wp-content\/uploads\/2016\/11\/irisai-dezuteje-geles-vyrams.jpg","type":"image\/jpeg"}],"twitter_card":"summary_large_image","schema":{"@context":"https:\/\/schema.org","@graph":[{"@type":"WebPage","@id":"https:\/\/www.gintaresgeles.lt\/en\/puokste\/box-of-purple-irises\/","url":"https:\/\/www.gintaresgeles.lt\/en\/puokste\/box-of-purple-irises\/","name":"Box of purple irises | Irises - flowers for men and women| Gintar\u0117sG\u0117l\u0117s","isPartOf":{"@id":"https:\/\/www.gintaresgeles.lt\/en\/#website"},"primaryImageOfPage":{"@id":"https:\/\/www.gintaresgeles.lt\/en\/puokste\/box-of-purple-irises\/#primaryimage"},"image":{"@id":"https:\/\/www.gintaresgeles.lt\/en\/puokste\/box-of-purple-irises\/#primaryimage"},"thumbnailUrl":"https:\/\/www.gintaresgeles.lt\/wp-content\/uploads\/2016\/11\/irisai-dezuteje-geles-vyrams.jpg","datePublished":"2018-08-04T07:41:55+00:00","dateModified":"2025-05-29T00:02:22+00:00","description":"Surprise your special person with a box of purple flowers - the irises. This bouquet will remind the recipient of the summer's beauty and warmth.","breadcrumb":{"@id":"https:\/\/www.gintaresgeles.lt\/en\/puokste\/box-of-purple-irises\/#breadcrumb"},"inLanguage":"en-US","potentialAction":[{"@type":"ReadAction","target":["https:\/\/www.gintaresgeles.lt\/en\/puokste\/box-of-purple-irises\/"]}]},{"@type":"ImageObject","inLanguage":"en-US","@id":"https:\/\/www.gintaresgeles.lt\/en\/puokste\/box-of-purple-irises\/#primaryimage","url":"https:\/\/www.gintaresgeles.lt\/wp-content\/uploads\/2016\/11\/irisai-dezuteje-geles-vyrams.jpg","contentUrl":"https:\/\/www.gintaresgeles.lt\/wp-content\/uploads\/2016\/11\/irisai-dezuteje-geles-vyrams.jpg","width":1200,"height":1200,"caption":"M\u0117lyn\u0173 iris\u0173 d\u0117\u017eut\u0117 gimtadienio g\u0117l\u0117s"},{"@type":"BreadcrumbList","@id":"https:\/\/www.gintaresgeles.lt\/en\/puokste\/box-of-purple-irises\/#breadcrumb","itemListElement":[{"@type":"ListItem","position":1,"name":"Prad\u017eia","item":"https:\/\/www.gintaresgeles.lt\/en\/"},{"@type":"ListItem","position":2,"name":"All flowers and other products","item":"https:\/\/www.gintaresgeles.lt\/en\/all-flowers-and-other-products\/"},{"@type":"ListItem","position":3,"name":"Box of purple irises"}]},{"@type":"WebSite","@id":"https:\/\/www.gintaresgeles.lt\/en\/#website","url":"https:\/\/www.gintaresgeles.lt\/en\/","name":"gintaresgeles.lt","description":"G\u0117li\u0173 parduotuv\u0117 internete","potentialAction":[{"@type":"SearchAction","target":{"@type":"EntryPoint","urlTemplate":"https:\/\/www.gintaresgeles.lt\/en\/?s={search_term_string}"},"query-input":{"@type":"PropertyValueSpecification","valueRequired":true,"valueName":"search_term_string"}}],"inLanguage":"en-US"}]}},"_links":{"self":[{"href":"https:\/\/www.gintaresgeles.lt\/en\/wp-json\/wp\/v2\/product\/19592","targetHints":{"allow":["GET"]}}],"collection":[{"href":"https:\/\/www.gintaresgeles.lt\/en\/wp-json\/wp\/v2\/product"}],"about":[{"href":"https:\/\/www.gintaresgeles.lt\/en\/wp-json\/wp\/v2\/types\/product"}],"wp:featuredmedia":[{"embeddable":true,"href":"https:\/\/www.gintaresgeles.lt\/en\/wp-json\/wp\/v2\/media\/40998"}],"wp:attachment":[{"href":"https:\/\/www.gintaresgeles.lt\/en\/wp-json\/wp\/v2\/media?parent=19592"}],"wp:term":[{"taxonomy":"product_brand","embeddable":true,"href":"https:\/\/www.gintaresgeles.lt\/en\/wp-json\/wp\/v2\/product_brand?post=19592"},{"taxonomy":"product_cat","embeddable":true,"href":"https:\/\/www.gintaresgeles.lt\/en\/wp-json\/wp\/v2\/product_cat?post=19592"},{"taxonomy":"product_tag","embeddable":true,"href":"https:\/\/www.gintaresgeles.lt\/en\/wp-json\/wp\/v2\/product_tag?post=19592"}],"curies":[{"name":"wp","href":"https:\/\/api.w.org\/{rel}","templated":true}]}}