{"id":19595,"date":"2016-11-28T12:47:18","date_gmt":"2016-11-28T14:47:18","guid":{"rendered":"https:\/\/www.gintaresgeles.lt\/?post_type=product&#038;p=19595"},"modified":"2026-02-25T22:03:25","modified_gmt":"2026-02-25T20:03:25","slug":"red-royal-box-of-roses","status":"publish","type":"product","link":"https:\/\/www.gintaresgeles.lt\/en\/puokste\/red-royal-box-of-roses\/","title":{"rendered":"Red royal box of roses"},"content":{"rendered":"<p>Traditionally, red roses are the symbol of love and passion. However, they may have another meaning : respect and care. This choice of roses arranged in the box as a gift looks impressive, and it will guarantee the joy of the receiver and good emotions of your special someone. The color of the box is chosen randomly; however, it is matched with the color of flowers, silky paper, and the ribbon.<\/p>\n","protected":false},"excerpt":{"rendered":"<p style=\"text-align: justify;\">The box of red royal roses is a modern and stylish way to give flowers. This elegance and passion-giving gift will especially surprise a special woman or girl. Red roses are a symbol of love and passion, so you will never be mistaken by choosing these flowers to give to a particular woman, but even more impression and originality of red roses is added by their arrangement in the box. An original gift will not leave any woman indifferent.<\/p>\n<p style=\"text-align: justify;\">Choose the amount of roses in the box. Depending on the size of the rose blossoms, there may be several roses less or more so that the overall look does not look too overfull or there is no shortage of roses.<\/p>\n<p style=\"text-align: right;\">\n","protected":false},"featured_media":40260,"template":"","meta":[],"product_brand":[],"product_cat":[261,260,259,252,266,265,256,253,257,428,262,263,891,650,264,267,238],"product_tag":[],"class_list":{"0":"post-19595","1":"product","2":"type-product","3":"status-publish","4":"has-post-thumbnail","6":"product_cat-birthday-bouquets","7":"product_cat-birthday-flowers","8":"product_cat-flowers-by-occasion","9":"product_cat-flowers-by-recipient","10":"product_cat-flowers-by-style","11":"product_cat-flowers-by-type","12":"product_cat-flowers-for-girlfriend","13":"product_cat-flowers-for-mom","14":"product_cat-flowers-for-women","15":"product_cat-jubilee-flowers","16":"product_cat-march8th-flowers","17":"product_cat-mothers-day-flowers","18":"product_cat-red-roses","19":"product_cat-roses-in-a-box","20":"product_cat-valentines-day-flowers","21":"product_cat-flower-boxes","22":"product_cat-roses","23":"tm-no-options","25":"first","26":"instock","27":"featured","28":"taxable","29":"shipping-taxable","30":"purchasable","31":"product-type-variable","32":"has-default-attributes"},"yoast_head":"<!-- This site is optimized with the Yoast SEO plugin v25.3 - https:\/\/yoast.com\/wordpress\/plugins\/seo\/ -->\n<title>Red royal box of roses | Royal boxes | Gintar\u0117sG\u0117l\u0117s<\/title>\n<meta name=\"description\" content=\"The red royal box of roses will not leave indifferent any woman or girl who received such a gift and will reflect the originality and excellent taste of the sender. You can also order this box with an anniversary home delivery or another special occasion for both the woman and the husband.\" \/>\n<meta name=\"robots\" content=\"index, follow, max-snippet:-1, max-image-preview:large, max-video-preview:-1\" \/>\n<link rel=\"canonical\" href=\"https:\/\/www.gintaresgeles.lt\/en\/puokste\/red-royal-box-of-roses\/\" \/>\n<meta property=\"og:locale\" content=\"en_US\" \/>\n<meta property=\"og:type\" content=\"article\" \/>\n<meta property=\"og:title\" content=\"Red royal box of roses | Royal boxes | Gintar\u0117sG\u0117l\u0117s\" \/>\n<meta property=\"og:description\" content=\"The red royal box of roses will not leave indifferent any woman or girl who received such a gift and will reflect the originality and excellent taste of the sender. You can also order this box with an anniversary home delivery or another special occasion for both the woman and the husband.\" \/>\n<meta property=\"og:url\" content=\"https:\/\/www.gintaresgeles.lt\/en\/puokste\/red-royal-box-of-roses\/\" \/>\n<meta property=\"og:site_name\" content=\"gintaresgeles.lt\" \/>\n<meta property=\"article:modified_time\" content=\"2026-02-25T20:03:25+00:00\" \/>\n<meta property=\"og:image\" content=\"https:\/\/www.gintaresgeles.lt\/wp-content\/uploads\/2016\/11\/klasikiniu-raudonu-roziu-dezute-gimtadienio-geles.jpg\" \/>\n\t<meta property=\"og:image:width\" content=\"1200\" \/>\n\t<meta property=\"og:image:height\" content=\"1200\" \/>\n\t<meta property=\"og:image:type\" content=\"image\/jpeg\" \/>\n<meta name=\"twitter:card\" content=\"summary_large_image\" \/>\n<script type=\"application\/ld+json\" class=\"yoast-schema-graph\">{\"@context\":\"https:\/\/schema.org\",\"@graph\":[{\"@type\":\"WebPage\",\"@id\":\"https:\/\/www.gintaresgeles.lt\/en\/puokste\/red-royal-box-of-roses\/\",\"url\":\"https:\/\/www.gintaresgeles.lt\/en\/puokste\/red-royal-box-of-roses\/\",\"name\":\"Red royal box of roses | Royal boxes | Gintar\u0117sG\u0117l\u0117s\",\"isPartOf\":{\"@id\":\"https:\/\/www.gintaresgeles.lt\/en\/#website\"},\"primaryImageOfPage\":{\"@id\":\"https:\/\/www.gintaresgeles.lt\/en\/puokste\/red-royal-box-of-roses\/#primaryimage\"},\"image\":{\"@id\":\"https:\/\/www.gintaresgeles.lt\/en\/puokste\/red-royal-box-of-roses\/#primaryimage\"},\"thumbnailUrl\":\"https:\/\/www.gintaresgeles.lt\/wp-content\/uploads\/2016\/11\/klasikiniu-raudonu-roziu-dezute-gimtadienio-geles.jpg\",\"datePublished\":\"2016-11-28T14:47:18+00:00\",\"dateModified\":\"2026-02-25T20:03:25+00:00\",\"description\":\"The red royal box of roses will not leave indifferent any woman or girl who received such a gift and will reflect the originality and excellent taste of the sender. You can also order this box with an anniversary home delivery or another special occasion for both the woman and the husband.\",\"breadcrumb\":{\"@id\":\"https:\/\/www.gintaresgeles.lt\/en\/puokste\/red-royal-box-of-roses\/#breadcrumb\"},\"inLanguage\":\"en-US\",\"potentialAction\":[{\"@type\":\"ReadAction\",\"target\":[\"https:\/\/www.gintaresgeles.lt\/en\/puokste\/red-royal-box-of-roses\/\"]}]},{\"@type\":\"ImageObject\",\"inLanguage\":\"en-US\",\"@id\":\"https:\/\/www.gintaresgeles.lt\/en\/puokste\/red-royal-box-of-roses\/#primaryimage\",\"url\":\"https:\/\/www.gintaresgeles.lt\/wp-content\/uploads\/2016\/11\/klasikiniu-raudonu-roziu-dezute-gimtadienio-geles.jpg\",\"contentUrl\":\"https:\/\/www.gintaresgeles.lt\/wp-content\/uploads\/2016\/11\/klasikiniu-raudonu-roziu-dezute-gimtadienio-geles.jpg\",\"width\":1200,\"height\":1200,\"caption\":\"Raudonos ro\u017e\u0117s d\u0117\u017eut\u0117je g\u0117l\u0117s gimtadienio proga\"},{\"@type\":\"BreadcrumbList\",\"@id\":\"https:\/\/www.gintaresgeles.lt\/en\/puokste\/red-royal-box-of-roses\/#breadcrumb\",\"itemListElement\":[{\"@type\":\"ListItem\",\"position\":1,\"name\":\"Prad\u017eia\",\"item\":\"https:\/\/www.gintaresgeles.lt\/en\/\"},{\"@type\":\"ListItem\",\"position\":2,\"name\":\"All flowers and other products\",\"item\":\"https:\/\/www.gintaresgeles.lt\/en\/all-flowers-and-other-products\/\"},{\"@type\":\"ListItem\",\"position\":3,\"name\":\"Red royal box of roses\"}]},{\"@type\":\"WebSite\",\"@id\":\"https:\/\/www.gintaresgeles.lt\/en\/#website\",\"url\":\"https:\/\/www.gintaresgeles.lt\/en\/\",\"name\":\"Gintares Geles\",\"description\":\"Flower delivery in Vilnius | Same-day delivery | Gintares geles\",\"potentialAction\":[{\"@type\":\"SearchAction\",\"target\":{\"@type\":\"EntryPoint\",\"urlTemplate\":\"https:\/\/www.gintaresgeles.lt\/en\/?s={search_term_string}\"},\"query-input\":{\"@type\":\"PropertyValueSpecification\",\"valueRequired\":true,\"valueName\":\"search_term_string\"}}],\"inLanguage\":\"en-US\"}]}<\/script>\n<!-- \/ Yoast SEO plugin. -->","yoast_head_json":{"title":"Red royal box of roses | Royal boxes | Gintar\u0117sG\u0117l\u0117s","description":"The red royal box of roses will not leave indifferent any woman or girl who received such a gift and will reflect the originality and excellent taste of the sender. You can also order this box with an anniversary home delivery or another special occasion for both the woman and the husband.","robots":{"index":"index","follow":"follow","max-snippet":"max-snippet:-1","max-image-preview":"max-image-preview:large","max-video-preview":"max-video-preview:-1"},"canonical":"https:\/\/www.gintaresgeles.lt\/en\/puokste\/red-royal-box-of-roses\/","og_locale":"en_US","og_type":"article","og_title":"Red royal box of roses | Royal boxes | Gintar\u0117sG\u0117l\u0117s","og_description":"The red royal box of roses will not leave indifferent any woman or girl who received such a gift and will reflect the originality and excellent taste of the sender. You can also order this box with an anniversary home delivery or another special occasion for both the woman and the husband.","og_url":"https:\/\/www.gintaresgeles.lt\/en\/puokste\/red-royal-box-of-roses\/","og_site_name":"gintaresgeles.lt","article_modified_time":"2026-02-25T20:03:25+00:00","og_image":[{"width":1200,"height":1200,"url":"https:\/\/www.gintaresgeles.lt\/wp-content\/uploads\/2016\/11\/klasikiniu-raudonu-roziu-dezute-gimtadienio-geles.jpg","type":"image\/jpeg"}],"twitter_card":"summary_large_image","schema":{"@context":"https:\/\/schema.org","@graph":[{"@type":"WebPage","@id":"https:\/\/www.gintaresgeles.lt\/en\/puokste\/red-royal-box-of-roses\/","url":"https:\/\/www.gintaresgeles.lt\/en\/puokste\/red-royal-box-of-roses\/","name":"Red royal box of roses | Royal boxes | Gintar\u0117sG\u0117l\u0117s","isPartOf":{"@id":"https:\/\/www.gintaresgeles.lt\/en\/#website"},"primaryImageOfPage":{"@id":"https:\/\/www.gintaresgeles.lt\/en\/puokste\/red-royal-box-of-roses\/#primaryimage"},"image":{"@id":"https:\/\/www.gintaresgeles.lt\/en\/puokste\/red-royal-box-of-roses\/#primaryimage"},"thumbnailUrl":"https:\/\/www.gintaresgeles.lt\/wp-content\/uploads\/2016\/11\/klasikiniu-raudonu-roziu-dezute-gimtadienio-geles.jpg","datePublished":"2016-11-28T14:47:18+00:00","dateModified":"2026-02-25T20:03:25+00:00","description":"The red royal box of roses will not leave indifferent any woman or girl who received such a gift and will reflect the originality and excellent taste of the sender. You can also order this box with an anniversary home delivery or another special occasion for both the woman and the husband.","breadcrumb":{"@id":"https:\/\/www.gintaresgeles.lt\/en\/puokste\/red-royal-box-of-roses\/#breadcrumb"},"inLanguage":"en-US","potentialAction":[{"@type":"ReadAction","target":["https:\/\/www.gintaresgeles.lt\/en\/puokste\/red-royal-box-of-roses\/"]}]},{"@type":"ImageObject","inLanguage":"en-US","@id":"https:\/\/www.gintaresgeles.lt\/en\/puokste\/red-royal-box-of-roses\/#primaryimage","url":"https:\/\/www.gintaresgeles.lt\/wp-content\/uploads\/2016\/11\/klasikiniu-raudonu-roziu-dezute-gimtadienio-geles.jpg","contentUrl":"https:\/\/www.gintaresgeles.lt\/wp-content\/uploads\/2016\/11\/klasikiniu-raudonu-roziu-dezute-gimtadienio-geles.jpg","width":1200,"height":1200,"caption":"Raudonos ro\u017e\u0117s d\u0117\u017eut\u0117je g\u0117l\u0117s gimtadienio proga"},{"@type":"BreadcrumbList","@id":"https:\/\/www.gintaresgeles.lt\/en\/puokste\/red-royal-box-of-roses\/#breadcrumb","itemListElement":[{"@type":"ListItem","position":1,"name":"Prad\u017eia","item":"https:\/\/www.gintaresgeles.lt\/en\/"},{"@type":"ListItem","position":2,"name":"All flowers and other products","item":"https:\/\/www.gintaresgeles.lt\/en\/all-flowers-and-other-products\/"},{"@type":"ListItem","position":3,"name":"Red royal box of roses"}]},{"@type":"WebSite","@id":"https:\/\/www.gintaresgeles.lt\/en\/#website","url":"https:\/\/www.gintaresgeles.lt\/en\/","name":"Gintares Geles","description":"Flower delivery in Vilnius | Same-day delivery | Gintares geles","potentialAction":[{"@type":"SearchAction","target":{"@type":"EntryPoint","urlTemplate":"https:\/\/www.gintaresgeles.lt\/en\/?s={search_term_string}"},"query-input":{"@type":"PropertyValueSpecification","valueRequired":true,"valueName":"search_term_string"}}],"inLanguage":"en-US"}]}},"_links":{"self":[{"href":"https:\/\/www.gintaresgeles.lt\/en\/wp-json\/wp\/v2\/product\/19595","targetHints":{"allow":["GET"]}}],"collection":[{"href":"https:\/\/www.gintaresgeles.lt\/en\/wp-json\/wp\/v2\/product"}],"about":[{"href":"https:\/\/www.gintaresgeles.lt\/en\/wp-json\/wp\/v2\/types\/product"}],"wp:featuredmedia":[{"embeddable":true,"href":"https:\/\/www.gintaresgeles.lt\/en\/wp-json\/wp\/v2\/media\/40260"}],"wp:attachment":[{"href":"https:\/\/www.gintaresgeles.lt\/en\/wp-json\/wp\/v2\/media?parent=19595"}],"wp:term":[{"taxonomy":"product_brand","embeddable":true,"href":"https:\/\/www.gintaresgeles.lt\/en\/wp-json\/wp\/v2\/product_brand?post=19595"},{"taxonomy":"product_cat","embeddable":true,"href":"https:\/\/www.gintaresgeles.lt\/en\/wp-json\/wp\/v2\/product_cat?post=19595"},{"taxonomy":"product_tag","embeddable":true,"href":"https:\/\/www.gintaresgeles.lt\/en\/wp-json\/wp\/v2\/product_tag?post=19595"}],"curies":[{"name":"wp","href":"https:\/\/api.w.org\/{rel}","templated":true}]}}