{"id":19642,"date":"2016-10-03T07:54:45","date_gmt":"2018-08-06T10:45:03","guid":{"rendered":"https:\/\/www.gintaresgeles.lt\/?post_type=product&#038;p=19642"},"modified":"2025-05-29T02:02:24","modified_gmt":"2025-05-29T00:02:24","slug":"bouquet-of-yellow-and-pink-roses","status":"publish","type":"product","link":"https:\/\/www.gintaresgeles.lt\/en\/puokste\/bouquet-of-yellow-and-pink-roses\/","title":{"rendered":"Bouquet of yellow and pink roses"},"content":{"rendered":"<p>Roses are flowers that charm with their lovely-shaped blossoms. Despite that, roses enchant us with their colors that seem to have all existing shades. This joyous bouquet of yellow and pink roses will surprise the receiver with its original colors.\u00a0 These colors of roses look wonderful when given separately, however, together they make the bouquet more charming, exclusive and contrasting. Some greenery is added to the bouquet so it would look more abundant and brighter. In order to highlight the color of roses, we choose yellow and pink ribbons. The shade of roses may differ from the photo.\u00a0<\/p>\n","protected":false},"excerpt":{"rendered":"<p style=\"text-align: justify\">A rather unusual combination of roses &#8211; yellow and pink roses. At the same time, they look great not only because of color matching, but also because of their meanings that are combined together for any occasion and for any person. After all, happiness, friendship and joy will never be too much!<\/p>\n<p style=\"text-align: justify\">The number of flowers in the bouquet is 21 pcs. medium (60-70cm) roses.<\/p>\n<p style=\"text-align: center\"><strong><span lang=\"en\">These flowers are perfect with:<\/span><\/strong><\/p>\n<ul>\n<li><span lang=\"en\"><a href=\"https:\/\/www.gintaresgeles.lt\/en\/geles\/greeting-cards\/\" target=\"_blank\" rel=\"noopener noreferrer\">Postcard.\u00a0<strong>View\u2026<\/strong><\/a><\/span><\/li>\n<li><span lang=\"en\"><a href=\"https:\/\/www.gintaresgeles.lt\/en\/geles\/helium-balloons\/\" target=\"_blank\" rel=\"noopener noreferrer\">Helium balloons.\u00a0<strong>View\u2026<\/strong><\/a><\/span><\/li>\n<li><span lang=\"en\"><a href=\"https:\/\/www.gintaresgeles.lt\/en\/puokste\/standing-decoration\/\" target=\"_blank\" rel=\"noopener noreferrer\">The standing decor .\u00a0<strong>View\u2026<\/strong><\/a><\/span><\/li>\n<li><span lang=\"en\"><a href=\"https:\/\/www.gintaresgeles.lt\/en\/puokste\/pillow-heart-xxl\/\" target=\"_blank\" rel=\"noopener noreferrer\">Pillow \u201cI love you\u201d XXL .\u00a0<strong>View\u2026<\/strong><\/a><\/span><\/li>\n<li><span lang=\"en\"><a href=\"https:\/\/www.gintaresgeles.lt\/en\/puokste\/candy-raffaello\/\" target=\"_blank\" rel=\"noopener noreferrer\">Candy box \u201cRaffaello\u201d.\u00a0<strong>View\u2026<\/strong><\/a><\/span><\/li>\n<li><span lang=\"en\"><a href=\"https:\/\/www.gintaresgeles.lt\/en\/puokste\/candy-ferrero-rocher\/\" target=\"_blank\" rel=\"noopener noreferrer\">Sweets \u201cFerrero Rocher\u201d.\u00a0<strong>View\u2026<\/strong><\/a><\/span><\/li>\n<\/ul>\n<p style=\"text-align: right\"><a href=\"https:\/\/www.gintaresgeles.lt\/en\/geles\/gifts\/\" target=\"_blank\" rel=\"noopener noreferrer\"><span lang=\"en\">All the gifts you can add to flowers can be found\u00a0<strong>here.<\/strong><\/span><\/a><\/p>\n","protected":false},"featured_media":22456,"template":"","meta":[],"product_brand":[],"product_cat":[261,260,259,252,266,265,256,253,257,428,262,263,651,264,909,268,1966,238],"product_tag":[],"class_list":{"0":"post-19642","1":"product","2":"type-product","3":"status-publish","4":"has-post-thumbnail","6":"product_cat-birthday-bouquets","7":"product_cat-birthday-flowers","8":"product_cat-flowers-by-occasion","9":"product_cat-flowers-by-recipient","10":"product_cat-flowers-by-style","11":"product_cat-flowers-by-type","12":"product_cat-flowers-for-girlfriend","13":"product_cat-flowers-for-mom","14":"product_cat-flowers-for-women","15":"product_cat-jubilee-flowers","16":"product_cat-march8th-flowers","17":"product_cat-mothers-day-flowers","18":"product_cat-pink-roses","19":"product_cat-valentines-day-flowers","20":"product_cat-yellow-roses","21":"product_cat-flower-bouquets","22":"product_cat-flowers-wrapped-in-paper","23":"product_cat-roses","24":"tm-has-options","26":"first","27":"instock","28":"taxable","29":"shipping-taxable","30":"purchasable","31":"product-type-simple"},"yoast_head":"<!-- This site is optimized with the Yoast SEO plugin v25.3 - https:\/\/yoast.com\/wordpress\/plugins\/seo\/ -->\n<title>Bouquet of yellow and pink roses | Charming contrasts | Gintar\u0117sG\u0117l\u0117s<\/title>\n<meta name=\"description\" content=\"An unusual, but very delicately and subtly looking, combination of yellow and pink roses will express love, joy or friendship. Surprise your loved one!\" \/>\n<meta name=\"robots\" content=\"index, follow, max-snippet:-1, max-image-preview:large, max-video-preview:-1\" \/>\n<link rel=\"canonical\" href=\"https:\/\/www.gintaresgeles.lt\/en\/puokste\/bouquet-of-yellow-and-pink-roses\/\" \/>\n<meta property=\"og:locale\" content=\"en_US\" \/>\n<meta property=\"og:type\" content=\"article\" \/>\n<meta property=\"og:title\" content=\"Bouquet of yellow and pink roses | Charming contrasts | Gintar\u0117sG\u0117l\u0117s\" \/>\n<meta property=\"og:description\" content=\"An unusual, but very delicately and subtly looking, combination of yellow and pink roses will express love, joy or friendship. Surprise your loved one!\" \/>\n<meta property=\"og:url\" content=\"https:\/\/www.gintaresgeles.lt\/en\/puokste\/bouquet-of-yellow-and-pink-roses\/\" \/>\n<meta property=\"og:site_name\" content=\"gintaresgeles.lt\" \/>\n<meta property=\"article:modified_time\" content=\"2025-05-29T00:02:24+00:00\" \/>\n<meta property=\"og:image\" content=\"https:\/\/www.gintaresgeles.lt\/wp-content\/uploads\/2016\/10\/geliu-puokste-geltonos-ir-rozines-rozes.jpg\" \/>\n\t<meta property=\"og:image:width\" content=\"570\" \/>\n\t<meta property=\"og:image:height\" content=\"570\" \/>\n\t<meta property=\"og:image:type\" content=\"image\/jpeg\" \/>\n<meta name=\"twitter:card\" content=\"summary_large_image\" \/>\n<script type=\"application\/ld+json\" class=\"yoast-schema-graph\">{\"@context\":\"https:\/\/schema.org\",\"@graph\":[{\"@type\":\"WebPage\",\"@id\":\"https:\/\/www.gintaresgeles.lt\/en\/puokste\/bouquet-of-yellow-and-pink-roses\/\",\"url\":\"https:\/\/www.gintaresgeles.lt\/en\/puokste\/bouquet-of-yellow-and-pink-roses\/\",\"name\":\"Bouquet of yellow and pink roses | Charming contrasts | Gintar\u0117sG\u0117l\u0117s\",\"isPartOf\":{\"@id\":\"https:\/\/www.gintaresgeles.lt\/en\/#website\"},\"primaryImageOfPage\":{\"@id\":\"https:\/\/www.gintaresgeles.lt\/en\/puokste\/bouquet-of-yellow-and-pink-roses\/#primaryimage\"},\"image\":{\"@id\":\"https:\/\/www.gintaresgeles.lt\/en\/puokste\/bouquet-of-yellow-and-pink-roses\/#primaryimage\"},\"thumbnailUrl\":\"https:\/\/www.gintaresgeles.lt\/wp-content\/uploads\/2016\/10\/geliu-puokste-geltonos-ir-rozines-rozes.jpg\",\"datePublished\":\"2018-08-06T10:45:03+00:00\",\"dateModified\":\"2025-05-29T00:02:24+00:00\",\"description\":\"An unusual, but very delicately and subtly looking, combination of yellow and pink roses will express love, joy or friendship. Surprise your loved one!\",\"breadcrumb\":{\"@id\":\"https:\/\/www.gintaresgeles.lt\/en\/puokste\/bouquet-of-yellow-and-pink-roses\/#breadcrumb\"},\"inLanguage\":\"en-US\",\"potentialAction\":[{\"@type\":\"ReadAction\",\"target\":[\"https:\/\/www.gintaresgeles.lt\/en\/puokste\/bouquet-of-yellow-and-pink-roses\/\"]}]},{\"@type\":\"ImageObject\",\"inLanguage\":\"en-US\",\"@id\":\"https:\/\/www.gintaresgeles.lt\/en\/puokste\/bouquet-of-yellow-and-pink-roses\/#primaryimage\",\"url\":\"https:\/\/www.gintaresgeles.lt\/wp-content\/uploads\/2016\/10\/geliu-puokste-geltonos-ir-rozines-rozes.jpg\",\"contentUrl\":\"https:\/\/www.gintaresgeles.lt\/wp-content\/uploads\/2016\/10\/geliu-puokste-geltonos-ir-rozines-rozes.jpg\",\"width\":570,\"height\":570,\"caption\":\"Geltonos ir ro\u017ein\u0117s ro\u017e\u0117s geli\u0173 puok\u0161t\u0117\"},{\"@type\":\"BreadcrumbList\",\"@id\":\"https:\/\/www.gintaresgeles.lt\/en\/puokste\/bouquet-of-yellow-and-pink-roses\/#breadcrumb\",\"itemListElement\":[{\"@type\":\"ListItem\",\"position\":1,\"name\":\"Prad\u017eia\",\"item\":\"https:\/\/www.gintaresgeles.lt\/en\/\"},{\"@type\":\"ListItem\",\"position\":2,\"name\":\"All flowers and other products\",\"item\":\"https:\/\/www.gintaresgeles.lt\/en\/all-flowers-and-other-products\/\"},{\"@type\":\"ListItem\",\"position\":3,\"name\":\"Bouquet of yellow and pink roses\"}]},{\"@type\":\"WebSite\",\"@id\":\"https:\/\/www.gintaresgeles.lt\/en\/#website\",\"url\":\"https:\/\/www.gintaresgeles.lt\/en\/\",\"name\":\"gintaresgeles.lt\",\"description\":\"G\u0117li\u0173 parduotuv\u0117 internete\",\"potentialAction\":[{\"@type\":\"SearchAction\",\"target\":{\"@type\":\"EntryPoint\",\"urlTemplate\":\"https:\/\/www.gintaresgeles.lt\/en\/?s={search_term_string}\"},\"query-input\":{\"@type\":\"PropertyValueSpecification\",\"valueRequired\":true,\"valueName\":\"search_term_string\"}}],\"inLanguage\":\"en-US\"}]}<\/script>\n<!-- \/ Yoast SEO plugin. -->","yoast_head_json":{"title":"Bouquet of yellow and pink roses | Charming contrasts | Gintar\u0117sG\u0117l\u0117s","description":"An unusual, but very delicately and subtly looking, combination of yellow and pink roses will express love, joy or friendship. Surprise your loved one!","robots":{"index":"index","follow":"follow","max-snippet":"max-snippet:-1","max-image-preview":"max-image-preview:large","max-video-preview":"max-video-preview:-1"},"canonical":"https:\/\/www.gintaresgeles.lt\/en\/puokste\/bouquet-of-yellow-and-pink-roses\/","og_locale":"en_US","og_type":"article","og_title":"Bouquet of yellow and pink roses | Charming contrasts | Gintar\u0117sG\u0117l\u0117s","og_description":"An unusual, but very delicately and subtly looking, combination of yellow and pink roses will express love, joy or friendship. Surprise your loved one!","og_url":"https:\/\/www.gintaresgeles.lt\/en\/puokste\/bouquet-of-yellow-and-pink-roses\/","og_site_name":"gintaresgeles.lt","article_modified_time":"2025-05-29T00:02:24+00:00","og_image":[{"width":570,"height":570,"url":"https:\/\/www.gintaresgeles.lt\/wp-content\/uploads\/2016\/10\/geliu-puokste-geltonos-ir-rozines-rozes.jpg","type":"image\/jpeg"}],"twitter_card":"summary_large_image","schema":{"@context":"https:\/\/schema.org","@graph":[{"@type":"WebPage","@id":"https:\/\/www.gintaresgeles.lt\/en\/puokste\/bouquet-of-yellow-and-pink-roses\/","url":"https:\/\/www.gintaresgeles.lt\/en\/puokste\/bouquet-of-yellow-and-pink-roses\/","name":"Bouquet of yellow and pink roses | Charming contrasts | Gintar\u0117sG\u0117l\u0117s","isPartOf":{"@id":"https:\/\/www.gintaresgeles.lt\/en\/#website"},"primaryImageOfPage":{"@id":"https:\/\/www.gintaresgeles.lt\/en\/puokste\/bouquet-of-yellow-and-pink-roses\/#primaryimage"},"image":{"@id":"https:\/\/www.gintaresgeles.lt\/en\/puokste\/bouquet-of-yellow-and-pink-roses\/#primaryimage"},"thumbnailUrl":"https:\/\/www.gintaresgeles.lt\/wp-content\/uploads\/2016\/10\/geliu-puokste-geltonos-ir-rozines-rozes.jpg","datePublished":"2018-08-06T10:45:03+00:00","dateModified":"2025-05-29T00:02:24+00:00","description":"An unusual, but very delicately and subtly looking, combination of yellow and pink roses will express love, joy or friendship. Surprise your loved one!","breadcrumb":{"@id":"https:\/\/www.gintaresgeles.lt\/en\/puokste\/bouquet-of-yellow-and-pink-roses\/#breadcrumb"},"inLanguage":"en-US","potentialAction":[{"@type":"ReadAction","target":["https:\/\/www.gintaresgeles.lt\/en\/puokste\/bouquet-of-yellow-and-pink-roses\/"]}]},{"@type":"ImageObject","inLanguage":"en-US","@id":"https:\/\/www.gintaresgeles.lt\/en\/puokste\/bouquet-of-yellow-and-pink-roses\/#primaryimage","url":"https:\/\/www.gintaresgeles.lt\/wp-content\/uploads\/2016\/10\/geliu-puokste-geltonos-ir-rozines-rozes.jpg","contentUrl":"https:\/\/www.gintaresgeles.lt\/wp-content\/uploads\/2016\/10\/geliu-puokste-geltonos-ir-rozines-rozes.jpg","width":570,"height":570,"caption":"Geltonos ir ro\u017ein\u0117s ro\u017e\u0117s geli\u0173 puok\u0161t\u0117"},{"@type":"BreadcrumbList","@id":"https:\/\/www.gintaresgeles.lt\/en\/puokste\/bouquet-of-yellow-and-pink-roses\/#breadcrumb","itemListElement":[{"@type":"ListItem","position":1,"name":"Prad\u017eia","item":"https:\/\/www.gintaresgeles.lt\/en\/"},{"@type":"ListItem","position":2,"name":"All flowers and other products","item":"https:\/\/www.gintaresgeles.lt\/en\/all-flowers-and-other-products\/"},{"@type":"ListItem","position":3,"name":"Bouquet of yellow and pink roses"}]},{"@type":"WebSite","@id":"https:\/\/www.gintaresgeles.lt\/en\/#website","url":"https:\/\/www.gintaresgeles.lt\/en\/","name":"gintaresgeles.lt","description":"G\u0117li\u0173 parduotuv\u0117 internete","potentialAction":[{"@type":"SearchAction","target":{"@type":"EntryPoint","urlTemplate":"https:\/\/www.gintaresgeles.lt\/en\/?s={search_term_string}"},"query-input":{"@type":"PropertyValueSpecification","valueRequired":true,"valueName":"search_term_string"}}],"inLanguage":"en-US"}]}},"_links":{"self":[{"href":"https:\/\/www.gintaresgeles.lt\/en\/wp-json\/wp\/v2\/product\/19642","targetHints":{"allow":["GET"]}}],"collection":[{"href":"https:\/\/www.gintaresgeles.lt\/en\/wp-json\/wp\/v2\/product"}],"about":[{"href":"https:\/\/www.gintaresgeles.lt\/en\/wp-json\/wp\/v2\/types\/product"}],"wp:featuredmedia":[{"embeddable":true,"href":"https:\/\/www.gintaresgeles.lt\/en\/wp-json\/wp\/v2\/media\/22456"}],"wp:attachment":[{"href":"https:\/\/www.gintaresgeles.lt\/en\/wp-json\/wp\/v2\/media?parent=19642"}],"wp:term":[{"taxonomy":"product_brand","embeddable":true,"href":"https:\/\/www.gintaresgeles.lt\/en\/wp-json\/wp\/v2\/product_brand?post=19642"},{"taxonomy":"product_cat","embeddable":true,"href":"https:\/\/www.gintaresgeles.lt\/en\/wp-json\/wp\/v2\/product_cat?post=19642"},{"taxonomy":"product_tag","embeddable":true,"href":"https:\/\/www.gintaresgeles.lt\/en\/wp-json\/wp\/v2\/product_tag?post=19642"}],"curies":[{"name":"wp","href":"https:\/\/api.w.org\/{rel}","templated":true}]}}