{"id":19644,"date":"2016-10-01T07:16:50","date_gmt":"2018-08-06T10:56:41","guid":{"rendered":"https:\/\/www.gintaresgeles.lt\/?post_type=product&#038;p=19644"},"modified":"2025-11-16T16:43:51","modified_gmt":"2025-11-16T14:43:51","slug":"exclusive-bouquet-of-carnations-and-eustomas","status":"publish","type":"product","link":"https:\/\/www.gintaresgeles.lt\/en\/puokste\/exclusive-bouquet-of-carnations-and-eustomas\/","title":{"rendered":"Exclusive bouquet of carnations and eustomas"},"content":{"rendered":"<p>The ribbon that matches contrasting colors of eustomas and carnations is wrapped around the bouquet. The composition looks tasteful and charming. The bright-colored carnations and elegant eustomas together create lovely combination that is suitable for both men and women for any occasion. The color of flowers depends on the ones we have when the order is placed.<\/p>\n","protected":false},"excerpt":{"rendered":"<p style=\"text-align: justify;\">Unusual combination of flowers &#8211; carnations and eustomas. One symbolizes respect and love in the family, other happiness and gratitude. It&#8217;s a great bouquet to thank or just cheer your loved one. 15 carnations and 7 eustomas will be suitable to give for both simple and grand occasions.<\/p>\n<p><em><strong>The colors are chosen from those we have on sale at the time, if you want a specific color contact us.<\/strong><\/em><\/p>\n<p style=\"text-align: right;\">\n","protected":false},"featured_media":47566,"template":"","meta":[],"product_brand":[],"product_cat":[261,260,259,252,266,265,256,258,253,257,428,262,263,246,242,268,1966],"product_tag":[],"class_list":{"0":"post-19644","1":"product","2":"type-product","3":"status-publish","4":"has-post-thumbnail","6":"product_cat-birthday-bouquets","7":"product_cat-birthday-flowers","8":"product_cat-flowers-by-occasion","9":"product_cat-flowers-by-recipient","10":"product_cat-flowers-by-style","11":"product_cat-flowers-by-type","12":"product_cat-flowers-for-girlfriend","13":"product_cat-flowers-for-men","14":"product_cat-flowers-for-mom","15":"product_cat-flowers-for-women","16":"product_cat-jubilee-flowers","17":"product_cat-march8th-flowers","18":"product_cat-mothers-day-flowers","19":"product_cat-carnations","20":"product_cat-eustomas","21":"product_cat-flower-bouquets","22":"product_cat-flowers-wrapped-in-paper","23":"tm-has-options","25":"first","26":"instock","27":"taxable","28":"shipping-taxable","29":"purchasable","30":"product-type-simple"},"yoast_head":"<!-- This site is optimized with the Yoast SEO plugin v25.3 - https:\/\/yoast.com\/wordpress\/plugins\/seo\/ -->\n<title>Bouquet of carnations and eustomas | Originalios spalvos | Gintar\u0117sG\u0117l\u0117s<\/title>\n<meta name=\"description\" content=\"Carnations and eustomas are a particularly delicate and unexpected combination. With this exclusive bouquet, you will surely be original and you will not leave anyone indifferent.\" \/>\n<meta name=\"robots\" content=\"index, follow, max-snippet:-1, max-image-preview:large, max-video-preview:-1\" \/>\n<link rel=\"canonical\" href=\"https:\/\/www.gintaresgeles.lt\/en\/puokste\/exclusive-bouquet-of-carnations-and-eustomas\/\" \/>\n<meta property=\"og:locale\" content=\"en_US\" \/>\n<meta property=\"og:type\" content=\"article\" \/>\n<meta property=\"og:title\" content=\"Bouquet of carnations and eustomas | Originalios spalvos | Gintar\u0117sG\u0117l\u0117s\" \/>\n<meta property=\"og:description\" content=\"Carnations and eustomas are a particularly delicate and unexpected combination. With this exclusive bouquet, you will surely be original and you will not leave anyone indifferent.\" \/>\n<meta property=\"og:url\" content=\"https:\/\/www.gintaresgeles.lt\/en\/puokste\/exclusive-bouquet-of-carnations-and-eustomas\/\" \/>\n<meta property=\"og:site_name\" content=\"gintaresgeles.lt\" \/>\n<meta property=\"article:modified_time\" content=\"2025-11-16T14:43:51+00:00\" \/>\n<meta property=\"og:image\" content=\"https:\/\/www.gintaresgeles.lt\/wp-content\/uploads\/2016\/10\/roziniu-gvazdiku-ir-baltu-eustomu-puokste-merginai.jpg\" \/>\n\t<meta property=\"og:image:width\" content=\"1200\" \/>\n\t<meta property=\"og:image:height\" content=\"1200\" \/>\n\t<meta property=\"og:image:type\" content=\"image\/jpeg\" \/>\n<meta name=\"twitter:card\" content=\"summary_large_image\" \/>\n<script type=\"application\/ld+json\" class=\"yoast-schema-graph\">{\"@context\":\"https:\/\/schema.org\",\"@graph\":[{\"@type\":\"WebPage\",\"@id\":\"https:\/\/www.gintaresgeles.lt\/en\/puokste\/exclusive-bouquet-of-carnations-and-eustomas\/\",\"url\":\"https:\/\/www.gintaresgeles.lt\/en\/puokste\/exclusive-bouquet-of-carnations-and-eustomas\/\",\"name\":\"Bouquet of carnations and eustomas | Originalios spalvos | Gintar\u0117sG\u0117l\u0117s\",\"isPartOf\":{\"@id\":\"https:\/\/www.gintaresgeles.lt\/en\/#website\"},\"primaryImageOfPage\":{\"@id\":\"https:\/\/www.gintaresgeles.lt\/en\/puokste\/exclusive-bouquet-of-carnations-and-eustomas\/#primaryimage\"},\"image\":{\"@id\":\"https:\/\/www.gintaresgeles.lt\/en\/puokste\/exclusive-bouquet-of-carnations-and-eustomas\/#primaryimage\"},\"thumbnailUrl\":\"https:\/\/www.gintaresgeles.lt\/wp-content\/uploads\/2016\/10\/roziniu-gvazdiku-ir-baltu-eustomu-puokste-merginai.jpg\",\"datePublished\":\"2018-08-06T10:56:41+00:00\",\"dateModified\":\"2025-11-16T14:43:51+00:00\",\"description\":\"Carnations and eustomas are a particularly delicate and unexpected combination. With this exclusive bouquet, you will surely be original and you will not leave anyone indifferent.\",\"breadcrumb\":{\"@id\":\"https:\/\/www.gintaresgeles.lt\/en\/puokste\/exclusive-bouquet-of-carnations-and-eustomas\/#breadcrumb\"},\"inLanguage\":\"en-US\",\"potentialAction\":[{\"@type\":\"ReadAction\",\"target\":[\"https:\/\/www.gintaresgeles.lt\/en\/puokste\/exclusive-bouquet-of-carnations-and-eustomas\/\"]}]},{\"@type\":\"ImageObject\",\"inLanguage\":\"en-US\",\"@id\":\"https:\/\/www.gintaresgeles.lt\/en\/puokste\/exclusive-bouquet-of-carnations-and-eustomas\/#primaryimage\",\"url\":\"https:\/\/www.gintaresgeles.lt\/wp-content\/uploads\/2016\/10\/roziniu-gvazdiku-ir-baltu-eustomu-puokste-merginai.jpg\",\"contentUrl\":\"https:\/\/www.gintaresgeles.lt\/wp-content\/uploads\/2016\/10\/roziniu-gvazdiku-ir-baltu-eustomu-puokste-merginai.jpg\",\"width\":1200,\"height\":1200,\"caption\":\"Ro\u017einiai gvazdikai ir baltos eustomos puok\u0161t\u0117je g\u0117l\u0117s moteriai\"},{\"@type\":\"BreadcrumbList\",\"@id\":\"https:\/\/www.gintaresgeles.lt\/en\/puokste\/exclusive-bouquet-of-carnations-and-eustomas\/#breadcrumb\",\"itemListElement\":[{\"@type\":\"ListItem\",\"position\":1,\"name\":\"Prad\u017eia\",\"item\":\"https:\/\/www.gintaresgeles.lt\/en\/\"},{\"@type\":\"ListItem\",\"position\":2,\"name\":\"All flowers and other products\",\"item\":\"https:\/\/www.gintaresgeles.lt\/en\/all-flowers-and-other-products\/\"},{\"@type\":\"ListItem\",\"position\":3,\"name\":\"Exclusive bouquet of carnations and eustomas\"}]},{\"@type\":\"WebSite\",\"@id\":\"https:\/\/www.gintaresgeles.lt\/en\/#website\",\"url\":\"https:\/\/www.gintaresgeles.lt\/en\/\",\"name\":\"gintaresgeles.lt\",\"description\":\"G\u0117li\u0173 parduotuv\u0117 internete\",\"potentialAction\":[{\"@type\":\"SearchAction\",\"target\":{\"@type\":\"EntryPoint\",\"urlTemplate\":\"https:\/\/www.gintaresgeles.lt\/en\/?s={search_term_string}\"},\"query-input\":{\"@type\":\"PropertyValueSpecification\",\"valueRequired\":true,\"valueName\":\"search_term_string\"}}],\"inLanguage\":\"en-US\"}]}<\/script>\n<!-- \/ Yoast SEO plugin. -->","yoast_head_json":{"title":"Bouquet of carnations and eustomas | Originalios spalvos | Gintar\u0117sG\u0117l\u0117s","description":"Carnations and eustomas are a particularly delicate and unexpected combination. With this exclusive bouquet, you will surely be original and you will not leave anyone indifferent.","robots":{"index":"index","follow":"follow","max-snippet":"max-snippet:-1","max-image-preview":"max-image-preview:large","max-video-preview":"max-video-preview:-1"},"canonical":"https:\/\/www.gintaresgeles.lt\/en\/puokste\/exclusive-bouquet-of-carnations-and-eustomas\/","og_locale":"en_US","og_type":"article","og_title":"Bouquet of carnations and eustomas | Originalios spalvos | Gintar\u0117sG\u0117l\u0117s","og_description":"Carnations and eustomas are a particularly delicate and unexpected combination. With this exclusive bouquet, you will surely be original and you will not leave anyone indifferent.","og_url":"https:\/\/www.gintaresgeles.lt\/en\/puokste\/exclusive-bouquet-of-carnations-and-eustomas\/","og_site_name":"gintaresgeles.lt","article_modified_time":"2025-11-16T14:43:51+00:00","og_image":[{"width":1200,"height":1200,"url":"https:\/\/www.gintaresgeles.lt\/wp-content\/uploads\/2016\/10\/roziniu-gvazdiku-ir-baltu-eustomu-puokste-merginai.jpg","type":"image\/jpeg"}],"twitter_card":"summary_large_image","schema":{"@context":"https:\/\/schema.org","@graph":[{"@type":"WebPage","@id":"https:\/\/www.gintaresgeles.lt\/en\/puokste\/exclusive-bouquet-of-carnations-and-eustomas\/","url":"https:\/\/www.gintaresgeles.lt\/en\/puokste\/exclusive-bouquet-of-carnations-and-eustomas\/","name":"Bouquet of carnations and eustomas | Originalios spalvos | Gintar\u0117sG\u0117l\u0117s","isPartOf":{"@id":"https:\/\/www.gintaresgeles.lt\/en\/#website"},"primaryImageOfPage":{"@id":"https:\/\/www.gintaresgeles.lt\/en\/puokste\/exclusive-bouquet-of-carnations-and-eustomas\/#primaryimage"},"image":{"@id":"https:\/\/www.gintaresgeles.lt\/en\/puokste\/exclusive-bouquet-of-carnations-and-eustomas\/#primaryimage"},"thumbnailUrl":"https:\/\/www.gintaresgeles.lt\/wp-content\/uploads\/2016\/10\/roziniu-gvazdiku-ir-baltu-eustomu-puokste-merginai.jpg","datePublished":"2018-08-06T10:56:41+00:00","dateModified":"2025-11-16T14:43:51+00:00","description":"Carnations and eustomas are a particularly delicate and unexpected combination. With this exclusive bouquet, you will surely be original and you will not leave anyone indifferent.","breadcrumb":{"@id":"https:\/\/www.gintaresgeles.lt\/en\/puokste\/exclusive-bouquet-of-carnations-and-eustomas\/#breadcrumb"},"inLanguage":"en-US","potentialAction":[{"@type":"ReadAction","target":["https:\/\/www.gintaresgeles.lt\/en\/puokste\/exclusive-bouquet-of-carnations-and-eustomas\/"]}]},{"@type":"ImageObject","inLanguage":"en-US","@id":"https:\/\/www.gintaresgeles.lt\/en\/puokste\/exclusive-bouquet-of-carnations-and-eustomas\/#primaryimage","url":"https:\/\/www.gintaresgeles.lt\/wp-content\/uploads\/2016\/10\/roziniu-gvazdiku-ir-baltu-eustomu-puokste-merginai.jpg","contentUrl":"https:\/\/www.gintaresgeles.lt\/wp-content\/uploads\/2016\/10\/roziniu-gvazdiku-ir-baltu-eustomu-puokste-merginai.jpg","width":1200,"height":1200,"caption":"Ro\u017einiai gvazdikai ir baltos eustomos puok\u0161t\u0117je g\u0117l\u0117s moteriai"},{"@type":"BreadcrumbList","@id":"https:\/\/www.gintaresgeles.lt\/en\/puokste\/exclusive-bouquet-of-carnations-and-eustomas\/#breadcrumb","itemListElement":[{"@type":"ListItem","position":1,"name":"Prad\u017eia","item":"https:\/\/www.gintaresgeles.lt\/en\/"},{"@type":"ListItem","position":2,"name":"All flowers and other products","item":"https:\/\/www.gintaresgeles.lt\/en\/all-flowers-and-other-products\/"},{"@type":"ListItem","position":3,"name":"Exclusive bouquet of carnations and eustomas"}]},{"@type":"WebSite","@id":"https:\/\/www.gintaresgeles.lt\/en\/#website","url":"https:\/\/www.gintaresgeles.lt\/en\/","name":"gintaresgeles.lt","description":"G\u0117li\u0173 parduotuv\u0117 internete","potentialAction":[{"@type":"SearchAction","target":{"@type":"EntryPoint","urlTemplate":"https:\/\/www.gintaresgeles.lt\/en\/?s={search_term_string}"},"query-input":{"@type":"PropertyValueSpecification","valueRequired":true,"valueName":"search_term_string"}}],"inLanguage":"en-US"}]}},"_links":{"self":[{"href":"https:\/\/www.gintaresgeles.lt\/en\/wp-json\/wp\/v2\/product\/19644","targetHints":{"allow":["GET"]}}],"collection":[{"href":"https:\/\/www.gintaresgeles.lt\/en\/wp-json\/wp\/v2\/product"}],"about":[{"href":"https:\/\/www.gintaresgeles.lt\/en\/wp-json\/wp\/v2\/types\/product"}],"wp:featuredmedia":[{"embeddable":true,"href":"https:\/\/www.gintaresgeles.lt\/en\/wp-json\/wp\/v2\/media\/47566"}],"wp:attachment":[{"href":"https:\/\/www.gintaresgeles.lt\/en\/wp-json\/wp\/v2\/media?parent=19644"}],"wp:term":[{"taxonomy":"product_brand","embeddable":true,"href":"https:\/\/www.gintaresgeles.lt\/en\/wp-json\/wp\/v2\/product_brand?post=19644"},{"taxonomy":"product_cat","embeddable":true,"href":"https:\/\/www.gintaresgeles.lt\/en\/wp-json\/wp\/v2\/product_cat?post=19644"},{"taxonomy":"product_tag","embeddable":true,"href":"https:\/\/www.gintaresgeles.lt\/en\/wp-json\/wp\/v2\/product_tag?post=19644"}],"curies":[{"name":"wp","href":"https:\/\/api.w.org\/{rel}","templated":true}]}}