{"id":19678,"date":"2016-09-29T07:55:07","date_gmt":"2018-08-07T14:03:10","guid":{"rendered":"https:\/\/www.gintaresgeles.lt\/?post_type=product&#038;p=19678"},"modified":"2025-05-29T02:02:27","modified_gmt":"2025-05-29T00:02:27","slug":"iris-bouquet","status":"publish","type":"product","link":"https:\/\/www.gintaresgeles.lt\/en\/puokste\/iris-bouquet\/","title":{"rendered":"Iris Bouquet"},"content":{"rendered":"<p>This bouquet consists of 25 irises and the color of flowers depend on the one we have when the order is placed. Bright blossoms of exceptional shape cannot be disliked. For men, usually dark purple or blue irises are given, but for women, yellow irises are chosen more frequently. These flowers are loved by both genders. Irises can be incorporated into any bouquet with different flowers, yet this bouquet is only made from them.<\/p>\n","protected":false},"excerpt":{"rendered":"<p style=\"text-align: justify\">Irises, well known to all, summer flowers. This bouquet is suitable for both men and women. About these flowers are said to be the symbol of masculinity and courage, and for women they represent faith and hope. So you can boldly give these flowers to the couple!<\/p>\n<p style=\"text-align: right\">\n","protected":false},"featured_media":40133,"template":"","meta":[],"product_brand":[],"product_cat":[261,260,259,252,266,265,256,258,253,257,428,263,268,1966,247],"product_tag":[],"class_list":{"0":"post-19678","1":"product","2":"type-product","3":"status-publish","4":"has-post-thumbnail","6":"product_cat-birthday-bouquets","7":"product_cat-birthday-flowers","8":"product_cat-flowers-by-occasion","9":"product_cat-flowers-by-recipient","10":"product_cat-flowers-by-style","11":"product_cat-flowers-by-type","12":"product_cat-flowers-for-girlfriend","13":"product_cat-flowers-for-men","14":"product_cat-flowers-for-mom","15":"product_cat-flowers-for-women","16":"product_cat-jubilee-flowers","17":"product_cat-mothers-day-flowers","18":"product_cat-flower-bouquets","19":"product_cat-flowers-wrapped-in-paper","20":"product_cat-irises","21":"tm-has-options","23":"first","24":"instock","25":"taxable","26":"shipping-taxable","27":"purchasable","28":"product-type-variable","29":"has-default-attributes"},"yoast_head":"<!-- This site is optimized with the Yoast SEO plugin v25.3 - https:\/\/yoast.com\/wordpress\/plugins\/seo\/ -->\n<title>Iris Bouquet | Blue irises fit for men and women | Gintar\u0117sG\u0117l\u0117s<\/title>\n<meta name=\"description\" content=\"Irises are not only suitable for women, but they even enchant men also. You will not be making a mistake by choosing this bouquet.\" \/>\n<meta name=\"robots\" content=\"index, follow, max-snippet:-1, max-image-preview:large, max-video-preview:-1\" \/>\n<link rel=\"canonical\" href=\"https:\/\/www.gintaresgeles.lt\/en\/puokste\/iris-bouquet\/\" \/>\n<meta property=\"og:locale\" content=\"en_US\" \/>\n<meta property=\"og:type\" content=\"article\" \/>\n<meta property=\"og:title\" content=\"Iris Bouquet | Blue irises fit for men and women | Gintar\u0117sG\u0117l\u0117s\" \/>\n<meta property=\"og:description\" content=\"Irises are not only suitable for women, but they even enchant men also. You will not be making a mistake by choosing this bouquet.\" \/>\n<meta property=\"og:url\" content=\"https:\/\/www.gintaresgeles.lt\/en\/puokste\/iris-bouquet\/\" \/>\n<meta property=\"og:site_name\" content=\"gintaresgeles.lt\" \/>\n<meta property=\"article:modified_time\" content=\"2025-05-29T00:02:27+00:00\" \/>\n<meta property=\"og:image\" content=\"https:\/\/www.gintaresgeles.lt\/wp-content\/uploads\/2016\/09\/melyni-irisai-puoksteje-gimtadienio-geles-vyrams.jpg\" \/>\n\t<meta property=\"og:image:width\" content=\"1000\" \/>\n\t<meta property=\"og:image:height\" content=\"1000\" \/>\n\t<meta property=\"og:image:type\" content=\"image\/jpeg\" \/>\n<meta name=\"twitter:card\" content=\"summary_large_image\" \/>\n<script type=\"application\/ld+json\" class=\"yoast-schema-graph\">{\"@context\":\"https:\/\/schema.org\",\"@graph\":[{\"@type\":\"WebPage\",\"@id\":\"https:\/\/www.gintaresgeles.lt\/en\/puokste\/iris-bouquet\/\",\"url\":\"https:\/\/www.gintaresgeles.lt\/en\/puokste\/iris-bouquet\/\",\"name\":\"Iris Bouquet | Blue irises fit for men and women | Gintar\u0117sG\u0117l\u0117s\",\"isPartOf\":{\"@id\":\"https:\/\/www.gintaresgeles.lt\/en\/#website\"},\"primaryImageOfPage\":{\"@id\":\"https:\/\/www.gintaresgeles.lt\/en\/puokste\/iris-bouquet\/#primaryimage\"},\"image\":{\"@id\":\"https:\/\/www.gintaresgeles.lt\/en\/puokste\/iris-bouquet\/#primaryimage\"},\"thumbnailUrl\":\"https:\/\/www.gintaresgeles.lt\/wp-content\/uploads\/2016\/09\/melyni-irisai-puoksteje-gimtadienio-geles-vyrams.jpg\",\"datePublished\":\"2018-08-07T14:03:10+00:00\",\"dateModified\":\"2025-05-29T00:02:27+00:00\",\"description\":\"Irises are not only suitable for women, but they even enchant men also. You will not be making a mistake by choosing this bouquet.\",\"breadcrumb\":{\"@id\":\"https:\/\/www.gintaresgeles.lt\/en\/puokste\/iris-bouquet\/#breadcrumb\"},\"inLanguage\":\"en-US\",\"potentialAction\":[{\"@type\":\"ReadAction\",\"target\":[\"https:\/\/www.gintaresgeles.lt\/en\/puokste\/iris-bouquet\/\"]}]},{\"@type\":\"ImageObject\",\"inLanguage\":\"en-US\",\"@id\":\"https:\/\/www.gintaresgeles.lt\/en\/puokste\/iris-bouquet\/#primaryimage\",\"url\":\"https:\/\/www.gintaresgeles.lt\/wp-content\/uploads\/2016\/09\/melyni-irisai-puoksteje-gimtadienio-geles-vyrams.jpg\",\"contentUrl\":\"https:\/\/www.gintaresgeles.lt\/wp-content\/uploads\/2016\/09\/melyni-irisai-puoksteje-gimtadienio-geles-vyrams.jpg\",\"width\":1000,\"height\":1000,\"caption\":\"Iris\u0173 puok\u0161t\u0117s vyrams\"},{\"@type\":\"BreadcrumbList\",\"@id\":\"https:\/\/www.gintaresgeles.lt\/en\/puokste\/iris-bouquet\/#breadcrumb\",\"itemListElement\":[{\"@type\":\"ListItem\",\"position\":1,\"name\":\"Prad\u017eia\",\"item\":\"https:\/\/www.gintaresgeles.lt\/en\/\"},{\"@type\":\"ListItem\",\"position\":2,\"name\":\"All flowers and other products\",\"item\":\"https:\/\/www.gintaresgeles.lt\/en\/all-flowers-and-other-products\/\"},{\"@type\":\"ListItem\",\"position\":3,\"name\":\"Iris Bouquet\"}]},{\"@type\":\"WebSite\",\"@id\":\"https:\/\/www.gintaresgeles.lt\/en\/#website\",\"url\":\"https:\/\/www.gintaresgeles.lt\/en\/\",\"name\":\"Gintares Geles\",\"description\":\"Flower delivery in Vilnius | Same-day delivery | Gintares geles\",\"potentialAction\":[{\"@type\":\"SearchAction\",\"target\":{\"@type\":\"EntryPoint\",\"urlTemplate\":\"https:\/\/www.gintaresgeles.lt\/en\/?s={search_term_string}\"},\"query-input\":{\"@type\":\"PropertyValueSpecification\",\"valueRequired\":true,\"valueName\":\"search_term_string\"}}],\"inLanguage\":\"en-US\"}]}<\/script>\n<!-- \/ Yoast SEO plugin. -->","yoast_head_json":{"title":"Iris Bouquet | Blue irises fit for men and women | Gintar\u0117sG\u0117l\u0117s","description":"Irises are not only suitable for women, but they even enchant men also. You will not be making a mistake by choosing this bouquet.","robots":{"index":"index","follow":"follow","max-snippet":"max-snippet:-1","max-image-preview":"max-image-preview:large","max-video-preview":"max-video-preview:-1"},"canonical":"https:\/\/www.gintaresgeles.lt\/en\/puokste\/iris-bouquet\/","og_locale":"en_US","og_type":"article","og_title":"Iris Bouquet | Blue irises fit for men and women | Gintar\u0117sG\u0117l\u0117s","og_description":"Irises are not only suitable for women, but they even enchant men also. You will not be making a mistake by choosing this bouquet.","og_url":"https:\/\/www.gintaresgeles.lt\/en\/puokste\/iris-bouquet\/","og_site_name":"gintaresgeles.lt","article_modified_time":"2025-05-29T00:02:27+00:00","og_image":[{"width":1000,"height":1000,"url":"https:\/\/www.gintaresgeles.lt\/wp-content\/uploads\/2016\/09\/melyni-irisai-puoksteje-gimtadienio-geles-vyrams.jpg","type":"image\/jpeg"}],"twitter_card":"summary_large_image","schema":{"@context":"https:\/\/schema.org","@graph":[{"@type":"WebPage","@id":"https:\/\/www.gintaresgeles.lt\/en\/puokste\/iris-bouquet\/","url":"https:\/\/www.gintaresgeles.lt\/en\/puokste\/iris-bouquet\/","name":"Iris Bouquet | Blue irises fit for men and women | Gintar\u0117sG\u0117l\u0117s","isPartOf":{"@id":"https:\/\/www.gintaresgeles.lt\/en\/#website"},"primaryImageOfPage":{"@id":"https:\/\/www.gintaresgeles.lt\/en\/puokste\/iris-bouquet\/#primaryimage"},"image":{"@id":"https:\/\/www.gintaresgeles.lt\/en\/puokste\/iris-bouquet\/#primaryimage"},"thumbnailUrl":"https:\/\/www.gintaresgeles.lt\/wp-content\/uploads\/2016\/09\/melyni-irisai-puoksteje-gimtadienio-geles-vyrams.jpg","datePublished":"2018-08-07T14:03:10+00:00","dateModified":"2025-05-29T00:02:27+00:00","description":"Irises are not only suitable for women, but they even enchant men also. You will not be making a mistake by choosing this bouquet.","breadcrumb":{"@id":"https:\/\/www.gintaresgeles.lt\/en\/puokste\/iris-bouquet\/#breadcrumb"},"inLanguage":"en-US","potentialAction":[{"@type":"ReadAction","target":["https:\/\/www.gintaresgeles.lt\/en\/puokste\/iris-bouquet\/"]}]},{"@type":"ImageObject","inLanguage":"en-US","@id":"https:\/\/www.gintaresgeles.lt\/en\/puokste\/iris-bouquet\/#primaryimage","url":"https:\/\/www.gintaresgeles.lt\/wp-content\/uploads\/2016\/09\/melyni-irisai-puoksteje-gimtadienio-geles-vyrams.jpg","contentUrl":"https:\/\/www.gintaresgeles.lt\/wp-content\/uploads\/2016\/09\/melyni-irisai-puoksteje-gimtadienio-geles-vyrams.jpg","width":1000,"height":1000,"caption":"Iris\u0173 puok\u0161t\u0117s vyrams"},{"@type":"BreadcrumbList","@id":"https:\/\/www.gintaresgeles.lt\/en\/puokste\/iris-bouquet\/#breadcrumb","itemListElement":[{"@type":"ListItem","position":1,"name":"Prad\u017eia","item":"https:\/\/www.gintaresgeles.lt\/en\/"},{"@type":"ListItem","position":2,"name":"All flowers and other products","item":"https:\/\/www.gintaresgeles.lt\/en\/all-flowers-and-other-products\/"},{"@type":"ListItem","position":3,"name":"Iris Bouquet"}]},{"@type":"WebSite","@id":"https:\/\/www.gintaresgeles.lt\/en\/#website","url":"https:\/\/www.gintaresgeles.lt\/en\/","name":"Gintares Geles","description":"Flower delivery in Vilnius | Same-day delivery | Gintares geles","potentialAction":[{"@type":"SearchAction","target":{"@type":"EntryPoint","urlTemplate":"https:\/\/www.gintaresgeles.lt\/en\/?s={search_term_string}"},"query-input":{"@type":"PropertyValueSpecification","valueRequired":true,"valueName":"search_term_string"}}],"inLanguage":"en-US"}]}},"_links":{"self":[{"href":"https:\/\/www.gintaresgeles.lt\/en\/wp-json\/wp\/v2\/product\/19678","targetHints":{"allow":["GET"]}}],"collection":[{"href":"https:\/\/www.gintaresgeles.lt\/en\/wp-json\/wp\/v2\/product"}],"about":[{"href":"https:\/\/www.gintaresgeles.lt\/en\/wp-json\/wp\/v2\/types\/product"}],"wp:featuredmedia":[{"embeddable":true,"href":"https:\/\/www.gintaresgeles.lt\/en\/wp-json\/wp\/v2\/media\/40133"}],"wp:attachment":[{"href":"https:\/\/www.gintaresgeles.lt\/en\/wp-json\/wp\/v2\/media?parent=19678"}],"wp:term":[{"taxonomy":"product_brand","embeddable":true,"href":"https:\/\/www.gintaresgeles.lt\/en\/wp-json\/wp\/v2\/product_brand?post=19678"},{"taxonomy":"product_cat","embeddable":true,"href":"https:\/\/www.gintaresgeles.lt\/en\/wp-json\/wp\/v2\/product_cat?post=19678"},{"taxonomy":"product_tag","embeddable":true,"href":"https:\/\/www.gintaresgeles.lt\/en\/wp-json\/wp\/v2\/product_tag?post=19678"}],"curies":[{"name":"wp","href":"https:\/\/api.w.org\/{rel}","templated":true}]}}