{"id":19691,"date":"2016-09-28T07:37:03","date_gmt":"2016-09-28T09:37:03","guid":{"rendered":"https:\/\/www.gintaresgeles.lt\/?post_type=product&#038;p=19691"},"modified":"2025-11-16T17:49:05","modified_gmt":"2025-11-16T15:49:05","slug":"bouquet-of-colored-roses","status":"publish","type":"product","link":"https:\/\/www.gintaresgeles.lt\/en\/puokste\/bouquet-of-colored-roses\/","title":{"rendered":"Bouquet of colored roses"},"content":{"rendered":"<p>Colorfulness is one of the main reasons why flowers are such a popular and loved gift. Various light colors radiate positive emotions that convey good feelings which stay for a long time. So, if your goal is to surprise your loved person with colorful flowers and positive emotions then this multicolored rose bouquet is the best possible choice. Depending on your decision, the bouquet may consist of 11, 27, 49 roses. Exceptionally colorful bouquet that spreads positivity is composed of red, yellow, orange, purple, creamy, pink, and other color roses. If you want to put a bright smile on a loved person&#8217;s face, then this bouquet&#8217;s colorfulness will fully ensure its effectiveness.<\/p>\n","protected":false},"excerpt":{"rendered":"<p style=\"text-align: justify;\">Love, respect, purity, passion, friendship, joy and grandeur &#8230; This is just a part of the senses that are symbolized by the roses. These flowers are not in vain called flower queens. You can give the bouquet of roses of different colors and meanings to people who are important to you, and\u00a0 like this show your feelings, which are often difficult to express in words.<\/p>\n","protected":false},"featured_media":56789,"template":"","meta":[],"product_brand":[],"product_cat":[261,260,259,252,266,265,256,253,257,428,262,263,651,264,908,909,268,1966,238],"product_tag":[],"class_list":{"0":"post-19691","1":"product","2":"type-product","3":"status-publish","4":"has-post-thumbnail","6":"product_cat-birthday-bouquets","7":"product_cat-birthday-flowers","8":"product_cat-flowers-by-occasion","9":"product_cat-flowers-by-recipient","10":"product_cat-flowers-by-style","11":"product_cat-flowers-by-type","12":"product_cat-flowers-for-girlfriend","13":"product_cat-flowers-for-mom","14":"product_cat-flowers-for-women","15":"product_cat-jubilee-flowers","16":"product_cat-march8th-flowers","17":"product_cat-mothers-day-flowers","18":"product_cat-pink-roses","19":"product_cat-valentines-day-flowers","20":"product_cat-white-roses","21":"product_cat-yellow-roses","22":"product_cat-flower-bouquets","23":"product_cat-flowers-wrapped-in-paper","24":"product_cat-roses","25":"tm-has-options","27":"first","28":"instock","29":"taxable","30":"shipping-taxable","31":"purchasable","32":"product-type-variable","33":"has-default-attributes"},"yoast_head":"<!-- This site is optimized with the Yoast SEO plugin v25.3 - https:\/\/yoast.com\/wordpress\/plugins\/seo\/ -->\n<title>Bouquet of colored roses | Original compositions| Gintar\u0117sG\u0117l\u0117s<\/title>\n<meta name=\"description\" content=\"Each color of the rose symbolizes different feelings, so you can say not only in the bouquet of multicolored roses ... The color palette will not be left indifferent!\" \/>\n<meta name=\"robots\" content=\"index, follow, max-snippet:-1, max-image-preview:large, max-video-preview:-1\" \/>\n<link rel=\"canonical\" href=\"https:\/\/www.gintaresgeles.lt\/en\/puokste\/bouquet-of-colored-roses\/\" \/>\n<meta property=\"og:locale\" content=\"en_US\" \/>\n<meta property=\"og:type\" content=\"article\" \/>\n<meta property=\"og:title\" content=\"Bouquet of colored roses | Original compositions| Gintar\u0117sG\u0117l\u0117s\" \/>\n<meta property=\"og:description\" content=\"Each color of the rose symbolizes different feelings, so you can say not only in the bouquet of multicolored roses ... The color palette will not be left indifferent!\" \/>\n<meta property=\"og:url\" content=\"https:\/\/www.gintaresgeles.lt\/en\/puokste\/bouquet-of-colored-roses\/\" \/>\n<meta property=\"og:site_name\" content=\"gintaresgeles.lt\" \/>\n<meta property=\"article:modified_time\" content=\"2025-11-16T15:49:05+00:00\" \/>\n<meta property=\"og:image\" content=\"https:\/\/www.gintaresgeles.lt\/wp-content\/uploads\/2016\/09\/spalvotu-roziu-puokste-gimtadienio-proga-scaled.jpg\" \/>\n\t<meta property=\"og:image:width\" content=\"2560\" \/>\n\t<meta property=\"og:image:height\" content=\"2560\" \/>\n\t<meta property=\"og:image:type\" content=\"image\/jpeg\" \/>\n<meta name=\"twitter:card\" content=\"summary_large_image\" \/>\n<meta name=\"twitter:label1\" content=\"Est. reading time\" \/>\n\t<meta name=\"twitter:data1\" content=\"1 minute\" \/>\n<script type=\"application\/ld+json\" class=\"yoast-schema-graph\">{\"@context\":\"https:\/\/schema.org\",\"@graph\":[{\"@type\":\"WebPage\",\"@id\":\"https:\/\/www.gintaresgeles.lt\/en\/puokste\/bouquet-of-colored-roses\/\",\"url\":\"https:\/\/www.gintaresgeles.lt\/en\/puokste\/bouquet-of-colored-roses\/\",\"name\":\"Bouquet of colored roses | Original compositions| Gintar\u0117sG\u0117l\u0117s\",\"isPartOf\":{\"@id\":\"https:\/\/www.gintaresgeles.lt\/en\/#website\"},\"primaryImageOfPage\":{\"@id\":\"https:\/\/www.gintaresgeles.lt\/en\/puokste\/bouquet-of-colored-roses\/#primaryimage\"},\"image\":{\"@id\":\"https:\/\/www.gintaresgeles.lt\/en\/puokste\/bouquet-of-colored-roses\/#primaryimage\"},\"thumbnailUrl\":\"https:\/\/www.gintaresgeles.lt\/wp-content\/uploads\/2016\/09\/spalvotu-roziu-puokste-gimtadienio-proga-scaled.jpg\",\"datePublished\":\"2016-09-28T09:37:03+00:00\",\"dateModified\":\"2025-11-16T15:49:05+00:00\",\"description\":\"Each color of the rose symbolizes different feelings, so you can say not only in the bouquet of multicolored roses ... The color palette will not be left indifferent!\",\"breadcrumb\":{\"@id\":\"https:\/\/www.gintaresgeles.lt\/en\/puokste\/bouquet-of-colored-roses\/#breadcrumb\"},\"inLanguage\":\"en-US\",\"potentialAction\":[{\"@type\":\"ReadAction\",\"target\":[\"https:\/\/www.gintaresgeles.lt\/en\/puokste\/bouquet-of-colored-roses\/\"]}]},{\"@type\":\"ImageObject\",\"inLanguage\":\"en-US\",\"@id\":\"https:\/\/www.gintaresgeles.lt\/en\/puokste\/bouquet-of-colored-roses\/#primaryimage\",\"url\":\"https:\/\/www.gintaresgeles.lt\/wp-content\/uploads\/2016\/09\/spalvotu-roziu-puokste-gimtadienio-proga-scaled.jpg\",\"contentUrl\":\"https:\/\/www.gintaresgeles.lt\/wp-content\/uploads\/2016\/09\/spalvotu-roziu-puokste-gimtadienio-proga-scaled.jpg\",\"width\":2560,\"height\":2560,\"caption\":\"Baltos, geltonos ir rozines rozes puoksteje merginai\"},{\"@type\":\"BreadcrumbList\",\"@id\":\"https:\/\/www.gintaresgeles.lt\/en\/puokste\/bouquet-of-colored-roses\/#breadcrumb\",\"itemListElement\":[{\"@type\":\"ListItem\",\"position\":1,\"name\":\"Prad\u017eia\",\"item\":\"https:\/\/www.gintaresgeles.lt\/en\/\"},{\"@type\":\"ListItem\",\"position\":2,\"name\":\"All flowers and other products\",\"item\":\"https:\/\/www.gintaresgeles.lt\/en\/all-flowers-and-other-products\/\"},{\"@type\":\"ListItem\",\"position\":3,\"name\":\"Bouquet of colored roses\"}]},{\"@type\":\"WebSite\",\"@id\":\"https:\/\/www.gintaresgeles.lt\/en\/#website\",\"url\":\"https:\/\/www.gintaresgeles.lt\/en\/\",\"name\":\"Gintares Geles\",\"description\":\"Flower delivery in Vilnius | Same-day delivery | Gintares geles\",\"potentialAction\":[{\"@type\":\"SearchAction\",\"target\":{\"@type\":\"EntryPoint\",\"urlTemplate\":\"https:\/\/www.gintaresgeles.lt\/en\/?s={search_term_string}\"},\"query-input\":{\"@type\":\"PropertyValueSpecification\",\"valueRequired\":true,\"valueName\":\"search_term_string\"}}],\"inLanguage\":\"en-US\"}]}<\/script>\n<!-- \/ Yoast SEO plugin. -->","yoast_head_json":{"title":"Bouquet of colored roses | Original compositions| Gintar\u0117sG\u0117l\u0117s","description":"Each color of the rose symbolizes different feelings, so you can say not only in the bouquet of multicolored roses ... The color palette will not be left indifferent!","robots":{"index":"index","follow":"follow","max-snippet":"max-snippet:-1","max-image-preview":"max-image-preview:large","max-video-preview":"max-video-preview:-1"},"canonical":"https:\/\/www.gintaresgeles.lt\/en\/puokste\/bouquet-of-colored-roses\/","og_locale":"en_US","og_type":"article","og_title":"Bouquet of colored roses | Original compositions| Gintar\u0117sG\u0117l\u0117s","og_description":"Each color of the rose symbolizes different feelings, so you can say not only in the bouquet of multicolored roses ... The color palette will not be left indifferent!","og_url":"https:\/\/www.gintaresgeles.lt\/en\/puokste\/bouquet-of-colored-roses\/","og_site_name":"gintaresgeles.lt","article_modified_time":"2025-11-16T15:49:05+00:00","og_image":[{"width":2560,"height":2560,"url":"https:\/\/www.gintaresgeles.lt\/wp-content\/uploads\/2016\/09\/spalvotu-roziu-puokste-gimtadienio-proga-scaled.jpg","type":"image\/jpeg"}],"twitter_card":"summary_large_image","twitter_misc":{"Est. reading time":"1 minute"},"schema":{"@context":"https:\/\/schema.org","@graph":[{"@type":"WebPage","@id":"https:\/\/www.gintaresgeles.lt\/en\/puokste\/bouquet-of-colored-roses\/","url":"https:\/\/www.gintaresgeles.lt\/en\/puokste\/bouquet-of-colored-roses\/","name":"Bouquet of colored roses | Original compositions| Gintar\u0117sG\u0117l\u0117s","isPartOf":{"@id":"https:\/\/www.gintaresgeles.lt\/en\/#website"},"primaryImageOfPage":{"@id":"https:\/\/www.gintaresgeles.lt\/en\/puokste\/bouquet-of-colored-roses\/#primaryimage"},"image":{"@id":"https:\/\/www.gintaresgeles.lt\/en\/puokste\/bouquet-of-colored-roses\/#primaryimage"},"thumbnailUrl":"https:\/\/www.gintaresgeles.lt\/wp-content\/uploads\/2016\/09\/spalvotu-roziu-puokste-gimtadienio-proga-scaled.jpg","datePublished":"2016-09-28T09:37:03+00:00","dateModified":"2025-11-16T15:49:05+00:00","description":"Each color of the rose symbolizes different feelings, so you can say not only in the bouquet of multicolored roses ... The color palette will not be left indifferent!","breadcrumb":{"@id":"https:\/\/www.gintaresgeles.lt\/en\/puokste\/bouquet-of-colored-roses\/#breadcrumb"},"inLanguage":"en-US","potentialAction":[{"@type":"ReadAction","target":["https:\/\/www.gintaresgeles.lt\/en\/puokste\/bouquet-of-colored-roses\/"]}]},{"@type":"ImageObject","inLanguage":"en-US","@id":"https:\/\/www.gintaresgeles.lt\/en\/puokste\/bouquet-of-colored-roses\/#primaryimage","url":"https:\/\/www.gintaresgeles.lt\/wp-content\/uploads\/2016\/09\/spalvotu-roziu-puokste-gimtadienio-proga-scaled.jpg","contentUrl":"https:\/\/www.gintaresgeles.lt\/wp-content\/uploads\/2016\/09\/spalvotu-roziu-puokste-gimtadienio-proga-scaled.jpg","width":2560,"height":2560,"caption":"Baltos, geltonos ir rozines rozes puoksteje merginai"},{"@type":"BreadcrumbList","@id":"https:\/\/www.gintaresgeles.lt\/en\/puokste\/bouquet-of-colored-roses\/#breadcrumb","itemListElement":[{"@type":"ListItem","position":1,"name":"Prad\u017eia","item":"https:\/\/www.gintaresgeles.lt\/en\/"},{"@type":"ListItem","position":2,"name":"All flowers and other products","item":"https:\/\/www.gintaresgeles.lt\/en\/all-flowers-and-other-products\/"},{"@type":"ListItem","position":3,"name":"Bouquet of colored roses"}]},{"@type":"WebSite","@id":"https:\/\/www.gintaresgeles.lt\/en\/#website","url":"https:\/\/www.gintaresgeles.lt\/en\/","name":"Gintares Geles","description":"Flower delivery in Vilnius | Same-day delivery | Gintares geles","potentialAction":[{"@type":"SearchAction","target":{"@type":"EntryPoint","urlTemplate":"https:\/\/www.gintaresgeles.lt\/en\/?s={search_term_string}"},"query-input":{"@type":"PropertyValueSpecification","valueRequired":true,"valueName":"search_term_string"}}],"inLanguage":"en-US"}]}},"_links":{"self":[{"href":"https:\/\/www.gintaresgeles.lt\/en\/wp-json\/wp\/v2\/product\/19691","targetHints":{"allow":["GET"]}}],"collection":[{"href":"https:\/\/www.gintaresgeles.lt\/en\/wp-json\/wp\/v2\/product"}],"about":[{"href":"https:\/\/www.gintaresgeles.lt\/en\/wp-json\/wp\/v2\/types\/product"}],"wp:featuredmedia":[{"embeddable":true,"href":"https:\/\/www.gintaresgeles.lt\/en\/wp-json\/wp\/v2\/media\/56789"}],"wp:attachment":[{"href":"https:\/\/www.gintaresgeles.lt\/en\/wp-json\/wp\/v2\/media?parent=19691"}],"wp:term":[{"taxonomy":"product_brand","embeddable":true,"href":"https:\/\/www.gintaresgeles.lt\/en\/wp-json\/wp\/v2\/product_brand?post=19691"},{"taxonomy":"product_cat","embeddable":true,"href":"https:\/\/www.gintaresgeles.lt\/en\/wp-json\/wp\/v2\/product_cat?post=19691"},{"taxonomy":"product_tag","embeddable":true,"href":"https:\/\/www.gintaresgeles.lt\/en\/wp-json\/wp\/v2\/product_tag?post=19691"}],"curies":[{"name":"wp","href":"https:\/\/api.w.org\/{rel}","templated":true}]}}