{"id":19783,"date":"2018-04-05T11:50:32","date_gmt":"2018-08-11T07:50:05","guid":{"rendered":"https:\/\/www.gintaresgeles.lt\/?post_type=product&#038;p=19783"},"modified":"2025-05-29T02:01:28","modified_gmt":"2025-05-29T00:01:28","slug":"xxl-foil-helium-balloon-silver-heart","status":"publish","type":"product","link":"https:\/\/www.gintaresgeles.lt\/en\/puokste\/xxl-foil-helium-balloon-silver-heart\/","title":{"rendered":"XXL Foil Helium Balloon &#8220;Silver heart&#8221;"},"content":{"rendered":"<p>Huge silver heart that floats in the air is truly an extraordinary and charming gift. This helium inflated balloon will be suitable for any romantic celebrations if one wants to surprise his or her loved ones. You may add this balloon to flowers, or you may give it as a single gift for Valentine&#8217;s Day to your loved person. This balloon is also suitable to surprise newlyweds. Any flowers will go well with such a gift if you want to express love and best wishes.\u00a0<\/p>\n","protected":false},"excerpt":{"rendered":"<p style=\"text-align: justify\">Even a 107-cm silver balloon &#8220;Heart&#8221; will become a romantic, beautiful and appealing gift. Such a gift will not only surprise the recipient, but will decorate His or Her Feast.<\/p>\n","protected":false},"featured_media":19781,"template":"","meta":[],"product_brand":[],"product_cat":[270,1956,1954],"product_tag":[],"class_list":{"0":"post-19783","1":"product","2":"type-product","3":"status-publish","4":"has-post-thumbnail","6":"product_cat-helium-balloons","7":"product_cat-foil-helium-balloons","8":"product_cat-helium-balloons-for-the-valentines-day","9":"tm-has-options","11":"first","12":"outofstock","13":"taxable","14":"shipping-taxable","15":"purchasable","16":"product-type-simple"},"yoast_head":"<!-- This site is optimized with the Yoast SEO plugin v25.3 - https:\/\/yoast.com\/wordpress\/plugins\/seo\/ -->\n<title>XXL Foil Helium Balloon &quot;Silver heart&quot; | Balloons| Gintar\u0117sG\u0117l\u0117s<\/title>\n<meta name=\"description\" content=\"By giving even 107 cm silver heart to a loved one or a couple, you will not only make a surprise, but also decorate their special celebration! Order this charming helium-filled balloon online and we will deliver it with flowers in Vilnius and the suburbs of Vilnius.\" \/>\n<meta name=\"robots\" content=\"index, follow, max-snippet:-1, max-image-preview:large, max-video-preview:-1\" \/>\n<link rel=\"canonical\" href=\"https:\/\/www.gintaresgeles.lt\/en\/puokste\/xxl-foil-helium-balloon-silver-heart\/\" \/>\n<meta property=\"og:locale\" content=\"en_US\" \/>\n<meta property=\"og:type\" content=\"article\" \/>\n<meta property=\"og:title\" content=\"XXL Foil Helium Balloon &quot;Silver heart&quot; | Balloons| Gintar\u0117sG\u0117l\u0117s\" \/>\n<meta property=\"og:description\" content=\"By giving even 107 cm silver heart to a loved one or a couple, you will not only make a surprise, but also decorate their special celebration! Order this charming helium-filled balloon online and we will deliver it with flowers in Vilnius and the suburbs of Vilnius.\" \/>\n<meta property=\"og:url\" content=\"https:\/\/www.gintaresgeles.lt\/en\/puokste\/xxl-foil-helium-balloon-silver-heart\/\" \/>\n<meta property=\"og:site_name\" content=\"gintaresgeles.lt\" \/>\n<meta property=\"article:modified_time\" content=\"2025-05-29T00:01:28+00:00\" \/>\n<meta property=\"og:image\" content=\"https:\/\/www.gintaresgeles.lt\/wp-content\/uploads\/2018\/04\/xxl-folinis-balionas-sidabrine-sirdis.jpg\" \/>\n\t<meta property=\"og:image:width\" content=\"600\" \/>\n\t<meta property=\"og:image:height\" content=\"600\" \/>\n\t<meta property=\"og:image:type\" content=\"image\/jpeg\" \/>\n<meta name=\"twitter:card\" content=\"summary_large_image\" \/>\n<script type=\"application\/ld+json\" class=\"yoast-schema-graph\">{\"@context\":\"https:\/\/schema.org\",\"@graph\":[{\"@type\":\"WebPage\",\"@id\":\"https:\/\/www.gintaresgeles.lt\/en\/puokste\/xxl-foil-helium-balloon-silver-heart\/\",\"url\":\"https:\/\/www.gintaresgeles.lt\/en\/puokste\/xxl-foil-helium-balloon-silver-heart\/\",\"name\":\"XXL Foil Helium Balloon \\\"Silver heart\\\" | Balloons| Gintar\u0117sG\u0117l\u0117s\",\"isPartOf\":{\"@id\":\"https:\/\/www.gintaresgeles.lt\/en\/#website\"},\"primaryImageOfPage\":{\"@id\":\"https:\/\/www.gintaresgeles.lt\/en\/puokste\/xxl-foil-helium-balloon-silver-heart\/#primaryimage\"},\"image\":{\"@id\":\"https:\/\/www.gintaresgeles.lt\/en\/puokste\/xxl-foil-helium-balloon-silver-heart\/#primaryimage\"},\"thumbnailUrl\":\"https:\/\/www.gintaresgeles.lt\/wp-content\/uploads\/2018\/04\/xxl-folinis-balionas-sidabrine-sirdis.jpg\",\"datePublished\":\"2018-08-11T07:50:05+00:00\",\"dateModified\":\"2025-05-29T00:01:28+00:00\",\"description\":\"By giving even 107 cm silver heart to a loved one or a couple, you will not only make a surprise, but also decorate their special celebration! Order this charming helium-filled balloon online and we will deliver it with flowers in Vilnius and the suburbs of Vilnius.\",\"breadcrumb\":{\"@id\":\"https:\/\/www.gintaresgeles.lt\/en\/puokste\/xxl-foil-helium-balloon-silver-heart\/#breadcrumb\"},\"inLanguage\":\"en-US\",\"potentialAction\":[{\"@type\":\"ReadAction\",\"target\":[\"https:\/\/www.gintaresgeles.lt\/en\/puokste\/xxl-foil-helium-balloon-silver-heart\/\"]}]},{\"@type\":\"ImageObject\",\"inLanguage\":\"en-US\",\"@id\":\"https:\/\/www.gintaresgeles.lt\/en\/puokste\/xxl-foil-helium-balloon-silver-heart\/#primaryimage\",\"url\":\"https:\/\/www.gintaresgeles.lt\/wp-content\/uploads\/2018\/04\/xxl-folinis-balionas-sidabrine-sirdis.jpg\",\"contentUrl\":\"https:\/\/www.gintaresgeles.lt\/wp-content\/uploads\/2018\/04\/xxl-folinis-balionas-sidabrine-sirdis.jpg\",\"width\":600,\"height\":600},{\"@type\":\"BreadcrumbList\",\"@id\":\"https:\/\/www.gintaresgeles.lt\/en\/puokste\/xxl-foil-helium-balloon-silver-heart\/#breadcrumb\",\"itemListElement\":[{\"@type\":\"ListItem\",\"position\":1,\"name\":\"Prad\u017eia\",\"item\":\"https:\/\/www.gintaresgeles.lt\/en\/\"},{\"@type\":\"ListItem\",\"position\":2,\"name\":\"All flowers and other products\",\"item\":\"https:\/\/www.gintaresgeles.lt\/en\/all-flowers-and-other-products\/\"},{\"@type\":\"ListItem\",\"position\":3,\"name\":\"XXL Foil Helium Balloon &#8222;Silver heart&#8221;\"}]},{\"@type\":\"WebSite\",\"@id\":\"https:\/\/www.gintaresgeles.lt\/en\/#website\",\"url\":\"https:\/\/www.gintaresgeles.lt\/en\/\",\"name\":\"gintaresgeles.lt\",\"description\":\"G\u0117li\u0173 parduotuv\u0117 internete\",\"potentialAction\":[{\"@type\":\"SearchAction\",\"target\":{\"@type\":\"EntryPoint\",\"urlTemplate\":\"https:\/\/www.gintaresgeles.lt\/en\/?s={search_term_string}\"},\"query-input\":{\"@type\":\"PropertyValueSpecification\",\"valueRequired\":true,\"valueName\":\"search_term_string\"}}],\"inLanguage\":\"en-US\"}]}<\/script>\n<!-- \/ Yoast SEO plugin. -->","yoast_head_json":{"title":"XXL Foil Helium Balloon \"Silver heart\" | Balloons| Gintar\u0117sG\u0117l\u0117s","description":"By giving even 107 cm silver heart to a loved one or a couple, you will not only make a surprise, but also decorate their special celebration! Order this charming helium-filled balloon online and we will deliver it with flowers in Vilnius and the suburbs of Vilnius.","robots":{"index":"index","follow":"follow","max-snippet":"max-snippet:-1","max-image-preview":"max-image-preview:large","max-video-preview":"max-video-preview:-1"},"canonical":"https:\/\/www.gintaresgeles.lt\/en\/puokste\/xxl-foil-helium-balloon-silver-heart\/","og_locale":"en_US","og_type":"article","og_title":"XXL Foil Helium Balloon \"Silver heart\" | Balloons| Gintar\u0117sG\u0117l\u0117s","og_description":"By giving even 107 cm silver heart to a loved one or a couple, you will not only make a surprise, but also decorate their special celebration! Order this charming helium-filled balloon online and we will deliver it with flowers in Vilnius and the suburbs of Vilnius.","og_url":"https:\/\/www.gintaresgeles.lt\/en\/puokste\/xxl-foil-helium-balloon-silver-heart\/","og_site_name":"gintaresgeles.lt","article_modified_time":"2025-05-29T00:01:28+00:00","og_image":[{"width":600,"height":600,"url":"https:\/\/www.gintaresgeles.lt\/wp-content\/uploads\/2018\/04\/xxl-folinis-balionas-sidabrine-sirdis.jpg","type":"image\/jpeg"}],"twitter_card":"summary_large_image","schema":{"@context":"https:\/\/schema.org","@graph":[{"@type":"WebPage","@id":"https:\/\/www.gintaresgeles.lt\/en\/puokste\/xxl-foil-helium-balloon-silver-heart\/","url":"https:\/\/www.gintaresgeles.lt\/en\/puokste\/xxl-foil-helium-balloon-silver-heart\/","name":"XXL Foil Helium Balloon \"Silver heart\" | Balloons| Gintar\u0117sG\u0117l\u0117s","isPartOf":{"@id":"https:\/\/www.gintaresgeles.lt\/en\/#website"},"primaryImageOfPage":{"@id":"https:\/\/www.gintaresgeles.lt\/en\/puokste\/xxl-foil-helium-balloon-silver-heart\/#primaryimage"},"image":{"@id":"https:\/\/www.gintaresgeles.lt\/en\/puokste\/xxl-foil-helium-balloon-silver-heart\/#primaryimage"},"thumbnailUrl":"https:\/\/www.gintaresgeles.lt\/wp-content\/uploads\/2018\/04\/xxl-folinis-balionas-sidabrine-sirdis.jpg","datePublished":"2018-08-11T07:50:05+00:00","dateModified":"2025-05-29T00:01:28+00:00","description":"By giving even 107 cm silver heart to a loved one or a couple, you will not only make a surprise, but also decorate their special celebration! Order this charming helium-filled balloon online and we will deliver it with flowers in Vilnius and the suburbs of Vilnius.","breadcrumb":{"@id":"https:\/\/www.gintaresgeles.lt\/en\/puokste\/xxl-foil-helium-balloon-silver-heart\/#breadcrumb"},"inLanguage":"en-US","potentialAction":[{"@type":"ReadAction","target":["https:\/\/www.gintaresgeles.lt\/en\/puokste\/xxl-foil-helium-balloon-silver-heart\/"]}]},{"@type":"ImageObject","inLanguage":"en-US","@id":"https:\/\/www.gintaresgeles.lt\/en\/puokste\/xxl-foil-helium-balloon-silver-heart\/#primaryimage","url":"https:\/\/www.gintaresgeles.lt\/wp-content\/uploads\/2018\/04\/xxl-folinis-balionas-sidabrine-sirdis.jpg","contentUrl":"https:\/\/www.gintaresgeles.lt\/wp-content\/uploads\/2018\/04\/xxl-folinis-balionas-sidabrine-sirdis.jpg","width":600,"height":600},{"@type":"BreadcrumbList","@id":"https:\/\/www.gintaresgeles.lt\/en\/puokste\/xxl-foil-helium-balloon-silver-heart\/#breadcrumb","itemListElement":[{"@type":"ListItem","position":1,"name":"Prad\u017eia","item":"https:\/\/www.gintaresgeles.lt\/en\/"},{"@type":"ListItem","position":2,"name":"All flowers and other products","item":"https:\/\/www.gintaresgeles.lt\/en\/all-flowers-and-other-products\/"},{"@type":"ListItem","position":3,"name":"XXL Foil Helium Balloon &#8222;Silver heart&#8221;"}]},{"@type":"WebSite","@id":"https:\/\/www.gintaresgeles.lt\/en\/#website","url":"https:\/\/www.gintaresgeles.lt\/en\/","name":"gintaresgeles.lt","description":"G\u0117li\u0173 parduotuv\u0117 internete","potentialAction":[{"@type":"SearchAction","target":{"@type":"EntryPoint","urlTemplate":"https:\/\/www.gintaresgeles.lt\/en\/?s={search_term_string}"},"query-input":{"@type":"PropertyValueSpecification","valueRequired":true,"valueName":"search_term_string"}}],"inLanguage":"en-US"}]}},"_links":{"self":[{"href":"https:\/\/www.gintaresgeles.lt\/en\/wp-json\/wp\/v2\/product\/19783","targetHints":{"allow":["GET"]}}],"collection":[{"href":"https:\/\/www.gintaresgeles.lt\/en\/wp-json\/wp\/v2\/product"}],"about":[{"href":"https:\/\/www.gintaresgeles.lt\/en\/wp-json\/wp\/v2\/types\/product"}],"wp:featuredmedia":[{"embeddable":true,"href":"https:\/\/www.gintaresgeles.lt\/en\/wp-json\/wp\/v2\/media\/19781"}],"wp:attachment":[{"href":"https:\/\/www.gintaresgeles.lt\/en\/wp-json\/wp\/v2\/media?parent=19783"}],"wp:term":[{"taxonomy":"product_brand","embeddable":true,"href":"https:\/\/www.gintaresgeles.lt\/en\/wp-json\/wp\/v2\/product_brand?post=19783"},{"taxonomy":"product_cat","embeddable":true,"href":"https:\/\/www.gintaresgeles.lt\/en\/wp-json\/wp\/v2\/product_cat?post=19783"},{"taxonomy":"product_tag","embeddable":true,"href":"https:\/\/www.gintaresgeles.lt\/en\/wp-json\/wp\/v2\/product_tag?post=19783"}],"curies":[{"name":"wp","href":"https:\/\/api.w.org\/{rel}","templated":true}]}}