{"id":19784,"date":"2018-04-05T11:50:32","date_gmt":"2018-08-11T07:57:52","guid":{"rendered":"https:\/\/www.gintaresgeles.lt\/?post_type=product&#038;p=19784"},"modified":"2025-05-29T02:01:28","modified_gmt":"2025-05-29T00:01:28","slug":"xxl-foil-helium-balloon-pencil","status":"publish","type":"product","link":"https:\/\/www.gintaresgeles.lt\/en\/puokste\/xxl-foil-helium-balloon-pencil\/","title":{"rendered":"XXL Foil Helium Balloon &#8220;Pencil&#8221;"},"content":{"rendered":"<p>Huge foil helium balloon &#8220;Pencil&#8221; is a great gift for graduates. This balloon will look convivial when given together with colorful flowers. Brightly-colored and funny &#8220;Pencil&#8221; will float in the air and announce about the grand celebration which is one of the most joyous celebrations in one&#8217;s life.\u00a0<\/p>\n","protected":false},"excerpt":{"rendered":"<p style=\"text-align: justify\">Give even a 104-cm Helium Balloon &#8220;Pencil&#8221; to your friends and family on graduation high school! This pencil will look great both with the flower and\u00a0 alone.<\/p>\n","protected":false},"featured_media":19785,"template":"","meta":[],"product_brand":[],"product_cat":[270,1956],"product_tag":[],"class_list":{"0":"post-19784","1":"product","2":"type-product","3":"status-publish","4":"has-post-thumbnail","6":"product_cat-helium-balloons","7":"product_cat-foil-helium-balloons","8":"tm-has-options","10":"first","11":"outofstock","12":"taxable","13":"shipping-taxable","14":"purchasable","15":"product-type-simple"},"yoast_head":"<!-- This site is optimized with the Yoast SEO plugin v25.3 - https:\/\/yoast.com\/wordpress\/plugins\/seo\/ -->\n<title>XXL Foil Helium Balloon &quot;Pencil&quot; | Helium balloons | Gintar\u0117sG\u0117l\u0117s<\/title>\n<meta name=\"description\" content=\"If you are looking for impressive gifts to your friends or family on graduation, this huge pearl balloon will surprise everyone! The balloon is even 104 cm tall, so it will look perfectly both with flowers and alone!\" \/>\n<meta name=\"robots\" content=\"index, follow, max-snippet:-1, max-image-preview:large, max-video-preview:-1\" \/>\n<link rel=\"canonical\" href=\"https:\/\/www.gintaresgeles.lt\/en\/puokste\/xxl-foil-helium-balloon-pencil\/\" \/>\n<meta property=\"og:locale\" content=\"en_US\" \/>\n<meta property=\"og:type\" content=\"article\" \/>\n<meta property=\"og:title\" content=\"XXL Foil Helium Balloon &quot;Pencil&quot; | Helium balloons | Gintar\u0117sG\u0117l\u0117s\" \/>\n<meta property=\"og:description\" content=\"If you are looking for impressive gifts to your friends or family on graduation, this huge pearl balloon will surprise everyone! The balloon is even 104 cm tall, so it will look perfectly both with flowers and alone!\" \/>\n<meta property=\"og:url\" content=\"https:\/\/www.gintaresgeles.lt\/en\/puokste\/xxl-foil-helium-balloon-pencil\/\" \/>\n<meta property=\"og:site_name\" content=\"gintaresgeles.lt\" \/>\n<meta property=\"article:modified_time\" content=\"2025-05-29T00:01:28+00:00\" \/>\n<meta property=\"og:image\" content=\"https:\/\/www.gintaresgeles.lt\/wp-content\/uploads\/2018\/04\/xxl-helio-balionas-piestukas.jpg\" \/>\n\t<meta property=\"og:image:width\" content=\"600\" \/>\n\t<meta property=\"og:image:height\" content=\"600\" \/>\n\t<meta property=\"og:image:type\" content=\"image\/jpeg\" \/>\n<meta name=\"twitter:card\" content=\"summary_large_image\" \/>\n<script type=\"application\/ld+json\" class=\"yoast-schema-graph\">{\"@context\":\"https:\/\/schema.org\",\"@graph\":[{\"@type\":\"WebPage\",\"@id\":\"https:\/\/www.gintaresgeles.lt\/en\/puokste\/xxl-foil-helium-balloon-pencil\/\",\"url\":\"https:\/\/www.gintaresgeles.lt\/en\/puokste\/xxl-foil-helium-balloon-pencil\/\",\"name\":\"XXL Foil Helium Balloon \\\"Pencil\\\" | Helium balloons | Gintar\u0117sG\u0117l\u0117s\",\"isPartOf\":{\"@id\":\"https:\/\/www.gintaresgeles.lt\/en\/#website\"},\"primaryImageOfPage\":{\"@id\":\"https:\/\/www.gintaresgeles.lt\/en\/puokste\/xxl-foil-helium-balloon-pencil\/#primaryimage\"},\"image\":{\"@id\":\"https:\/\/www.gintaresgeles.lt\/en\/puokste\/xxl-foil-helium-balloon-pencil\/#primaryimage\"},\"thumbnailUrl\":\"https:\/\/www.gintaresgeles.lt\/wp-content\/uploads\/2018\/04\/xxl-helio-balionas-piestukas.jpg\",\"datePublished\":\"2018-08-11T07:57:52+00:00\",\"dateModified\":\"2025-05-29T00:01:28+00:00\",\"description\":\"If you are looking for impressive gifts to your friends or family on graduation, this huge pearl balloon will surprise everyone! The balloon is even 104 cm tall, so it will look perfectly both with flowers and alone!\",\"breadcrumb\":{\"@id\":\"https:\/\/www.gintaresgeles.lt\/en\/puokste\/xxl-foil-helium-balloon-pencil\/#breadcrumb\"},\"inLanguage\":\"en-US\",\"potentialAction\":[{\"@type\":\"ReadAction\",\"target\":[\"https:\/\/www.gintaresgeles.lt\/en\/puokste\/xxl-foil-helium-balloon-pencil\/\"]}]},{\"@type\":\"ImageObject\",\"inLanguage\":\"en-US\",\"@id\":\"https:\/\/www.gintaresgeles.lt\/en\/puokste\/xxl-foil-helium-balloon-pencil\/#primaryimage\",\"url\":\"https:\/\/www.gintaresgeles.lt\/wp-content\/uploads\/2018\/04\/xxl-helio-balionas-piestukas.jpg\",\"contentUrl\":\"https:\/\/www.gintaresgeles.lt\/wp-content\/uploads\/2018\/04\/xxl-helio-balionas-piestukas.jpg\",\"width\":600,\"height\":600},{\"@type\":\"BreadcrumbList\",\"@id\":\"https:\/\/www.gintaresgeles.lt\/en\/puokste\/xxl-foil-helium-balloon-pencil\/#breadcrumb\",\"itemListElement\":[{\"@type\":\"ListItem\",\"position\":1,\"name\":\"Prad\u017eia\",\"item\":\"https:\/\/www.gintaresgeles.lt\/en\/\"},{\"@type\":\"ListItem\",\"position\":2,\"name\":\"All flowers and other products\",\"item\":\"https:\/\/www.gintaresgeles.lt\/en\/all-flowers-and-other-products\/\"},{\"@type\":\"ListItem\",\"position\":3,\"name\":\"XXL Foil Helium Balloon &#8222;Pencil&#8221;\"}]},{\"@type\":\"WebSite\",\"@id\":\"https:\/\/www.gintaresgeles.lt\/en\/#website\",\"url\":\"https:\/\/www.gintaresgeles.lt\/en\/\",\"name\":\"gintaresgeles.lt\",\"description\":\"G\u0117li\u0173 parduotuv\u0117 internete\",\"potentialAction\":[{\"@type\":\"SearchAction\",\"target\":{\"@type\":\"EntryPoint\",\"urlTemplate\":\"https:\/\/www.gintaresgeles.lt\/en\/?s={search_term_string}\"},\"query-input\":{\"@type\":\"PropertyValueSpecification\",\"valueRequired\":true,\"valueName\":\"search_term_string\"}}],\"inLanguage\":\"en-US\"}]}<\/script>\n<!-- \/ Yoast SEO plugin. -->","yoast_head_json":{"title":"XXL Foil Helium Balloon \"Pencil\" | Helium balloons | Gintar\u0117sG\u0117l\u0117s","description":"If you are looking for impressive gifts to your friends or family on graduation, this huge pearl balloon will surprise everyone! The balloon is even 104 cm tall, so it will look perfectly both with flowers and alone!","robots":{"index":"index","follow":"follow","max-snippet":"max-snippet:-1","max-image-preview":"max-image-preview:large","max-video-preview":"max-video-preview:-1"},"canonical":"https:\/\/www.gintaresgeles.lt\/en\/puokste\/xxl-foil-helium-balloon-pencil\/","og_locale":"en_US","og_type":"article","og_title":"XXL Foil Helium Balloon \"Pencil\" | Helium balloons | Gintar\u0117sG\u0117l\u0117s","og_description":"If you are looking for impressive gifts to your friends or family on graduation, this huge pearl balloon will surprise everyone! The balloon is even 104 cm tall, so it will look perfectly both with flowers and alone!","og_url":"https:\/\/www.gintaresgeles.lt\/en\/puokste\/xxl-foil-helium-balloon-pencil\/","og_site_name":"gintaresgeles.lt","article_modified_time":"2025-05-29T00:01:28+00:00","og_image":[{"width":600,"height":600,"url":"https:\/\/www.gintaresgeles.lt\/wp-content\/uploads\/2018\/04\/xxl-helio-balionas-piestukas.jpg","type":"image\/jpeg"}],"twitter_card":"summary_large_image","schema":{"@context":"https:\/\/schema.org","@graph":[{"@type":"WebPage","@id":"https:\/\/www.gintaresgeles.lt\/en\/puokste\/xxl-foil-helium-balloon-pencil\/","url":"https:\/\/www.gintaresgeles.lt\/en\/puokste\/xxl-foil-helium-balloon-pencil\/","name":"XXL Foil Helium Balloon \"Pencil\" | Helium balloons | Gintar\u0117sG\u0117l\u0117s","isPartOf":{"@id":"https:\/\/www.gintaresgeles.lt\/en\/#website"},"primaryImageOfPage":{"@id":"https:\/\/www.gintaresgeles.lt\/en\/puokste\/xxl-foil-helium-balloon-pencil\/#primaryimage"},"image":{"@id":"https:\/\/www.gintaresgeles.lt\/en\/puokste\/xxl-foil-helium-balloon-pencil\/#primaryimage"},"thumbnailUrl":"https:\/\/www.gintaresgeles.lt\/wp-content\/uploads\/2018\/04\/xxl-helio-balionas-piestukas.jpg","datePublished":"2018-08-11T07:57:52+00:00","dateModified":"2025-05-29T00:01:28+00:00","description":"If you are looking for impressive gifts to your friends or family on graduation, this huge pearl balloon will surprise everyone! The balloon is even 104 cm tall, so it will look perfectly both with flowers and alone!","breadcrumb":{"@id":"https:\/\/www.gintaresgeles.lt\/en\/puokste\/xxl-foil-helium-balloon-pencil\/#breadcrumb"},"inLanguage":"en-US","potentialAction":[{"@type":"ReadAction","target":["https:\/\/www.gintaresgeles.lt\/en\/puokste\/xxl-foil-helium-balloon-pencil\/"]}]},{"@type":"ImageObject","inLanguage":"en-US","@id":"https:\/\/www.gintaresgeles.lt\/en\/puokste\/xxl-foil-helium-balloon-pencil\/#primaryimage","url":"https:\/\/www.gintaresgeles.lt\/wp-content\/uploads\/2018\/04\/xxl-helio-balionas-piestukas.jpg","contentUrl":"https:\/\/www.gintaresgeles.lt\/wp-content\/uploads\/2018\/04\/xxl-helio-balionas-piestukas.jpg","width":600,"height":600},{"@type":"BreadcrumbList","@id":"https:\/\/www.gintaresgeles.lt\/en\/puokste\/xxl-foil-helium-balloon-pencil\/#breadcrumb","itemListElement":[{"@type":"ListItem","position":1,"name":"Prad\u017eia","item":"https:\/\/www.gintaresgeles.lt\/en\/"},{"@type":"ListItem","position":2,"name":"All flowers and other products","item":"https:\/\/www.gintaresgeles.lt\/en\/all-flowers-and-other-products\/"},{"@type":"ListItem","position":3,"name":"XXL Foil Helium Balloon &#8222;Pencil&#8221;"}]},{"@type":"WebSite","@id":"https:\/\/www.gintaresgeles.lt\/en\/#website","url":"https:\/\/www.gintaresgeles.lt\/en\/","name":"gintaresgeles.lt","description":"G\u0117li\u0173 parduotuv\u0117 internete","potentialAction":[{"@type":"SearchAction","target":{"@type":"EntryPoint","urlTemplate":"https:\/\/www.gintaresgeles.lt\/en\/?s={search_term_string}"},"query-input":{"@type":"PropertyValueSpecification","valueRequired":true,"valueName":"search_term_string"}}],"inLanguage":"en-US"}]}},"_links":{"self":[{"href":"https:\/\/www.gintaresgeles.lt\/en\/wp-json\/wp\/v2\/product\/19784","targetHints":{"allow":["GET"]}}],"collection":[{"href":"https:\/\/www.gintaresgeles.lt\/en\/wp-json\/wp\/v2\/product"}],"about":[{"href":"https:\/\/www.gintaresgeles.lt\/en\/wp-json\/wp\/v2\/types\/product"}],"wp:featuredmedia":[{"embeddable":true,"href":"https:\/\/www.gintaresgeles.lt\/en\/wp-json\/wp\/v2\/media\/19785"}],"wp:attachment":[{"href":"https:\/\/www.gintaresgeles.lt\/en\/wp-json\/wp\/v2\/media?parent=19784"}],"wp:term":[{"taxonomy":"product_brand","embeddable":true,"href":"https:\/\/www.gintaresgeles.lt\/en\/wp-json\/wp\/v2\/product_brand?post=19784"},{"taxonomy":"product_cat","embeddable":true,"href":"https:\/\/www.gintaresgeles.lt\/en\/wp-json\/wp\/v2\/product_cat?post=19784"},{"taxonomy":"product_tag","embeddable":true,"href":"https:\/\/www.gintaresgeles.lt\/en\/wp-json\/wp\/v2\/product_tag?post=19784"}],"curies":[{"name":"wp","href":"https:\/\/api.w.org\/{rel}","templated":true}]}}