{"id":19802,"date":"2018-04-05T11:48:19","date_gmt":"2018-08-11T09:04:06","guid":{"rendered":"https:\/\/www.gintaresgeles.lt\/?post_type=product&#038;p=19802"},"modified":"2025-05-29T02:01:31","modified_gmt":"2025-05-29T00:01:31","slug":"foil-helium-balloon-for-a-boy","status":"publish","type":"product","link":"https:\/\/www.gintaresgeles.lt\/en\/puokste\/foil-helium-balloon-for-a-boy\/","title":{"rendered":"Foil helium balloon for a boy"},"content":{"rendered":"<p>Helium balloons are a wonderful gift for children. This colorful and glossy balloon will be a cheerful gift for a boy or his parents on a baby shower party. The balloon with the inscription &#8220;Baby boy&#8221; will become a joyful and honest gift that comes with a colorful strip attached to it. &#8220;Baby boy&#8221; balloon will perfectly match with white or bluish flowers.<\/p>\n","protected":false},"excerpt":{"rendered":"<p>Balloon &#8220;Baby boy&#8221; is 46 cm in diameter.\u00a0<\/p>\n<p>A balloon that will be perfect to congratulate a boy on his birthday or Christening. Also, you can deliver this balloon as a gift to a family that just welcomed a baby.\u00a0\u00a0<\/p>\n","protected":false},"featured_media":19804,"template":"","meta":[],"product_brand":[],"product_cat":[270,1956,915,894],"product_tag":[],"class_list":{"0":"post-19802","1":"product","2":"type-product","3":"status-publish","4":"has-post-thumbnail","6":"product_cat-helium-balloons","7":"product_cat-foil-helium-balloons","8":"product_cat-helium-balloons-for-childbirth","9":"product_cat-helium-balloons-for-kids","10":"tm-has-options","12":"first","13":"instock","14":"taxable","15":"shipping-taxable","16":"purchasable","17":"product-type-simple"},"yoast_head":"<!-- This site is optimized with the Yoast SEO plugin v25.3 - https:\/\/yoast.com\/wordpress\/plugins\/seo\/ -->\n<title>Foil helium balloon for a boy | Balloon delivery | Gintar\u0117s G\u0117l\u0117s<\/title>\n<meta name=\"description\" content=\"Balloons attached to flowers are one of the most popular gifts. Especially when balloons are delivered as a gift for children or parents on various celebrations. If the family just welcomed a newborn, the helium-inflated balloon \u201cBaby boy\u201d will be a great gift idea. Surprise your friends and relatives.\" \/>\n<meta name=\"robots\" content=\"index, follow, max-snippet:-1, max-image-preview:large, max-video-preview:-1\" \/>\n<link rel=\"canonical\" href=\"https:\/\/www.gintaresgeles.lt\/en\/puokste\/foil-helium-balloon-for-a-boy\/\" \/>\n<meta property=\"og:locale\" content=\"en_US\" \/>\n<meta property=\"og:type\" content=\"article\" \/>\n<meta property=\"og:title\" content=\"Foil helium balloon for a boy | Balloon delivery | Gintar\u0117s G\u0117l\u0117s\" \/>\n<meta property=\"og:description\" content=\"Balloons attached to flowers are one of the most popular gifts. Especially when balloons are delivered as a gift for children or parents on various celebrations. If the family just welcomed a newborn, the helium-inflated balloon \u201cBaby boy\u201d will be a great gift idea. Surprise your friends and relatives.\" \/>\n<meta property=\"og:url\" content=\"https:\/\/www.gintaresgeles.lt\/en\/puokste\/foil-helium-balloon-for-a-boy\/\" \/>\n<meta property=\"og:site_name\" content=\"gintaresgeles.lt\" \/>\n<meta property=\"article:modified_time\" content=\"2025-05-29T00:01:31+00:00\" \/>\n<meta property=\"og:image\" content=\"https:\/\/www.gintaresgeles.lt\/wp-content\/uploads\/2018\/04\/folinis-balionas-baby-boy.jpg\" \/>\n\t<meta property=\"og:image:width\" content=\"906\" \/>\n\t<meta property=\"og:image:height\" content=\"906\" \/>\n\t<meta property=\"og:image:type\" content=\"image\/jpeg\" \/>\n<meta name=\"twitter:card\" content=\"summary_large_image\" \/>\n<script type=\"application\/ld+json\" class=\"yoast-schema-graph\">{\"@context\":\"https:\/\/schema.org\",\"@graph\":[{\"@type\":\"WebPage\",\"@id\":\"https:\/\/www.gintaresgeles.lt\/en\/puokste\/foil-helium-balloon-for-a-boy\/\",\"url\":\"https:\/\/www.gintaresgeles.lt\/en\/puokste\/foil-helium-balloon-for-a-boy\/\",\"name\":\"Foil helium balloon for a boy | Balloon delivery | Gintar\u0117s G\u0117l\u0117s\",\"isPartOf\":{\"@id\":\"https:\/\/www.gintaresgeles.lt\/en\/#website\"},\"primaryImageOfPage\":{\"@id\":\"https:\/\/www.gintaresgeles.lt\/en\/puokste\/foil-helium-balloon-for-a-boy\/#primaryimage\"},\"image\":{\"@id\":\"https:\/\/www.gintaresgeles.lt\/en\/puokste\/foil-helium-balloon-for-a-boy\/#primaryimage\"},\"thumbnailUrl\":\"https:\/\/www.gintaresgeles.lt\/wp-content\/uploads\/2018\/04\/folinis-balionas-baby-boy.jpg\",\"datePublished\":\"2018-08-11T09:04:06+00:00\",\"dateModified\":\"2025-05-29T00:01:31+00:00\",\"description\":\"Balloons attached to flowers are one of the most popular gifts. Especially when balloons are delivered as a gift for children or parents on various celebrations. If the family just welcomed a newborn, the helium-inflated balloon \u201cBaby boy\u201d will be a great gift idea. Surprise your friends and relatives.\",\"breadcrumb\":{\"@id\":\"https:\/\/www.gintaresgeles.lt\/en\/puokste\/foil-helium-balloon-for-a-boy\/#breadcrumb\"},\"inLanguage\":\"en-US\",\"potentialAction\":[{\"@type\":\"ReadAction\",\"target\":[\"https:\/\/www.gintaresgeles.lt\/en\/puokste\/foil-helium-balloon-for-a-boy\/\"]}]},{\"@type\":\"ImageObject\",\"inLanguage\":\"en-US\",\"@id\":\"https:\/\/www.gintaresgeles.lt\/en\/puokste\/foil-helium-balloon-for-a-boy\/#primaryimage\",\"url\":\"https:\/\/www.gintaresgeles.lt\/wp-content\/uploads\/2018\/04\/folinis-balionas-baby-boy.jpg\",\"contentUrl\":\"https:\/\/www.gintaresgeles.lt\/wp-content\/uploads\/2018\/04\/folinis-balionas-baby-boy.jpg\",\"width\":906,\"height\":906},{\"@type\":\"BreadcrumbList\",\"@id\":\"https:\/\/www.gintaresgeles.lt\/en\/puokste\/foil-helium-balloon-for-a-boy\/#breadcrumb\",\"itemListElement\":[{\"@type\":\"ListItem\",\"position\":1,\"name\":\"Prad\u017eia\",\"item\":\"https:\/\/www.gintaresgeles.lt\/en\/\"},{\"@type\":\"ListItem\",\"position\":2,\"name\":\"All flowers and other products\",\"item\":\"https:\/\/www.gintaresgeles.lt\/en\/all-flowers-and-other-products\/\"},{\"@type\":\"ListItem\",\"position\":3,\"name\":\"Foil helium balloon for a boy\"}]},{\"@type\":\"WebSite\",\"@id\":\"https:\/\/www.gintaresgeles.lt\/en\/#website\",\"url\":\"https:\/\/www.gintaresgeles.lt\/en\/\",\"name\":\"Gintares Geles\",\"description\":\"Flower delivery in Vilnius | Same-day delivery | Gintares geles\",\"potentialAction\":[{\"@type\":\"SearchAction\",\"target\":{\"@type\":\"EntryPoint\",\"urlTemplate\":\"https:\/\/www.gintaresgeles.lt\/en\/?s={search_term_string}\"},\"query-input\":{\"@type\":\"PropertyValueSpecification\",\"valueRequired\":true,\"valueName\":\"search_term_string\"}}],\"inLanguage\":\"en-US\"}]}<\/script>\n<!-- \/ Yoast SEO plugin. -->","yoast_head_json":{"title":"Foil helium balloon for a boy | Balloon delivery | Gintar\u0117s G\u0117l\u0117s","description":"Balloons attached to flowers are one of the most popular gifts. Especially when balloons are delivered as a gift for children or parents on various celebrations. If the family just welcomed a newborn, the helium-inflated balloon \u201cBaby boy\u201d will be a great gift idea. Surprise your friends and relatives.","robots":{"index":"index","follow":"follow","max-snippet":"max-snippet:-1","max-image-preview":"max-image-preview:large","max-video-preview":"max-video-preview:-1"},"canonical":"https:\/\/www.gintaresgeles.lt\/en\/puokste\/foil-helium-balloon-for-a-boy\/","og_locale":"en_US","og_type":"article","og_title":"Foil helium balloon for a boy | Balloon delivery | Gintar\u0117s G\u0117l\u0117s","og_description":"Balloons attached to flowers are one of the most popular gifts. Especially when balloons are delivered as a gift for children or parents on various celebrations. If the family just welcomed a newborn, the helium-inflated balloon \u201cBaby boy\u201d will be a great gift idea. Surprise your friends and relatives.","og_url":"https:\/\/www.gintaresgeles.lt\/en\/puokste\/foil-helium-balloon-for-a-boy\/","og_site_name":"gintaresgeles.lt","article_modified_time":"2025-05-29T00:01:31+00:00","og_image":[{"width":906,"height":906,"url":"https:\/\/www.gintaresgeles.lt\/wp-content\/uploads\/2018\/04\/folinis-balionas-baby-boy.jpg","type":"image\/jpeg"}],"twitter_card":"summary_large_image","schema":{"@context":"https:\/\/schema.org","@graph":[{"@type":"WebPage","@id":"https:\/\/www.gintaresgeles.lt\/en\/puokste\/foil-helium-balloon-for-a-boy\/","url":"https:\/\/www.gintaresgeles.lt\/en\/puokste\/foil-helium-balloon-for-a-boy\/","name":"Foil helium balloon for a boy | Balloon delivery | Gintar\u0117s G\u0117l\u0117s","isPartOf":{"@id":"https:\/\/www.gintaresgeles.lt\/en\/#website"},"primaryImageOfPage":{"@id":"https:\/\/www.gintaresgeles.lt\/en\/puokste\/foil-helium-balloon-for-a-boy\/#primaryimage"},"image":{"@id":"https:\/\/www.gintaresgeles.lt\/en\/puokste\/foil-helium-balloon-for-a-boy\/#primaryimage"},"thumbnailUrl":"https:\/\/www.gintaresgeles.lt\/wp-content\/uploads\/2018\/04\/folinis-balionas-baby-boy.jpg","datePublished":"2018-08-11T09:04:06+00:00","dateModified":"2025-05-29T00:01:31+00:00","description":"Balloons attached to flowers are one of the most popular gifts. Especially when balloons are delivered as a gift for children or parents on various celebrations. If the family just welcomed a newborn, the helium-inflated balloon \u201cBaby boy\u201d will be a great gift idea. Surprise your friends and relatives.","breadcrumb":{"@id":"https:\/\/www.gintaresgeles.lt\/en\/puokste\/foil-helium-balloon-for-a-boy\/#breadcrumb"},"inLanguage":"en-US","potentialAction":[{"@type":"ReadAction","target":["https:\/\/www.gintaresgeles.lt\/en\/puokste\/foil-helium-balloon-for-a-boy\/"]}]},{"@type":"ImageObject","inLanguage":"en-US","@id":"https:\/\/www.gintaresgeles.lt\/en\/puokste\/foil-helium-balloon-for-a-boy\/#primaryimage","url":"https:\/\/www.gintaresgeles.lt\/wp-content\/uploads\/2018\/04\/folinis-balionas-baby-boy.jpg","contentUrl":"https:\/\/www.gintaresgeles.lt\/wp-content\/uploads\/2018\/04\/folinis-balionas-baby-boy.jpg","width":906,"height":906},{"@type":"BreadcrumbList","@id":"https:\/\/www.gintaresgeles.lt\/en\/puokste\/foil-helium-balloon-for-a-boy\/#breadcrumb","itemListElement":[{"@type":"ListItem","position":1,"name":"Prad\u017eia","item":"https:\/\/www.gintaresgeles.lt\/en\/"},{"@type":"ListItem","position":2,"name":"All flowers and other products","item":"https:\/\/www.gintaresgeles.lt\/en\/all-flowers-and-other-products\/"},{"@type":"ListItem","position":3,"name":"Foil helium balloon for a boy"}]},{"@type":"WebSite","@id":"https:\/\/www.gintaresgeles.lt\/en\/#website","url":"https:\/\/www.gintaresgeles.lt\/en\/","name":"Gintares Geles","description":"Flower delivery in Vilnius | Same-day delivery | Gintares geles","potentialAction":[{"@type":"SearchAction","target":{"@type":"EntryPoint","urlTemplate":"https:\/\/www.gintaresgeles.lt\/en\/?s={search_term_string}"},"query-input":{"@type":"PropertyValueSpecification","valueRequired":true,"valueName":"search_term_string"}}],"inLanguage":"en-US"}]}},"_links":{"self":[{"href":"https:\/\/www.gintaresgeles.lt\/en\/wp-json\/wp\/v2\/product\/19802","targetHints":{"allow":["GET"]}}],"collection":[{"href":"https:\/\/www.gintaresgeles.lt\/en\/wp-json\/wp\/v2\/product"}],"about":[{"href":"https:\/\/www.gintaresgeles.lt\/en\/wp-json\/wp\/v2\/types\/product"}],"wp:featuredmedia":[{"embeddable":true,"href":"https:\/\/www.gintaresgeles.lt\/en\/wp-json\/wp\/v2\/media\/19804"}],"wp:attachment":[{"href":"https:\/\/www.gintaresgeles.lt\/en\/wp-json\/wp\/v2\/media?parent=19802"}],"wp:term":[{"taxonomy":"product_brand","embeddable":true,"href":"https:\/\/www.gintaresgeles.lt\/en\/wp-json\/wp\/v2\/product_brand?post=19802"},{"taxonomy":"product_cat","embeddable":true,"href":"https:\/\/www.gintaresgeles.lt\/en\/wp-json\/wp\/v2\/product_cat?post=19802"},{"taxonomy":"product_tag","embeddable":true,"href":"https:\/\/www.gintaresgeles.lt\/en\/wp-json\/wp\/v2\/product_tag?post=19802"}],"curies":[{"name":"wp","href":"https:\/\/api.w.org\/{rel}","templated":true}]}}