{"id":19814,"date":"2018-04-05T11:47:52","date_gmt":"2018-08-13T06:42:19","guid":{"rendered":"https:\/\/www.gintaresgeles.lt\/?post_type=product&#038;p=19814"},"modified":"2025-05-29T02:01:32","modified_gmt":"2025-05-29T00:01:32","slug":"foil-helium-balloon-silver-star","status":"publish","type":"product","link":"https:\/\/www.gintaresgeles.lt\/en\/puokste\/foil-helium-balloon-silver-star\/","title":{"rendered":"Foil helium balloon &#8220;Silver star\u201c"},"content":{"rendered":"<p>&#8220;Silver star&#8221; is a lovely gift for anyone. It does not matter whether you want to surprise your mother, father, friend, or a colleague, this gleaming star will look wonderful with any flowers you choose for any special or symbolic occasion. This balloon does not reflect any celebration which is why it is suitable for any commemoration. The silver star looks well with other helium balloons; thus, one can send a balloon bouquet.\u00a0<\/p>\n","protected":false},"excerpt":{"rendered":"<p style=\"text-align: justify\">The balloon is 51 cm in diameter. The balloon we will deliver to the special person, with an already filled helium, so he will have fun in the air and will look great at any flower you send.<\/p>\n","protected":false},"featured_media":19815,"template":"","meta":[],"product_brand":[],"product_cat":[270,1956,893,915,894,916],"product_tag":[],"class_list":{"0":"post-19814","1":"product","2":"type-product","3":"status-publish","4":"has-post-thumbnail","6":"product_cat-helium-balloons","7":"product_cat-foil-helium-balloons","8":"product_cat-helium-balloons-for-birthday","9":"product_cat-helium-balloons-for-childbirth","10":"product_cat-helium-balloons-for-kids","11":"product_cat-helium-balloons-for-mom","12":"tm-has-options","14":"first","15":"outofstock","16":"taxable","17":"shipping-taxable","18":"purchasable","19":"product-type-simple"},"yoast_head":"<!-- This site is optimized with the Yoast SEO plugin v25.3 - https:\/\/yoast.com\/wordpress\/plugins\/seo\/ -->\n<title>Foil helium balloon &quot;Silver star\u201c | Balloons | Gintar\u0117sG\u0117l\u0117s<\/title>\n<meta name=\"description\" content=\"The &quot;Star&quot; silver helium balloon will become a beautiful accent for the delivery of flowers to a loved one or just a special person. This balloon will be suitable for all celebrations and occasions and recipients of any age. Order a balloon with flowers online and we will deliver it in Vilnius or Vilnius suburbs.\" \/>\n<meta name=\"robots\" content=\"index, follow, max-snippet:-1, max-image-preview:large, max-video-preview:-1\" \/>\n<link rel=\"canonical\" href=\"https:\/\/www.gintaresgeles.lt\/en\/puokste\/foil-helium-balloon-silver-star\/\" \/>\n<meta property=\"og:locale\" content=\"en_US\" \/>\n<meta property=\"og:type\" content=\"article\" \/>\n<meta property=\"og:title\" content=\"Foil helium balloon &quot;Silver star\u201c | Balloons | Gintar\u0117sG\u0117l\u0117s\" \/>\n<meta property=\"og:description\" content=\"The &quot;Star&quot; silver helium balloon will become a beautiful accent for the delivery of flowers to a loved one or just a special person. This balloon will be suitable for all celebrations and occasions and recipients of any age. Order a balloon with flowers online and we will deliver it in Vilnius or Vilnius suburbs.\" \/>\n<meta property=\"og:url\" content=\"https:\/\/www.gintaresgeles.lt\/en\/puokste\/foil-helium-balloon-silver-star\/\" \/>\n<meta property=\"og:site_name\" content=\"gintaresgeles.lt\" \/>\n<meta property=\"article:modified_time\" content=\"2025-05-29T00:01:32+00:00\" \/>\n<meta property=\"og:image\" content=\"https:\/\/www.gintaresgeles.lt\/wp-content\/uploads\/2018\/04\/zvaigzdes-formos-sidabrinis-balionas-zvaigzdute.jpg\" \/>\n\t<meta property=\"og:image:width\" content=\"600\" \/>\n\t<meta property=\"og:image:height\" content=\"600\" \/>\n\t<meta property=\"og:image:type\" content=\"image\/jpeg\" \/>\n<meta name=\"twitter:card\" content=\"summary_large_image\" \/>\n<script type=\"application\/ld+json\" class=\"yoast-schema-graph\">{\"@context\":\"https:\/\/schema.org\",\"@graph\":[{\"@type\":\"WebPage\",\"@id\":\"https:\/\/www.gintaresgeles.lt\/en\/puokste\/foil-helium-balloon-silver-star\/\",\"url\":\"https:\/\/www.gintaresgeles.lt\/en\/puokste\/foil-helium-balloon-silver-star\/\",\"name\":\"Foil helium balloon \\\"Silver star\u201c | Balloons | Gintar\u0117sG\u0117l\u0117s\",\"isPartOf\":{\"@id\":\"https:\/\/www.gintaresgeles.lt\/en\/#website\"},\"primaryImageOfPage\":{\"@id\":\"https:\/\/www.gintaresgeles.lt\/en\/puokste\/foil-helium-balloon-silver-star\/#primaryimage\"},\"image\":{\"@id\":\"https:\/\/www.gintaresgeles.lt\/en\/puokste\/foil-helium-balloon-silver-star\/#primaryimage\"},\"thumbnailUrl\":\"https:\/\/www.gintaresgeles.lt\/wp-content\/uploads\/2018\/04\/zvaigzdes-formos-sidabrinis-balionas-zvaigzdute.jpg\",\"datePublished\":\"2018-08-13T06:42:19+00:00\",\"dateModified\":\"2025-05-29T00:01:32+00:00\",\"description\":\"The \\\"Star\\\" silver helium balloon will become a beautiful accent for the delivery of flowers to a loved one or just a special person. This balloon will be suitable for all celebrations and occasions and recipients of any age. Order a balloon with flowers online and we will deliver it in Vilnius or Vilnius suburbs.\",\"breadcrumb\":{\"@id\":\"https:\/\/www.gintaresgeles.lt\/en\/puokste\/foil-helium-balloon-silver-star\/#breadcrumb\"},\"inLanguage\":\"en-US\",\"potentialAction\":[{\"@type\":\"ReadAction\",\"target\":[\"https:\/\/www.gintaresgeles.lt\/en\/puokste\/foil-helium-balloon-silver-star\/\"]}]},{\"@type\":\"ImageObject\",\"inLanguage\":\"en-US\",\"@id\":\"https:\/\/www.gintaresgeles.lt\/en\/puokste\/foil-helium-balloon-silver-star\/#primaryimage\",\"url\":\"https:\/\/www.gintaresgeles.lt\/wp-content\/uploads\/2018\/04\/zvaigzdes-formos-sidabrinis-balionas-zvaigzdute.jpg\",\"contentUrl\":\"https:\/\/www.gintaresgeles.lt\/wp-content\/uploads\/2018\/04\/zvaigzdes-formos-sidabrinis-balionas-zvaigzdute.jpg\",\"width\":600,\"height\":600},{\"@type\":\"BreadcrumbList\",\"@id\":\"https:\/\/www.gintaresgeles.lt\/en\/puokste\/foil-helium-balloon-silver-star\/#breadcrumb\",\"itemListElement\":[{\"@type\":\"ListItem\",\"position\":1,\"name\":\"Prad\u017eia\",\"item\":\"https:\/\/www.gintaresgeles.lt\/en\/\"},{\"@type\":\"ListItem\",\"position\":2,\"name\":\"All flowers and other products\",\"item\":\"https:\/\/www.gintaresgeles.lt\/en\/all-flowers-and-other-products\/\"},{\"@type\":\"ListItem\",\"position\":3,\"name\":\"Foil helium balloon &#8222;Silver star\u201c\"}]},{\"@type\":\"WebSite\",\"@id\":\"https:\/\/www.gintaresgeles.lt\/en\/#website\",\"url\":\"https:\/\/www.gintaresgeles.lt\/en\/\",\"name\":\"gintaresgeles.lt\",\"description\":\"G\u0117li\u0173 parduotuv\u0117 internete\",\"potentialAction\":[{\"@type\":\"SearchAction\",\"target\":{\"@type\":\"EntryPoint\",\"urlTemplate\":\"https:\/\/www.gintaresgeles.lt\/en\/?s={search_term_string}\"},\"query-input\":{\"@type\":\"PropertyValueSpecification\",\"valueRequired\":true,\"valueName\":\"search_term_string\"}}],\"inLanguage\":\"en-US\"}]}<\/script>\n<!-- \/ Yoast SEO plugin. -->","yoast_head_json":{"title":"Foil helium balloon \"Silver star\u201c | Balloons | Gintar\u0117sG\u0117l\u0117s","description":"The \"Star\" silver helium balloon will become a beautiful accent for the delivery of flowers to a loved one or just a special person. This balloon will be suitable for all celebrations and occasions and recipients of any age. Order a balloon with flowers online and we will deliver it in Vilnius or Vilnius suburbs.","robots":{"index":"index","follow":"follow","max-snippet":"max-snippet:-1","max-image-preview":"max-image-preview:large","max-video-preview":"max-video-preview:-1"},"canonical":"https:\/\/www.gintaresgeles.lt\/en\/puokste\/foil-helium-balloon-silver-star\/","og_locale":"en_US","og_type":"article","og_title":"Foil helium balloon \"Silver star\u201c | Balloons | Gintar\u0117sG\u0117l\u0117s","og_description":"The \"Star\" silver helium balloon will become a beautiful accent for the delivery of flowers to a loved one or just a special person. This balloon will be suitable for all celebrations and occasions and recipients of any age. Order a balloon with flowers online and we will deliver it in Vilnius or Vilnius suburbs.","og_url":"https:\/\/www.gintaresgeles.lt\/en\/puokste\/foil-helium-balloon-silver-star\/","og_site_name":"gintaresgeles.lt","article_modified_time":"2025-05-29T00:01:32+00:00","og_image":[{"width":600,"height":600,"url":"https:\/\/www.gintaresgeles.lt\/wp-content\/uploads\/2018\/04\/zvaigzdes-formos-sidabrinis-balionas-zvaigzdute.jpg","type":"image\/jpeg"}],"twitter_card":"summary_large_image","schema":{"@context":"https:\/\/schema.org","@graph":[{"@type":"WebPage","@id":"https:\/\/www.gintaresgeles.lt\/en\/puokste\/foil-helium-balloon-silver-star\/","url":"https:\/\/www.gintaresgeles.lt\/en\/puokste\/foil-helium-balloon-silver-star\/","name":"Foil helium balloon \"Silver star\u201c | Balloons | Gintar\u0117sG\u0117l\u0117s","isPartOf":{"@id":"https:\/\/www.gintaresgeles.lt\/en\/#website"},"primaryImageOfPage":{"@id":"https:\/\/www.gintaresgeles.lt\/en\/puokste\/foil-helium-balloon-silver-star\/#primaryimage"},"image":{"@id":"https:\/\/www.gintaresgeles.lt\/en\/puokste\/foil-helium-balloon-silver-star\/#primaryimage"},"thumbnailUrl":"https:\/\/www.gintaresgeles.lt\/wp-content\/uploads\/2018\/04\/zvaigzdes-formos-sidabrinis-balionas-zvaigzdute.jpg","datePublished":"2018-08-13T06:42:19+00:00","dateModified":"2025-05-29T00:01:32+00:00","description":"The \"Star\" silver helium balloon will become a beautiful accent for the delivery of flowers to a loved one or just a special person. This balloon will be suitable for all celebrations and occasions and recipients of any age. Order a balloon with flowers online and we will deliver it in Vilnius or Vilnius suburbs.","breadcrumb":{"@id":"https:\/\/www.gintaresgeles.lt\/en\/puokste\/foil-helium-balloon-silver-star\/#breadcrumb"},"inLanguage":"en-US","potentialAction":[{"@type":"ReadAction","target":["https:\/\/www.gintaresgeles.lt\/en\/puokste\/foil-helium-balloon-silver-star\/"]}]},{"@type":"ImageObject","inLanguage":"en-US","@id":"https:\/\/www.gintaresgeles.lt\/en\/puokste\/foil-helium-balloon-silver-star\/#primaryimage","url":"https:\/\/www.gintaresgeles.lt\/wp-content\/uploads\/2018\/04\/zvaigzdes-formos-sidabrinis-balionas-zvaigzdute.jpg","contentUrl":"https:\/\/www.gintaresgeles.lt\/wp-content\/uploads\/2018\/04\/zvaigzdes-formos-sidabrinis-balionas-zvaigzdute.jpg","width":600,"height":600},{"@type":"BreadcrumbList","@id":"https:\/\/www.gintaresgeles.lt\/en\/puokste\/foil-helium-balloon-silver-star\/#breadcrumb","itemListElement":[{"@type":"ListItem","position":1,"name":"Prad\u017eia","item":"https:\/\/www.gintaresgeles.lt\/en\/"},{"@type":"ListItem","position":2,"name":"All flowers and other products","item":"https:\/\/www.gintaresgeles.lt\/en\/all-flowers-and-other-products\/"},{"@type":"ListItem","position":3,"name":"Foil helium balloon &#8222;Silver star\u201c"}]},{"@type":"WebSite","@id":"https:\/\/www.gintaresgeles.lt\/en\/#website","url":"https:\/\/www.gintaresgeles.lt\/en\/","name":"gintaresgeles.lt","description":"G\u0117li\u0173 parduotuv\u0117 internete","potentialAction":[{"@type":"SearchAction","target":{"@type":"EntryPoint","urlTemplate":"https:\/\/www.gintaresgeles.lt\/en\/?s={search_term_string}"},"query-input":{"@type":"PropertyValueSpecification","valueRequired":true,"valueName":"search_term_string"}}],"inLanguage":"en-US"}]}},"_links":{"self":[{"href":"https:\/\/www.gintaresgeles.lt\/en\/wp-json\/wp\/v2\/product\/19814","targetHints":{"allow":["GET"]}}],"collection":[{"href":"https:\/\/www.gintaresgeles.lt\/en\/wp-json\/wp\/v2\/product"}],"about":[{"href":"https:\/\/www.gintaresgeles.lt\/en\/wp-json\/wp\/v2\/types\/product"}],"wp:featuredmedia":[{"embeddable":true,"href":"https:\/\/www.gintaresgeles.lt\/en\/wp-json\/wp\/v2\/media\/19815"}],"wp:attachment":[{"href":"https:\/\/www.gintaresgeles.lt\/en\/wp-json\/wp\/v2\/media?parent=19814"}],"wp:term":[{"taxonomy":"product_brand","embeddable":true,"href":"https:\/\/www.gintaresgeles.lt\/en\/wp-json\/wp\/v2\/product_brand?post=19814"},{"taxonomy":"product_cat","embeddable":true,"href":"https:\/\/www.gintaresgeles.lt\/en\/wp-json\/wp\/v2\/product_cat?post=19814"},{"taxonomy":"product_tag","embeddable":true,"href":"https:\/\/www.gintaresgeles.lt\/en\/wp-json\/wp\/v2\/product_tag?post=19814"}],"curies":[{"name":"wp","href":"https:\/\/api.w.org\/{rel}","templated":true}]}}