{"id":19820,"date":"2018-04-05T11:47:28","date_gmt":"2018-08-13T06:56:50","guid":{"rendered":"https:\/\/www.gintaresgeles.lt\/?post_type=product&#038;p=19820"},"modified":"2025-05-29T02:01:32","modified_gmt":"2025-05-29T00:01:32","slug":"xxl-foil-helium-balloon-zebra","status":"publish","type":"product","link":"https:\/\/www.gintaresgeles.lt\/en\/puokste\/xxl-foil-helium-balloon-zebra\/","title":{"rendered":"XXL Foil helium balloon &#8220;Zebra\u201c"},"content":{"rendered":"<p>Massive, colorful and funny-shaped balloon will brighten up the day of a child or even adult. Send this huge helium balloon &#8220;Zebra&#8221; together with flowers or other helium balloons to home, office, or straight to the party. The balloon will be suitable for any occasion or without it. The &#8220;Zebra&#8221; is charming, and it will cheer someone up for the day and the memory will stay for life.\u00a0<\/p>\n","protected":false},"excerpt":{"rendered":"<p style=\"text-align: justify\">This &#8220;Zebra&#8221; is about 70 cm in size and really impresses every recipient! The balloon will be perfect with any flower and will become an exceptional and fascinating surprise accent!<\/p>\n","protected":false},"featured_media":19822,"template":"","meta":[],"product_brand":[],"product_cat":[270,1956,894],"product_tag":[],"class_list":{"0":"post-19820","1":"product","2":"type-product","3":"status-publish","4":"has-post-thumbnail","6":"product_cat-helium-balloons","7":"product_cat-foil-helium-balloons","8":"product_cat-helium-balloons-for-kids","9":"tm-has-options","11":"first","12":"outofstock","13":"taxable","14":"shipping-taxable","15":"purchasable","16":"product-type-simple"},"yoast_head":"<!-- This site is optimized with the Yoast SEO plugin v25.3 - https:\/\/yoast.com\/wordpress\/plugins\/seo\/ -->\n<title>XXL Foil helium balloon \u201eZebra\u201c | Helium balloons | Gintar\u0117sG\u0117l\u0117s<\/title>\n<meta name=\"description\" content=\"The charming &quot;Zebra&quot; The joyous look and bright colored helium balloon will cheer both the child and the adult person at any chance! Send this zebra with flowers or other helium balloons in Vilnius or the suburbs of Vilnius and make an unforgettable surprise!\" \/>\n<meta name=\"robots\" content=\"index, follow, max-snippet:-1, max-image-preview:large, max-video-preview:-1\" \/>\n<link rel=\"canonical\" href=\"https:\/\/www.gintaresgeles.lt\/en\/puokste\/xxl-foil-helium-balloon-zebra\/\" \/>\n<meta property=\"og:locale\" content=\"en_US\" \/>\n<meta property=\"og:type\" content=\"article\" \/>\n<meta property=\"og:title\" content=\"XXL Foil helium balloon \u201eZebra\u201c | Helium balloons | Gintar\u0117sG\u0117l\u0117s\" \/>\n<meta property=\"og:description\" content=\"The charming &quot;Zebra&quot; The joyous look and bright colored helium balloon will cheer both the child and the adult person at any chance! Send this zebra with flowers or other helium balloons in Vilnius or the suburbs of Vilnius and make an unforgettable surprise!\" \/>\n<meta property=\"og:url\" content=\"https:\/\/www.gintaresgeles.lt\/en\/puokste\/xxl-foil-helium-balloon-zebra\/\" \/>\n<meta property=\"og:site_name\" content=\"gintaresgeles.lt\" \/>\n<meta property=\"article:modified_time\" content=\"2025-05-29T00:01:32+00:00\" \/>\n<meta property=\"og:image\" content=\"https:\/\/www.gintaresgeles.lt\/wp-content\/uploads\/2018\/04\/xxl-balionas-zebras.jpg\" \/>\n\t<meta property=\"og:image:width\" content=\"600\" \/>\n\t<meta property=\"og:image:height\" content=\"600\" \/>\n\t<meta property=\"og:image:type\" content=\"image\/jpeg\" \/>\n<meta name=\"twitter:card\" content=\"summary_large_image\" \/>\n<script type=\"application\/ld+json\" class=\"yoast-schema-graph\">{\"@context\":\"https:\/\/schema.org\",\"@graph\":[{\"@type\":\"WebPage\",\"@id\":\"https:\/\/www.gintaresgeles.lt\/en\/puokste\/xxl-foil-helium-balloon-zebra\/\",\"url\":\"https:\/\/www.gintaresgeles.lt\/en\/puokste\/xxl-foil-helium-balloon-zebra\/\",\"name\":\"XXL Foil helium balloon \u201eZebra\u201c | Helium balloons | Gintar\u0117sG\u0117l\u0117s\",\"isPartOf\":{\"@id\":\"https:\/\/www.gintaresgeles.lt\/en\/#website\"},\"primaryImageOfPage\":{\"@id\":\"https:\/\/www.gintaresgeles.lt\/en\/puokste\/xxl-foil-helium-balloon-zebra\/#primaryimage\"},\"image\":{\"@id\":\"https:\/\/www.gintaresgeles.lt\/en\/puokste\/xxl-foil-helium-balloon-zebra\/#primaryimage\"},\"thumbnailUrl\":\"https:\/\/www.gintaresgeles.lt\/wp-content\/uploads\/2018\/04\/xxl-balionas-zebras.jpg\",\"datePublished\":\"2018-08-13T06:56:50+00:00\",\"dateModified\":\"2025-05-29T00:01:32+00:00\",\"description\":\"The charming \\\"Zebra\\\" The joyous look and bright colored helium balloon will cheer both the child and the adult person at any chance! Send this zebra with flowers or other helium balloons in Vilnius or the suburbs of Vilnius and make an unforgettable surprise!\",\"breadcrumb\":{\"@id\":\"https:\/\/www.gintaresgeles.lt\/en\/puokste\/xxl-foil-helium-balloon-zebra\/#breadcrumb\"},\"inLanguage\":\"en-US\",\"potentialAction\":[{\"@type\":\"ReadAction\",\"target\":[\"https:\/\/www.gintaresgeles.lt\/en\/puokste\/xxl-foil-helium-balloon-zebra\/\"]}]},{\"@type\":\"ImageObject\",\"inLanguage\":\"en-US\",\"@id\":\"https:\/\/www.gintaresgeles.lt\/en\/puokste\/xxl-foil-helium-balloon-zebra\/#primaryimage\",\"url\":\"https:\/\/www.gintaresgeles.lt\/wp-content\/uploads\/2018\/04\/xxl-balionas-zebras.jpg\",\"contentUrl\":\"https:\/\/www.gintaresgeles.lt\/wp-content\/uploads\/2018\/04\/xxl-balionas-zebras.jpg\",\"width\":600,\"height\":600},{\"@type\":\"BreadcrumbList\",\"@id\":\"https:\/\/www.gintaresgeles.lt\/en\/puokste\/xxl-foil-helium-balloon-zebra\/#breadcrumb\",\"itemListElement\":[{\"@type\":\"ListItem\",\"position\":1,\"name\":\"Prad\u017eia\",\"item\":\"https:\/\/www.gintaresgeles.lt\/en\/\"},{\"@type\":\"ListItem\",\"position\":2,\"name\":\"All flowers and other products\",\"item\":\"https:\/\/www.gintaresgeles.lt\/en\/all-flowers-and-other-products\/\"},{\"@type\":\"ListItem\",\"position\":3,\"name\":\"XXL Foil helium balloon &#8222;Zebra\u201c\"}]},{\"@type\":\"WebSite\",\"@id\":\"https:\/\/www.gintaresgeles.lt\/en\/#website\",\"url\":\"https:\/\/www.gintaresgeles.lt\/en\/\",\"name\":\"gintaresgeles.lt\",\"description\":\"G\u0117li\u0173 parduotuv\u0117 internete\",\"potentialAction\":[{\"@type\":\"SearchAction\",\"target\":{\"@type\":\"EntryPoint\",\"urlTemplate\":\"https:\/\/www.gintaresgeles.lt\/en\/?s={search_term_string}\"},\"query-input\":{\"@type\":\"PropertyValueSpecification\",\"valueRequired\":true,\"valueName\":\"search_term_string\"}}],\"inLanguage\":\"en-US\"}]}<\/script>\n<!-- \/ Yoast SEO plugin. -->","yoast_head_json":{"title":"XXL Foil helium balloon \u201eZebra\u201c | Helium balloons | Gintar\u0117sG\u0117l\u0117s","description":"The charming \"Zebra\" The joyous look and bright colored helium balloon will cheer both the child and the adult person at any chance! Send this zebra with flowers or other helium balloons in Vilnius or the suburbs of Vilnius and make an unforgettable surprise!","robots":{"index":"index","follow":"follow","max-snippet":"max-snippet:-1","max-image-preview":"max-image-preview:large","max-video-preview":"max-video-preview:-1"},"canonical":"https:\/\/www.gintaresgeles.lt\/en\/puokste\/xxl-foil-helium-balloon-zebra\/","og_locale":"en_US","og_type":"article","og_title":"XXL Foil helium balloon \u201eZebra\u201c | Helium balloons | Gintar\u0117sG\u0117l\u0117s","og_description":"The charming \"Zebra\" The joyous look and bright colored helium balloon will cheer both the child and the adult person at any chance! Send this zebra with flowers or other helium balloons in Vilnius or the suburbs of Vilnius and make an unforgettable surprise!","og_url":"https:\/\/www.gintaresgeles.lt\/en\/puokste\/xxl-foil-helium-balloon-zebra\/","og_site_name":"gintaresgeles.lt","article_modified_time":"2025-05-29T00:01:32+00:00","og_image":[{"width":600,"height":600,"url":"https:\/\/www.gintaresgeles.lt\/wp-content\/uploads\/2018\/04\/xxl-balionas-zebras.jpg","type":"image\/jpeg"}],"twitter_card":"summary_large_image","schema":{"@context":"https:\/\/schema.org","@graph":[{"@type":"WebPage","@id":"https:\/\/www.gintaresgeles.lt\/en\/puokste\/xxl-foil-helium-balloon-zebra\/","url":"https:\/\/www.gintaresgeles.lt\/en\/puokste\/xxl-foil-helium-balloon-zebra\/","name":"XXL Foil helium balloon \u201eZebra\u201c | Helium balloons | Gintar\u0117sG\u0117l\u0117s","isPartOf":{"@id":"https:\/\/www.gintaresgeles.lt\/en\/#website"},"primaryImageOfPage":{"@id":"https:\/\/www.gintaresgeles.lt\/en\/puokste\/xxl-foil-helium-balloon-zebra\/#primaryimage"},"image":{"@id":"https:\/\/www.gintaresgeles.lt\/en\/puokste\/xxl-foil-helium-balloon-zebra\/#primaryimage"},"thumbnailUrl":"https:\/\/www.gintaresgeles.lt\/wp-content\/uploads\/2018\/04\/xxl-balionas-zebras.jpg","datePublished":"2018-08-13T06:56:50+00:00","dateModified":"2025-05-29T00:01:32+00:00","description":"The charming \"Zebra\" The joyous look and bright colored helium balloon will cheer both the child and the adult person at any chance! Send this zebra with flowers or other helium balloons in Vilnius or the suburbs of Vilnius and make an unforgettable surprise!","breadcrumb":{"@id":"https:\/\/www.gintaresgeles.lt\/en\/puokste\/xxl-foil-helium-balloon-zebra\/#breadcrumb"},"inLanguage":"en-US","potentialAction":[{"@type":"ReadAction","target":["https:\/\/www.gintaresgeles.lt\/en\/puokste\/xxl-foil-helium-balloon-zebra\/"]}]},{"@type":"ImageObject","inLanguage":"en-US","@id":"https:\/\/www.gintaresgeles.lt\/en\/puokste\/xxl-foil-helium-balloon-zebra\/#primaryimage","url":"https:\/\/www.gintaresgeles.lt\/wp-content\/uploads\/2018\/04\/xxl-balionas-zebras.jpg","contentUrl":"https:\/\/www.gintaresgeles.lt\/wp-content\/uploads\/2018\/04\/xxl-balionas-zebras.jpg","width":600,"height":600},{"@type":"BreadcrumbList","@id":"https:\/\/www.gintaresgeles.lt\/en\/puokste\/xxl-foil-helium-balloon-zebra\/#breadcrumb","itemListElement":[{"@type":"ListItem","position":1,"name":"Prad\u017eia","item":"https:\/\/www.gintaresgeles.lt\/en\/"},{"@type":"ListItem","position":2,"name":"All flowers and other products","item":"https:\/\/www.gintaresgeles.lt\/en\/all-flowers-and-other-products\/"},{"@type":"ListItem","position":3,"name":"XXL Foil helium balloon &#8222;Zebra\u201c"}]},{"@type":"WebSite","@id":"https:\/\/www.gintaresgeles.lt\/en\/#website","url":"https:\/\/www.gintaresgeles.lt\/en\/","name":"gintaresgeles.lt","description":"G\u0117li\u0173 parduotuv\u0117 internete","potentialAction":[{"@type":"SearchAction","target":{"@type":"EntryPoint","urlTemplate":"https:\/\/www.gintaresgeles.lt\/en\/?s={search_term_string}"},"query-input":{"@type":"PropertyValueSpecification","valueRequired":true,"valueName":"search_term_string"}}],"inLanguage":"en-US"}]}},"_links":{"self":[{"href":"https:\/\/www.gintaresgeles.lt\/en\/wp-json\/wp\/v2\/product\/19820","targetHints":{"allow":["GET"]}}],"collection":[{"href":"https:\/\/www.gintaresgeles.lt\/en\/wp-json\/wp\/v2\/product"}],"about":[{"href":"https:\/\/www.gintaresgeles.lt\/en\/wp-json\/wp\/v2\/types\/product"}],"wp:featuredmedia":[{"embeddable":true,"href":"https:\/\/www.gintaresgeles.lt\/en\/wp-json\/wp\/v2\/media\/19822"}],"wp:attachment":[{"href":"https:\/\/www.gintaresgeles.lt\/en\/wp-json\/wp\/v2\/media?parent=19820"}],"wp:term":[{"taxonomy":"product_brand","embeddable":true,"href":"https:\/\/www.gintaresgeles.lt\/en\/wp-json\/wp\/v2\/product_brand?post=19820"},{"taxonomy":"product_cat","embeddable":true,"href":"https:\/\/www.gintaresgeles.lt\/en\/wp-json\/wp\/v2\/product_cat?post=19820"},{"taxonomy":"product_tag","embeddable":true,"href":"https:\/\/www.gintaresgeles.lt\/en\/wp-json\/wp\/v2\/product_tag?post=19820"}],"curies":[{"name":"wp","href":"https:\/\/api.w.org\/{rel}","templated":true}]}}