{"id":19896,"date":"2017-05-30T06:49:29","date_gmt":"2018-08-21T07:51:46","guid":{"rendered":"https:\/\/www.gintaresgeles.lt\/?post_type=product&#038;p=19896"},"modified":"2025-05-29T02:02:02","modified_gmt":"2025-05-29T00:02:02","slug":"xxl-helium-balloon-motorcycle","status":"publish","type":"product","link":"https:\/\/www.gintaresgeles.lt\/en\/puokste\/xxl-helium-balloon-motorcycle\/","title":{"rendered":"XXL Helium balloon &#8220;Motorcycle\u201c"},"content":{"rendered":"<p>XXL helium balloon &#8220;Motorcycle&#8221; is 84 centimetres high. This huge motorcycle is an ideal gift for a boy or a man on their birthday. It does not matter whether a man is interested in motorcycles, is driving it, or is just dreaming of having one &#8211; such a gift will definitely cheer them up. Balloons are inflated with helium on the same day of the delivery.<\/p>\n","protected":false},"excerpt":{"rendered":"<p style=\"text-align: justify\">Cars and motorcycles are one of the favorites men and boys&#8217; toys. Because of this, both the young and older adults will love the XXL Helium Balloon &#8220;Motorcycle&#8221;. Such a gift will liven up the holiday and will impress not only the recipient but also all the guests of the festival!<\/p>\n<p style=\"text-align: justify\">You can also take Helium balloons in Vilnius. To retrieve balloons or order a large amount of balloons &#8211; contact by phone or email. by mail.<\/p>\n","protected":false},"featured_media":46307,"template":"","meta":[],"product_brand":[],"product_cat":[270,1956,893,894],"product_tag":[],"class_list":{"0":"post-19896","1":"product","2":"type-product","3":"status-publish","4":"has-post-thumbnail","6":"product_cat-helium-balloons","7":"product_cat-foil-helium-balloons","8":"product_cat-helium-balloons-for-birthday","9":"product_cat-helium-balloons-for-kids","10":"tm-has-options","12":"first","13":"instock","14":"taxable","15":"shipping-taxable","16":"purchasable","17":"product-type-simple"},"yoast_head":"<!-- This site is optimized with the Yoast SEO plugin v25.3 - https:\/\/yoast.com\/wordpress\/plugins\/seo\/ -->\n<title>XXL Helium balloon &quot;Motorcycle\u201c | Helium balloons online | Gintar\u0117sG\u0117l\u0117s<\/title>\n<meta name=\"description\" content=\"For a small boy and adult man, a huge helium balloon &quot;Motorcycle&quot; will become a great gift with the flowers or even without them!\" \/>\n<meta name=\"robots\" content=\"index, follow, max-snippet:-1, max-image-preview:large, max-video-preview:-1\" \/>\n<link rel=\"canonical\" href=\"https:\/\/www.gintaresgeles.lt\/en\/puokste\/xxl-helium-balloon-motorcycle\/\" \/>\n<meta property=\"og:locale\" content=\"en_US\" \/>\n<meta property=\"og:type\" content=\"article\" \/>\n<meta property=\"og:title\" content=\"XXL Helium balloon &quot;Motorcycle\u201c | Helium balloons online | Gintar\u0117sG\u0117l\u0117s\" \/>\n<meta property=\"og:description\" content=\"For a small boy and adult man, a huge helium balloon &quot;Motorcycle&quot; will become a great gift with the flowers or even without them!\" \/>\n<meta property=\"og:url\" content=\"https:\/\/www.gintaresgeles.lt\/en\/puokste\/xxl-helium-balloon-motorcycle\/\" \/>\n<meta property=\"og:site_name\" content=\"gintaresgeles.lt\" \/>\n<meta property=\"article:modified_time\" content=\"2025-05-29T00:02:02+00:00\" \/>\n<meta property=\"og:image\" content=\"https:\/\/www.gintaresgeles.lt\/wp-content\/uploads\/2017\/05\/folinis-balionas-raudonas-motociklas.jpg\" \/>\n\t<meta property=\"og:image:width\" content=\"1100\" \/>\n\t<meta property=\"og:image:height\" content=\"1100\" \/>\n\t<meta property=\"og:image:type\" content=\"image\/jpeg\" \/>\n<meta name=\"twitter:card\" content=\"summary_large_image\" \/>\n<script type=\"application\/ld+json\" class=\"yoast-schema-graph\">{\"@context\":\"https:\/\/schema.org\",\"@graph\":[{\"@type\":\"WebPage\",\"@id\":\"https:\/\/www.gintaresgeles.lt\/en\/puokste\/xxl-helium-balloon-motorcycle\/\",\"url\":\"https:\/\/www.gintaresgeles.lt\/en\/puokste\/xxl-helium-balloon-motorcycle\/\",\"name\":\"XXL Helium balloon \\\"Motorcycle\u201c | Helium balloons online | Gintar\u0117sG\u0117l\u0117s\",\"isPartOf\":{\"@id\":\"https:\/\/www.gintaresgeles.lt\/en\/#website\"},\"primaryImageOfPage\":{\"@id\":\"https:\/\/www.gintaresgeles.lt\/en\/puokste\/xxl-helium-balloon-motorcycle\/#primaryimage\"},\"image\":{\"@id\":\"https:\/\/www.gintaresgeles.lt\/en\/puokste\/xxl-helium-balloon-motorcycle\/#primaryimage\"},\"thumbnailUrl\":\"https:\/\/www.gintaresgeles.lt\/wp-content\/uploads\/2017\/05\/folinis-balionas-raudonas-motociklas.jpg\",\"datePublished\":\"2018-08-21T07:51:46+00:00\",\"dateModified\":\"2025-05-29T00:02:02+00:00\",\"description\":\"For a small boy and adult man, a huge helium balloon \\\"Motorcycle\\\" will become a great gift with the flowers or even without them!\",\"breadcrumb\":{\"@id\":\"https:\/\/www.gintaresgeles.lt\/en\/puokste\/xxl-helium-balloon-motorcycle\/#breadcrumb\"},\"inLanguage\":\"en-US\",\"potentialAction\":[{\"@type\":\"ReadAction\",\"target\":[\"https:\/\/www.gintaresgeles.lt\/en\/puokste\/xxl-helium-balloon-motorcycle\/\"]}]},{\"@type\":\"ImageObject\",\"inLanguage\":\"en-US\",\"@id\":\"https:\/\/www.gintaresgeles.lt\/en\/puokste\/xxl-helium-balloon-motorcycle\/#primaryimage\",\"url\":\"https:\/\/www.gintaresgeles.lt\/wp-content\/uploads\/2017\/05\/folinis-balionas-raudonas-motociklas.jpg\",\"contentUrl\":\"https:\/\/www.gintaresgeles.lt\/wp-content\/uploads\/2017\/05\/folinis-balionas-raudonas-motociklas.jpg\",\"width\":1100,\"height\":1100,\"caption\":\"Folinis helio balionas raudonas motociklas berniukui\"},{\"@type\":\"BreadcrumbList\",\"@id\":\"https:\/\/www.gintaresgeles.lt\/en\/puokste\/xxl-helium-balloon-motorcycle\/#breadcrumb\",\"itemListElement\":[{\"@type\":\"ListItem\",\"position\":1,\"name\":\"Prad\u017eia\",\"item\":\"https:\/\/www.gintaresgeles.lt\/en\/\"},{\"@type\":\"ListItem\",\"position\":2,\"name\":\"All flowers and other products\",\"item\":\"https:\/\/www.gintaresgeles.lt\/en\/all-flowers-and-other-products\/\"},{\"@type\":\"ListItem\",\"position\":3,\"name\":\"XXL Helium balloon &#8222;Motorcycle\u201c\"}]},{\"@type\":\"WebSite\",\"@id\":\"https:\/\/www.gintaresgeles.lt\/en\/#website\",\"url\":\"https:\/\/www.gintaresgeles.lt\/en\/\",\"name\":\"gintaresgeles.lt\",\"description\":\"G\u0117li\u0173 parduotuv\u0117 internete\",\"potentialAction\":[{\"@type\":\"SearchAction\",\"target\":{\"@type\":\"EntryPoint\",\"urlTemplate\":\"https:\/\/www.gintaresgeles.lt\/en\/?s={search_term_string}\"},\"query-input\":{\"@type\":\"PropertyValueSpecification\",\"valueRequired\":true,\"valueName\":\"search_term_string\"}}],\"inLanguage\":\"en-US\"}]}<\/script>\n<!-- \/ Yoast SEO plugin. -->","yoast_head_json":{"title":"XXL Helium balloon \"Motorcycle\u201c | Helium balloons online | Gintar\u0117sG\u0117l\u0117s","description":"For a small boy and adult man, a huge helium balloon \"Motorcycle\" will become a great gift with the flowers or even without them!","robots":{"index":"index","follow":"follow","max-snippet":"max-snippet:-1","max-image-preview":"max-image-preview:large","max-video-preview":"max-video-preview:-1"},"canonical":"https:\/\/www.gintaresgeles.lt\/en\/puokste\/xxl-helium-balloon-motorcycle\/","og_locale":"en_US","og_type":"article","og_title":"XXL Helium balloon \"Motorcycle\u201c | Helium balloons online | Gintar\u0117sG\u0117l\u0117s","og_description":"For a small boy and adult man, a huge helium balloon \"Motorcycle\" will become a great gift with the flowers or even without them!","og_url":"https:\/\/www.gintaresgeles.lt\/en\/puokste\/xxl-helium-balloon-motorcycle\/","og_site_name":"gintaresgeles.lt","article_modified_time":"2025-05-29T00:02:02+00:00","og_image":[{"width":1100,"height":1100,"url":"https:\/\/www.gintaresgeles.lt\/wp-content\/uploads\/2017\/05\/folinis-balionas-raudonas-motociklas.jpg","type":"image\/jpeg"}],"twitter_card":"summary_large_image","schema":{"@context":"https:\/\/schema.org","@graph":[{"@type":"WebPage","@id":"https:\/\/www.gintaresgeles.lt\/en\/puokste\/xxl-helium-balloon-motorcycle\/","url":"https:\/\/www.gintaresgeles.lt\/en\/puokste\/xxl-helium-balloon-motorcycle\/","name":"XXL Helium balloon \"Motorcycle\u201c | Helium balloons online | Gintar\u0117sG\u0117l\u0117s","isPartOf":{"@id":"https:\/\/www.gintaresgeles.lt\/en\/#website"},"primaryImageOfPage":{"@id":"https:\/\/www.gintaresgeles.lt\/en\/puokste\/xxl-helium-balloon-motorcycle\/#primaryimage"},"image":{"@id":"https:\/\/www.gintaresgeles.lt\/en\/puokste\/xxl-helium-balloon-motorcycle\/#primaryimage"},"thumbnailUrl":"https:\/\/www.gintaresgeles.lt\/wp-content\/uploads\/2017\/05\/folinis-balionas-raudonas-motociklas.jpg","datePublished":"2018-08-21T07:51:46+00:00","dateModified":"2025-05-29T00:02:02+00:00","description":"For a small boy and adult man, a huge helium balloon \"Motorcycle\" will become a great gift with the flowers or even without them!","breadcrumb":{"@id":"https:\/\/www.gintaresgeles.lt\/en\/puokste\/xxl-helium-balloon-motorcycle\/#breadcrumb"},"inLanguage":"en-US","potentialAction":[{"@type":"ReadAction","target":["https:\/\/www.gintaresgeles.lt\/en\/puokste\/xxl-helium-balloon-motorcycle\/"]}]},{"@type":"ImageObject","inLanguage":"en-US","@id":"https:\/\/www.gintaresgeles.lt\/en\/puokste\/xxl-helium-balloon-motorcycle\/#primaryimage","url":"https:\/\/www.gintaresgeles.lt\/wp-content\/uploads\/2017\/05\/folinis-balionas-raudonas-motociklas.jpg","contentUrl":"https:\/\/www.gintaresgeles.lt\/wp-content\/uploads\/2017\/05\/folinis-balionas-raudonas-motociklas.jpg","width":1100,"height":1100,"caption":"Folinis helio balionas raudonas motociklas berniukui"},{"@type":"BreadcrumbList","@id":"https:\/\/www.gintaresgeles.lt\/en\/puokste\/xxl-helium-balloon-motorcycle\/#breadcrumb","itemListElement":[{"@type":"ListItem","position":1,"name":"Prad\u017eia","item":"https:\/\/www.gintaresgeles.lt\/en\/"},{"@type":"ListItem","position":2,"name":"All flowers and other products","item":"https:\/\/www.gintaresgeles.lt\/en\/all-flowers-and-other-products\/"},{"@type":"ListItem","position":3,"name":"XXL Helium balloon &#8222;Motorcycle\u201c"}]},{"@type":"WebSite","@id":"https:\/\/www.gintaresgeles.lt\/en\/#website","url":"https:\/\/www.gintaresgeles.lt\/en\/","name":"gintaresgeles.lt","description":"G\u0117li\u0173 parduotuv\u0117 internete","potentialAction":[{"@type":"SearchAction","target":{"@type":"EntryPoint","urlTemplate":"https:\/\/www.gintaresgeles.lt\/en\/?s={search_term_string}"},"query-input":{"@type":"PropertyValueSpecification","valueRequired":true,"valueName":"search_term_string"}}],"inLanguage":"en-US"}]}},"_links":{"self":[{"href":"https:\/\/www.gintaresgeles.lt\/en\/wp-json\/wp\/v2\/product\/19896","targetHints":{"allow":["GET"]}}],"collection":[{"href":"https:\/\/www.gintaresgeles.lt\/en\/wp-json\/wp\/v2\/product"}],"about":[{"href":"https:\/\/www.gintaresgeles.lt\/en\/wp-json\/wp\/v2\/types\/product"}],"wp:featuredmedia":[{"embeddable":true,"href":"https:\/\/www.gintaresgeles.lt\/en\/wp-json\/wp\/v2\/media\/46307"}],"wp:attachment":[{"href":"https:\/\/www.gintaresgeles.lt\/en\/wp-json\/wp\/v2\/media?parent=19896"}],"wp:term":[{"taxonomy":"product_brand","embeddable":true,"href":"https:\/\/www.gintaresgeles.lt\/en\/wp-json\/wp\/v2\/product_brand?post=19896"},{"taxonomy":"product_cat","embeddable":true,"href":"https:\/\/www.gintaresgeles.lt\/en\/wp-json\/wp\/v2\/product_cat?post=19896"},{"taxonomy":"product_tag","embeddable":true,"href":"https:\/\/www.gintaresgeles.lt\/en\/wp-json\/wp\/v2\/product_tag?post=19896"}],"curies":[{"name":"wp","href":"https:\/\/api.w.org\/{rel}","templated":true}]}}