{"id":19898,"date":"2017-05-23T10:52:20","date_gmt":"2018-08-21T08:13:01","guid":{"rendered":"https:\/\/www.gintaresgeles.lt\/?post_type=product&#038;p=19898"},"modified":"2025-05-29T02:02:03","modified_gmt":"2025-05-29T00:02:03","slug":"xxl-pink-helium-balloon-bunny","status":"publish","type":"product","link":"https:\/\/www.gintaresgeles.lt\/en\/puokste\/xxl-pink-helium-balloon-bunny\/","title":{"rendered":"XXL pink helium balloon &#8220;Bunny\u201c"},"content":{"rendered":"<p>The balloon is more than one meter high, and it will be already inflated when delivered. The pink balloon goes well with elegant bouquets or with subtle flower boxes. The bunny will become a true symbol of the celebration and will radiate positive emotions only.\u00a0<\/p>\n","protected":false},"excerpt":{"rendered":"<p>Send an impressive size helium balloon to a loved one, and the will not only be surprised but also will laugh. The funny pink bunny is a helium-filled foil balloon of a size of up to 102 cm! This bunny will surely delight the kids, but when sent to an adult, the positive reaction will be similar to the child! You can also take Helium balloons in Vilnius. To retrieve balloons or order a large amount of balloons &#8211; contact by phone or email.\u00a0<\/p>\n","protected":false},"featured_media":19899,"template":"","meta":[],"product_brand":[],"product_cat":[270,1956,893,894],"product_tag":[],"class_list":{"0":"post-19898","1":"product","2":"type-product","3":"status-publish","4":"has-post-thumbnail","6":"product_cat-helium-balloons","7":"product_cat-foil-helium-balloons","8":"product_cat-helium-balloons-for-birthday","9":"product_cat-helium-balloons-for-kids","10":"tm-has-options","12":"first","13":"instock","14":"taxable","15":"shipping-taxable","16":"purchasable","17":"product-type-simple"},"yoast_head":"<!-- This site is optimized with the Yoast SEO plugin v25.3 - https:\/\/yoast.com\/wordpress\/plugins\/seo\/ -->\n<title>XXL pink helium balloon &quot;Bunny\u201c | Balloon delivery | Gintar\u0117sG\u0117l\u0117s<\/title>\n<meta name=\"description\" content=\"The helium balloon &quot;Bunny&quot;, which is more than a meter in size, will surprise everyone to whom you will send this fun and impressive gift!\" \/>\n<meta name=\"robots\" content=\"index, follow, max-snippet:-1, max-image-preview:large, max-video-preview:-1\" \/>\n<link rel=\"canonical\" href=\"https:\/\/www.gintaresgeles.lt\/en\/puokste\/xxl-pink-helium-balloon-bunny\/\" \/>\n<meta property=\"og:locale\" content=\"en_US\" \/>\n<meta property=\"og:type\" content=\"article\" \/>\n<meta property=\"og:title\" content=\"XXL pink helium balloon &quot;Bunny\u201c | Balloon delivery | Gintar\u0117sG\u0117l\u0117s\" \/>\n<meta property=\"og:description\" content=\"The helium balloon &quot;Bunny&quot;, which is more than a meter in size, will surprise everyone to whom you will send this fun and impressive gift!\" \/>\n<meta property=\"og:url\" content=\"https:\/\/www.gintaresgeles.lt\/en\/puokste\/xxl-pink-helium-balloon-bunny\/\" \/>\n<meta property=\"og:site_name\" content=\"gintaresgeles.lt\" \/>\n<meta property=\"article:modified_time\" content=\"2025-05-29T00:02:03+00:00\" \/>\n<meta property=\"og:image\" content=\"https:\/\/www.gintaresgeles.lt\/wp-content\/uploads\/2017\/05\/xxl-rozinis-helio-balionas-zuikis.jpg\" \/>\n\t<meta property=\"og:image:width\" content=\"600\" \/>\n\t<meta property=\"og:image:height\" content=\"600\" \/>\n\t<meta property=\"og:image:type\" content=\"image\/jpeg\" \/>\n<meta name=\"twitter:card\" content=\"summary_large_image\" \/>\n<script type=\"application\/ld+json\" class=\"yoast-schema-graph\">{\"@context\":\"https:\/\/schema.org\",\"@graph\":[{\"@type\":\"WebPage\",\"@id\":\"https:\/\/www.gintaresgeles.lt\/en\/puokste\/xxl-pink-helium-balloon-bunny\/\",\"url\":\"https:\/\/www.gintaresgeles.lt\/en\/puokste\/xxl-pink-helium-balloon-bunny\/\",\"name\":\"XXL pink helium balloon \\\"Bunny\u201c | Balloon delivery | Gintar\u0117sG\u0117l\u0117s\",\"isPartOf\":{\"@id\":\"https:\/\/www.gintaresgeles.lt\/en\/#website\"},\"primaryImageOfPage\":{\"@id\":\"https:\/\/www.gintaresgeles.lt\/en\/puokste\/xxl-pink-helium-balloon-bunny\/#primaryimage\"},\"image\":{\"@id\":\"https:\/\/www.gintaresgeles.lt\/en\/puokste\/xxl-pink-helium-balloon-bunny\/#primaryimage\"},\"thumbnailUrl\":\"https:\/\/www.gintaresgeles.lt\/wp-content\/uploads\/2017\/05\/xxl-rozinis-helio-balionas-zuikis.jpg\",\"datePublished\":\"2018-08-21T08:13:01+00:00\",\"dateModified\":\"2025-05-29T00:02:03+00:00\",\"description\":\"The helium balloon \\\"Bunny\\\", which is more than a meter in size, will surprise everyone to whom you will send this fun and impressive gift!\",\"breadcrumb\":{\"@id\":\"https:\/\/www.gintaresgeles.lt\/en\/puokste\/xxl-pink-helium-balloon-bunny\/#breadcrumb\"},\"inLanguage\":\"en-US\",\"potentialAction\":[{\"@type\":\"ReadAction\",\"target\":[\"https:\/\/www.gintaresgeles.lt\/en\/puokste\/xxl-pink-helium-balloon-bunny\/\"]}]},{\"@type\":\"ImageObject\",\"inLanguage\":\"en-US\",\"@id\":\"https:\/\/www.gintaresgeles.lt\/en\/puokste\/xxl-pink-helium-balloon-bunny\/#primaryimage\",\"url\":\"https:\/\/www.gintaresgeles.lt\/wp-content\/uploads\/2017\/05\/xxl-rozinis-helio-balionas-zuikis.jpg\",\"contentUrl\":\"https:\/\/www.gintaresgeles.lt\/wp-content\/uploads\/2017\/05\/xxl-rozinis-helio-balionas-zuikis.jpg\",\"width\":600,\"height\":600},{\"@type\":\"BreadcrumbList\",\"@id\":\"https:\/\/www.gintaresgeles.lt\/en\/puokste\/xxl-pink-helium-balloon-bunny\/#breadcrumb\",\"itemListElement\":[{\"@type\":\"ListItem\",\"position\":1,\"name\":\"Prad\u017eia\",\"item\":\"https:\/\/www.gintaresgeles.lt\/en\/\"},{\"@type\":\"ListItem\",\"position\":2,\"name\":\"All flowers and other products\",\"item\":\"https:\/\/www.gintaresgeles.lt\/en\/all-flowers-and-other-products\/\"},{\"@type\":\"ListItem\",\"position\":3,\"name\":\"XXL pink helium balloon &#8222;Bunny\u201c\"}]},{\"@type\":\"WebSite\",\"@id\":\"https:\/\/www.gintaresgeles.lt\/en\/#website\",\"url\":\"https:\/\/www.gintaresgeles.lt\/en\/\",\"name\":\"Gintares Geles\",\"description\":\"Flower delivery in Vilnius | Same-day delivery | Gintares geles\",\"potentialAction\":[{\"@type\":\"SearchAction\",\"target\":{\"@type\":\"EntryPoint\",\"urlTemplate\":\"https:\/\/www.gintaresgeles.lt\/en\/?s={search_term_string}\"},\"query-input\":{\"@type\":\"PropertyValueSpecification\",\"valueRequired\":true,\"valueName\":\"search_term_string\"}}],\"inLanguage\":\"en-US\"}]}<\/script>\n<!-- \/ Yoast SEO plugin. -->","yoast_head_json":{"title":"XXL pink helium balloon \"Bunny\u201c | Balloon delivery | Gintar\u0117sG\u0117l\u0117s","description":"The helium balloon \"Bunny\", which is more than a meter in size, will surprise everyone to whom you will send this fun and impressive gift!","robots":{"index":"index","follow":"follow","max-snippet":"max-snippet:-1","max-image-preview":"max-image-preview:large","max-video-preview":"max-video-preview:-1"},"canonical":"https:\/\/www.gintaresgeles.lt\/en\/puokste\/xxl-pink-helium-balloon-bunny\/","og_locale":"en_US","og_type":"article","og_title":"XXL pink helium balloon \"Bunny\u201c | Balloon delivery | Gintar\u0117sG\u0117l\u0117s","og_description":"The helium balloon \"Bunny\", which is more than a meter in size, will surprise everyone to whom you will send this fun and impressive gift!","og_url":"https:\/\/www.gintaresgeles.lt\/en\/puokste\/xxl-pink-helium-balloon-bunny\/","og_site_name":"gintaresgeles.lt","article_modified_time":"2025-05-29T00:02:03+00:00","og_image":[{"width":600,"height":600,"url":"https:\/\/www.gintaresgeles.lt\/wp-content\/uploads\/2017\/05\/xxl-rozinis-helio-balionas-zuikis.jpg","type":"image\/jpeg"}],"twitter_card":"summary_large_image","schema":{"@context":"https:\/\/schema.org","@graph":[{"@type":"WebPage","@id":"https:\/\/www.gintaresgeles.lt\/en\/puokste\/xxl-pink-helium-balloon-bunny\/","url":"https:\/\/www.gintaresgeles.lt\/en\/puokste\/xxl-pink-helium-balloon-bunny\/","name":"XXL pink helium balloon \"Bunny\u201c | Balloon delivery | Gintar\u0117sG\u0117l\u0117s","isPartOf":{"@id":"https:\/\/www.gintaresgeles.lt\/en\/#website"},"primaryImageOfPage":{"@id":"https:\/\/www.gintaresgeles.lt\/en\/puokste\/xxl-pink-helium-balloon-bunny\/#primaryimage"},"image":{"@id":"https:\/\/www.gintaresgeles.lt\/en\/puokste\/xxl-pink-helium-balloon-bunny\/#primaryimage"},"thumbnailUrl":"https:\/\/www.gintaresgeles.lt\/wp-content\/uploads\/2017\/05\/xxl-rozinis-helio-balionas-zuikis.jpg","datePublished":"2018-08-21T08:13:01+00:00","dateModified":"2025-05-29T00:02:03+00:00","description":"The helium balloon \"Bunny\", which is more than a meter in size, will surprise everyone to whom you will send this fun and impressive gift!","breadcrumb":{"@id":"https:\/\/www.gintaresgeles.lt\/en\/puokste\/xxl-pink-helium-balloon-bunny\/#breadcrumb"},"inLanguage":"en-US","potentialAction":[{"@type":"ReadAction","target":["https:\/\/www.gintaresgeles.lt\/en\/puokste\/xxl-pink-helium-balloon-bunny\/"]}]},{"@type":"ImageObject","inLanguage":"en-US","@id":"https:\/\/www.gintaresgeles.lt\/en\/puokste\/xxl-pink-helium-balloon-bunny\/#primaryimage","url":"https:\/\/www.gintaresgeles.lt\/wp-content\/uploads\/2017\/05\/xxl-rozinis-helio-balionas-zuikis.jpg","contentUrl":"https:\/\/www.gintaresgeles.lt\/wp-content\/uploads\/2017\/05\/xxl-rozinis-helio-balionas-zuikis.jpg","width":600,"height":600},{"@type":"BreadcrumbList","@id":"https:\/\/www.gintaresgeles.lt\/en\/puokste\/xxl-pink-helium-balloon-bunny\/#breadcrumb","itemListElement":[{"@type":"ListItem","position":1,"name":"Prad\u017eia","item":"https:\/\/www.gintaresgeles.lt\/en\/"},{"@type":"ListItem","position":2,"name":"All flowers and other products","item":"https:\/\/www.gintaresgeles.lt\/en\/all-flowers-and-other-products\/"},{"@type":"ListItem","position":3,"name":"XXL pink helium balloon &#8222;Bunny\u201c"}]},{"@type":"WebSite","@id":"https:\/\/www.gintaresgeles.lt\/en\/#website","url":"https:\/\/www.gintaresgeles.lt\/en\/","name":"Gintares Geles","description":"Flower delivery in Vilnius | Same-day delivery | Gintares geles","potentialAction":[{"@type":"SearchAction","target":{"@type":"EntryPoint","urlTemplate":"https:\/\/www.gintaresgeles.lt\/en\/?s={search_term_string}"},"query-input":{"@type":"PropertyValueSpecification","valueRequired":true,"valueName":"search_term_string"}}],"inLanguage":"en-US"}]}},"_links":{"self":[{"href":"https:\/\/www.gintaresgeles.lt\/en\/wp-json\/wp\/v2\/product\/19898","targetHints":{"allow":["GET"]}}],"collection":[{"href":"https:\/\/www.gintaresgeles.lt\/en\/wp-json\/wp\/v2\/product"}],"about":[{"href":"https:\/\/www.gintaresgeles.lt\/en\/wp-json\/wp\/v2\/types\/product"}],"wp:featuredmedia":[{"embeddable":true,"href":"https:\/\/www.gintaresgeles.lt\/en\/wp-json\/wp\/v2\/media\/19899"}],"wp:attachment":[{"href":"https:\/\/www.gintaresgeles.lt\/en\/wp-json\/wp\/v2\/media?parent=19898"}],"wp:term":[{"taxonomy":"product_brand","embeddable":true,"href":"https:\/\/www.gintaresgeles.lt\/en\/wp-json\/wp\/v2\/product_brand?post=19898"},{"taxonomy":"product_cat","embeddable":true,"href":"https:\/\/www.gintaresgeles.lt\/en\/wp-json\/wp\/v2\/product_cat?post=19898"},{"taxonomy":"product_tag","embeddable":true,"href":"https:\/\/www.gintaresgeles.lt\/en\/wp-json\/wp\/v2\/product_tag?post=19898"}],"curies":[{"name":"wp","href":"https:\/\/api.w.org\/{rel}","templated":true}]}}