{"id":19914,"date":"2017-05-23T09:38:37","date_gmt":"2017-05-23T11:38:37","guid":{"rendered":"https:\/\/www.gintaresgeles.lt\/?post_type=product&#038;p=19914"},"modified":"2025-05-29T02:02:03","modified_gmt":"2025-05-29T00:02:03","slug":"helium-balloon-heart","status":"publish","type":"product","link":"https:\/\/www.gintaresgeles.lt\/en\/puokste\/helium-balloon-heart\/","title":{"rendered":"Helium balloon &#8220;Heart\u201c"},"content":{"rendered":"<p>Helium balloon &#8220;Heart&#8221; will definitely go well will romantic flower bouquets or boxes. The bright and glossy balloon will leave impression not only for the receiver but for the others also. These helium balloons may be used for decorating parties or creating a romantic atmosphere as well.\u00a0<\/p>\n","protected":false},"excerpt":{"rendered":"<p style=\"text-align: justify\">The helium Balloon is an ideal gift for your significant other on any occasion to surprise and express love and other warm feelings. A bright and glittering heart is also an appropriate gift for Valentine&#8217;s Day or for another romantic celebration. This foil balloon is even 47 cm in size, so it will really captivate a loved one.<\/p>\n<p style=\"text-align: justify\">You can also take helium balloons in Vilnius. To retrieve balloons or order a large amount of balloons &#8211; contact by phone or email.\u00a0<\/p>\n","protected":false},"featured_media":19916,"template":"","meta":[],"product_brand":[],"product_cat":[270,1956,1960,916,1954],"product_tag":[],"class_list":{"0":"post-19914","1":"product","2":"type-product","3":"status-publish","4":"has-post-thumbnail","6":"product_cat-helium-balloons","7":"product_cat-foil-helium-balloons","8":"product_cat-helium-balloons-for-a-hen-party","9":"product_cat-helium-balloons-for-mom","10":"product_cat-helium-balloons-for-the-valentines-day","11":"tm-has-options","13":"first","14":"instock","15":"taxable","16":"shipping-taxable","17":"purchasable","18":"product-type-simple"},"yoast_head":"<!-- This site is optimized with the Yoast SEO plugin v25.3 - https:\/\/yoast.com\/wordpress\/plugins\/seo\/ -->\n<title>Helium balloon &quot;Heart\u201c | Helium Balloon Delivery in Vilnius | Gintar\u0117sG\u0117l\u0117s<\/title>\n<meta name=\"description\" content=\"A romantic and undeniably beautiful gift is a heart-shaped balloon. The glossy balloon is suitable not only for greetings and surprises, but also for decorating.\" \/>\n<meta name=\"robots\" content=\"index, follow, max-snippet:-1, max-image-preview:large, max-video-preview:-1\" \/>\n<link rel=\"canonical\" href=\"https:\/\/www.gintaresgeles.lt\/en\/puokste\/helium-balloon-heart\/\" \/>\n<meta property=\"og:locale\" content=\"en_US\" \/>\n<meta property=\"og:type\" content=\"article\" \/>\n<meta property=\"og:title\" content=\"Helium balloon &quot;Heart\u201c | Helium Balloon Delivery in Vilnius | Gintar\u0117sG\u0117l\u0117s\" \/>\n<meta property=\"og:description\" content=\"A romantic and undeniably beautiful gift is a heart-shaped balloon. The glossy balloon is suitable not only for greetings and surprises, but also for decorating.\" \/>\n<meta property=\"og:url\" content=\"https:\/\/www.gintaresgeles.lt\/en\/puokste\/helium-balloon-heart\/\" \/>\n<meta property=\"og:site_name\" content=\"gintaresgeles.lt\" \/>\n<meta property=\"article:modified_time\" content=\"2025-05-29T00:02:03+00:00\" \/>\n<meta property=\"og:image\" content=\"https:\/\/www.gintaresgeles.lt\/wp-content\/uploads\/2017\/05\/xl-helio-balionas-sirdele.jpg\" \/>\n\t<meta property=\"og:image:width\" content=\"600\" \/>\n\t<meta property=\"og:image:height\" content=\"600\" \/>\n\t<meta property=\"og:image:type\" content=\"image\/jpeg\" \/>\n<meta name=\"twitter:card\" content=\"summary_large_image\" \/>\n<script type=\"application\/ld+json\" class=\"yoast-schema-graph\">{\"@context\":\"https:\/\/schema.org\",\"@graph\":[{\"@type\":\"WebPage\",\"@id\":\"https:\/\/www.gintaresgeles.lt\/en\/puokste\/helium-balloon-heart\/\",\"url\":\"https:\/\/www.gintaresgeles.lt\/en\/puokste\/helium-balloon-heart\/\",\"name\":\"Helium balloon \\\"Heart\u201c | Helium Balloon Delivery in Vilnius | Gintar\u0117sG\u0117l\u0117s\",\"isPartOf\":{\"@id\":\"https:\/\/www.gintaresgeles.lt\/en\/#website\"},\"primaryImageOfPage\":{\"@id\":\"https:\/\/www.gintaresgeles.lt\/en\/puokste\/helium-balloon-heart\/#primaryimage\"},\"image\":{\"@id\":\"https:\/\/www.gintaresgeles.lt\/en\/puokste\/helium-balloon-heart\/#primaryimage\"},\"thumbnailUrl\":\"https:\/\/www.gintaresgeles.lt\/wp-content\/uploads\/2017\/05\/xl-helio-balionas-sirdele.jpg\",\"datePublished\":\"2017-05-23T11:38:37+00:00\",\"dateModified\":\"2025-05-29T00:02:03+00:00\",\"description\":\"A romantic and undeniably beautiful gift is a heart-shaped balloon. The glossy balloon is suitable not only for greetings and surprises, but also for decorating.\",\"breadcrumb\":{\"@id\":\"https:\/\/www.gintaresgeles.lt\/en\/puokste\/helium-balloon-heart\/#breadcrumb\"},\"inLanguage\":\"en-US\",\"potentialAction\":[{\"@type\":\"ReadAction\",\"target\":[\"https:\/\/www.gintaresgeles.lt\/en\/puokste\/helium-balloon-heart\/\"]}]},{\"@type\":\"ImageObject\",\"inLanguage\":\"en-US\",\"@id\":\"https:\/\/www.gintaresgeles.lt\/en\/puokste\/helium-balloon-heart\/#primaryimage\",\"url\":\"https:\/\/www.gintaresgeles.lt\/wp-content\/uploads\/2017\/05\/xl-helio-balionas-sirdele.jpg\",\"contentUrl\":\"https:\/\/www.gintaresgeles.lt\/wp-content\/uploads\/2017\/05\/xl-helio-balionas-sirdele.jpg\",\"width\":600,\"height\":600},{\"@type\":\"BreadcrumbList\",\"@id\":\"https:\/\/www.gintaresgeles.lt\/en\/puokste\/helium-balloon-heart\/#breadcrumb\",\"itemListElement\":[{\"@type\":\"ListItem\",\"position\":1,\"name\":\"Prad\u017eia\",\"item\":\"https:\/\/www.gintaresgeles.lt\/en\/\"},{\"@type\":\"ListItem\",\"position\":2,\"name\":\"All flowers and other products\",\"item\":\"https:\/\/www.gintaresgeles.lt\/en\/all-flowers-and-other-products\/\"},{\"@type\":\"ListItem\",\"position\":3,\"name\":\"Helium balloon &#8222;Heart\u201c\"}]},{\"@type\":\"WebSite\",\"@id\":\"https:\/\/www.gintaresgeles.lt\/en\/#website\",\"url\":\"https:\/\/www.gintaresgeles.lt\/en\/\",\"name\":\"Gintares Geles\",\"description\":\"Flower delivery in Vilnius | Same-day delivery | Gintares geles\",\"potentialAction\":[{\"@type\":\"SearchAction\",\"target\":{\"@type\":\"EntryPoint\",\"urlTemplate\":\"https:\/\/www.gintaresgeles.lt\/en\/?s={search_term_string}\"},\"query-input\":{\"@type\":\"PropertyValueSpecification\",\"valueRequired\":true,\"valueName\":\"search_term_string\"}}],\"inLanguage\":\"en-US\"}]}<\/script>\n<!-- \/ Yoast SEO plugin. -->","yoast_head_json":{"title":"Helium balloon \"Heart\u201c | Helium Balloon Delivery in Vilnius | Gintar\u0117sG\u0117l\u0117s","description":"A romantic and undeniably beautiful gift is a heart-shaped balloon. The glossy balloon is suitable not only for greetings and surprises, but also for decorating.","robots":{"index":"index","follow":"follow","max-snippet":"max-snippet:-1","max-image-preview":"max-image-preview:large","max-video-preview":"max-video-preview:-1"},"canonical":"https:\/\/www.gintaresgeles.lt\/en\/puokste\/helium-balloon-heart\/","og_locale":"en_US","og_type":"article","og_title":"Helium balloon \"Heart\u201c | Helium Balloon Delivery in Vilnius | Gintar\u0117sG\u0117l\u0117s","og_description":"A romantic and undeniably beautiful gift is a heart-shaped balloon. The glossy balloon is suitable not only for greetings and surprises, but also for decorating.","og_url":"https:\/\/www.gintaresgeles.lt\/en\/puokste\/helium-balloon-heart\/","og_site_name":"gintaresgeles.lt","article_modified_time":"2025-05-29T00:02:03+00:00","og_image":[{"width":600,"height":600,"url":"https:\/\/www.gintaresgeles.lt\/wp-content\/uploads\/2017\/05\/xl-helio-balionas-sirdele.jpg","type":"image\/jpeg"}],"twitter_card":"summary_large_image","schema":{"@context":"https:\/\/schema.org","@graph":[{"@type":"WebPage","@id":"https:\/\/www.gintaresgeles.lt\/en\/puokste\/helium-balloon-heart\/","url":"https:\/\/www.gintaresgeles.lt\/en\/puokste\/helium-balloon-heart\/","name":"Helium balloon \"Heart\u201c | Helium Balloon Delivery in Vilnius | Gintar\u0117sG\u0117l\u0117s","isPartOf":{"@id":"https:\/\/www.gintaresgeles.lt\/en\/#website"},"primaryImageOfPage":{"@id":"https:\/\/www.gintaresgeles.lt\/en\/puokste\/helium-balloon-heart\/#primaryimage"},"image":{"@id":"https:\/\/www.gintaresgeles.lt\/en\/puokste\/helium-balloon-heart\/#primaryimage"},"thumbnailUrl":"https:\/\/www.gintaresgeles.lt\/wp-content\/uploads\/2017\/05\/xl-helio-balionas-sirdele.jpg","datePublished":"2017-05-23T11:38:37+00:00","dateModified":"2025-05-29T00:02:03+00:00","description":"A romantic and undeniably beautiful gift is a heart-shaped balloon. The glossy balloon is suitable not only for greetings and surprises, but also for decorating.","breadcrumb":{"@id":"https:\/\/www.gintaresgeles.lt\/en\/puokste\/helium-balloon-heart\/#breadcrumb"},"inLanguage":"en-US","potentialAction":[{"@type":"ReadAction","target":["https:\/\/www.gintaresgeles.lt\/en\/puokste\/helium-balloon-heart\/"]}]},{"@type":"ImageObject","inLanguage":"en-US","@id":"https:\/\/www.gintaresgeles.lt\/en\/puokste\/helium-balloon-heart\/#primaryimage","url":"https:\/\/www.gintaresgeles.lt\/wp-content\/uploads\/2017\/05\/xl-helio-balionas-sirdele.jpg","contentUrl":"https:\/\/www.gintaresgeles.lt\/wp-content\/uploads\/2017\/05\/xl-helio-balionas-sirdele.jpg","width":600,"height":600},{"@type":"BreadcrumbList","@id":"https:\/\/www.gintaresgeles.lt\/en\/puokste\/helium-balloon-heart\/#breadcrumb","itemListElement":[{"@type":"ListItem","position":1,"name":"Prad\u017eia","item":"https:\/\/www.gintaresgeles.lt\/en\/"},{"@type":"ListItem","position":2,"name":"All flowers and other products","item":"https:\/\/www.gintaresgeles.lt\/en\/all-flowers-and-other-products\/"},{"@type":"ListItem","position":3,"name":"Helium balloon &#8222;Heart\u201c"}]},{"@type":"WebSite","@id":"https:\/\/www.gintaresgeles.lt\/en\/#website","url":"https:\/\/www.gintaresgeles.lt\/en\/","name":"Gintares Geles","description":"Flower delivery in Vilnius | Same-day delivery | Gintares geles","potentialAction":[{"@type":"SearchAction","target":{"@type":"EntryPoint","urlTemplate":"https:\/\/www.gintaresgeles.lt\/en\/?s={search_term_string}"},"query-input":{"@type":"PropertyValueSpecification","valueRequired":true,"valueName":"search_term_string"}}],"inLanguage":"en-US"}]}},"_links":{"self":[{"href":"https:\/\/www.gintaresgeles.lt\/en\/wp-json\/wp\/v2\/product\/19914","targetHints":{"allow":["GET"]}}],"collection":[{"href":"https:\/\/www.gintaresgeles.lt\/en\/wp-json\/wp\/v2\/product"}],"about":[{"href":"https:\/\/www.gintaresgeles.lt\/en\/wp-json\/wp\/v2\/types\/product"}],"wp:featuredmedia":[{"embeddable":true,"href":"https:\/\/www.gintaresgeles.lt\/en\/wp-json\/wp\/v2\/media\/19916"}],"wp:attachment":[{"href":"https:\/\/www.gintaresgeles.lt\/en\/wp-json\/wp\/v2\/media?parent=19914"}],"wp:term":[{"taxonomy":"product_brand","embeddable":true,"href":"https:\/\/www.gintaresgeles.lt\/en\/wp-json\/wp\/v2\/product_brand?post=19914"},{"taxonomy":"product_cat","embeddable":true,"href":"https:\/\/www.gintaresgeles.lt\/en\/wp-json\/wp\/v2\/product_cat?post=19914"},{"taxonomy":"product_tag","embeddable":true,"href":"https:\/\/www.gintaresgeles.lt\/en\/wp-json\/wp\/v2\/product_tag?post=19914"}],"curies":[{"name":"wp","href":"https:\/\/api.w.org\/{rel}","templated":true}]}}