{"id":19941,"date":"2017-05-22T08:21:21","date_gmt":"2017-05-22T10:21:21","guid":{"rendered":"https:\/\/www.gintaresgeles.lt\/?post_type=product&#038;p=19941"},"modified":"2025-05-29T02:02:04","modified_gmt":"2025-05-29T00:02:04","slug":"xxl-helium-balloon-flower","status":"publish","type":"product","link":"https:\/\/www.gintaresgeles.lt\/en\/puokste\/xxl-helium-balloon-flower\/","title":{"rendered":"XXL helium balloon &#8220;Flower\u201c"},"content":{"rendered":"<p>Pink flower-shaped balloon added to a flower bouquet is an ideal gift for women, ladies, and little girls. With its size, the gift will leave an unforgettable impression and make the surprise even more striking. This huge flower balloon may become a great decoration for the party. Such colorful and bright helium balloon will create lovely atmosphere and will become the symbol of the celebration.\u00a0<\/p>\n","protected":false},"excerpt":{"rendered":"<p style=\"text-align: justify\">The Flower helium Balloon is a fun and playful gift for any occasion that will really cheer you up and delight the recipient. A 89 cm &#8220;Flower&#8221; is a very suitable gift for children, but adults will not be unhappy.<\/p>\n<p style=\"text-align: justify\">You can also take Helium balloons in Vilnius. To retrieve balloons or order a large amount of balloons &#8211; contact by phone or email.\u00a0<\/p>\n","protected":false},"featured_media":58271,"template":"","meta":[],"product_brand":[],"product_cat":[270,1956,893,894,916],"product_tag":[],"class_list":{"0":"post-19941","1":"product","2":"type-product","3":"status-publish","4":"has-post-thumbnail","6":"product_cat-helium-balloons","7":"product_cat-foil-helium-balloons","8":"product_cat-helium-balloons-for-birthday","9":"product_cat-helium-balloons-for-kids","10":"product_cat-helium-balloons-for-mom","11":"tm-has-options","13":"first","14":"instock","15":"taxable","16":"shipping-taxable","17":"purchasable","18":"product-type-simple"},"yoast_head":"<!-- This site is optimized with the Yoast SEO plugin v25.3 - https:\/\/yoast.com\/wordpress\/plugins\/seo\/ -->\n<title>XXL helium balloon &quot;Flower\u201c | Helium Balloon Delivery| Gintar\u0117sG\u0117l\u0117s<\/title>\n<meta name=\"description\" content=\"A large helium-filled flower is a very fun and entertaining gift with selected flowers at any time. Surprise the receiver with a large balloon of helium.\" \/>\n<meta name=\"robots\" content=\"index, follow, max-snippet:-1, max-image-preview:large, max-video-preview:-1\" \/>\n<link rel=\"canonical\" href=\"https:\/\/www.gintaresgeles.lt\/en\/puokste\/xxl-helium-balloon-flower\/\" \/>\n<meta property=\"og:locale\" content=\"en_US\" \/>\n<meta property=\"og:type\" content=\"article\" \/>\n<meta property=\"og:title\" content=\"XXL helium balloon &quot;Flower\u201c | Helium Balloon Delivery| Gintar\u0117sG\u0117l\u0117s\" \/>\n<meta property=\"og:description\" content=\"A large helium-filled flower is a very fun and entertaining gift with selected flowers at any time. Surprise the receiver with a large balloon of helium.\" \/>\n<meta property=\"og:url\" content=\"https:\/\/www.gintaresgeles.lt\/en\/puokste\/xxl-helium-balloon-flower\/\" \/>\n<meta property=\"og:site_name\" content=\"gintaresgeles.lt\" \/>\n<meta property=\"article:modified_time\" content=\"2025-05-29T00:02:04+00:00\" \/>\n<meta property=\"og:image\" content=\"https:\/\/www.gintaresgeles.lt\/wp-content\/uploads\/2017\/05\/helio-balionas-gelyte.jpg\" \/>\n\t<meta property=\"og:image:width\" content=\"600\" \/>\n\t<meta property=\"og:image:height\" content=\"600\" \/>\n\t<meta property=\"og:image:type\" content=\"image\/jpeg\" \/>\n<meta name=\"twitter:card\" content=\"summary_large_image\" \/>\n<script type=\"application\/ld+json\" class=\"yoast-schema-graph\">{\"@context\":\"https:\/\/schema.org\",\"@graph\":[{\"@type\":\"WebPage\",\"@id\":\"https:\/\/www.gintaresgeles.lt\/en\/puokste\/xxl-helium-balloon-flower\/\",\"url\":\"https:\/\/www.gintaresgeles.lt\/en\/puokste\/xxl-helium-balloon-flower\/\",\"name\":\"XXL helium balloon \\\"Flower\u201c | Helium Balloon Delivery| Gintar\u0117sG\u0117l\u0117s\",\"isPartOf\":{\"@id\":\"https:\/\/www.gintaresgeles.lt\/en\/#website\"},\"primaryImageOfPage\":{\"@id\":\"https:\/\/www.gintaresgeles.lt\/en\/puokste\/xxl-helium-balloon-flower\/#primaryimage\"},\"image\":{\"@id\":\"https:\/\/www.gintaresgeles.lt\/en\/puokste\/xxl-helium-balloon-flower\/#primaryimage\"},\"thumbnailUrl\":\"https:\/\/www.gintaresgeles.lt\/wp-content\/uploads\/2017\/05\/folinis-balionas-rozine-gelyte.webp\",\"datePublished\":\"2017-05-22T10:21:21+00:00\",\"dateModified\":\"2025-05-29T00:02:04+00:00\",\"description\":\"A large helium-filled flower is a very fun and entertaining gift with selected flowers at any time. Surprise the receiver with a large balloon of helium.\",\"breadcrumb\":{\"@id\":\"https:\/\/www.gintaresgeles.lt\/en\/puokste\/xxl-helium-balloon-flower\/#breadcrumb\"},\"inLanguage\":\"en-US\",\"potentialAction\":[{\"@type\":\"ReadAction\",\"target\":[\"https:\/\/www.gintaresgeles.lt\/en\/puokste\/xxl-helium-balloon-flower\/\"]}]},{\"@type\":\"ImageObject\",\"inLanguage\":\"en-US\",\"@id\":\"https:\/\/www.gintaresgeles.lt\/en\/puokste\/xxl-helium-balloon-flower\/#primaryimage\",\"url\":\"https:\/\/www.gintaresgeles.lt\/wp-content\/uploads\/2017\/05\/folinis-balionas-rozine-gelyte.webp\",\"contentUrl\":\"https:\/\/www.gintaresgeles.lt\/wp-content\/uploads\/2017\/05\/folinis-balionas-rozine-gelyte.webp\",\"width\":600,\"height\":600,\"caption\":\"folinis-balionas-rozine-gelyte\"},{\"@type\":\"BreadcrumbList\",\"@id\":\"https:\/\/www.gintaresgeles.lt\/en\/puokste\/xxl-helium-balloon-flower\/#breadcrumb\",\"itemListElement\":[{\"@type\":\"ListItem\",\"position\":1,\"name\":\"Prad\u017eia\",\"item\":\"https:\/\/www.gintaresgeles.lt\/en\/\"},{\"@type\":\"ListItem\",\"position\":2,\"name\":\"All flowers and other products\",\"item\":\"https:\/\/www.gintaresgeles.lt\/en\/all-flowers-and-other-products\/\"},{\"@type\":\"ListItem\",\"position\":3,\"name\":\"XXL helium balloon &#8222;Flower\u201c\"}]},{\"@type\":\"WebSite\",\"@id\":\"https:\/\/www.gintaresgeles.lt\/en\/#website\",\"url\":\"https:\/\/www.gintaresgeles.lt\/en\/\",\"name\":\"gintaresgeles.lt\",\"description\":\"G\u0117li\u0173 parduotuv\u0117 internete\",\"potentialAction\":[{\"@type\":\"SearchAction\",\"target\":{\"@type\":\"EntryPoint\",\"urlTemplate\":\"https:\/\/www.gintaresgeles.lt\/en\/?s={search_term_string}\"},\"query-input\":{\"@type\":\"PropertyValueSpecification\",\"valueRequired\":true,\"valueName\":\"search_term_string\"}}],\"inLanguage\":\"en-US\"}]}<\/script>\n<!-- \/ Yoast SEO plugin. -->","yoast_head_json":{"title":"XXL helium balloon \"Flower\u201c | Helium Balloon Delivery| Gintar\u0117sG\u0117l\u0117s","description":"A large helium-filled flower is a very fun and entertaining gift with selected flowers at any time. Surprise the receiver with a large balloon of helium.","robots":{"index":"index","follow":"follow","max-snippet":"max-snippet:-1","max-image-preview":"max-image-preview:large","max-video-preview":"max-video-preview:-1"},"canonical":"https:\/\/www.gintaresgeles.lt\/en\/puokste\/xxl-helium-balloon-flower\/","og_locale":"en_US","og_type":"article","og_title":"XXL helium balloon \"Flower\u201c | Helium Balloon Delivery| Gintar\u0117sG\u0117l\u0117s","og_description":"A large helium-filled flower is a very fun and entertaining gift with selected flowers at any time. Surprise the receiver with a large balloon of helium.","og_url":"https:\/\/www.gintaresgeles.lt\/en\/puokste\/xxl-helium-balloon-flower\/","og_site_name":"gintaresgeles.lt","article_modified_time":"2025-05-29T00:02:04+00:00","og_image":[{"width":600,"height":600,"url":"https:\/\/www.gintaresgeles.lt\/wp-content\/uploads\/2017\/05\/helio-balionas-gelyte.jpg","type":"image\/jpeg"}],"twitter_card":"summary_large_image","schema":{"@context":"https:\/\/schema.org","@graph":[{"@type":"WebPage","@id":"https:\/\/www.gintaresgeles.lt\/en\/puokste\/xxl-helium-balloon-flower\/","url":"https:\/\/www.gintaresgeles.lt\/en\/puokste\/xxl-helium-balloon-flower\/","name":"XXL helium balloon \"Flower\u201c | Helium Balloon Delivery| Gintar\u0117sG\u0117l\u0117s","isPartOf":{"@id":"https:\/\/www.gintaresgeles.lt\/en\/#website"},"primaryImageOfPage":{"@id":"https:\/\/www.gintaresgeles.lt\/en\/puokste\/xxl-helium-balloon-flower\/#primaryimage"},"image":{"@id":"https:\/\/www.gintaresgeles.lt\/en\/puokste\/xxl-helium-balloon-flower\/#primaryimage"},"thumbnailUrl":"https:\/\/www.gintaresgeles.lt\/wp-content\/uploads\/2017\/05\/folinis-balionas-rozine-gelyte.webp","datePublished":"2017-05-22T10:21:21+00:00","dateModified":"2025-05-29T00:02:04+00:00","description":"A large helium-filled flower is a very fun and entertaining gift with selected flowers at any time. Surprise the receiver with a large balloon of helium.","breadcrumb":{"@id":"https:\/\/www.gintaresgeles.lt\/en\/puokste\/xxl-helium-balloon-flower\/#breadcrumb"},"inLanguage":"en-US","potentialAction":[{"@type":"ReadAction","target":["https:\/\/www.gintaresgeles.lt\/en\/puokste\/xxl-helium-balloon-flower\/"]}]},{"@type":"ImageObject","inLanguage":"en-US","@id":"https:\/\/www.gintaresgeles.lt\/en\/puokste\/xxl-helium-balloon-flower\/#primaryimage","url":"https:\/\/www.gintaresgeles.lt\/wp-content\/uploads\/2017\/05\/folinis-balionas-rozine-gelyte.webp","contentUrl":"https:\/\/www.gintaresgeles.lt\/wp-content\/uploads\/2017\/05\/folinis-balionas-rozine-gelyte.webp","width":600,"height":600,"caption":"folinis-balionas-rozine-gelyte"},{"@type":"BreadcrumbList","@id":"https:\/\/www.gintaresgeles.lt\/en\/puokste\/xxl-helium-balloon-flower\/#breadcrumb","itemListElement":[{"@type":"ListItem","position":1,"name":"Prad\u017eia","item":"https:\/\/www.gintaresgeles.lt\/en\/"},{"@type":"ListItem","position":2,"name":"All flowers and other products","item":"https:\/\/www.gintaresgeles.lt\/en\/all-flowers-and-other-products\/"},{"@type":"ListItem","position":3,"name":"XXL helium balloon &#8222;Flower\u201c"}]},{"@type":"WebSite","@id":"https:\/\/www.gintaresgeles.lt\/en\/#website","url":"https:\/\/www.gintaresgeles.lt\/en\/","name":"gintaresgeles.lt","description":"G\u0117li\u0173 parduotuv\u0117 internete","potentialAction":[{"@type":"SearchAction","target":{"@type":"EntryPoint","urlTemplate":"https:\/\/www.gintaresgeles.lt\/en\/?s={search_term_string}"},"query-input":{"@type":"PropertyValueSpecification","valueRequired":true,"valueName":"search_term_string"}}],"inLanguage":"en-US"}]}},"_links":{"self":[{"href":"https:\/\/www.gintaresgeles.lt\/en\/wp-json\/wp\/v2\/product\/19941","targetHints":{"allow":["GET"]}}],"collection":[{"href":"https:\/\/www.gintaresgeles.lt\/en\/wp-json\/wp\/v2\/product"}],"about":[{"href":"https:\/\/www.gintaresgeles.lt\/en\/wp-json\/wp\/v2\/types\/product"}],"wp:featuredmedia":[{"embeddable":true,"href":"https:\/\/www.gintaresgeles.lt\/en\/wp-json\/wp\/v2\/media\/58271"}],"wp:attachment":[{"href":"https:\/\/www.gintaresgeles.lt\/en\/wp-json\/wp\/v2\/media?parent=19941"}],"wp:term":[{"taxonomy":"product_brand","embeddable":true,"href":"https:\/\/www.gintaresgeles.lt\/en\/wp-json\/wp\/v2\/product_brand?post=19941"},{"taxonomy":"product_cat","embeddable":true,"href":"https:\/\/www.gintaresgeles.lt\/en\/wp-json\/wp\/v2\/product_cat?post=19941"},{"taxonomy":"product_tag","embeddable":true,"href":"https:\/\/www.gintaresgeles.lt\/en\/wp-json\/wp\/v2\/product_tag?post=19941"}],"curies":[{"name":"wp","href":"https:\/\/api.w.org\/{rel}","templated":true}]}}