{"id":19981,"date":"2017-05-19T08:39:29","date_gmt":"2018-08-28T10:40:29","guid":{"rendered":"https:\/\/www.gintaresgeles.lt\/?post_type=product&#038;p=19981"},"modified":"2025-05-29T02:02:06","modified_gmt":"2025-05-29T00:02:06","slug":"one-color-helium-balloons","status":"publish","type":"product","link":"https:\/\/www.gintaresgeles.lt\/en\/puokste\/one-color-helium-balloons\/","title":{"rendered":"One color helium balloons"},"content":{"rendered":"<p>One gifted helium balloon always looks great, however, a colorful balloon bouquet will not leave anyone indifferent. Choose the colors, quantity, and create your own multicolored balloon bouquet. Helium balloons may also be used as decorations. Our balloons are of a good quality, sustainable, the color do not fade. Brighten up someone&#8217;s day by gifting balloons with flowers or even without them.\u00a0<\/p>\n","protected":false},"excerpt":{"rendered":"<p>Do you give flowers and are looking for something that would really surprise the recipient? If so, then the colorful and bright helium balloons are the most appropriate choice. Helium balloons are great for children, but their playfulness and joy are enjoyed by adults too! You can also take Helium balloons in Vilnius. To retrieve balloons or order a large amount of balloons &#8211; contact by phone or email.\u00a0<\/p>\n","protected":false},"featured_media":19984,"template":"","meta":[],"product_brand":[],"product_cat":[270,893,915,894,916,1203],"product_tag":[],"class_list":{"0":"post-19981","1":"product","2":"type-product","3":"status-publish","4":"has-post-thumbnail","6":"product_cat-helium-balloons","7":"product_cat-helium-balloons-for-birthday","8":"product_cat-helium-balloons-for-childbirth","9":"product_cat-helium-balloons-for-kids","10":"product_cat-helium-balloons-for-mom","11":"product_cat-helium-rubber-balloons","12":"tm-no-options","14":"first","15":"outofstock","16":"taxable","17":"shipping-taxable","18":"purchasable","19":"product-type-variable","20":"has-default-attributes"},"yoast_head":"<!-- This site is optimized with the Yoast SEO plugin v25.3 - https:\/\/yoast.com\/wordpress\/plugins\/seo\/ -->\n<title>One Color helium balloons with delivery in Vilnius | Gintar\u0117sG\u0117l\u0117s<\/title>\n<meta name=\"description\" content=\"Helium balloons are an ideal gift with flowers. They will not only enhance the effect of the surprise, but will also raise the mood of the recipient with their colors and gleaming joy.\" \/>\n<meta name=\"robots\" content=\"index, follow, max-snippet:-1, max-image-preview:large, max-video-preview:-1\" \/>\n<link rel=\"canonical\" href=\"https:\/\/www.gintaresgeles.lt\/en\/puokste\/one-color-helium-balloons\/\" \/>\n<meta property=\"og:locale\" content=\"en_US\" \/>\n<meta property=\"og:type\" content=\"article\" \/>\n<meta property=\"og:title\" content=\"One Color helium balloons with delivery in Vilnius | Gintar\u0117sG\u0117l\u0117s\" \/>\n<meta property=\"og:description\" content=\"Helium balloons are an ideal gift with flowers. They will not only enhance the effect of the surprise, but will also raise the mood of the recipient with their colors and gleaming joy.\" \/>\n<meta property=\"og:url\" content=\"https:\/\/www.gintaresgeles.lt\/en\/puokste\/one-color-helium-balloons\/\" \/>\n<meta property=\"og:site_name\" content=\"gintaresgeles.lt\" \/>\n<meta property=\"article:modified_time\" content=\"2025-05-29T00:02:06+00:00\" \/>\n<meta property=\"og:image\" content=\"https:\/\/www.gintaresgeles.lt\/wp-content\/uploads\/2018\/08\/vienspalviai-helio-balionai-300x300.jpg\" \/>\n\t<meta property=\"og:image:width\" content=\"300\" \/>\n\t<meta property=\"og:image:height\" content=\"300\" \/>\n\t<meta property=\"og:image:type\" content=\"image\/jpeg\" \/>\n<meta name=\"twitter:card\" content=\"summary_large_image\" \/>\n<script type=\"application\/ld+json\" class=\"yoast-schema-graph\">{\"@context\":\"https:\/\/schema.org\",\"@graph\":[{\"@type\":\"WebPage\",\"@id\":\"https:\/\/www.gintaresgeles.lt\/en\/puokste\/one-color-helium-balloons\/\",\"url\":\"https:\/\/www.gintaresgeles.lt\/en\/puokste\/one-color-helium-balloons\/\",\"name\":\"One Color helium balloons with delivery in Vilnius | Gintar\u0117sG\u0117l\u0117s\",\"isPartOf\":{\"@id\":\"https:\/\/www.gintaresgeles.lt\/en\/#website\"},\"primaryImageOfPage\":{\"@id\":\"https:\/\/www.gintaresgeles.lt\/en\/puokste\/one-color-helium-balloons\/#primaryimage\"},\"image\":{\"@id\":\"https:\/\/www.gintaresgeles.lt\/en\/puokste\/one-color-helium-balloons\/#primaryimage\"},\"thumbnailUrl\":\"https:\/\/www.gintaresgeles.lt\/wp-content\/uploads\/2018\/08\/vienspalviai-helio-balionai-300x300.jpg\",\"datePublished\":\"2018-08-28T10:40:29+00:00\",\"dateModified\":\"2025-05-29T00:02:06+00:00\",\"description\":\"Helium balloons are an ideal gift with flowers. They will not only enhance the effect of the surprise, but will also raise the mood of the recipient with their colors and gleaming joy.\",\"breadcrumb\":{\"@id\":\"https:\/\/www.gintaresgeles.lt\/en\/puokste\/one-color-helium-balloons\/#breadcrumb\"},\"inLanguage\":\"en-US\",\"potentialAction\":[{\"@type\":\"ReadAction\",\"target\":[\"https:\/\/www.gintaresgeles.lt\/en\/puokste\/one-color-helium-balloons\/\"]}]},{\"@type\":\"ImageObject\",\"inLanguage\":\"en-US\",\"@id\":\"https:\/\/www.gintaresgeles.lt\/en\/puokste\/one-color-helium-balloons\/#primaryimage\",\"url\":\"https:\/\/www.gintaresgeles.lt\/wp-content\/uploads\/2018\/08\/vienspalviai-helio-balionai-300x300.jpg\",\"contentUrl\":\"https:\/\/www.gintaresgeles.lt\/wp-content\/uploads\/2018\/08\/vienspalviai-helio-balionai-300x300.jpg\",\"width\":300,\"height\":300},{\"@type\":\"BreadcrumbList\",\"@id\":\"https:\/\/www.gintaresgeles.lt\/en\/puokste\/one-color-helium-balloons\/#breadcrumb\",\"itemListElement\":[{\"@type\":\"ListItem\",\"position\":1,\"name\":\"Prad\u017eia\",\"item\":\"https:\/\/www.gintaresgeles.lt\/en\/\"},{\"@type\":\"ListItem\",\"position\":2,\"name\":\"All flowers and other products\",\"item\":\"https:\/\/www.gintaresgeles.lt\/en\/all-flowers-and-other-products\/\"},{\"@type\":\"ListItem\",\"position\":3,\"name\":\"One color helium balloons\"}]},{\"@type\":\"WebSite\",\"@id\":\"https:\/\/www.gintaresgeles.lt\/en\/#website\",\"url\":\"https:\/\/www.gintaresgeles.lt\/en\/\",\"name\":\"gintaresgeles.lt\",\"description\":\"G\u0117li\u0173 parduotuv\u0117 internete\",\"potentialAction\":[{\"@type\":\"SearchAction\",\"target\":{\"@type\":\"EntryPoint\",\"urlTemplate\":\"https:\/\/www.gintaresgeles.lt\/en\/?s={search_term_string}\"},\"query-input\":{\"@type\":\"PropertyValueSpecification\",\"valueRequired\":true,\"valueName\":\"search_term_string\"}}],\"inLanguage\":\"en-US\"}]}<\/script>\n<!-- \/ Yoast SEO plugin. -->","yoast_head_json":{"title":"One Color helium balloons with delivery in Vilnius | Gintar\u0117sG\u0117l\u0117s","description":"Helium balloons are an ideal gift with flowers. They will not only enhance the effect of the surprise, but will also raise the mood of the recipient with their colors and gleaming joy.","robots":{"index":"index","follow":"follow","max-snippet":"max-snippet:-1","max-image-preview":"max-image-preview:large","max-video-preview":"max-video-preview:-1"},"canonical":"https:\/\/www.gintaresgeles.lt\/en\/puokste\/one-color-helium-balloons\/","og_locale":"en_US","og_type":"article","og_title":"One Color helium balloons with delivery in Vilnius | Gintar\u0117sG\u0117l\u0117s","og_description":"Helium balloons are an ideal gift with flowers. They will not only enhance the effect of the surprise, but will also raise the mood of the recipient with their colors and gleaming joy.","og_url":"https:\/\/www.gintaresgeles.lt\/en\/puokste\/one-color-helium-balloons\/","og_site_name":"gintaresgeles.lt","article_modified_time":"2025-05-29T00:02:06+00:00","og_image":[{"width":300,"height":300,"url":"https:\/\/www.gintaresgeles.lt\/wp-content\/uploads\/2018\/08\/vienspalviai-helio-balionai-300x300.jpg","type":"image\/jpeg"}],"twitter_card":"summary_large_image","schema":{"@context":"https:\/\/schema.org","@graph":[{"@type":"WebPage","@id":"https:\/\/www.gintaresgeles.lt\/en\/puokste\/one-color-helium-balloons\/","url":"https:\/\/www.gintaresgeles.lt\/en\/puokste\/one-color-helium-balloons\/","name":"One Color helium balloons with delivery in Vilnius | Gintar\u0117sG\u0117l\u0117s","isPartOf":{"@id":"https:\/\/www.gintaresgeles.lt\/en\/#website"},"primaryImageOfPage":{"@id":"https:\/\/www.gintaresgeles.lt\/en\/puokste\/one-color-helium-balloons\/#primaryimage"},"image":{"@id":"https:\/\/www.gintaresgeles.lt\/en\/puokste\/one-color-helium-balloons\/#primaryimage"},"thumbnailUrl":"https:\/\/www.gintaresgeles.lt\/wp-content\/uploads\/2018\/08\/vienspalviai-helio-balionai-300x300.jpg","datePublished":"2018-08-28T10:40:29+00:00","dateModified":"2025-05-29T00:02:06+00:00","description":"Helium balloons are an ideal gift with flowers. They will not only enhance the effect of the surprise, but will also raise the mood of the recipient with their colors and gleaming joy.","breadcrumb":{"@id":"https:\/\/www.gintaresgeles.lt\/en\/puokste\/one-color-helium-balloons\/#breadcrumb"},"inLanguage":"en-US","potentialAction":[{"@type":"ReadAction","target":["https:\/\/www.gintaresgeles.lt\/en\/puokste\/one-color-helium-balloons\/"]}]},{"@type":"ImageObject","inLanguage":"en-US","@id":"https:\/\/www.gintaresgeles.lt\/en\/puokste\/one-color-helium-balloons\/#primaryimage","url":"https:\/\/www.gintaresgeles.lt\/wp-content\/uploads\/2018\/08\/vienspalviai-helio-balionai-300x300.jpg","contentUrl":"https:\/\/www.gintaresgeles.lt\/wp-content\/uploads\/2018\/08\/vienspalviai-helio-balionai-300x300.jpg","width":300,"height":300},{"@type":"BreadcrumbList","@id":"https:\/\/www.gintaresgeles.lt\/en\/puokste\/one-color-helium-balloons\/#breadcrumb","itemListElement":[{"@type":"ListItem","position":1,"name":"Prad\u017eia","item":"https:\/\/www.gintaresgeles.lt\/en\/"},{"@type":"ListItem","position":2,"name":"All flowers and other products","item":"https:\/\/www.gintaresgeles.lt\/en\/all-flowers-and-other-products\/"},{"@type":"ListItem","position":3,"name":"One color helium balloons"}]},{"@type":"WebSite","@id":"https:\/\/www.gintaresgeles.lt\/en\/#website","url":"https:\/\/www.gintaresgeles.lt\/en\/","name":"gintaresgeles.lt","description":"G\u0117li\u0173 parduotuv\u0117 internete","potentialAction":[{"@type":"SearchAction","target":{"@type":"EntryPoint","urlTemplate":"https:\/\/www.gintaresgeles.lt\/en\/?s={search_term_string}"},"query-input":{"@type":"PropertyValueSpecification","valueRequired":true,"valueName":"search_term_string"}}],"inLanguage":"en-US"}]}},"_links":{"self":[{"href":"https:\/\/www.gintaresgeles.lt\/en\/wp-json\/wp\/v2\/product\/19981","targetHints":{"allow":["GET"]}}],"collection":[{"href":"https:\/\/www.gintaresgeles.lt\/en\/wp-json\/wp\/v2\/product"}],"about":[{"href":"https:\/\/www.gintaresgeles.lt\/en\/wp-json\/wp\/v2\/types\/product"}],"wp:featuredmedia":[{"embeddable":true,"href":"https:\/\/www.gintaresgeles.lt\/en\/wp-json\/wp\/v2\/media\/19984"}],"wp:attachment":[{"href":"https:\/\/www.gintaresgeles.lt\/en\/wp-json\/wp\/v2\/media?parent=19981"}],"wp:term":[{"taxonomy":"product_brand","embeddable":true,"href":"https:\/\/www.gintaresgeles.lt\/en\/wp-json\/wp\/v2\/product_brand?post=19981"},{"taxonomy":"product_cat","embeddable":true,"href":"https:\/\/www.gintaresgeles.lt\/en\/wp-json\/wp\/v2\/product_cat?post=19981"},{"taxonomy":"product_tag","embeddable":true,"href":"https:\/\/www.gintaresgeles.lt\/en\/wp-json\/wp\/v2\/product_tag?post=19981"}],"curies":[{"name":"wp","href":"https:\/\/api.w.org\/{rel}","templated":true}]}}