{"id":19998,"date":"2017-05-30T09:19:39","date_gmt":"2018-08-28T12:07:27","guid":{"rendered":"https:\/\/www.gintaresgeles.lt\/?post_type=product&#038;p=19998"},"modified":"2025-05-29T02:02:00","modified_gmt":"2025-05-29T00:02:00","slug":"ivairiu-spalvu-helio-balionai-sypseneles","status":"publish","type":"product","link":"https:\/\/www.gintaresgeles.lt\/en\/puokste\/ivairiu-spalvu-helio-balionai-sypseneles\/","title":{"rendered":"Different colors of helium balloons &#8220;Smiles&#8221;"},"content":{"rendered":"<p>These balloons can be inflated with helium only on the same day you order. You may choose from 6 colors: purple, green, yellow, orange, red, and blue. Balloons are of a bright color, so they will not discolor. Different color balloons &#8220;Smiles&#8221; will look good together, however, you may mix them with other one-colored balloons or with the ones that have other funny inscriptions.\u00a0<\/p>\n","protected":false},"excerpt":{"rendered":"<p style=\"text-align: justify\">Helium balloons, all-purpose and suitable for all celebrations, &#8220;Smiles&#8221; will be an additional gift with flowers or even without them! These balloons are suitable for both men and women and, of course, for children. Surprise friends or family members with floating balloon bundles!<\/p>\n","protected":false},"featured_media":20000,"template":"","meta":[],"product_brand":[],"product_cat":[270,893,915,894,916,1203],"product_tag":[],"class_list":{"0":"post-19998","1":"product","2":"type-product","3":"status-publish","4":"has-post-thumbnail","6":"product_cat-helium-balloons","7":"product_cat-helium-balloons-for-birthday","8":"product_cat-helium-balloons-for-childbirth","9":"product_cat-helium-balloons-for-kids","10":"product_cat-helium-balloons-for-mom","11":"product_cat-helium-rubber-balloons","12":"tm-no-options","14":"first","15":"instock","16":"taxable","17":"shipping-taxable","18":"purchasable","19":"product-type-variable","20":"has-default-attributes"},"yoast_head":"<!-- This site is optimized with the Yoast SEO plugin v25.3 - https:\/\/yoast.com\/wordpress\/plugins\/seo\/ -->\n<title>Different colors of helium balloons &quot;Smiles&quot; | Balloons online | Gintar\u0117sG\u0117l\u0117s<\/title>\n<meta name=\"description\" content=\"Congratulate friends or loved ones with the colorful balloons of helium, who will delight each one! Smiles are balloons for every celebration!\" \/>\n<meta name=\"robots\" content=\"index, follow, max-snippet:-1, max-image-preview:large, max-video-preview:-1\" \/>\n<link rel=\"canonical\" href=\"https:\/\/www.gintaresgeles.lt\/en\/puokste\/ivairiu-spalvu-helio-balionai-sypseneles\/\" \/>\n<meta property=\"og:locale\" content=\"en_US\" \/>\n<meta property=\"og:type\" content=\"article\" \/>\n<meta property=\"og:title\" content=\"Different colors of helium balloons &quot;Smiles&quot; | Balloons online | Gintar\u0117sG\u0117l\u0117s\" \/>\n<meta property=\"og:description\" content=\"Congratulate friends or loved ones with the colorful balloons of helium, who will delight each one! Smiles are balloons for every celebration!\" \/>\n<meta property=\"og:url\" content=\"https:\/\/www.gintaresgeles.lt\/en\/puokste\/ivairiu-spalvu-helio-balionai-sypseneles\/\" \/>\n<meta property=\"og:site_name\" content=\"gintaresgeles.lt\" \/>\n<meta property=\"article:modified_time\" content=\"2025-05-29T00:02:00+00:00\" \/>\n<meta property=\"og:image\" content=\"https:\/\/www.gintaresgeles.lt\/wp-content\/uploads\/2018\/07\/balionai-su-sypsenelemis.jpg\" \/>\n\t<meta property=\"og:image:width\" content=\"600\" \/>\n\t<meta property=\"og:image:height\" content=\"600\" \/>\n\t<meta property=\"og:image:type\" content=\"image\/jpeg\" \/>\n<meta name=\"twitter:card\" content=\"summary_large_image\" \/>\n<script type=\"application\/ld+json\" class=\"yoast-schema-graph\">{\"@context\":\"https:\/\/schema.org\",\"@graph\":[{\"@type\":\"WebPage\",\"@id\":\"https:\/\/www.gintaresgeles.lt\/en\/puokste\/ivairiu-spalvu-helio-balionai-sypseneles\/\",\"url\":\"https:\/\/www.gintaresgeles.lt\/en\/puokste\/ivairiu-spalvu-helio-balionai-sypseneles\/\",\"name\":\"Different colors of helium balloons \\\"Smiles\\\" | Balloons online | Gintar\u0117sG\u0117l\u0117s\",\"isPartOf\":{\"@id\":\"https:\/\/www.gintaresgeles.lt\/en\/#website\"},\"primaryImageOfPage\":{\"@id\":\"https:\/\/www.gintaresgeles.lt\/en\/puokste\/ivairiu-spalvu-helio-balionai-sypseneles\/#primaryimage\"},\"image\":{\"@id\":\"https:\/\/www.gintaresgeles.lt\/en\/puokste\/ivairiu-spalvu-helio-balionai-sypseneles\/#primaryimage\"},\"thumbnailUrl\":\"https:\/\/www.gintaresgeles.lt\/wp-content\/uploads\/2018\/07\/balionai-su-sypsenelemis.jpg\",\"datePublished\":\"2018-08-28T12:07:27+00:00\",\"dateModified\":\"2025-05-29T00:02:00+00:00\",\"description\":\"Congratulate friends or loved ones with the colorful balloons of helium, who will delight each one! Smiles are balloons for every celebration!\",\"breadcrumb\":{\"@id\":\"https:\/\/www.gintaresgeles.lt\/en\/puokste\/ivairiu-spalvu-helio-balionai-sypseneles\/#breadcrumb\"},\"inLanguage\":\"en-US\",\"potentialAction\":[{\"@type\":\"ReadAction\",\"target\":[\"https:\/\/www.gintaresgeles.lt\/en\/puokste\/ivairiu-spalvu-helio-balionai-sypseneles\/\"]}]},{\"@type\":\"ImageObject\",\"inLanguage\":\"en-US\",\"@id\":\"https:\/\/www.gintaresgeles.lt\/en\/puokste\/ivairiu-spalvu-helio-balionai-sypseneles\/#primaryimage\",\"url\":\"https:\/\/www.gintaresgeles.lt\/wp-content\/uploads\/2018\/07\/balionai-su-sypsenelemis.jpg\",\"contentUrl\":\"https:\/\/www.gintaresgeles.lt\/wp-content\/uploads\/2018\/07\/balionai-su-sypsenelemis.jpg\",\"width\":600,\"height\":600},{\"@type\":\"BreadcrumbList\",\"@id\":\"https:\/\/www.gintaresgeles.lt\/en\/puokste\/ivairiu-spalvu-helio-balionai-sypseneles\/#breadcrumb\",\"itemListElement\":[{\"@type\":\"ListItem\",\"position\":1,\"name\":\"Prad\u017eia\",\"item\":\"https:\/\/www.gintaresgeles.lt\/en\/\"},{\"@type\":\"ListItem\",\"position\":2,\"name\":\"All flowers and other products\",\"item\":\"https:\/\/www.gintaresgeles.lt\/en\/all-flowers-and-other-products\/\"},{\"@type\":\"ListItem\",\"position\":3,\"name\":\"Different colors of helium balloons &#8222;Smiles&#8221;\"}]},{\"@type\":\"WebSite\",\"@id\":\"https:\/\/www.gintaresgeles.lt\/en\/#website\",\"url\":\"https:\/\/www.gintaresgeles.lt\/en\/\",\"name\":\"gintaresgeles.lt\",\"description\":\"G\u0117li\u0173 parduotuv\u0117 internete\",\"potentialAction\":[{\"@type\":\"SearchAction\",\"target\":{\"@type\":\"EntryPoint\",\"urlTemplate\":\"https:\/\/www.gintaresgeles.lt\/en\/?s={search_term_string}\"},\"query-input\":{\"@type\":\"PropertyValueSpecification\",\"valueRequired\":true,\"valueName\":\"search_term_string\"}}],\"inLanguage\":\"en-US\"}]}<\/script>\n<!-- \/ Yoast SEO plugin. -->","yoast_head_json":{"title":"Different colors of helium balloons \"Smiles\" | Balloons online | Gintar\u0117sG\u0117l\u0117s","description":"Congratulate friends or loved ones with the colorful balloons of helium, who will delight each one! Smiles are balloons for every celebration!","robots":{"index":"index","follow":"follow","max-snippet":"max-snippet:-1","max-image-preview":"max-image-preview:large","max-video-preview":"max-video-preview:-1"},"canonical":"https:\/\/www.gintaresgeles.lt\/en\/puokste\/ivairiu-spalvu-helio-balionai-sypseneles\/","og_locale":"en_US","og_type":"article","og_title":"Different colors of helium balloons \"Smiles\" | Balloons online | Gintar\u0117sG\u0117l\u0117s","og_description":"Congratulate friends or loved ones with the colorful balloons of helium, who will delight each one! Smiles are balloons for every celebration!","og_url":"https:\/\/www.gintaresgeles.lt\/en\/puokste\/ivairiu-spalvu-helio-balionai-sypseneles\/","og_site_name":"gintaresgeles.lt","article_modified_time":"2025-05-29T00:02:00+00:00","og_image":[{"width":600,"height":600,"url":"https:\/\/www.gintaresgeles.lt\/wp-content\/uploads\/2018\/07\/balionai-su-sypsenelemis.jpg","type":"image\/jpeg"}],"twitter_card":"summary_large_image","schema":{"@context":"https:\/\/schema.org","@graph":[{"@type":"WebPage","@id":"https:\/\/www.gintaresgeles.lt\/en\/puokste\/ivairiu-spalvu-helio-balionai-sypseneles\/","url":"https:\/\/www.gintaresgeles.lt\/en\/puokste\/ivairiu-spalvu-helio-balionai-sypseneles\/","name":"Different colors of helium balloons \"Smiles\" | Balloons online | Gintar\u0117sG\u0117l\u0117s","isPartOf":{"@id":"https:\/\/www.gintaresgeles.lt\/en\/#website"},"primaryImageOfPage":{"@id":"https:\/\/www.gintaresgeles.lt\/en\/puokste\/ivairiu-spalvu-helio-balionai-sypseneles\/#primaryimage"},"image":{"@id":"https:\/\/www.gintaresgeles.lt\/en\/puokste\/ivairiu-spalvu-helio-balionai-sypseneles\/#primaryimage"},"thumbnailUrl":"https:\/\/www.gintaresgeles.lt\/wp-content\/uploads\/2018\/07\/balionai-su-sypsenelemis.jpg","datePublished":"2018-08-28T12:07:27+00:00","dateModified":"2025-05-29T00:02:00+00:00","description":"Congratulate friends or loved ones with the colorful balloons of helium, who will delight each one! Smiles are balloons for every celebration!","breadcrumb":{"@id":"https:\/\/www.gintaresgeles.lt\/en\/puokste\/ivairiu-spalvu-helio-balionai-sypseneles\/#breadcrumb"},"inLanguage":"en-US","potentialAction":[{"@type":"ReadAction","target":["https:\/\/www.gintaresgeles.lt\/en\/puokste\/ivairiu-spalvu-helio-balionai-sypseneles\/"]}]},{"@type":"ImageObject","inLanguage":"en-US","@id":"https:\/\/www.gintaresgeles.lt\/en\/puokste\/ivairiu-spalvu-helio-balionai-sypseneles\/#primaryimage","url":"https:\/\/www.gintaresgeles.lt\/wp-content\/uploads\/2018\/07\/balionai-su-sypsenelemis.jpg","contentUrl":"https:\/\/www.gintaresgeles.lt\/wp-content\/uploads\/2018\/07\/balionai-su-sypsenelemis.jpg","width":600,"height":600},{"@type":"BreadcrumbList","@id":"https:\/\/www.gintaresgeles.lt\/en\/puokste\/ivairiu-spalvu-helio-balionai-sypseneles\/#breadcrumb","itemListElement":[{"@type":"ListItem","position":1,"name":"Prad\u017eia","item":"https:\/\/www.gintaresgeles.lt\/en\/"},{"@type":"ListItem","position":2,"name":"All flowers and other products","item":"https:\/\/www.gintaresgeles.lt\/en\/all-flowers-and-other-products\/"},{"@type":"ListItem","position":3,"name":"Different colors of helium balloons &#8222;Smiles&#8221;"}]},{"@type":"WebSite","@id":"https:\/\/www.gintaresgeles.lt\/en\/#website","url":"https:\/\/www.gintaresgeles.lt\/en\/","name":"gintaresgeles.lt","description":"G\u0117li\u0173 parduotuv\u0117 internete","potentialAction":[{"@type":"SearchAction","target":{"@type":"EntryPoint","urlTemplate":"https:\/\/www.gintaresgeles.lt\/en\/?s={search_term_string}"},"query-input":{"@type":"PropertyValueSpecification","valueRequired":true,"valueName":"search_term_string"}}],"inLanguage":"en-US"}]}},"_links":{"self":[{"href":"https:\/\/www.gintaresgeles.lt\/en\/wp-json\/wp\/v2\/product\/19998","targetHints":{"allow":["GET"]}}],"collection":[{"href":"https:\/\/www.gintaresgeles.lt\/en\/wp-json\/wp\/v2\/product"}],"about":[{"href":"https:\/\/www.gintaresgeles.lt\/en\/wp-json\/wp\/v2\/types\/product"}],"wp:featuredmedia":[{"embeddable":true,"href":"https:\/\/www.gintaresgeles.lt\/en\/wp-json\/wp\/v2\/media\/20000"}],"wp:attachment":[{"href":"https:\/\/www.gintaresgeles.lt\/en\/wp-json\/wp\/v2\/media?parent=19998"}],"wp:term":[{"taxonomy":"product_brand","embeddable":true,"href":"https:\/\/www.gintaresgeles.lt\/en\/wp-json\/wp\/v2\/product_brand?post=19998"},{"taxonomy":"product_cat","embeddable":true,"href":"https:\/\/www.gintaresgeles.lt\/en\/wp-json\/wp\/v2\/product_cat?post=19998"},{"taxonomy":"product_tag","embeddable":true,"href":"https:\/\/www.gintaresgeles.lt\/en\/wp-json\/wp\/v2\/product_tag?post=19998"}],"curies":[{"name":"wp","href":"https:\/\/api.w.org\/{rel}","templated":true}]}}