{"id":20135,"date":"2017-04-26T04:09:45","date_gmt":"2018-09-25T15:10:31","guid":{"rendered":"https:\/\/www.gintaresgeles.lt\/?post_type=product&#038;p=20135"},"modified":"2025-05-29T02:02:09","modified_gmt":"2025-05-29T00:02:09","slug":"chewing-gum-love-is-100-vnt","status":"publish","type":"product","link":"https:\/\/www.gintaresgeles.lt\/en\/puokste\/chewing-gum-love-is-100-vnt\/","title":{"rendered":"Chewing gum \u201eLove is&#8230;\u201c 100 vnt."},"content":{"rendered":"<p style=\"text-align: justify\">Sweets are the most popular gifts with flowers. But if you&#8217;re looking for something more interesting than a candy box or chocolate &#8211; the chewing gum &#8220;Love is &#8230;&#8221; is the good idea. This chewing gum is known for its romantic sentences and drawings which are hiding on the other side of each rubber paper.<\/p>\n","protected":false},"excerpt":{"rendered":"<p style=\"text-align: justify\">A very romantic, reminding you of childhood gum, Love is &#8230; will become a charming gift that will not only be a flower, but also create a perfect romantic combination of beautiful gifts with flowers. Surprise a beloved person in a bouquet of flowers, and at the same time, thrill the heart of this person with 100 romantic chewing gums.<\/p>\n","protected":false},"featured_media":55136,"template":"","meta":[],"product_brand":[],"product_cat":[237,1981],"product_tag":[],"class_list":{"0":"post-20135","1":"product","2":"type-product","3":"status-publish","4":"has-post-thumbnail","6":"product_cat-gifts","7":"product_cat-sweets","8":"tm-has-options","10":"first","11":"outofstock","12":"taxable","13":"shipping-taxable","14":"purchasable","15":"product-type-simple"},"yoast_head":"<!-- This site is optimized with the Yoast SEO plugin v25.3 - https:\/\/yoast.com\/wordpress\/plugins\/seo\/ -->\n<title>Chewing gum \u201eLove is...\u201c 100 vnt. | Gifts with flowers | Gintar\u0117sG\u0117l\u0117s<\/title>\n<meta name=\"description\" content=\"A romantic and playful gift with flowers - the chewing gum &quot;Love is ...&quot;, which not only reminds of childhood, but also makes smiling the recipient.\" \/>\n<meta name=\"robots\" content=\"index, follow, max-snippet:-1, max-image-preview:large, max-video-preview:-1\" \/>\n<link rel=\"canonical\" href=\"https:\/\/www.gintaresgeles.lt\/en\/puokste\/chewing-gum-love-is-100-vnt\/\" \/>\n<meta property=\"og:locale\" content=\"en_US\" \/>\n<meta property=\"og:type\" content=\"article\" \/>\n<meta property=\"og:title\" content=\"Chewing gum \u201eLove is...\u201c 100 vnt. | Gifts with flowers | Gintar\u0117sG\u0117l\u0117s\" \/>\n<meta property=\"og:description\" content=\"A romantic and playful gift with flowers - the chewing gum &quot;Love is ...&quot;, which not only reminds of childhood, but also makes smiling the recipient.\" \/>\n<meta property=\"og:url\" content=\"https:\/\/www.gintaresgeles.lt\/en\/puokste\/chewing-gum-love-is-100-vnt\/\" \/>\n<meta property=\"og:site_name\" content=\"gintaresgeles.lt\" \/>\n<meta property=\"article:modified_time\" content=\"2025-05-29T00:02:09+00:00\" \/>\n<meta property=\"og:image\" content=\"https:\/\/www.gintaresgeles.lt\/wp-content\/uploads\/2017\/04\/love-is-kramtomoji-guma.jpg\" \/>\n\t<meta property=\"og:image:width\" content=\"1000\" \/>\n\t<meta property=\"og:image:height\" content=\"1000\" \/>\n\t<meta property=\"og:image:type\" content=\"image\/jpeg\" \/>\n<meta name=\"twitter:card\" content=\"summary_large_image\" \/>\n<script type=\"application\/ld+json\" class=\"yoast-schema-graph\">{\"@context\":\"https:\/\/schema.org\",\"@graph\":[{\"@type\":\"WebPage\",\"@id\":\"https:\/\/www.gintaresgeles.lt\/en\/puokste\/chewing-gum-love-is-100-vnt\/\",\"url\":\"https:\/\/www.gintaresgeles.lt\/en\/puokste\/chewing-gum-love-is-100-vnt\/\",\"name\":\"Chewing gum \u201eLove is...\u201c 100 vnt. | Gifts with flowers | Gintar\u0117sG\u0117l\u0117s\",\"isPartOf\":{\"@id\":\"https:\/\/www.gintaresgeles.lt\/en\/#website\"},\"primaryImageOfPage\":{\"@id\":\"https:\/\/www.gintaresgeles.lt\/en\/puokste\/chewing-gum-love-is-100-vnt\/#primaryimage\"},\"image\":{\"@id\":\"https:\/\/www.gintaresgeles.lt\/en\/puokste\/chewing-gum-love-is-100-vnt\/#primaryimage\"},\"thumbnailUrl\":\"https:\/\/www.gintaresgeles.lt\/wp-content\/uploads\/2017\/04\/love-is-kramtomoji-guma.jpg\",\"datePublished\":\"2018-09-25T15:10:31+00:00\",\"dateModified\":\"2025-05-29T00:02:09+00:00\",\"description\":\"A romantic and playful gift with flowers - the chewing gum \\\"Love is ...\\\", which not only reminds of childhood, but also makes smiling the recipient.\",\"breadcrumb\":{\"@id\":\"https:\/\/www.gintaresgeles.lt\/en\/puokste\/chewing-gum-love-is-100-vnt\/#breadcrumb\"},\"inLanguage\":\"en-US\",\"potentialAction\":[{\"@type\":\"ReadAction\",\"target\":[\"https:\/\/www.gintaresgeles.lt\/en\/puokste\/chewing-gum-love-is-100-vnt\/\"]}]},{\"@type\":\"ImageObject\",\"inLanguage\":\"en-US\",\"@id\":\"https:\/\/www.gintaresgeles.lt\/en\/puokste\/chewing-gum-love-is-100-vnt\/#primaryimage\",\"url\":\"https:\/\/www.gintaresgeles.lt\/wp-content\/uploads\/2017\/04\/love-is-kramtomoji-guma.jpg\",\"contentUrl\":\"https:\/\/www.gintaresgeles.lt\/wp-content\/uploads\/2017\/04\/love-is-kramtomoji-guma.jpg\",\"width\":1000,\"height\":1000,\"caption\":\"Kramtomoji guma Love is...\"},{\"@type\":\"BreadcrumbList\",\"@id\":\"https:\/\/www.gintaresgeles.lt\/en\/puokste\/chewing-gum-love-is-100-vnt\/#breadcrumb\",\"itemListElement\":[{\"@type\":\"ListItem\",\"position\":1,\"name\":\"Prad\u017eia\",\"item\":\"https:\/\/www.gintaresgeles.lt\/en\/\"},{\"@type\":\"ListItem\",\"position\":2,\"name\":\"All flowers and other products\",\"item\":\"https:\/\/www.gintaresgeles.lt\/en\/all-flowers-and-other-products\/\"},{\"@type\":\"ListItem\",\"position\":3,\"name\":\"Chewing gum \u201eLove is&#8230;\u201c 100 vnt.\"}]},{\"@type\":\"WebSite\",\"@id\":\"https:\/\/www.gintaresgeles.lt\/en\/#website\",\"url\":\"https:\/\/www.gintaresgeles.lt\/en\/\",\"name\":\"Gintares Geles\",\"description\":\"Flower delivery in Vilnius | Same-day delivery | Gintares geles\",\"potentialAction\":[{\"@type\":\"SearchAction\",\"target\":{\"@type\":\"EntryPoint\",\"urlTemplate\":\"https:\/\/www.gintaresgeles.lt\/en\/?s={search_term_string}\"},\"query-input\":{\"@type\":\"PropertyValueSpecification\",\"valueRequired\":true,\"valueName\":\"search_term_string\"}}],\"inLanguage\":\"en-US\"}]}<\/script>\n<!-- \/ Yoast SEO plugin. -->","yoast_head_json":{"title":"Chewing gum \u201eLove is...\u201c 100 vnt. | Gifts with flowers | Gintar\u0117sG\u0117l\u0117s","description":"A romantic and playful gift with flowers - the chewing gum \"Love is ...\", which not only reminds of childhood, but also makes smiling the recipient.","robots":{"index":"index","follow":"follow","max-snippet":"max-snippet:-1","max-image-preview":"max-image-preview:large","max-video-preview":"max-video-preview:-1"},"canonical":"https:\/\/www.gintaresgeles.lt\/en\/puokste\/chewing-gum-love-is-100-vnt\/","og_locale":"en_US","og_type":"article","og_title":"Chewing gum \u201eLove is...\u201c 100 vnt. | Gifts with flowers | Gintar\u0117sG\u0117l\u0117s","og_description":"A romantic and playful gift with flowers - the chewing gum \"Love is ...\", which not only reminds of childhood, but also makes smiling the recipient.","og_url":"https:\/\/www.gintaresgeles.lt\/en\/puokste\/chewing-gum-love-is-100-vnt\/","og_site_name":"gintaresgeles.lt","article_modified_time":"2025-05-29T00:02:09+00:00","og_image":[{"width":1000,"height":1000,"url":"https:\/\/www.gintaresgeles.lt\/wp-content\/uploads\/2017\/04\/love-is-kramtomoji-guma.jpg","type":"image\/jpeg"}],"twitter_card":"summary_large_image","schema":{"@context":"https:\/\/schema.org","@graph":[{"@type":"WebPage","@id":"https:\/\/www.gintaresgeles.lt\/en\/puokste\/chewing-gum-love-is-100-vnt\/","url":"https:\/\/www.gintaresgeles.lt\/en\/puokste\/chewing-gum-love-is-100-vnt\/","name":"Chewing gum \u201eLove is...\u201c 100 vnt. | Gifts with flowers | Gintar\u0117sG\u0117l\u0117s","isPartOf":{"@id":"https:\/\/www.gintaresgeles.lt\/en\/#website"},"primaryImageOfPage":{"@id":"https:\/\/www.gintaresgeles.lt\/en\/puokste\/chewing-gum-love-is-100-vnt\/#primaryimage"},"image":{"@id":"https:\/\/www.gintaresgeles.lt\/en\/puokste\/chewing-gum-love-is-100-vnt\/#primaryimage"},"thumbnailUrl":"https:\/\/www.gintaresgeles.lt\/wp-content\/uploads\/2017\/04\/love-is-kramtomoji-guma.jpg","datePublished":"2018-09-25T15:10:31+00:00","dateModified":"2025-05-29T00:02:09+00:00","description":"A romantic and playful gift with flowers - the chewing gum \"Love is ...\", which not only reminds of childhood, but also makes smiling the recipient.","breadcrumb":{"@id":"https:\/\/www.gintaresgeles.lt\/en\/puokste\/chewing-gum-love-is-100-vnt\/#breadcrumb"},"inLanguage":"en-US","potentialAction":[{"@type":"ReadAction","target":["https:\/\/www.gintaresgeles.lt\/en\/puokste\/chewing-gum-love-is-100-vnt\/"]}]},{"@type":"ImageObject","inLanguage":"en-US","@id":"https:\/\/www.gintaresgeles.lt\/en\/puokste\/chewing-gum-love-is-100-vnt\/#primaryimage","url":"https:\/\/www.gintaresgeles.lt\/wp-content\/uploads\/2017\/04\/love-is-kramtomoji-guma.jpg","contentUrl":"https:\/\/www.gintaresgeles.lt\/wp-content\/uploads\/2017\/04\/love-is-kramtomoji-guma.jpg","width":1000,"height":1000,"caption":"Kramtomoji guma Love is..."},{"@type":"BreadcrumbList","@id":"https:\/\/www.gintaresgeles.lt\/en\/puokste\/chewing-gum-love-is-100-vnt\/#breadcrumb","itemListElement":[{"@type":"ListItem","position":1,"name":"Prad\u017eia","item":"https:\/\/www.gintaresgeles.lt\/en\/"},{"@type":"ListItem","position":2,"name":"All flowers and other products","item":"https:\/\/www.gintaresgeles.lt\/en\/all-flowers-and-other-products\/"},{"@type":"ListItem","position":3,"name":"Chewing gum \u201eLove is&#8230;\u201c 100 vnt."}]},{"@type":"WebSite","@id":"https:\/\/www.gintaresgeles.lt\/en\/#website","url":"https:\/\/www.gintaresgeles.lt\/en\/","name":"Gintares Geles","description":"Flower delivery in Vilnius | Same-day delivery | Gintares geles","potentialAction":[{"@type":"SearchAction","target":{"@type":"EntryPoint","urlTemplate":"https:\/\/www.gintaresgeles.lt\/en\/?s={search_term_string}"},"query-input":{"@type":"PropertyValueSpecification","valueRequired":true,"valueName":"search_term_string"}}],"inLanguage":"en-US"}]}},"_links":{"self":[{"href":"https:\/\/www.gintaresgeles.lt\/en\/wp-json\/wp\/v2\/product\/20135","targetHints":{"allow":["GET"]}}],"collection":[{"href":"https:\/\/www.gintaresgeles.lt\/en\/wp-json\/wp\/v2\/product"}],"about":[{"href":"https:\/\/www.gintaresgeles.lt\/en\/wp-json\/wp\/v2\/types\/product"}],"wp:featuredmedia":[{"embeddable":true,"href":"https:\/\/www.gintaresgeles.lt\/en\/wp-json\/wp\/v2\/media\/55136"}],"wp:attachment":[{"href":"https:\/\/www.gintaresgeles.lt\/en\/wp-json\/wp\/v2\/media?parent=20135"}],"wp:term":[{"taxonomy":"product_brand","embeddable":true,"href":"https:\/\/www.gintaresgeles.lt\/en\/wp-json\/wp\/v2\/product_brand?post=20135"},{"taxonomy":"product_cat","embeddable":true,"href":"https:\/\/www.gintaresgeles.lt\/en\/wp-json\/wp\/v2\/product_cat?post=20135"},{"taxonomy":"product_tag","embeddable":true,"href":"https:\/\/www.gintaresgeles.lt\/en\/wp-json\/wp\/v2\/product_tag?post=20135"}],"curies":[{"name":"wp","href":"https:\/\/api.w.org\/{rel}","templated":true}]}}