{"id":20211,"date":"2018-09-26T06:08:49","date_gmt":"2018-09-26T08:08:49","guid":{"rendered":"https:\/\/www.gintaresgeles.lt\/?post_type=product&#038;p=20211"},"modified":"2025-12-01T06:04:58","modified_gmt":"2025-12-01T04:04:58","slug":"pink-sleeping-rose","status":"publish","type":"product","link":"https:\/\/www.gintaresgeles.lt\/en\/puokste\/pink-sleeping-rose\/","title":{"rendered":"Pink sleeping rose"},"content":{"rendered":"","protected":false},"excerpt":{"rendered":"<p>Searching for a way to surprise your friend or a girlfriend? Or maybe you cannot think of how to surprise your loved one? Order this unique stabilized, otherwise called sleeping rose and we guarantee that it will surprise any women of all ages.<\/p>\n","protected":false},"featured_media":43857,"template":"","meta":[],"product_brand":[],"product_cat":[265,651,892],"product_tag":[],"class_list":{"0":"post-20211","1":"product","2":"type-product","3":"status-publish","4":"has-post-thumbnail","6":"product_cat-flowers-by-type","7":"product_cat-pink-roses","8":"product_cat-sleeping-roses-en-flowers-by-type","9":"tm-has-options","11":"first","12":"instock","13":"taxable","14":"shipping-taxable","15":"purchasable","16":"product-type-simple"},"yoast_head":"<!-- This site is optimized with the Yoast SEO plugin v25.3 - https:\/\/yoast.com\/wordpress\/plugins\/seo\/ -->\n<title>Pink sleeping rose | Stabilized roses | Gintar\u0117sG\u0117l\u0117s<\/title>\n<meta name=\"description\" content=\"Pink sleeping roses will appeal to every girl or woman, they will be able to enjoy them for up to three years because roses are technologically processed.\" \/>\n<meta name=\"robots\" content=\"index, follow, max-snippet:-1, max-image-preview:large, max-video-preview:-1\" \/>\n<link rel=\"canonical\" href=\"https:\/\/www.gintaresgeles.lt\/en\/puokste\/pink-sleeping-rose\/\" \/>\n<meta property=\"og:locale\" content=\"en_US\" \/>\n<meta property=\"og:type\" content=\"article\" \/>\n<meta property=\"og:title\" content=\"Pink sleeping rose | Stabilized roses | Gintar\u0117sG\u0117l\u0117s\" \/>\n<meta property=\"og:description\" content=\"Pink sleeping roses will appeal to every girl or woman, they will be able to enjoy them for up to three years because roses are technologically processed.\" \/>\n<meta property=\"og:url\" content=\"https:\/\/www.gintaresgeles.lt\/en\/puokste\/pink-sleeping-rose\/\" \/>\n<meta property=\"og:site_name\" content=\"gintaresgeles.lt\" \/>\n<meta property=\"article:modified_time\" content=\"2025-12-01T04:04:58+00:00\" \/>\n<meta property=\"og:image\" content=\"https:\/\/www.gintaresgeles.lt\/wp-content\/uploads\/2018\/09\/miegancios-rozes-po-kupolu-rozines-spalvos.jpg\" \/>\n\t<meta property=\"og:image:width\" content=\"1200\" \/>\n\t<meta property=\"og:image:height\" content=\"1200\" \/>\n\t<meta property=\"og:image:type\" content=\"image\/jpeg\" \/>\n<meta name=\"twitter:card\" content=\"summary_large_image\" \/>\n<script type=\"application\/ld+json\" class=\"yoast-schema-graph\">{\"@context\":\"https:\/\/schema.org\",\"@graph\":[{\"@type\":\"WebPage\",\"@id\":\"https:\/\/www.gintaresgeles.lt\/en\/puokste\/pink-sleeping-rose\/\",\"url\":\"https:\/\/www.gintaresgeles.lt\/en\/puokste\/pink-sleeping-rose\/\",\"name\":\"Pink sleeping rose | Stabilized roses | Gintar\u0117sG\u0117l\u0117s\",\"isPartOf\":{\"@id\":\"https:\/\/www.gintaresgeles.lt\/en\/#website\"},\"primaryImageOfPage\":{\"@id\":\"https:\/\/www.gintaresgeles.lt\/en\/puokste\/pink-sleeping-rose\/#primaryimage\"},\"image\":{\"@id\":\"https:\/\/www.gintaresgeles.lt\/en\/puokste\/pink-sleeping-rose\/#primaryimage\"},\"thumbnailUrl\":\"https:\/\/www.gintaresgeles.lt\/wp-content\/uploads\/2018\/09\/miegancios-rozes-po-kupolu-rozines-spalvos.jpg\",\"datePublished\":\"2018-09-26T08:08:49+00:00\",\"dateModified\":\"2025-12-01T04:04:58+00:00\",\"description\":\"Pink sleeping roses will appeal to every girl or woman, they will be able to enjoy them for up to three years because roses are technologically processed.\",\"breadcrumb\":{\"@id\":\"https:\/\/www.gintaresgeles.lt\/en\/puokste\/pink-sleeping-rose\/#breadcrumb\"},\"inLanguage\":\"en-US\",\"potentialAction\":[{\"@type\":\"ReadAction\",\"target\":[\"https:\/\/www.gintaresgeles.lt\/en\/puokste\/pink-sleeping-rose\/\"]}]},{\"@type\":\"ImageObject\",\"inLanguage\":\"en-US\",\"@id\":\"https:\/\/www.gintaresgeles.lt\/en\/puokste\/pink-sleeping-rose\/#primaryimage\",\"url\":\"https:\/\/www.gintaresgeles.lt\/wp-content\/uploads\/2018\/09\/miegancios-rozes-po-kupolu-rozines-spalvos.jpg\",\"contentUrl\":\"https:\/\/www.gintaresgeles.lt\/wp-content\/uploads\/2018\/09\/miegancios-rozes-po-kupolu-rozines-spalvos.jpg\",\"width\":1200,\"height\":1200,\"caption\":\"stabilizuotos g\u0117l\u0117s po stiklu ro\u017ein\u0117s ro\u017e\u0117s merginai\"},{\"@type\":\"BreadcrumbList\",\"@id\":\"https:\/\/www.gintaresgeles.lt\/en\/puokste\/pink-sleeping-rose\/#breadcrumb\",\"itemListElement\":[{\"@type\":\"ListItem\",\"position\":1,\"name\":\"Prad\u017eia\",\"item\":\"https:\/\/www.gintaresgeles.lt\/en\/\"},{\"@type\":\"ListItem\",\"position\":2,\"name\":\"All flowers and other products\",\"item\":\"https:\/\/www.gintaresgeles.lt\/en\/all-flowers-and-other-products\/\"},{\"@type\":\"ListItem\",\"position\":3,\"name\":\"Pink sleeping rose\"}]},{\"@type\":\"WebSite\",\"@id\":\"https:\/\/www.gintaresgeles.lt\/en\/#website\",\"url\":\"https:\/\/www.gintaresgeles.lt\/en\/\",\"name\":\"gintaresgeles.lt\",\"description\":\"G\u0117li\u0173 parduotuv\u0117 internete\",\"potentialAction\":[{\"@type\":\"SearchAction\",\"target\":{\"@type\":\"EntryPoint\",\"urlTemplate\":\"https:\/\/www.gintaresgeles.lt\/en\/?s={search_term_string}\"},\"query-input\":{\"@type\":\"PropertyValueSpecification\",\"valueRequired\":true,\"valueName\":\"search_term_string\"}}],\"inLanguage\":\"en-US\"}]}<\/script>\n<!-- \/ Yoast SEO plugin. -->","yoast_head_json":{"title":"Pink sleeping rose | Stabilized roses | Gintar\u0117sG\u0117l\u0117s","description":"Pink sleeping roses will appeal to every girl or woman, they will be able to enjoy them for up to three years because roses are technologically processed.","robots":{"index":"index","follow":"follow","max-snippet":"max-snippet:-1","max-image-preview":"max-image-preview:large","max-video-preview":"max-video-preview:-1"},"canonical":"https:\/\/www.gintaresgeles.lt\/en\/puokste\/pink-sleeping-rose\/","og_locale":"en_US","og_type":"article","og_title":"Pink sleeping rose | Stabilized roses | Gintar\u0117sG\u0117l\u0117s","og_description":"Pink sleeping roses will appeal to every girl or woman, they will be able to enjoy them for up to three years because roses are technologically processed.","og_url":"https:\/\/www.gintaresgeles.lt\/en\/puokste\/pink-sleeping-rose\/","og_site_name":"gintaresgeles.lt","article_modified_time":"2025-12-01T04:04:58+00:00","og_image":[{"width":1200,"height":1200,"url":"https:\/\/www.gintaresgeles.lt\/wp-content\/uploads\/2018\/09\/miegancios-rozes-po-kupolu-rozines-spalvos.jpg","type":"image\/jpeg"}],"twitter_card":"summary_large_image","schema":{"@context":"https:\/\/schema.org","@graph":[{"@type":"WebPage","@id":"https:\/\/www.gintaresgeles.lt\/en\/puokste\/pink-sleeping-rose\/","url":"https:\/\/www.gintaresgeles.lt\/en\/puokste\/pink-sleeping-rose\/","name":"Pink sleeping rose | Stabilized roses | Gintar\u0117sG\u0117l\u0117s","isPartOf":{"@id":"https:\/\/www.gintaresgeles.lt\/en\/#website"},"primaryImageOfPage":{"@id":"https:\/\/www.gintaresgeles.lt\/en\/puokste\/pink-sleeping-rose\/#primaryimage"},"image":{"@id":"https:\/\/www.gintaresgeles.lt\/en\/puokste\/pink-sleeping-rose\/#primaryimage"},"thumbnailUrl":"https:\/\/www.gintaresgeles.lt\/wp-content\/uploads\/2018\/09\/miegancios-rozes-po-kupolu-rozines-spalvos.jpg","datePublished":"2018-09-26T08:08:49+00:00","dateModified":"2025-12-01T04:04:58+00:00","description":"Pink sleeping roses will appeal to every girl or woman, they will be able to enjoy them for up to three years because roses are technologically processed.","breadcrumb":{"@id":"https:\/\/www.gintaresgeles.lt\/en\/puokste\/pink-sleeping-rose\/#breadcrumb"},"inLanguage":"en-US","potentialAction":[{"@type":"ReadAction","target":["https:\/\/www.gintaresgeles.lt\/en\/puokste\/pink-sleeping-rose\/"]}]},{"@type":"ImageObject","inLanguage":"en-US","@id":"https:\/\/www.gintaresgeles.lt\/en\/puokste\/pink-sleeping-rose\/#primaryimage","url":"https:\/\/www.gintaresgeles.lt\/wp-content\/uploads\/2018\/09\/miegancios-rozes-po-kupolu-rozines-spalvos.jpg","contentUrl":"https:\/\/www.gintaresgeles.lt\/wp-content\/uploads\/2018\/09\/miegancios-rozes-po-kupolu-rozines-spalvos.jpg","width":1200,"height":1200,"caption":"stabilizuotos g\u0117l\u0117s po stiklu ro\u017ein\u0117s ro\u017e\u0117s merginai"},{"@type":"BreadcrumbList","@id":"https:\/\/www.gintaresgeles.lt\/en\/puokste\/pink-sleeping-rose\/#breadcrumb","itemListElement":[{"@type":"ListItem","position":1,"name":"Prad\u017eia","item":"https:\/\/www.gintaresgeles.lt\/en\/"},{"@type":"ListItem","position":2,"name":"All flowers and other products","item":"https:\/\/www.gintaresgeles.lt\/en\/all-flowers-and-other-products\/"},{"@type":"ListItem","position":3,"name":"Pink sleeping rose"}]},{"@type":"WebSite","@id":"https:\/\/www.gintaresgeles.lt\/en\/#website","url":"https:\/\/www.gintaresgeles.lt\/en\/","name":"gintaresgeles.lt","description":"G\u0117li\u0173 parduotuv\u0117 internete","potentialAction":[{"@type":"SearchAction","target":{"@type":"EntryPoint","urlTemplate":"https:\/\/www.gintaresgeles.lt\/en\/?s={search_term_string}"},"query-input":{"@type":"PropertyValueSpecification","valueRequired":true,"valueName":"search_term_string"}}],"inLanguage":"en-US"}]}},"_links":{"self":[{"href":"https:\/\/www.gintaresgeles.lt\/en\/wp-json\/wp\/v2\/product\/20211","targetHints":{"allow":["GET"]}}],"collection":[{"href":"https:\/\/www.gintaresgeles.lt\/en\/wp-json\/wp\/v2\/product"}],"about":[{"href":"https:\/\/www.gintaresgeles.lt\/en\/wp-json\/wp\/v2\/types\/product"}],"wp:featuredmedia":[{"embeddable":true,"href":"https:\/\/www.gintaresgeles.lt\/en\/wp-json\/wp\/v2\/media\/43857"}],"wp:attachment":[{"href":"https:\/\/www.gintaresgeles.lt\/en\/wp-json\/wp\/v2\/media?parent=20211"}],"wp:term":[{"taxonomy":"product_brand","embeddable":true,"href":"https:\/\/www.gintaresgeles.lt\/en\/wp-json\/wp\/v2\/product_brand?post=20211"},{"taxonomy":"product_cat","embeddable":true,"href":"https:\/\/www.gintaresgeles.lt\/en\/wp-json\/wp\/v2\/product_cat?post=20211"},{"taxonomy":"product_tag","embeddable":true,"href":"https:\/\/www.gintaresgeles.lt\/en\/wp-json\/wp\/v2\/product_tag?post=20211"}],"curies":[{"name":"wp","href":"https:\/\/api.w.org\/{rel}","templated":true}]}}