{"id":20269,"date":"2017-03-30T11:48:51","date_gmt":"2018-10-04T09:59:17","guid":{"rendered":"https:\/\/www.gintaresgeles.lt\/?post_type=product&#038;p=20269"},"modified":"2025-05-29T02:02:10","modified_gmt":"2025-05-29T00:02:10","slug":"color-changing-cup-i-love-you","status":"publish","type":"product","link":"https:\/\/www.gintaresgeles.lt\/en\/puokste\/color-changing-cup-i-love-you\/","title":{"rendered":"Color changing cup &#8220;I love you&#8221;"},"content":{"rendered":"<p style=\"text-align: justify\">Add this original cup to the flowers you send, which changes color when you add hot water to it. At first the cup looks black, but adding hot water to the cup looks like the magical words &#8220;I love you&#8221;. Flowers will delight the woman and make her feel special, but a cup attached to the flower will remind you of your love every morning.<\/p>\n","protected":false},"excerpt":{"rendered":"<p style=\"text-align: justify\">Such a gift is particularly useful when flowers are delivered in the morning &#8211; a cup with a text &#8220;Delicious morning Coffee&#8221; or &#8220;I love you from the very morning&#8221;, will leave an indelible impression on the feeling of romance. Every morning girlfriend feels loved!<\/p>\n","protected":false},"featured_media":20270,"template":"","meta":[],"product_brand":[],"product_cat":[237,1985],"product_tag":[],"class_list":{"0":"post-20269","1":"product","2":"type-product","3":"status-publish","4":"has-post-thumbnail","6":"product_cat-gifts","7":"product_cat-cups-glasses","8":"tm-has-options","10":"first","11":"outofstock","12":"taxable","13":"shipping-taxable","14":"purchasable","15":"product-type-simple"},"yoast_head":"<!-- This site is optimized with the Yoast SEO plugin v25.3 - https:\/\/yoast.com\/wordpress\/plugins\/seo\/ -->\n<title>Color changing cup \u201eI love you\u201c | Gifts for your love | Gintar\u0117sG\u0117l\u0117s<\/title>\n<meta name=\"description\" content=\"Want to send a flower to a girl or a woman, but would you like to add a gift that expresses your warm feelings? The &quot;I love you&quot; cup is the perfect choice!\" \/>\n<meta name=\"robots\" content=\"index, follow, max-snippet:-1, max-image-preview:large, max-video-preview:-1\" \/>\n<link rel=\"canonical\" href=\"https:\/\/www.gintaresgeles.lt\/en\/puokste\/color-changing-cup-i-love-you\/\" \/>\n<meta property=\"og:locale\" content=\"en_US\" \/>\n<meta property=\"og:type\" content=\"article\" \/>\n<meta property=\"og:title\" content=\"Color changing cup \u201eI love you\u201c | Gifts for your love | Gintar\u0117sG\u0117l\u0117s\" \/>\n<meta property=\"og:description\" content=\"Want to send a flower to a girl or a woman, but would you like to add a gift that expresses your warm feelings? The &quot;I love you&quot; cup is the perfect choice!\" \/>\n<meta property=\"og:url\" content=\"https:\/\/www.gintaresgeles.lt\/en\/puokste\/color-changing-cup-i-love-you\/\" \/>\n<meta property=\"og:site_name\" content=\"gintaresgeles.lt\" \/>\n<meta property=\"article:modified_time\" content=\"2025-05-29T00:02:10+00:00\" \/>\n<meta property=\"og:image\" content=\"https:\/\/www.gintaresgeles.lt\/wp-content\/uploads\/2017\/03\/spalva-keiciantis-puodelis.jpg\" \/>\n\t<meta property=\"og:image:width\" content=\"600\" \/>\n\t<meta property=\"og:image:height\" content=\"600\" \/>\n\t<meta property=\"og:image:type\" content=\"image\/jpeg\" \/>\n<meta name=\"twitter:card\" content=\"summary_large_image\" \/>\n<script type=\"application\/ld+json\" class=\"yoast-schema-graph\">{\"@context\":\"https:\/\/schema.org\",\"@graph\":[{\"@type\":\"WebPage\",\"@id\":\"https:\/\/www.gintaresgeles.lt\/en\/puokste\/color-changing-cup-i-love-you\/\",\"url\":\"https:\/\/www.gintaresgeles.lt\/en\/puokste\/color-changing-cup-i-love-you\/\",\"name\":\"Color changing cup \u201eI love you\u201c | Gifts for your love | Gintar\u0117sG\u0117l\u0117s\",\"isPartOf\":{\"@id\":\"https:\/\/www.gintaresgeles.lt\/en\/#website\"},\"primaryImageOfPage\":{\"@id\":\"https:\/\/www.gintaresgeles.lt\/en\/puokste\/color-changing-cup-i-love-you\/#primaryimage\"},\"image\":{\"@id\":\"https:\/\/www.gintaresgeles.lt\/en\/puokste\/color-changing-cup-i-love-you\/#primaryimage\"},\"thumbnailUrl\":\"https:\/\/www.gintaresgeles.lt\/wp-content\/uploads\/2017\/03\/spalva-keiciantis-puodelis.jpg\",\"datePublished\":\"2018-10-04T09:59:17+00:00\",\"dateModified\":\"2025-05-29T00:02:10+00:00\",\"description\":\"Want to send a flower to a girl or a woman, but would you like to add a gift that expresses your warm feelings? The \\\"I love you\\\" cup is the perfect choice!\",\"breadcrumb\":{\"@id\":\"https:\/\/www.gintaresgeles.lt\/en\/puokste\/color-changing-cup-i-love-you\/#breadcrumb\"},\"inLanguage\":\"en-US\",\"potentialAction\":[{\"@type\":\"ReadAction\",\"target\":[\"https:\/\/www.gintaresgeles.lt\/en\/puokste\/color-changing-cup-i-love-you\/\"]}]},{\"@type\":\"ImageObject\",\"inLanguage\":\"en-US\",\"@id\":\"https:\/\/www.gintaresgeles.lt\/en\/puokste\/color-changing-cup-i-love-you\/#primaryimage\",\"url\":\"https:\/\/www.gintaresgeles.lt\/wp-content\/uploads\/2017\/03\/spalva-keiciantis-puodelis.jpg\",\"contentUrl\":\"https:\/\/www.gintaresgeles.lt\/wp-content\/uploads\/2017\/03\/spalva-keiciantis-puodelis.jpg\",\"width\":600,\"height\":600},{\"@type\":\"BreadcrumbList\",\"@id\":\"https:\/\/www.gintaresgeles.lt\/en\/puokste\/color-changing-cup-i-love-you\/#breadcrumb\",\"itemListElement\":[{\"@type\":\"ListItem\",\"position\":1,\"name\":\"Prad\u017eia\",\"item\":\"https:\/\/www.gintaresgeles.lt\/en\/\"},{\"@type\":\"ListItem\",\"position\":2,\"name\":\"All flowers and other products\",\"item\":\"https:\/\/www.gintaresgeles.lt\/en\/all-flowers-and-other-products\/\"},{\"@type\":\"ListItem\",\"position\":3,\"name\":\"Color changing cup &#8222;I love you&#8221;\"}]},{\"@type\":\"WebSite\",\"@id\":\"https:\/\/www.gintaresgeles.lt\/en\/#website\",\"url\":\"https:\/\/www.gintaresgeles.lt\/en\/\",\"name\":\"gintaresgeles.lt\",\"description\":\"G\u0117li\u0173 parduotuv\u0117 internete\",\"potentialAction\":[{\"@type\":\"SearchAction\",\"target\":{\"@type\":\"EntryPoint\",\"urlTemplate\":\"https:\/\/www.gintaresgeles.lt\/en\/?s={search_term_string}\"},\"query-input\":{\"@type\":\"PropertyValueSpecification\",\"valueRequired\":true,\"valueName\":\"search_term_string\"}}],\"inLanguage\":\"en-US\"}]}<\/script>\n<!-- \/ Yoast SEO plugin. -->","yoast_head_json":{"title":"Color changing cup \u201eI love you\u201c | Gifts for your love | Gintar\u0117sG\u0117l\u0117s","description":"Want to send a flower to a girl or a woman, but would you like to add a gift that expresses your warm feelings? The \"I love you\" cup is the perfect choice!","robots":{"index":"index","follow":"follow","max-snippet":"max-snippet:-1","max-image-preview":"max-image-preview:large","max-video-preview":"max-video-preview:-1"},"canonical":"https:\/\/www.gintaresgeles.lt\/en\/puokste\/color-changing-cup-i-love-you\/","og_locale":"en_US","og_type":"article","og_title":"Color changing cup \u201eI love you\u201c | Gifts for your love | Gintar\u0117sG\u0117l\u0117s","og_description":"Want to send a flower to a girl or a woman, but would you like to add a gift that expresses your warm feelings? The \"I love you\" cup is the perfect choice!","og_url":"https:\/\/www.gintaresgeles.lt\/en\/puokste\/color-changing-cup-i-love-you\/","og_site_name":"gintaresgeles.lt","article_modified_time":"2025-05-29T00:02:10+00:00","og_image":[{"width":600,"height":600,"url":"https:\/\/www.gintaresgeles.lt\/wp-content\/uploads\/2017\/03\/spalva-keiciantis-puodelis.jpg","type":"image\/jpeg"}],"twitter_card":"summary_large_image","schema":{"@context":"https:\/\/schema.org","@graph":[{"@type":"WebPage","@id":"https:\/\/www.gintaresgeles.lt\/en\/puokste\/color-changing-cup-i-love-you\/","url":"https:\/\/www.gintaresgeles.lt\/en\/puokste\/color-changing-cup-i-love-you\/","name":"Color changing cup \u201eI love you\u201c | Gifts for your love | Gintar\u0117sG\u0117l\u0117s","isPartOf":{"@id":"https:\/\/www.gintaresgeles.lt\/en\/#website"},"primaryImageOfPage":{"@id":"https:\/\/www.gintaresgeles.lt\/en\/puokste\/color-changing-cup-i-love-you\/#primaryimage"},"image":{"@id":"https:\/\/www.gintaresgeles.lt\/en\/puokste\/color-changing-cup-i-love-you\/#primaryimage"},"thumbnailUrl":"https:\/\/www.gintaresgeles.lt\/wp-content\/uploads\/2017\/03\/spalva-keiciantis-puodelis.jpg","datePublished":"2018-10-04T09:59:17+00:00","dateModified":"2025-05-29T00:02:10+00:00","description":"Want to send a flower to a girl or a woman, but would you like to add a gift that expresses your warm feelings? The \"I love you\" cup is the perfect choice!","breadcrumb":{"@id":"https:\/\/www.gintaresgeles.lt\/en\/puokste\/color-changing-cup-i-love-you\/#breadcrumb"},"inLanguage":"en-US","potentialAction":[{"@type":"ReadAction","target":["https:\/\/www.gintaresgeles.lt\/en\/puokste\/color-changing-cup-i-love-you\/"]}]},{"@type":"ImageObject","inLanguage":"en-US","@id":"https:\/\/www.gintaresgeles.lt\/en\/puokste\/color-changing-cup-i-love-you\/#primaryimage","url":"https:\/\/www.gintaresgeles.lt\/wp-content\/uploads\/2017\/03\/spalva-keiciantis-puodelis.jpg","contentUrl":"https:\/\/www.gintaresgeles.lt\/wp-content\/uploads\/2017\/03\/spalva-keiciantis-puodelis.jpg","width":600,"height":600},{"@type":"BreadcrumbList","@id":"https:\/\/www.gintaresgeles.lt\/en\/puokste\/color-changing-cup-i-love-you\/#breadcrumb","itemListElement":[{"@type":"ListItem","position":1,"name":"Prad\u017eia","item":"https:\/\/www.gintaresgeles.lt\/en\/"},{"@type":"ListItem","position":2,"name":"All flowers and other products","item":"https:\/\/www.gintaresgeles.lt\/en\/all-flowers-and-other-products\/"},{"@type":"ListItem","position":3,"name":"Color changing cup &#8222;I love you&#8221;"}]},{"@type":"WebSite","@id":"https:\/\/www.gintaresgeles.lt\/en\/#website","url":"https:\/\/www.gintaresgeles.lt\/en\/","name":"gintaresgeles.lt","description":"G\u0117li\u0173 parduotuv\u0117 internete","potentialAction":[{"@type":"SearchAction","target":{"@type":"EntryPoint","urlTemplate":"https:\/\/www.gintaresgeles.lt\/en\/?s={search_term_string}"},"query-input":{"@type":"PropertyValueSpecification","valueRequired":true,"valueName":"search_term_string"}}],"inLanguage":"en-US"}]}},"_links":{"self":[{"href":"https:\/\/www.gintaresgeles.lt\/en\/wp-json\/wp\/v2\/product\/20269","targetHints":{"allow":["GET"]}}],"collection":[{"href":"https:\/\/www.gintaresgeles.lt\/en\/wp-json\/wp\/v2\/product"}],"about":[{"href":"https:\/\/www.gintaresgeles.lt\/en\/wp-json\/wp\/v2\/types\/product"}],"wp:featuredmedia":[{"embeddable":true,"href":"https:\/\/www.gintaresgeles.lt\/en\/wp-json\/wp\/v2\/media\/20270"}],"wp:attachment":[{"href":"https:\/\/www.gintaresgeles.lt\/en\/wp-json\/wp\/v2\/media?parent=20269"}],"wp:term":[{"taxonomy":"product_brand","embeddable":true,"href":"https:\/\/www.gintaresgeles.lt\/en\/wp-json\/wp\/v2\/product_brand?post=20269"},{"taxonomy":"product_cat","embeddable":true,"href":"https:\/\/www.gintaresgeles.lt\/en\/wp-json\/wp\/v2\/product_cat?post=20269"},{"taxonomy":"product_tag","embeddable":true,"href":"https:\/\/www.gintaresgeles.lt\/en\/wp-json\/wp\/v2\/product_tag?post=20269"}],"curies":[{"name":"wp","href":"https:\/\/api.w.org\/{rel}","templated":true}]}}