{"id":20273,"date":"2017-01-20T07:46:50","date_gmt":"2018-10-04T10:15:34","guid":{"rendered":"https:\/\/www.gintaresgeles.lt\/?post_type=product&#038;p=20273"},"modified":"2025-05-29T02:02:14","modified_gmt":"2025-05-29T00:02:14","slug":"plushy-heart-pillow-love-35-cm","status":"publish","type":"product","link":"https:\/\/www.gintaresgeles.lt\/en\/puokste\/plushy-heart-pillow-love-35-cm\/","title":{"rendered":"Plushy heart &#8211; pillow I love you (35cm)"},"content":{"rendered":"<p style=\"text-align: justify\">Plushy heart with a note is a practical and emotionally positive gift that will delight each and every one of your loved ones. In the middle of a bright red heart there is an inscription &#8220;I love you&#8221;\u00a0 and the heart itself is soft like a pillow. So give this lovely heart to a loved one, who will smile and always remember you.<\/p>\n","protected":false},"excerpt":{"rendered":"<p style=\"text-align: justify\">This plush heart is a great gift to the person you want to show your love! It&#8217;s a warm, cozy and practical gift, which will surely enjoy every person you care about.<\/p>\n","protected":false},"featured_media":20274,"template":"","meta":[],"product_brand":[],"product_cat":[237,1983],"product_tag":[],"class_list":{"0":"post-20273","1":"product","2":"type-product","3":"status-publish","4":"has-post-thumbnail","6":"product_cat-gifts","7":"product_cat-little-things","8":"tm-has-options","10":"first","11":"outofstock","12":"taxable","13":"shipping-taxable","14":"purchasable","15":"product-type-simple"},"yoast_head":"<!-- This site is optimized with the Yoast SEO plugin v25.3 - https:\/\/yoast.com\/wordpress\/plugins\/seo\/ -->\n<title>Plushy heart with 35cm note | Cozy and romantic gift | Gintar\u0117sG\u0117l\u0117s<\/title>\n<meta name=\"description\" content=\"This cozy, lovely and practical plush heart with a note will allow a loved one to convey all the warmest feelings to him or her!\" \/>\n<meta name=\"robots\" content=\"index, follow, max-snippet:-1, max-image-preview:large, max-video-preview:-1\" \/>\n<link rel=\"canonical\" href=\"https:\/\/www.gintaresgeles.lt\/en\/puokste\/plushy-heart-pillow-love-35-cm\/\" \/>\n<meta property=\"og:locale\" content=\"en_US\" \/>\n<meta property=\"og:type\" content=\"article\" \/>\n<meta property=\"og:title\" content=\"Plushy heart with 35cm note | Cozy and romantic gift | Gintar\u0117sG\u0117l\u0117s\" \/>\n<meta property=\"og:description\" content=\"This cozy, lovely and practical plush heart with a note will allow a loved one to convey all the warmest feelings to him or her!\" \/>\n<meta property=\"og:url\" content=\"https:\/\/www.gintaresgeles.lt\/en\/puokste\/plushy-heart-pillow-love-35-cm\/\" \/>\n<meta property=\"og:site_name\" content=\"gintaresgeles.lt\" \/>\n<meta property=\"article:modified_time\" content=\"2025-05-29T00:02:14+00:00\" \/>\n<meta property=\"og:image\" content=\"https:\/\/www.gintaresgeles.lt\/wp-content\/uploads\/2017\/01\/pliusine-pagalve.jpg\" \/>\n\t<meta property=\"og:image:width\" content=\"600\" \/>\n\t<meta property=\"og:image:height\" content=\"600\" \/>\n\t<meta property=\"og:image:type\" content=\"image\/jpeg\" \/>\n<meta name=\"twitter:card\" content=\"summary_large_image\" \/>\n<script type=\"application\/ld+json\" class=\"yoast-schema-graph\">{\"@context\":\"https:\/\/schema.org\",\"@graph\":[{\"@type\":\"WebPage\",\"@id\":\"https:\/\/www.gintaresgeles.lt\/en\/puokste\/plushy-heart-pillow-love-35-cm\/\",\"url\":\"https:\/\/www.gintaresgeles.lt\/en\/puokste\/plushy-heart-pillow-love-35-cm\/\",\"name\":\"Plushy heart with 35cm note | Cozy and romantic gift | Gintar\u0117sG\u0117l\u0117s\",\"isPartOf\":{\"@id\":\"https:\/\/www.gintaresgeles.lt\/en\/#website\"},\"primaryImageOfPage\":{\"@id\":\"https:\/\/www.gintaresgeles.lt\/en\/puokste\/plushy-heart-pillow-love-35-cm\/#primaryimage\"},\"image\":{\"@id\":\"https:\/\/www.gintaresgeles.lt\/en\/puokste\/plushy-heart-pillow-love-35-cm\/#primaryimage\"},\"thumbnailUrl\":\"https:\/\/www.gintaresgeles.lt\/wp-content\/uploads\/2017\/01\/pliusine-pagalve.jpg\",\"datePublished\":\"2018-10-04T10:15:34+00:00\",\"dateModified\":\"2025-05-29T00:02:14+00:00\",\"description\":\"This cozy, lovely and practical plush heart with a note will allow a loved one to convey all the warmest feelings to him or her!\",\"breadcrumb\":{\"@id\":\"https:\/\/www.gintaresgeles.lt\/en\/puokste\/plushy-heart-pillow-love-35-cm\/#breadcrumb\"},\"inLanguage\":\"en-US\",\"potentialAction\":[{\"@type\":\"ReadAction\",\"target\":[\"https:\/\/www.gintaresgeles.lt\/en\/puokste\/plushy-heart-pillow-love-35-cm\/\"]}]},{\"@type\":\"ImageObject\",\"inLanguage\":\"en-US\",\"@id\":\"https:\/\/www.gintaresgeles.lt\/en\/puokste\/plushy-heart-pillow-love-35-cm\/#primaryimage\",\"url\":\"https:\/\/www.gintaresgeles.lt\/wp-content\/uploads\/2017\/01\/pliusine-pagalve.jpg\",\"contentUrl\":\"https:\/\/www.gintaresgeles.lt\/wp-content\/uploads\/2017\/01\/pliusine-pagalve.jpg\",\"width\":600,\"height\":600},{\"@type\":\"BreadcrumbList\",\"@id\":\"https:\/\/www.gintaresgeles.lt\/en\/puokste\/plushy-heart-pillow-love-35-cm\/#breadcrumb\",\"itemListElement\":[{\"@type\":\"ListItem\",\"position\":1,\"name\":\"Prad\u017eia\",\"item\":\"https:\/\/www.gintaresgeles.lt\/en\/\"},{\"@type\":\"ListItem\",\"position\":2,\"name\":\"All flowers and other products\",\"item\":\"https:\/\/www.gintaresgeles.lt\/en\/all-flowers-and-other-products\/\"},{\"@type\":\"ListItem\",\"position\":3,\"name\":\"Plushy heart &#8211; pillow I love you (35cm)\"}]},{\"@type\":\"WebSite\",\"@id\":\"https:\/\/www.gintaresgeles.lt\/en\/#website\",\"url\":\"https:\/\/www.gintaresgeles.lt\/en\/\",\"name\":\"gintaresgeles.lt\",\"description\":\"G\u0117li\u0173 parduotuv\u0117 internete\",\"potentialAction\":[{\"@type\":\"SearchAction\",\"target\":{\"@type\":\"EntryPoint\",\"urlTemplate\":\"https:\/\/www.gintaresgeles.lt\/en\/?s={search_term_string}\"},\"query-input\":{\"@type\":\"PropertyValueSpecification\",\"valueRequired\":true,\"valueName\":\"search_term_string\"}}],\"inLanguage\":\"en-US\"}]}<\/script>\n<!-- \/ Yoast SEO plugin. -->","yoast_head_json":{"title":"Plushy heart with 35cm note | Cozy and romantic gift | Gintar\u0117sG\u0117l\u0117s","description":"This cozy, lovely and practical plush heart with a note will allow a loved one to convey all the warmest feelings to him or her!","robots":{"index":"index","follow":"follow","max-snippet":"max-snippet:-1","max-image-preview":"max-image-preview:large","max-video-preview":"max-video-preview:-1"},"canonical":"https:\/\/www.gintaresgeles.lt\/en\/puokste\/plushy-heart-pillow-love-35-cm\/","og_locale":"en_US","og_type":"article","og_title":"Plushy heart with 35cm note | Cozy and romantic gift | Gintar\u0117sG\u0117l\u0117s","og_description":"This cozy, lovely and practical plush heart with a note will allow a loved one to convey all the warmest feelings to him or her!","og_url":"https:\/\/www.gintaresgeles.lt\/en\/puokste\/plushy-heart-pillow-love-35-cm\/","og_site_name":"gintaresgeles.lt","article_modified_time":"2025-05-29T00:02:14+00:00","og_image":[{"width":600,"height":600,"url":"https:\/\/www.gintaresgeles.lt\/wp-content\/uploads\/2017\/01\/pliusine-pagalve.jpg","type":"image\/jpeg"}],"twitter_card":"summary_large_image","schema":{"@context":"https:\/\/schema.org","@graph":[{"@type":"WebPage","@id":"https:\/\/www.gintaresgeles.lt\/en\/puokste\/plushy-heart-pillow-love-35-cm\/","url":"https:\/\/www.gintaresgeles.lt\/en\/puokste\/plushy-heart-pillow-love-35-cm\/","name":"Plushy heart with 35cm note | Cozy and romantic gift | Gintar\u0117sG\u0117l\u0117s","isPartOf":{"@id":"https:\/\/www.gintaresgeles.lt\/en\/#website"},"primaryImageOfPage":{"@id":"https:\/\/www.gintaresgeles.lt\/en\/puokste\/plushy-heart-pillow-love-35-cm\/#primaryimage"},"image":{"@id":"https:\/\/www.gintaresgeles.lt\/en\/puokste\/plushy-heart-pillow-love-35-cm\/#primaryimage"},"thumbnailUrl":"https:\/\/www.gintaresgeles.lt\/wp-content\/uploads\/2017\/01\/pliusine-pagalve.jpg","datePublished":"2018-10-04T10:15:34+00:00","dateModified":"2025-05-29T00:02:14+00:00","description":"This cozy, lovely and practical plush heart with a note will allow a loved one to convey all the warmest feelings to him or her!","breadcrumb":{"@id":"https:\/\/www.gintaresgeles.lt\/en\/puokste\/plushy-heart-pillow-love-35-cm\/#breadcrumb"},"inLanguage":"en-US","potentialAction":[{"@type":"ReadAction","target":["https:\/\/www.gintaresgeles.lt\/en\/puokste\/plushy-heart-pillow-love-35-cm\/"]}]},{"@type":"ImageObject","inLanguage":"en-US","@id":"https:\/\/www.gintaresgeles.lt\/en\/puokste\/plushy-heart-pillow-love-35-cm\/#primaryimage","url":"https:\/\/www.gintaresgeles.lt\/wp-content\/uploads\/2017\/01\/pliusine-pagalve.jpg","contentUrl":"https:\/\/www.gintaresgeles.lt\/wp-content\/uploads\/2017\/01\/pliusine-pagalve.jpg","width":600,"height":600},{"@type":"BreadcrumbList","@id":"https:\/\/www.gintaresgeles.lt\/en\/puokste\/plushy-heart-pillow-love-35-cm\/#breadcrumb","itemListElement":[{"@type":"ListItem","position":1,"name":"Prad\u017eia","item":"https:\/\/www.gintaresgeles.lt\/en\/"},{"@type":"ListItem","position":2,"name":"All flowers and other products","item":"https:\/\/www.gintaresgeles.lt\/en\/all-flowers-and-other-products\/"},{"@type":"ListItem","position":3,"name":"Plushy heart &#8211; pillow I love you (35cm)"}]},{"@type":"WebSite","@id":"https:\/\/www.gintaresgeles.lt\/en\/#website","url":"https:\/\/www.gintaresgeles.lt\/en\/","name":"gintaresgeles.lt","description":"G\u0117li\u0173 parduotuv\u0117 internete","potentialAction":[{"@type":"SearchAction","target":{"@type":"EntryPoint","urlTemplate":"https:\/\/www.gintaresgeles.lt\/en\/?s={search_term_string}"},"query-input":{"@type":"PropertyValueSpecification","valueRequired":true,"valueName":"search_term_string"}}],"inLanguage":"en-US"}]}},"_links":{"self":[{"href":"https:\/\/www.gintaresgeles.lt\/en\/wp-json\/wp\/v2\/product\/20273","targetHints":{"allow":["GET"]}}],"collection":[{"href":"https:\/\/www.gintaresgeles.lt\/en\/wp-json\/wp\/v2\/product"}],"about":[{"href":"https:\/\/www.gintaresgeles.lt\/en\/wp-json\/wp\/v2\/types\/product"}],"wp:featuredmedia":[{"embeddable":true,"href":"https:\/\/www.gintaresgeles.lt\/en\/wp-json\/wp\/v2\/media\/20274"}],"wp:attachment":[{"href":"https:\/\/www.gintaresgeles.lt\/en\/wp-json\/wp\/v2\/media?parent=20273"}],"wp:term":[{"taxonomy":"product_brand","embeddable":true,"href":"https:\/\/www.gintaresgeles.lt\/en\/wp-json\/wp\/v2\/product_brand?post=20273"},{"taxonomy":"product_cat","embeddable":true,"href":"https:\/\/www.gintaresgeles.lt\/en\/wp-json\/wp\/v2\/product_cat?post=20273"},{"taxonomy":"product_tag","embeddable":true,"href":"https:\/\/www.gintaresgeles.lt\/en\/wp-json\/wp\/v2\/product_tag?post=20273"}],"curies":[{"name":"wp","href":"https:\/\/api.w.org\/{rel}","templated":true}]}}