{"id":20299,"date":"2018-10-03T10:32:49","date_gmt":"2018-10-04T12:01:33","guid":{"rendered":"https:\/\/www.gintaresgeles.lt\/?post_type=product&#038;p=20299"},"modified":"2025-05-29T02:01:13","modified_gmt":"2025-05-29T00:01:13","slug":"balloons-in-a-box","status":"publish","type":"product","link":"https:\/\/www.gintaresgeles.lt\/en\/puokste\/balloons-in-a-box\/","title":{"rendered":"Balloons in a box"},"content":{"rendered":"","protected":false},"excerpt":{"rendered":"<p style=\"text-align: justify\">Balloons in the box are an original and astonishing gift, so it will be a great surprise to brighten up someone&#8217;s day. The balloons are inflated with helium and attached to the box bottom, which prevents balloons from flying out when the box opens.<\/p>\n<p>Balloons can be chosen from several options:<\/p>\n<ul>\n<li>Wedding balloons (MR &amp; MRS., &#8220;Just Maried&#8221;, &#8220;Love&#8221;)<\/li>\n<li>Three stars (one or more colors)<\/li>\n<li>Three hearts (one or more colors)<\/li>\n<li>Balloons for mother (balloon &#8220;I love you mom&#8221;, a heart)<\/li>\n<li>Two smilies and a star (different colors)<\/li>\n<li>Balloons for graduation (Round balloons &#8220;Congratulations&#8221; and &#8220;Done&#8221;)<\/li>\n<li>Birthday balloons (3 balloons &#8220;Happy Birthday&#8221;)<\/li>\n<li>Three balloons (a heart, star, and a round balloon with a smile).<\/li>\n<\/ul>\n","protected":false},"featured_media":56387,"template":"","meta":[],"product_brand":[],"product_cat":[270,1956,893,894,916],"product_tag":[],"class_list":{"0":"post-20299","1":"product","2":"type-product","3":"status-publish","4":"has-post-thumbnail","6":"product_cat-helium-balloons","7":"product_cat-foil-helium-balloons","8":"product_cat-helium-balloons-for-birthday","9":"product_cat-helium-balloons-for-kids","10":"product_cat-helium-balloons-for-mom","11":"tm-no-options","13":"first","14":"instock","15":"taxable","16":"shipping-taxable","17":"purchasable","18":"product-type-variable"},"yoast_head":"<!-- This site is optimized with the Yoast SEO plugin v25.3 - https:\/\/yoast.com\/wordpress\/plugins\/seo\/ -->\n<title>Balloons in a box | Delivery of helium balloons to your home | Gintar\u0117s g\u0117l\u0117s<\/title>\n<meta name=\"description\" content=\"Want to make a surprise to a girlfriend, mother or a child? Place the order online at the Gintar\u0117sg\u0117l\u0117s online store.\" \/>\n<meta name=\"robots\" content=\"index, follow, max-snippet:-1, max-image-preview:large, max-video-preview:-1\" \/>\n<link rel=\"canonical\" href=\"https:\/\/www.gintaresgeles.lt\/en\/puokste\/balloons-in-a-box\/\" \/>\n<meta property=\"og:locale\" content=\"en_US\" \/>\n<meta property=\"og:type\" content=\"article\" \/>\n<meta property=\"og:title\" content=\"Balloons in a box | Delivery of helium balloons to your home | Gintar\u0117s g\u0117l\u0117s\" \/>\n<meta property=\"og:description\" content=\"Want to make a surprise to a girlfriend, mother or a child? Place the order online at the Gintar\u0117sg\u0117l\u0117s online store.\" \/>\n<meta property=\"og:url\" content=\"https:\/\/www.gintaresgeles.lt\/en\/puokste\/balloons-in-a-box\/\" \/>\n<meta property=\"og:site_name\" content=\"gintaresgeles.lt\" \/>\n<meta property=\"article:modified_time\" content=\"2025-05-29T00:01:13+00:00\" \/>\n<meta property=\"og:image\" content=\"https:\/\/www.gintaresgeles.lt\/wp-content\/uploads\/2018\/09\/balionai.jpg\" \/>\n\t<meta property=\"og:image:width\" content=\"600\" \/>\n\t<meta property=\"og:image:height\" content=\"600\" \/>\n\t<meta property=\"og:image:type\" content=\"image\/jpeg\" \/>\n<meta name=\"twitter:card\" content=\"summary_large_image\" \/>\n<script type=\"application\/ld+json\" class=\"yoast-schema-graph\">{\"@context\":\"https:\/\/schema.org\",\"@graph\":[{\"@type\":\"WebPage\",\"@id\":\"https:\/\/www.gintaresgeles.lt\/en\/puokste\/balloons-in-a-box\/\",\"url\":\"https:\/\/www.gintaresgeles.lt\/en\/puokste\/balloons-in-a-box\/\",\"name\":\"Balloons in a box | Delivery of helium balloons to your home | Gintar\u0117s g\u0117l\u0117s\",\"isPartOf\":{\"@id\":\"https:\/\/www.gintaresgeles.lt\/en\/#website\"},\"primaryImageOfPage\":{\"@id\":\"https:\/\/www.gintaresgeles.lt\/en\/puokste\/balloons-in-a-box\/#primaryimage\"},\"image\":{\"@id\":\"https:\/\/www.gintaresgeles.lt\/en\/puokste\/balloons-in-a-box\/#primaryimage\"},\"thumbnailUrl\":\"https:\/\/www.gintaresgeles.lt\/wp-content\/uploads\/2018\/10\/balionai-dezeje-meskutis-su-guminiais-balionais.jpg\",\"datePublished\":\"2018-10-04T12:01:33+00:00\",\"dateModified\":\"2025-05-29T00:01:13+00:00\",\"description\":\"Want to make a surprise to a girlfriend, mother or a child? Place the order online at the Gintar\u0117sg\u0117l\u0117s online store.\",\"breadcrumb\":{\"@id\":\"https:\/\/www.gintaresgeles.lt\/en\/puokste\/balloons-in-a-box\/#breadcrumb\"},\"inLanguage\":\"en-US\",\"potentialAction\":[{\"@type\":\"ReadAction\",\"target\":[\"https:\/\/www.gintaresgeles.lt\/en\/puokste\/balloons-in-a-box\/\"]}]},{\"@type\":\"ImageObject\",\"inLanguage\":\"en-US\",\"@id\":\"https:\/\/www.gintaresgeles.lt\/en\/puokste\/balloons-in-a-box\/#primaryimage\",\"url\":\"https:\/\/www.gintaresgeles.lt\/wp-content\/uploads\/2018\/10\/balionai-dezeje-meskutis-su-guminiais-balionais.jpg\",\"contentUrl\":\"https:\/\/www.gintaresgeles.lt\/wp-content\/uploads\/2018\/10\/balionai-dezeje-meskutis-su-guminiais-balionais.jpg\",\"width\":1600,\"height\":1600,\"caption\":\"Me\u0161kutis su \u0161irdele d\u0117\u017e\u0117je gimtadienio proga\"},{\"@type\":\"BreadcrumbList\",\"@id\":\"https:\/\/www.gintaresgeles.lt\/en\/puokste\/balloons-in-a-box\/#breadcrumb\",\"itemListElement\":[{\"@type\":\"ListItem\",\"position\":1,\"name\":\"Prad\u017eia\",\"item\":\"https:\/\/www.gintaresgeles.lt\/en\/\"},{\"@type\":\"ListItem\",\"position\":2,\"name\":\"All flowers and other products\",\"item\":\"https:\/\/www.gintaresgeles.lt\/en\/all-flowers-and-other-products\/\"},{\"@type\":\"ListItem\",\"position\":3,\"name\":\"Balloons in a box\"}]},{\"@type\":\"WebSite\",\"@id\":\"https:\/\/www.gintaresgeles.lt\/en\/#website\",\"url\":\"https:\/\/www.gintaresgeles.lt\/en\/\",\"name\":\"Gintares Geles\",\"description\":\"Flower delivery in Vilnius | Same-day delivery | Gintares geles\",\"potentialAction\":[{\"@type\":\"SearchAction\",\"target\":{\"@type\":\"EntryPoint\",\"urlTemplate\":\"https:\/\/www.gintaresgeles.lt\/en\/?s={search_term_string}\"},\"query-input\":{\"@type\":\"PropertyValueSpecification\",\"valueRequired\":true,\"valueName\":\"search_term_string\"}}],\"inLanguage\":\"en-US\"}]}<\/script>\n<!-- \/ Yoast SEO plugin. -->","yoast_head_json":{"title":"Balloons in a box | Delivery of helium balloons to your home | Gintar\u0117s g\u0117l\u0117s","description":"Want to make a surprise to a girlfriend, mother or a child? Place the order online at the Gintar\u0117sg\u0117l\u0117s online store.","robots":{"index":"index","follow":"follow","max-snippet":"max-snippet:-1","max-image-preview":"max-image-preview:large","max-video-preview":"max-video-preview:-1"},"canonical":"https:\/\/www.gintaresgeles.lt\/en\/puokste\/balloons-in-a-box\/","og_locale":"en_US","og_type":"article","og_title":"Balloons in a box | Delivery of helium balloons to your home | Gintar\u0117s g\u0117l\u0117s","og_description":"Want to make a surprise to a girlfriend, mother or a child? Place the order online at the Gintar\u0117sg\u0117l\u0117s online store.","og_url":"https:\/\/www.gintaresgeles.lt\/en\/puokste\/balloons-in-a-box\/","og_site_name":"gintaresgeles.lt","article_modified_time":"2025-05-29T00:01:13+00:00","og_image":[{"width":600,"height":600,"url":"https:\/\/www.gintaresgeles.lt\/wp-content\/uploads\/2018\/09\/balionai.jpg","type":"image\/jpeg"}],"twitter_card":"summary_large_image","schema":{"@context":"https:\/\/schema.org","@graph":[{"@type":"WebPage","@id":"https:\/\/www.gintaresgeles.lt\/en\/puokste\/balloons-in-a-box\/","url":"https:\/\/www.gintaresgeles.lt\/en\/puokste\/balloons-in-a-box\/","name":"Balloons in a box | Delivery of helium balloons to your home | Gintar\u0117s g\u0117l\u0117s","isPartOf":{"@id":"https:\/\/www.gintaresgeles.lt\/en\/#website"},"primaryImageOfPage":{"@id":"https:\/\/www.gintaresgeles.lt\/en\/puokste\/balloons-in-a-box\/#primaryimage"},"image":{"@id":"https:\/\/www.gintaresgeles.lt\/en\/puokste\/balloons-in-a-box\/#primaryimage"},"thumbnailUrl":"https:\/\/www.gintaresgeles.lt\/wp-content\/uploads\/2018\/10\/balionai-dezeje-meskutis-su-guminiais-balionais.jpg","datePublished":"2018-10-04T12:01:33+00:00","dateModified":"2025-05-29T00:01:13+00:00","description":"Want to make a surprise to a girlfriend, mother or a child? Place the order online at the Gintar\u0117sg\u0117l\u0117s online store.","breadcrumb":{"@id":"https:\/\/www.gintaresgeles.lt\/en\/puokste\/balloons-in-a-box\/#breadcrumb"},"inLanguage":"en-US","potentialAction":[{"@type":"ReadAction","target":["https:\/\/www.gintaresgeles.lt\/en\/puokste\/balloons-in-a-box\/"]}]},{"@type":"ImageObject","inLanguage":"en-US","@id":"https:\/\/www.gintaresgeles.lt\/en\/puokste\/balloons-in-a-box\/#primaryimage","url":"https:\/\/www.gintaresgeles.lt\/wp-content\/uploads\/2018\/10\/balionai-dezeje-meskutis-su-guminiais-balionais.jpg","contentUrl":"https:\/\/www.gintaresgeles.lt\/wp-content\/uploads\/2018\/10\/balionai-dezeje-meskutis-su-guminiais-balionais.jpg","width":1600,"height":1600,"caption":"Me\u0161kutis su \u0161irdele d\u0117\u017e\u0117je gimtadienio proga"},{"@type":"BreadcrumbList","@id":"https:\/\/www.gintaresgeles.lt\/en\/puokste\/balloons-in-a-box\/#breadcrumb","itemListElement":[{"@type":"ListItem","position":1,"name":"Prad\u017eia","item":"https:\/\/www.gintaresgeles.lt\/en\/"},{"@type":"ListItem","position":2,"name":"All flowers and other products","item":"https:\/\/www.gintaresgeles.lt\/en\/all-flowers-and-other-products\/"},{"@type":"ListItem","position":3,"name":"Balloons in a box"}]},{"@type":"WebSite","@id":"https:\/\/www.gintaresgeles.lt\/en\/#website","url":"https:\/\/www.gintaresgeles.lt\/en\/","name":"Gintares Geles","description":"Flower delivery in Vilnius | Same-day delivery | Gintares geles","potentialAction":[{"@type":"SearchAction","target":{"@type":"EntryPoint","urlTemplate":"https:\/\/www.gintaresgeles.lt\/en\/?s={search_term_string}"},"query-input":{"@type":"PropertyValueSpecification","valueRequired":true,"valueName":"search_term_string"}}],"inLanguage":"en-US"}]}},"_links":{"self":[{"href":"https:\/\/www.gintaresgeles.lt\/en\/wp-json\/wp\/v2\/product\/20299","targetHints":{"allow":["GET"]}}],"collection":[{"href":"https:\/\/www.gintaresgeles.lt\/en\/wp-json\/wp\/v2\/product"}],"about":[{"href":"https:\/\/www.gintaresgeles.lt\/en\/wp-json\/wp\/v2\/types\/product"}],"wp:featuredmedia":[{"embeddable":true,"href":"https:\/\/www.gintaresgeles.lt\/en\/wp-json\/wp\/v2\/media\/56387"}],"wp:attachment":[{"href":"https:\/\/www.gintaresgeles.lt\/en\/wp-json\/wp\/v2\/media?parent=20299"}],"wp:term":[{"taxonomy":"product_brand","embeddable":true,"href":"https:\/\/www.gintaresgeles.lt\/en\/wp-json\/wp\/v2\/product_brand?post=20299"},{"taxonomy":"product_cat","embeddable":true,"href":"https:\/\/www.gintaresgeles.lt\/en\/wp-json\/wp\/v2\/product_cat?post=20299"},{"taxonomy":"product_tag","embeddable":true,"href":"https:\/\/www.gintaresgeles.lt\/en\/wp-json\/wp\/v2\/product_tag?post=20299"}],"curies":[{"name":"wp","href":"https:\/\/api.w.org\/{rel}","templated":true}]}}