{"id":20662,"date":"2018-10-22T10:03:14","date_gmt":"2018-10-22T12:41:27","guid":{"rendered":"https:\/\/www.gintaresgeles.lt\/?post_type=product&#038;p=20662"},"modified":"2025-05-29T02:01:12","modified_gmt":"2025-05-29T00:01:12","slug":"square-box-of-multicolored-carnations","status":"publish","type":"product","link":"https:\/\/www.gintaresgeles.lt\/en\/puokste\/square-box-of-multicolored-carnations\/","title":{"rendered":"Square box of multicolored carnations"},"content":{"rendered":"","protected":false},"excerpt":{"rendered":"<p style=\"text-align: justify\">Searching for a way to surprise your mother, father, or maybe a girlfriend? Order this multicolored carnation box and brighten up the day of your precious people on any occasion. The color of carnations is chosen randomly, however, we always try to get the most impeccable version.<\/p>\n<p><em><strong>The colors are chosen from those we have on sale at the time, if you want a specific color contact us.<\/strong><\/em><\/p>\n<p style=\"text-align: right\">\n","protected":false},"featured_media":22681,"template":"","meta":[],"product_brand":[],"product_cat":[260,259,252,266,265,256,258,253,257,246,267],"product_tag":[],"class_list":{"0":"post-20662","1":"product","2":"type-product","3":"status-publish","4":"has-post-thumbnail","6":"product_cat-birthday-flowers","7":"product_cat-flowers-by-occasion","8":"product_cat-flowers-by-recipient","9":"product_cat-flowers-by-style","10":"product_cat-flowers-by-type","11":"product_cat-flowers-for-girlfriend","12":"product_cat-flowers-for-men","13":"product_cat-flowers-for-mom","14":"product_cat-flowers-for-women","15":"product_cat-carnations","16":"product_cat-flower-boxes","17":"tm-no-options","19":"first","20":"instock","21":"taxable","22":"shipping-taxable","23":"purchasable","24":"product-type-variable"},"yoast_head":"<!-- This site is optimized with the Yoast SEO plugin v25.3 - https:\/\/yoast.com\/wordpress\/plugins\/seo\/ -->\n<title>Square box of multicolored carnations | Gintares Geles<\/title>\n<meta name=\"description\" content=\"Order a square multicolored carnation box and amaze your loved ones with this warmth-radiating gift.\" \/>\n<meta name=\"robots\" content=\"index, follow, max-snippet:-1, max-image-preview:large, max-video-preview:-1\" \/>\n<link rel=\"canonical\" href=\"https:\/\/www.gintaresgeles.lt\/en\/puokste\/square-box-of-multicolored-carnations\/\" \/>\n<meta property=\"og:locale\" content=\"en_US\" \/>\n<meta property=\"og:type\" content=\"article\" \/>\n<meta property=\"og:title\" content=\"Square box of multicolored carnations | Gintares Geles\" \/>\n<meta property=\"og:description\" content=\"Order a square multicolored carnation box and amaze your loved ones with this warmth-radiating gift.\" \/>\n<meta property=\"og:url\" content=\"https:\/\/www.gintaresgeles.lt\/en\/puokste\/square-box-of-multicolored-carnations\/\" \/>\n<meta property=\"og:site_name\" content=\"gintaresgeles.lt\" \/>\n<meta property=\"article:modified_time\" content=\"2025-05-29T00:01:12+00:00\" \/>\n<meta property=\"og:image\" content=\"https:\/\/www.gintaresgeles.lt\/wp-content\/uploads\/2018\/10\/geliu-dezute-ivairiaspalviai-gvazdikai.jpg\" \/>\n\t<meta property=\"og:image:width\" content=\"600\" \/>\n\t<meta property=\"og:image:height\" content=\"600\" \/>\n\t<meta property=\"og:image:type\" content=\"image\/jpeg\" \/>\n<meta name=\"twitter:card\" content=\"summary_large_image\" \/>\n<script type=\"application\/ld+json\" class=\"yoast-schema-graph\">{\"@context\":\"https:\/\/schema.org\",\"@graph\":[{\"@type\":\"WebPage\",\"@id\":\"https:\/\/www.gintaresgeles.lt\/en\/puokste\/square-box-of-multicolored-carnations\/\",\"url\":\"https:\/\/www.gintaresgeles.lt\/en\/puokste\/square-box-of-multicolored-carnations\/\",\"name\":\"Square box of multicolored carnations | Gintares Geles\",\"isPartOf\":{\"@id\":\"https:\/\/www.gintaresgeles.lt\/en\/#website\"},\"primaryImageOfPage\":{\"@id\":\"https:\/\/www.gintaresgeles.lt\/en\/puokste\/square-box-of-multicolored-carnations\/#primaryimage\"},\"image\":{\"@id\":\"https:\/\/www.gintaresgeles.lt\/en\/puokste\/square-box-of-multicolored-carnations\/#primaryimage\"},\"thumbnailUrl\":\"https:\/\/www.gintaresgeles.lt\/wp-content\/uploads\/2018\/10\/geliu-dezute-ivairiaspalviai-gvazdikai.jpg\",\"datePublished\":\"2018-10-22T12:41:27+00:00\",\"dateModified\":\"2025-05-29T00:01:12+00:00\",\"description\":\"Order a square multicolored carnation box and amaze your loved ones with this warmth-radiating gift.\",\"breadcrumb\":{\"@id\":\"https:\/\/www.gintaresgeles.lt\/en\/puokste\/square-box-of-multicolored-carnations\/#breadcrumb\"},\"inLanguage\":\"en-US\",\"potentialAction\":[{\"@type\":\"ReadAction\",\"target\":[\"https:\/\/www.gintaresgeles.lt\/en\/puokste\/square-box-of-multicolored-carnations\/\"]}]},{\"@type\":\"ImageObject\",\"inLanguage\":\"en-US\",\"@id\":\"https:\/\/www.gintaresgeles.lt\/en\/puokste\/square-box-of-multicolored-carnations\/#primaryimage\",\"url\":\"https:\/\/www.gintaresgeles.lt\/wp-content\/uploads\/2018\/10\/geliu-dezute-ivairiaspalviai-gvazdikai.jpg\",\"contentUrl\":\"https:\/\/www.gintaresgeles.lt\/wp-content\/uploads\/2018\/10\/geliu-dezute-ivairiaspalviai-gvazdikai.jpg\",\"width\":600,\"height\":600,\"caption\":\"\u012evairiaspalviai gvazdikai g\u0117li\u0173 d\u0117\u017eut\u0117se\"},{\"@type\":\"BreadcrumbList\",\"@id\":\"https:\/\/www.gintaresgeles.lt\/en\/puokste\/square-box-of-multicolored-carnations\/#breadcrumb\",\"itemListElement\":[{\"@type\":\"ListItem\",\"position\":1,\"name\":\"Prad\u017eia\",\"item\":\"https:\/\/www.gintaresgeles.lt\/en\/\"},{\"@type\":\"ListItem\",\"position\":2,\"name\":\"All flowers and other products\",\"item\":\"https:\/\/www.gintaresgeles.lt\/en\/all-flowers-and-other-products\/\"},{\"@type\":\"ListItem\",\"position\":3,\"name\":\"Square box of multicolored carnations\"}]},{\"@type\":\"WebSite\",\"@id\":\"https:\/\/www.gintaresgeles.lt\/en\/#website\",\"url\":\"https:\/\/www.gintaresgeles.lt\/en\/\",\"name\":\"gintaresgeles.lt\",\"description\":\"G\u0117li\u0173 parduotuv\u0117 internete\",\"potentialAction\":[{\"@type\":\"SearchAction\",\"target\":{\"@type\":\"EntryPoint\",\"urlTemplate\":\"https:\/\/www.gintaresgeles.lt\/en\/?s={search_term_string}\"},\"query-input\":{\"@type\":\"PropertyValueSpecification\",\"valueRequired\":true,\"valueName\":\"search_term_string\"}}],\"inLanguage\":\"en-US\"}]}<\/script>\n<!-- \/ Yoast SEO plugin. -->","yoast_head_json":{"title":"Square box of multicolored carnations | Gintares Geles","description":"Order a square multicolored carnation box and amaze your loved ones with this warmth-radiating gift.","robots":{"index":"index","follow":"follow","max-snippet":"max-snippet:-1","max-image-preview":"max-image-preview:large","max-video-preview":"max-video-preview:-1"},"canonical":"https:\/\/www.gintaresgeles.lt\/en\/puokste\/square-box-of-multicolored-carnations\/","og_locale":"en_US","og_type":"article","og_title":"Square box of multicolored carnations | Gintares Geles","og_description":"Order a square multicolored carnation box and amaze your loved ones with this warmth-radiating gift.","og_url":"https:\/\/www.gintaresgeles.lt\/en\/puokste\/square-box-of-multicolored-carnations\/","og_site_name":"gintaresgeles.lt","article_modified_time":"2025-05-29T00:01:12+00:00","og_image":[{"width":600,"height":600,"url":"https:\/\/www.gintaresgeles.lt\/wp-content\/uploads\/2018\/10\/geliu-dezute-ivairiaspalviai-gvazdikai.jpg","type":"image\/jpeg"}],"twitter_card":"summary_large_image","schema":{"@context":"https:\/\/schema.org","@graph":[{"@type":"WebPage","@id":"https:\/\/www.gintaresgeles.lt\/en\/puokste\/square-box-of-multicolored-carnations\/","url":"https:\/\/www.gintaresgeles.lt\/en\/puokste\/square-box-of-multicolored-carnations\/","name":"Square box of multicolored carnations | Gintares Geles","isPartOf":{"@id":"https:\/\/www.gintaresgeles.lt\/en\/#website"},"primaryImageOfPage":{"@id":"https:\/\/www.gintaresgeles.lt\/en\/puokste\/square-box-of-multicolored-carnations\/#primaryimage"},"image":{"@id":"https:\/\/www.gintaresgeles.lt\/en\/puokste\/square-box-of-multicolored-carnations\/#primaryimage"},"thumbnailUrl":"https:\/\/www.gintaresgeles.lt\/wp-content\/uploads\/2018\/10\/geliu-dezute-ivairiaspalviai-gvazdikai.jpg","datePublished":"2018-10-22T12:41:27+00:00","dateModified":"2025-05-29T00:01:12+00:00","description":"Order a square multicolored carnation box and amaze your loved ones with this warmth-radiating gift.","breadcrumb":{"@id":"https:\/\/www.gintaresgeles.lt\/en\/puokste\/square-box-of-multicolored-carnations\/#breadcrumb"},"inLanguage":"en-US","potentialAction":[{"@type":"ReadAction","target":["https:\/\/www.gintaresgeles.lt\/en\/puokste\/square-box-of-multicolored-carnations\/"]}]},{"@type":"ImageObject","inLanguage":"en-US","@id":"https:\/\/www.gintaresgeles.lt\/en\/puokste\/square-box-of-multicolored-carnations\/#primaryimage","url":"https:\/\/www.gintaresgeles.lt\/wp-content\/uploads\/2018\/10\/geliu-dezute-ivairiaspalviai-gvazdikai.jpg","contentUrl":"https:\/\/www.gintaresgeles.lt\/wp-content\/uploads\/2018\/10\/geliu-dezute-ivairiaspalviai-gvazdikai.jpg","width":600,"height":600,"caption":"\u012evairiaspalviai gvazdikai g\u0117li\u0173 d\u0117\u017eut\u0117se"},{"@type":"BreadcrumbList","@id":"https:\/\/www.gintaresgeles.lt\/en\/puokste\/square-box-of-multicolored-carnations\/#breadcrumb","itemListElement":[{"@type":"ListItem","position":1,"name":"Prad\u017eia","item":"https:\/\/www.gintaresgeles.lt\/en\/"},{"@type":"ListItem","position":2,"name":"All flowers and other products","item":"https:\/\/www.gintaresgeles.lt\/en\/all-flowers-and-other-products\/"},{"@type":"ListItem","position":3,"name":"Square box of multicolored carnations"}]},{"@type":"WebSite","@id":"https:\/\/www.gintaresgeles.lt\/en\/#website","url":"https:\/\/www.gintaresgeles.lt\/en\/","name":"gintaresgeles.lt","description":"G\u0117li\u0173 parduotuv\u0117 internete","potentialAction":[{"@type":"SearchAction","target":{"@type":"EntryPoint","urlTemplate":"https:\/\/www.gintaresgeles.lt\/en\/?s={search_term_string}"},"query-input":{"@type":"PropertyValueSpecification","valueRequired":true,"valueName":"search_term_string"}}],"inLanguage":"en-US"}]}},"_links":{"self":[{"href":"https:\/\/www.gintaresgeles.lt\/en\/wp-json\/wp\/v2\/product\/20662","targetHints":{"allow":["GET"]}}],"collection":[{"href":"https:\/\/www.gintaresgeles.lt\/en\/wp-json\/wp\/v2\/product"}],"about":[{"href":"https:\/\/www.gintaresgeles.lt\/en\/wp-json\/wp\/v2\/types\/product"}],"wp:featuredmedia":[{"embeddable":true,"href":"https:\/\/www.gintaresgeles.lt\/en\/wp-json\/wp\/v2\/media\/22681"}],"wp:attachment":[{"href":"https:\/\/www.gintaresgeles.lt\/en\/wp-json\/wp\/v2\/media?parent=20662"}],"wp:term":[{"taxonomy":"product_brand","embeddable":true,"href":"https:\/\/www.gintaresgeles.lt\/en\/wp-json\/wp\/v2\/product_brand?post=20662"},{"taxonomy":"product_cat","embeddable":true,"href":"https:\/\/www.gintaresgeles.lt\/en\/wp-json\/wp\/v2\/product_cat?post=20662"},{"taxonomy":"product_tag","embeddable":true,"href":"https:\/\/www.gintaresgeles.lt\/en\/wp-json\/wp\/v2\/product_tag?post=20662"}],"curies":[{"name":"wp","href":"https:\/\/api.w.org\/{rel}","templated":true}]}}