{"id":20666,"date":"2018-10-22T08:11:05","date_gmt":"2018-10-22T13:05:44","guid":{"rendered":"https:\/\/www.gintaresgeles.lt\/?post_type=product&#038;p=20666"},"modified":"2025-05-29T02:01:12","modified_gmt":"2025-05-29T00:01:12","slug":"two-colored-carnations-in-a-square-box","status":"publish","type":"product","link":"https:\/\/www.gintaresgeles.lt\/en\/puokste\/two-colored-carnations-in-a-square-box\/","title":{"rendered":"Two-colored carnations in a square box"},"content":{"rendered":"<p>The color of carnations may differ from the photo, however, we always try to match the color of flowers with the ribbon in order for the flower box to look as perfect as possible.<\/p>\n","protected":false},"excerpt":{"rendered":"<p style=\"text-align: justify\">Carnations are flowers that symbolize longevity, harmony, so present them as a gift to your loved ones, and with that, you will spread positive emotions and cheerful mood.<\/p>\n<p style=\"text-align: justify\">There are several sizes of square box that you can choose from: small, medium, large.<\/p>\n<p><em><strong>The colors are chosen from those we have on sale at the time, if you want a specific color contact us.<\/strong><\/em><\/p>\n<p style=\"text-align: right\">\n","protected":false},"featured_media":21134,"template":"","meta":[],"product_brand":[],"product_cat":[260,259,252,266,265,256,258,253,257,263,246,267],"product_tag":[],"class_list":{"0":"post-20666","1":"product","2":"type-product","3":"status-publish","4":"has-post-thumbnail","6":"product_cat-birthday-flowers","7":"product_cat-flowers-by-occasion","8":"product_cat-flowers-by-recipient","9":"product_cat-flowers-by-style","10":"product_cat-flowers-by-type","11":"product_cat-flowers-for-girlfriend","12":"product_cat-flowers-for-men","13":"product_cat-flowers-for-mom","14":"product_cat-flowers-for-women","15":"product_cat-mothers-day-flowers","16":"product_cat-carnations","17":"product_cat-flower-boxes","18":"tm-no-options","20":"first","21":"instock","22":"taxable","23":"shipping-taxable","24":"purchasable","25":"product-type-variable"},"yoast_head":"<!-- This site is optimized with the Yoast SEO plugin v25.3 - https:\/\/yoast.com\/wordpress\/plugins\/seo\/ -->\n<title>Two color carnations in a square box | Gintares Geles<\/title>\n<meta name=\"description\" content=\"The two-color carnations in a square box will become an exceptional and special accent for each celebration, which will surprise recipients of different sexes and different age groups.\" \/>\n<meta name=\"robots\" content=\"index, follow, max-snippet:-1, max-image-preview:large, max-video-preview:-1\" \/>\n<link rel=\"canonical\" href=\"https:\/\/www.gintaresgeles.lt\/en\/puokste\/two-colored-carnations-in-a-square-box\/\" \/>\n<meta property=\"og:locale\" content=\"en_US\" \/>\n<meta property=\"og:type\" content=\"article\" \/>\n<meta property=\"og:title\" content=\"Two color carnations in a square box | Gintares Geles\" \/>\n<meta property=\"og:description\" content=\"The two-color carnations in a square box will become an exceptional and special accent for each celebration, which will surprise recipients of different sexes and different age groups.\" \/>\n<meta property=\"og:url\" content=\"https:\/\/www.gintaresgeles.lt\/en\/puokste\/two-colored-carnations-in-a-square-box\/\" \/>\n<meta property=\"og:site_name\" content=\"gintaresgeles.lt\" \/>\n<meta property=\"article:modified_time\" content=\"2025-05-29T00:01:12+00:00\" \/>\n<meta property=\"og:image\" content=\"https:\/\/www.gintaresgeles.lt\/wp-content\/uploads\/2018\/10\/geliu-dezute-dvieju-spalvu-gvazdikai-1.jpg\" \/>\n\t<meta property=\"og:image:width\" content=\"600\" \/>\n\t<meta property=\"og:image:height\" content=\"600\" \/>\n\t<meta property=\"og:image:type\" content=\"image\/jpeg\" \/>\n<meta name=\"twitter:card\" content=\"summary_large_image\" \/>\n<script type=\"application\/ld+json\" class=\"yoast-schema-graph\">{\"@context\":\"https:\/\/schema.org\",\"@graph\":[{\"@type\":\"WebPage\",\"@id\":\"https:\/\/www.gintaresgeles.lt\/en\/puokste\/two-colored-carnations-in-a-square-box\/\",\"url\":\"https:\/\/www.gintaresgeles.lt\/en\/puokste\/two-colored-carnations-in-a-square-box\/\",\"name\":\"Two color carnations in a square box | Gintares Geles\",\"isPartOf\":{\"@id\":\"https:\/\/www.gintaresgeles.lt\/en\/#website\"},\"primaryImageOfPage\":{\"@id\":\"https:\/\/www.gintaresgeles.lt\/en\/puokste\/two-colored-carnations-in-a-square-box\/#primaryimage\"},\"image\":{\"@id\":\"https:\/\/www.gintaresgeles.lt\/en\/puokste\/two-colored-carnations-in-a-square-box\/#primaryimage\"},\"thumbnailUrl\":\"https:\/\/www.gintaresgeles.lt\/wp-content\/uploads\/2018\/10\/geliu-dezute-dvieju-spalvu-gvazdikai-1.jpg\",\"datePublished\":\"2018-10-22T13:05:44+00:00\",\"dateModified\":\"2025-05-29T00:01:12+00:00\",\"description\":\"The two-color carnations in a square box will become an exceptional and special accent for each celebration, which will surprise recipients of different sexes and different age groups.\",\"breadcrumb\":{\"@id\":\"https:\/\/www.gintaresgeles.lt\/en\/puokste\/two-colored-carnations-in-a-square-box\/#breadcrumb\"},\"inLanguage\":\"en-US\",\"potentialAction\":[{\"@type\":\"ReadAction\",\"target\":[\"https:\/\/www.gintaresgeles.lt\/en\/puokste\/two-colored-carnations-in-a-square-box\/\"]}]},{\"@type\":\"ImageObject\",\"inLanguage\":\"en-US\",\"@id\":\"https:\/\/www.gintaresgeles.lt\/en\/puokste\/two-colored-carnations-in-a-square-box\/#primaryimage\",\"url\":\"https:\/\/www.gintaresgeles.lt\/wp-content\/uploads\/2018\/10\/geliu-dezute-dvieju-spalvu-gvazdikai-1.jpg\",\"contentUrl\":\"https:\/\/www.gintaresgeles.lt\/wp-content\/uploads\/2018\/10\/geliu-dezute-dvieju-spalvu-gvazdikai-1.jpg\",\"width\":600,\"height\":600,\"caption\":\"Dviej\u0173 spalv\u0173 gvazdikai g\u0117l\u0117s d\u0117\u017eut\u0117se\"},{\"@type\":\"BreadcrumbList\",\"@id\":\"https:\/\/www.gintaresgeles.lt\/en\/puokste\/two-colored-carnations-in-a-square-box\/#breadcrumb\",\"itemListElement\":[{\"@type\":\"ListItem\",\"position\":1,\"name\":\"Prad\u017eia\",\"item\":\"https:\/\/www.gintaresgeles.lt\/en\/\"},{\"@type\":\"ListItem\",\"position\":2,\"name\":\"All flowers and other products\",\"item\":\"https:\/\/www.gintaresgeles.lt\/en\/all-flowers-and-other-products\/\"},{\"@type\":\"ListItem\",\"position\":3,\"name\":\"Two-colored carnations in a square box\"}]},{\"@type\":\"WebSite\",\"@id\":\"https:\/\/www.gintaresgeles.lt\/en\/#website\",\"url\":\"https:\/\/www.gintaresgeles.lt\/en\/\",\"name\":\"Gintares Geles\",\"description\":\"Flower delivery in Vilnius | Same-day delivery | Gintares geles\",\"potentialAction\":[{\"@type\":\"SearchAction\",\"target\":{\"@type\":\"EntryPoint\",\"urlTemplate\":\"https:\/\/www.gintaresgeles.lt\/en\/?s={search_term_string}\"},\"query-input\":{\"@type\":\"PropertyValueSpecification\",\"valueRequired\":true,\"valueName\":\"search_term_string\"}}],\"inLanguage\":\"en-US\"}]}<\/script>\n<!-- \/ Yoast SEO plugin. -->","yoast_head_json":{"title":"Two color carnations in a square box | Gintares Geles","description":"The two-color carnations in a square box will become an exceptional and special accent for each celebration, which will surprise recipients of different sexes and different age groups.","robots":{"index":"index","follow":"follow","max-snippet":"max-snippet:-1","max-image-preview":"max-image-preview:large","max-video-preview":"max-video-preview:-1"},"canonical":"https:\/\/www.gintaresgeles.lt\/en\/puokste\/two-colored-carnations-in-a-square-box\/","og_locale":"en_US","og_type":"article","og_title":"Two color carnations in a square box | Gintares Geles","og_description":"The two-color carnations in a square box will become an exceptional and special accent for each celebration, which will surprise recipients of different sexes and different age groups.","og_url":"https:\/\/www.gintaresgeles.lt\/en\/puokste\/two-colored-carnations-in-a-square-box\/","og_site_name":"gintaresgeles.lt","article_modified_time":"2025-05-29T00:01:12+00:00","og_image":[{"width":600,"height":600,"url":"https:\/\/www.gintaresgeles.lt\/wp-content\/uploads\/2018\/10\/geliu-dezute-dvieju-spalvu-gvazdikai-1.jpg","type":"image\/jpeg"}],"twitter_card":"summary_large_image","schema":{"@context":"https:\/\/schema.org","@graph":[{"@type":"WebPage","@id":"https:\/\/www.gintaresgeles.lt\/en\/puokste\/two-colored-carnations-in-a-square-box\/","url":"https:\/\/www.gintaresgeles.lt\/en\/puokste\/two-colored-carnations-in-a-square-box\/","name":"Two color carnations in a square box | Gintares Geles","isPartOf":{"@id":"https:\/\/www.gintaresgeles.lt\/en\/#website"},"primaryImageOfPage":{"@id":"https:\/\/www.gintaresgeles.lt\/en\/puokste\/two-colored-carnations-in-a-square-box\/#primaryimage"},"image":{"@id":"https:\/\/www.gintaresgeles.lt\/en\/puokste\/two-colored-carnations-in-a-square-box\/#primaryimage"},"thumbnailUrl":"https:\/\/www.gintaresgeles.lt\/wp-content\/uploads\/2018\/10\/geliu-dezute-dvieju-spalvu-gvazdikai-1.jpg","datePublished":"2018-10-22T13:05:44+00:00","dateModified":"2025-05-29T00:01:12+00:00","description":"The two-color carnations in a square box will become an exceptional and special accent for each celebration, which will surprise recipients of different sexes and different age groups.","breadcrumb":{"@id":"https:\/\/www.gintaresgeles.lt\/en\/puokste\/two-colored-carnations-in-a-square-box\/#breadcrumb"},"inLanguage":"en-US","potentialAction":[{"@type":"ReadAction","target":["https:\/\/www.gintaresgeles.lt\/en\/puokste\/two-colored-carnations-in-a-square-box\/"]}]},{"@type":"ImageObject","inLanguage":"en-US","@id":"https:\/\/www.gintaresgeles.lt\/en\/puokste\/two-colored-carnations-in-a-square-box\/#primaryimage","url":"https:\/\/www.gintaresgeles.lt\/wp-content\/uploads\/2018\/10\/geliu-dezute-dvieju-spalvu-gvazdikai-1.jpg","contentUrl":"https:\/\/www.gintaresgeles.lt\/wp-content\/uploads\/2018\/10\/geliu-dezute-dvieju-spalvu-gvazdikai-1.jpg","width":600,"height":600,"caption":"Dviej\u0173 spalv\u0173 gvazdikai g\u0117l\u0117s d\u0117\u017eut\u0117se"},{"@type":"BreadcrumbList","@id":"https:\/\/www.gintaresgeles.lt\/en\/puokste\/two-colored-carnations-in-a-square-box\/#breadcrumb","itemListElement":[{"@type":"ListItem","position":1,"name":"Prad\u017eia","item":"https:\/\/www.gintaresgeles.lt\/en\/"},{"@type":"ListItem","position":2,"name":"All flowers and other products","item":"https:\/\/www.gintaresgeles.lt\/en\/all-flowers-and-other-products\/"},{"@type":"ListItem","position":3,"name":"Two-colored carnations in a square box"}]},{"@type":"WebSite","@id":"https:\/\/www.gintaresgeles.lt\/en\/#website","url":"https:\/\/www.gintaresgeles.lt\/en\/","name":"Gintares Geles","description":"Flower delivery in Vilnius | Same-day delivery | Gintares geles","potentialAction":[{"@type":"SearchAction","target":{"@type":"EntryPoint","urlTemplate":"https:\/\/www.gintaresgeles.lt\/en\/?s={search_term_string}"},"query-input":{"@type":"PropertyValueSpecification","valueRequired":true,"valueName":"search_term_string"}}],"inLanguage":"en-US"}]}},"_links":{"self":[{"href":"https:\/\/www.gintaresgeles.lt\/en\/wp-json\/wp\/v2\/product\/20666","targetHints":{"allow":["GET"]}}],"collection":[{"href":"https:\/\/www.gintaresgeles.lt\/en\/wp-json\/wp\/v2\/product"}],"about":[{"href":"https:\/\/www.gintaresgeles.lt\/en\/wp-json\/wp\/v2\/types\/product"}],"wp:featuredmedia":[{"embeddable":true,"href":"https:\/\/www.gintaresgeles.lt\/en\/wp-json\/wp\/v2\/media\/21134"}],"wp:attachment":[{"href":"https:\/\/www.gintaresgeles.lt\/en\/wp-json\/wp\/v2\/media?parent=20666"}],"wp:term":[{"taxonomy":"product_brand","embeddable":true,"href":"https:\/\/www.gintaresgeles.lt\/en\/wp-json\/wp\/v2\/product_brand?post=20666"},{"taxonomy":"product_cat","embeddable":true,"href":"https:\/\/www.gintaresgeles.lt\/en\/wp-json\/wp\/v2\/product_cat?post=20666"},{"taxonomy":"product_tag","embeddable":true,"href":"https:\/\/www.gintaresgeles.lt\/en\/wp-json\/wp\/v2\/product_tag?post=20666"}],"curies":[{"name":"wp","href":"https:\/\/api.w.org\/{rel}","templated":true}]}}