{"id":20897,"date":"2018-10-31T17:46:51","date_gmt":"2018-11-10T13:33:00","guid":{"rendered":"https:\/\/www.gintaresgeles.lt\/?post_type=product&#038;p=20897"},"modified":"2025-05-29T02:01:09","modified_gmt":"2025-05-29T00:01:09","slug":"exclusive-red-flower-box","status":"publish","type":"product","link":"https:\/\/www.gintaresgeles.lt\/en\/puokste\/exclusive-red-flower-box\/","title":{"rendered":"Exclusive red flower box"},"content":{"rendered":"","protected":false},"excerpt":{"rendered":"<p style=\"text-align: justify\">The charming and exclusive red flower box is made with small red berries, which give the box vitality and playfulness.<\/p>\n<p style=\"text-align: right\">\n","protected":false},"featured_media":21130,"template":"","meta":[],"product_brand":[],"product_cat":[260,259,252,266,265,256,258,253,257,428,263,891,650,246,267,238],"product_tag":[],"class_list":{"0":"post-20897","1":"product","2":"type-product","3":"status-publish","4":"has-post-thumbnail","6":"product_cat-birthday-flowers","7":"product_cat-flowers-by-occasion","8":"product_cat-flowers-by-recipient","9":"product_cat-flowers-by-style","10":"product_cat-flowers-by-type","11":"product_cat-flowers-for-girlfriend","12":"product_cat-flowers-for-men","13":"product_cat-flowers-for-mom","14":"product_cat-flowers-for-women","15":"product_cat-jubilee-flowers","16":"product_cat-mothers-day-flowers","17":"product_cat-red-roses","18":"product_cat-roses-in-a-box","19":"product_cat-carnations","20":"product_cat-flower-boxes","21":"product_cat-roses","22":"tm-no-options","24":"first","25":"outofstock","26":"taxable","27":"shipping-taxable","28":"purchasable","29":"product-type-variable","30":"has-default-attributes"},"yoast_head":"<!-- This site is optimized with the Yoast SEO plugin v25.3 - https:\/\/yoast.com\/wordpress\/plugins\/seo\/ -->\n<title>Exclusive Red Flower Box | Flower delivery in Vilnius | Gintares Geles<\/title>\n<meta name=\"description\" content=\"An exclusive and special red flower box is made of red roses, carnations and small red berries, so it will be suitable for a variety of occasions. We will deliver the flower box to your address.\" \/>\n<meta name=\"robots\" content=\"index, follow, max-snippet:-1, max-image-preview:large, max-video-preview:-1\" \/>\n<link rel=\"canonical\" href=\"https:\/\/www.gintaresgeles.lt\/en\/puokste\/exclusive-red-flower-box\/\" \/>\n<meta property=\"og:locale\" content=\"en_US\" \/>\n<meta property=\"og:type\" content=\"article\" \/>\n<meta property=\"og:title\" content=\"Exclusive Red Flower Box | Flower delivery in Vilnius | Gintares Geles\" \/>\n<meta property=\"og:description\" content=\"An exclusive and special red flower box is made of red roses, carnations and small red berries, so it will be suitable for a variety of occasions. We will deliver the flower box to your address.\" \/>\n<meta property=\"og:url\" content=\"https:\/\/www.gintaresgeles.lt\/en\/puokste\/exclusive-red-flower-box\/\" \/>\n<meta property=\"og:site_name\" content=\"gintaresgeles.lt\" \/>\n<meta property=\"article:modified_time\" content=\"2025-05-29T00:01:09+00:00\" \/>\n<meta property=\"og:image\" content=\"https:\/\/www.gintaresgeles.lt\/wp-content\/uploads\/2018\/10\/geliu-dezute-raudonos-geles-1.jpg\" \/>\n\t<meta property=\"og:image:width\" content=\"600\" \/>\n\t<meta property=\"og:image:height\" content=\"600\" \/>\n\t<meta property=\"og:image:type\" content=\"image\/jpeg\" \/>\n<meta name=\"twitter:card\" content=\"summary_large_image\" \/>\n<script type=\"application\/ld+json\" class=\"yoast-schema-graph\">{\"@context\":\"https:\/\/schema.org\",\"@graph\":[{\"@type\":\"WebPage\",\"@id\":\"https:\/\/www.gintaresgeles.lt\/en\/puokste\/exclusive-red-flower-box\/\",\"url\":\"https:\/\/www.gintaresgeles.lt\/en\/puokste\/exclusive-red-flower-box\/\",\"name\":\"Exclusive Red Flower Box | Flower delivery in Vilnius | Gintares Geles\",\"isPartOf\":{\"@id\":\"https:\/\/www.gintaresgeles.lt\/en\/#website\"},\"primaryImageOfPage\":{\"@id\":\"https:\/\/www.gintaresgeles.lt\/en\/puokste\/exclusive-red-flower-box\/#primaryimage\"},\"image\":{\"@id\":\"https:\/\/www.gintaresgeles.lt\/en\/puokste\/exclusive-red-flower-box\/#primaryimage\"},\"thumbnailUrl\":\"https:\/\/www.gintaresgeles.lt\/wp-content\/uploads\/2018\/10\/geliu-dezute-raudonos-geles-1.jpg\",\"datePublished\":\"2018-11-10T13:33:00+00:00\",\"dateModified\":\"2025-05-29T00:01:09+00:00\",\"description\":\"An exclusive and special red flower box is made of red roses, carnations and small red berries, so it will be suitable for a variety of occasions. We will deliver the flower box to your address.\",\"breadcrumb\":{\"@id\":\"https:\/\/www.gintaresgeles.lt\/en\/puokste\/exclusive-red-flower-box\/#breadcrumb\"},\"inLanguage\":\"en-US\",\"potentialAction\":[{\"@type\":\"ReadAction\",\"target\":[\"https:\/\/www.gintaresgeles.lt\/en\/puokste\/exclusive-red-flower-box\/\"]}]},{\"@type\":\"ImageObject\",\"inLanguage\":\"en-US\",\"@id\":\"https:\/\/www.gintaresgeles.lt\/en\/puokste\/exclusive-red-flower-box\/#primaryimage\",\"url\":\"https:\/\/www.gintaresgeles.lt\/wp-content\/uploads\/2018\/10\/geliu-dezute-raudonos-geles-1.jpg\",\"contentUrl\":\"https:\/\/www.gintaresgeles.lt\/wp-content\/uploads\/2018\/10\/geliu-dezute-raudonos-geles-1.jpg\",\"width\":600,\"height\":600,\"caption\":\"Raudonos g\u0117l\u0117s g\u0117l\u0117s d\u0117\u017eut\u0117se\"},{\"@type\":\"BreadcrumbList\",\"@id\":\"https:\/\/www.gintaresgeles.lt\/en\/puokste\/exclusive-red-flower-box\/#breadcrumb\",\"itemListElement\":[{\"@type\":\"ListItem\",\"position\":1,\"name\":\"Prad\u017eia\",\"item\":\"https:\/\/www.gintaresgeles.lt\/en\/\"},{\"@type\":\"ListItem\",\"position\":2,\"name\":\"All flowers and other products\",\"item\":\"https:\/\/www.gintaresgeles.lt\/en\/all-flowers-and-other-products\/\"},{\"@type\":\"ListItem\",\"position\":3,\"name\":\"Exclusive red flower box\"}]},{\"@type\":\"WebSite\",\"@id\":\"https:\/\/www.gintaresgeles.lt\/en\/#website\",\"url\":\"https:\/\/www.gintaresgeles.lt\/en\/\",\"name\":\"gintaresgeles.lt\",\"description\":\"G\u0117li\u0173 parduotuv\u0117 internete\",\"potentialAction\":[{\"@type\":\"SearchAction\",\"target\":{\"@type\":\"EntryPoint\",\"urlTemplate\":\"https:\/\/www.gintaresgeles.lt\/en\/?s={search_term_string}\"},\"query-input\":{\"@type\":\"PropertyValueSpecification\",\"valueRequired\":true,\"valueName\":\"search_term_string\"}}],\"inLanguage\":\"en-US\"}]}<\/script>\n<!-- \/ Yoast SEO plugin. -->","yoast_head_json":{"title":"Exclusive Red Flower Box | Flower delivery in Vilnius | Gintares Geles","description":"An exclusive and special red flower box is made of red roses, carnations and small red berries, so it will be suitable for a variety of occasions. We will deliver the flower box to your address.","robots":{"index":"index","follow":"follow","max-snippet":"max-snippet:-1","max-image-preview":"max-image-preview:large","max-video-preview":"max-video-preview:-1"},"canonical":"https:\/\/www.gintaresgeles.lt\/en\/puokste\/exclusive-red-flower-box\/","og_locale":"en_US","og_type":"article","og_title":"Exclusive Red Flower Box | Flower delivery in Vilnius | Gintares Geles","og_description":"An exclusive and special red flower box is made of red roses, carnations and small red berries, so it will be suitable for a variety of occasions. We will deliver the flower box to your address.","og_url":"https:\/\/www.gintaresgeles.lt\/en\/puokste\/exclusive-red-flower-box\/","og_site_name":"gintaresgeles.lt","article_modified_time":"2025-05-29T00:01:09+00:00","og_image":[{"width":600,"height":600,"url":"https:\/\/www.gintaresgeles.lt\/wp-content\/uploads\/2018\/10\/geliu-dezute-raudonos-geles-1.jpg","type":"image\/jpeg"}],"twitter_card":"summary_large_image","schema":{"@context":"https:\/\/schema.org","@graph":[{"@type":"WebPage","@id":"https:\/\/www.gintaresgeles.lt\/en\/puokste\/exclusive-red-flower-box\/","url":"https:\/\/www.gintaresgeles.lt\/en\/puokste\/exclusive-red-flower-box\/","name":"Exclusive Red Flower Box | Flower delivery in Vilnius | Gintares Geles","isPartOf":{"@id":"https:\/\/www.gintaresgeles.lt\/en\/#website"},"primaryImageOfPage":{"@id":"https:\/\/www.gintaresgeles.lt\/en\/puokste\/exclusive-red-flower-box\/#primaryimage"},"image":{"@id":"https:\/\/www.gintaresgeles.lt\/en\/puokste\/exclusive-red-flower-box\/#primaryimage"},"thumbnailUrl":"https:\/\/www.gintaresgeles.lt\/wp-content\/uploads\/2018\/10\/geliu-dezute-raudonos-geles-1.jpg","datePublished":"2018-11-10T13:33:00+00:00","dateModified":"2025-05-29T00:01:09+00:00","description":"An exclusive and special red flower box is made of red roses, carnations and small red berries, so it will be suitable for a variety of occasions. We will deliver the flower box to your address.","breadcrumb":{"@id":"https:\/\/www.gintaresgeles.lt\/en\/puokste\/exclusive-red-flower-box\/#breadcrumb"},"inLanguage":"en-US","potentialAction":[{"@type":"ReadAction","target":["https:\/\/www.gintaresgeles.lt\/en\/puokste\/exclusive-red-flower-box\/"]}]},{"@type":"ImageObject","inLanguage":"en-US","@id":"https:\/\/www.gintaresgeles.lt\/en\/puokste\/exclusive-red-flower-box\/#primaryimage","url":"https:\/\/www.gintaresgeles.lt\/wp-content\/uploads\/2018\/10\/geliu-dezute-raudonos-geles-1.jpg","contentUrl":"https:\/\/www.gintaresgeles.lt\/wp-content\/uploads\/2018\/10\/geliu-dezute-raudonos-geles-1.jpg","width":600,"height":600,"caption":"Raudonos g\u0117l\u0117s g\u0117l\u0117s d\u0117\u017eut\u0117se"},{"@type":"BreadcrumbList","@id":"https:\/\/www.gintaresgeles.lt\/en\/puokste\/exclusive-red-flower-box\/#breadcrumb","itemListElement":[{"@type":"ListItem","position":1,"name":"Prad\u017eia","item":"https:\/\/www.gintaresgeles.lt\/en\/"},{"@type":"ListItem","position":2,"name":"All flowers and other products","item":"https:\/\/www.gintaresgeles.lt\/en\/all-flowers-and-other-products\/"},{"@type":"ListItem","position":3,"name":"Exclusive red flower box"}]},{"@type":"WebSite","@id":"https:\/\/www.gintaresgeles.lt\/en\/#website","url":"https:\/\/www.gintaresgeles.lt\/en\/","name":"gintaresgeles.lt","description":"G\u0117li\u0173 parduotuv\u0117 internete","potentialAction":[{"@type":"SearchAction","target":{"@type":"EntryPoint","urlTemplate":"https:\/\/www.gintaresgeles.lt\/en\/?s={search_term_string}"},"query-input":{"@type":"PropertyValueSpecification","valueRequired":true,"valueName":"search_term_string"}}],"inLanguage":"en-US"}]}},"_links":{"self":[{"href":"https:\/\/www.gintaresgeles.lt\/en\/wp-json\/wp\/v2\/product\/20897","targetHints":{"allow":["GET"]}}],"collection":[{"href":"https:\/\/www.gintaresgeles.lt\/en\/wp-json\/wp\/v2\/product"}],"about":[{"href":"https:\/\/www.gintaresgeles.lt\/en\/wp-json\/wp\/v2\/types\/product"}],"wp:featuredmedia":[{"embeddable":true,"href":"https:\/\/www.gintaresgeles.lt\/en\/wp-json\/wp\/v2\/media\/21130"}],"wp:attachment":[{"href":"https:\/\/www.gintaresgeles.lt\/en\/wp-json\/wp\/v2\/media?parent=20897"}],"wp:term":[{"taxonomy":"product_brand","embeddable":true,"href":"https:\/\/www.gintaresgeles.lt\/en\/wp-json\/wp\/v2\/product_brand?post=20897"},{"taxonomy":"product_cat","embeddable":true,"href":"https:\/\/www.gintaresgeles.lt\/en\/wp-json\/wp\/v2\/product_cat?post=20897"},{"taxonomy":"product_tag","embeddable":true,"href":"https:\/\/www.gintaresgeles.lt\/en\/wp-json\/wp\/v2\/product_tag?post=20897"}],"curies":[{"name":"wp","href":"https:\/\/api.w.org\/{rel}","templated":true}]}}