{"id":20901,"date":"2018-10-31T13:16:34","date_gmt":"2018-11-12T07:41:19","guid":{"rendered":"https:\/\/www.gintaresgeles.lt\/?post_type=product&#038;p=20901"},"modified":"2025-05-29T02:01:09","modified_gmt":"2025-05-29T00:01:09","slug":"flower-box-whiff","status":"publish","type":"product","link":"https:\/\/www.gintaresgeles.lt\/en\/puokste\/flower-box-whiff\/","title":{"rendered":"Flower box &#8220;Whiff&#8221;"},"content":{"rendered":"","protected":false},"excerpt":{"rendered":"<p style=\"text-align: justify\">Box of red roses &#8220;Whiff&#8221; is unique because it has red small berries to make it more lively, so this box looks more playful than the usual box of roses.<\/p>\n<p style=\"text-align: right\">\n","protected":false},"featured_media":20830,"template":"","meta":[],"product_brand":[],"product_cat":[260,259,266,265,256,253,257,891,650,264,267,238],"product_tag":[],"class_list":{"0":"post-20901","1":"product","2":"type-product","3":"status-publish","4":"has-post-thumbnail","6":"product_cat-birthday-flowers","7":"product_cat-flowers-by-occasion","8":"product_cat-flowers-by-style","9":"product_cat-flowers-by-type","10":"product_cat-flowers-for-girlfriend","11":"product_cat-flowers-for-mom","12":"product_cat-flowers-for-women","13":"product_cat-red-roses","14":"product_cat-roses-in-a-box","15":"product_cat-valentines-day-flowers","16":"product_cat-flower-boxes","17":"product_cat-roses","18":"tm-no-options","20":"first","21":"outofstock","22":"taxable","23":"shipping-taxable","24":"purchasable","25":"product-type-variable","26":"has-default-attributes"},"yoast_head":"<!-- This site is optimized with the Yoast SEO plugin v25.3 - https:\/\/yoast.com\/wordpress\/plugins\/seo\/ -->\n<title>Flower box &quot;Whiff&quot; | Flower delivery in Vilnius | Gintares Geles<\/title>\n<meta name=\"description\" content=\"Order this exclusive box of red roses and berries that will brighten up your day with its charm and playfulness. The flower box will be delivered to the indicated address.\" \/>\n<meta name=\"robots\" content=\"index, follow, max-snippet:-1, max-image-preview:large, max-video-preview:-1\" \/>\n<link rel=\"canonical\" href=\"https:\/\/www.gintaresgeles.lt\/en\/puokste\/flower-box-whiff\/\" \/>\n<meta property=\"og:locale\" content=\"en_US\" \/>\n<meta property=\"og:type\" content=\"article\" \/>\n<meta property=\"og:title\" content=\"Flower box &quot;Whiff&quot; | Flower delivery in Vilnius | Gintares Geles\" \/>\n<meta property=\"og:description\" content=\"Order this exclusive box of red roses and berries that will brighten up your day with its charm and playfulness. The flower box will be delivered to the indicated address.\" \/>\n<meta property=\"og:url\" content=\"https:\/\/www.gintaresgeles.lt\/en\/puokste\/flower-box-whiff\/\" \/>\n<meta property=\"og:site_name\" content=\"gintaresgeles.lt\" \/>\n<meta property=\"article:modified_time\" content=\"2025-05-29T00:01:09+00:00\" \/>\n<meta property=\"og:image\" content=\"https:\/\/www.gintaresgeles.lt\/wp-content\/uploads\/2018\/10\/geliu-dezutes-dvelksmas.jpg\" \/>\n\t<meta property=\"og:image:width\" content=\"1500\" \/>\n\t<meta property=\"og:image:height\" content=\"1500\" \/>\n\t<meta property=\"og:image:type\" content=\"image\/jpeg\" \/>\n<meta name=\"twitter:card\" content=\"summary_large_image\" \/>\n<script type=\"application\/ld+json\" class=\"yoast-schema-graph\">{\"@context\":\"https:\/\/schema.org\",\"@graph\":[{\"@type\":\"WebPage\",\"@id\":\"https:\/\/www.gintaresgeles.lt\/en\/puokste\/flower-box-whiff\/\",\"url\":\"https:\/\/www.gintaresgeles.lt\/en\/puokste\/flower-box-whiff\/\",\"name\":\"Flower box \\\"Whiff\\\" | Flower delivery in Vilnius | Gintares Geles\",\"isPartOf\":{\"@id\":\"https:\/\/www.gintaresgeles.lt\/en\/#website\"},\"primaryImageOfPage\":{\"@id\":\"https:\/\/www.gintaresgeles.lt\/en\/puokste\/flower-box-whiff\/#primaryimage\"},\"image\":{\"@id\":\"https:\/\/www.gintaresgeles.lt\/en\/puokste\/flower-box-whiff\/#primaryimage\"},\"thumbnailUrl\":\"https:\/\/www.gintaresgeles.lt\/wp-content\/uploads\/2018\/10\/geliu-dezutes-dvelksmas.jpg\",\"datePublished\":\"2018-11-12T07:41:19+00:00\",\"dateModified\":\"2025-05-29T00:01:09+00:00\",\"description\":\"Order this exclusive box of red roses and berries that will brighten up your day with its charm and playfulness. The flower box will be delivered to the indicated address.\",\"breadcrumb\":{\"@id\":\"https:\/\/www.gintaresgeles.lt\/en\/puokste\/flower-box-whiff\/#breadcrumb\"},\"inLanguage\":\"en-US\",\"potentialAction\":[{\"@type\":\"ReadAction\",\"target\":[\"https:\/\/www.gintaresgeles.lt\/en\/puokste\/flower-box-whiff\/\"]}]},{\"@type\":\"ImageObject\",\"inLanguage\":\"en-US\",\"@id\":\"https:\/\/www.gintaresgeles.lt\/en\/puokste\/flower-box-whiff\/#primaryimage\",\"url\":\"https:\/\/www.gintaresgeles.lt\/wp-content\/uploads\/2018\/10\/geliu-dezutes-dvelksmas.jpg\",\"contentUrl\":\"https:\/\/www.gintaresgeles.lt\/wp-content\/uploads\/2018\/10\/geliu-dezutes-dvelksmas.jpg\",\"width\":1500,\"height\":1500,\"caption\":\"Flowers in the box\"},{\"@type\":\"BreadcrumbList\",\"@id\":\"https:\/\/www.gintaresgeles.lt\/en\/puokste\/flower-box-whiff\/#breadcrumb\",\"itemListElement\":[{\"@type\":\"ListItem\",\"position\":1,\"name\":\"Prad\u017eia\",\"item\":\"https:\/\/www.gintaresgeles.lt\/en\/\"},{\"@type\":\"ListItem\",\"position\":2,\"name\":\"All flowers and other products\",\"item\":\"https:\/\/www.gintaresgeles.lt\/en\/all-flowers-and-other-products\/\"},{\"@type\":\"ListItem\",\"position\":3,\"name\":\"Flower box &#8222;Whiff&#8221;\"}]},{\"@type\":\"WebSite\",\"@id\":\"https:\/\/www.gintaresgeles.lt\/en\/#website\",\"url\":\"https:\/\/www.gintaresgeles.lt\/en\/\",\"name\":\"gintaresgeles.lt\",\"description\":\"G\u0117li\u0173 parduotuv\u0117 internete\",\"potentialAction\":[{\"@type\":\"SearchAction\",\"target\":{\"@type\":\"EntryPoint\",\"urlTemplate\":\"https:\/\/www.gintaresgeles.lt\/en\/?s={search_term_string}\"},\"query-input\":{\"@type\":\"PropertyValueSpecification\",\"valueRequired\":true,\"valueName\":\"search_term_string\"}}],\"inLanguage\":\"en-US\"}]}<\/script>\n<!-- \/ Yoast SEO plugin. -->","yoast_head_json":{"title":"Flower box \"Whiff\" | Flower delivery in Vilnius | Gintares Geles","description":"Order this exclusive box of red roses and berries that will brighten up your day with its charm and playfulness. The flower box will be delivered to the indicated address.","robots":{"index":"index","follow":"follow","max-snippet":"max-snippet:-1","max-image-preview":"max-image-preview:large","max-video-preview":"max-video-preview:-1"},"canonical":"https:\/\/www.gintaresgeles.lt\/en\/puokste\/flower-box-whiff\/","og_locale":"en_US","og_type":"article","og_title":"Flower box \"Whiff\" | Flower delivery in Vilnius | Gintares Geles","og_description":"Order this exclusive box of red roses and berries that will brighten up your day with its charm and playfulness. The flower box will be delivered to the indicated address.","og_url":"https:\/\/www.gintaresgeles.lt\/en\/puokste\/flower-box-whiff\/","og_site_name":"gintaresgeles.lt","article_modified_time":"2025-05-29T00:01:09+00:00","og_image":[{"width":1500,"height":1500,"url":"https:\/\/www.gintaresgeles.lt\/wp-content\/uploads\/2018\/10\/geliu-dezutes-dvelksmas.jpg","type":"image\/jpeg"}],"twitter_card":"summary_large_image","schema":{"@context":"https:\/\/schema.org","@graph":[{"@type":"WebPage","@id":"https:\/\/www.gintaresgeles.lt\/en\/puokste\/flower-box-whiff\/","url":"https:\/\/www.gintaresgeles.lt\/en\/puokste\/flower-box-whiff\/","name":"Flower box \"Whiff\" | Flower delivery in Vilnius | Gintares Geles","isPartOf":{"@id":"https:\/\/www.gintaresgeles.lt\/en\/#website"},"primaryImageOfPage":{"@id":"https:\/\/www.gintaresgeles.lt\/en\/puokste\/flower-box-whiff\/#primaryimage"},"image":{"@id":"https:\/\/www.gintaresgeles.lt\/en\/puokste\/flower-box-whiff\/#primaryimage"},"thumbnailUrl":"https:\/\/www.gintaresgeles.lt\/wp-content\/uploads\/2018\/10\/geliu-dezutes-dvelksmas.jpg","datePublished":"2018-11-12T07:41:19+00:00","dateModified":"2025-05-29T00:01:09+00:00","description":"Order this exclusive box of red roses and berries that will brighten up your day with its charm and playfulness. The flower box will be delivered to the indicated address.","breadcrumb":{"@id":"https:\/\/www.gintaresgeles.lt\/en\/puokste\/flower-box-whiff\/#breadcrumb"},"inLanguage":"en-US","potentialAction":[{"@type":"ReadAction","target":["https:\/\/www.gintaresgeles.lt\/en\/puokste\/flower-box-whiff\/"]}]},{"@type":"ImageObject","inLanguage":"en-US","@id":"https:\/\/www.gintaresgeles.lt\/en\/puokste\/flower-box-whiff\/#primaryimage","url":"https:\/\/www.gintaresgeles.lt\/wp-content\/uploads\/2018\/10\/geliu-dezutes-dvelksmas.jpg","contentUrl":"https:\/\/www.gintaresgeles.lt\/wp-content\/uploads\/2018\/10\/geliu-dezutes-dvelksmas.jpg","width":1500,"height":1500,"caption":"Flowers in the box"},{"@type":"BreadcrumbList","@id":"https:\/\/www.gintaresgeles.lt\/en\/puokste\/flower-box-whiff\/#breadcrumb","itemListElement":[{"@type":"ListItem","position":1,"name":"Prad\u017eia","item":"https:\/\/www.gintaresgeles.lt\/en\/"},{"@type":"ListItem","position":2,"name":"All flowers and other products","item":"https:\/\/www.gintaresgeles.lt\/en\/all-flowers-and-other-products\/"},{"@type":"ListItem","position":3,"name":"Flower box &#8222;Whiff&#8221;"}]},{"@type":"WebSite","@id":"https:\/\/www.gintaresgeles.lt\/en\/#website","url":"https:\/\/www.gintaresgeles.lt\/en\/","name":"gintaresgeles.lt","description":"G\u0117li\u0173 parduotuv\u0117 internete","potentialAction":[{"@type":"SearchAction","target":{"@type":"EntryPoint","urlTemplate":"https:\/\/www.gintaresgeles.lt\/en\/?s={search_term_string}"},"query-input":{"@type":"PropertyValueSpecification","valueRequired":true,"valueName":"search_term_string"}}],"inLanguage":"en-US"}]}},"_links":{"self":[{"href":"https:\/\/www.gintaresgeles.lt\/en\/wp-json\/wp\/v2\/product\/20901","targetHints":{"allow":["GET"]}}],"collection":[{"href":"https:\/\/www.gintaresgeles.lt\/en\/wp-json\/wp\/v2\/product"}],"about":[{"href":"https:\/\/www.gintaresgeles.lt\/en\/wp-json\/wp\/v2\/types\/product"}],"wp:featuredmedia":[{"embeddable":true,"href":"https:\/\/www.gintaresgeles.lt\/en\/wp-json\/wp\/v2\/media\/20830"}],"wp:attachment":[{"href":"https:\/\/www.gintaresgeles.lt\/en\/wp-json\/wp\/v2\/media?parent=20901"}],"wp:term":[{"taxonomy":"product_brand","embeddable":true,"href":"https:\/\/www.gintaresgeles.lt\/en\/wp-json\/wp\/v2\/product_brand?post=20901"},{"taxonomy":"product_cat","embeddable":true,"href":"https:\/\/www.gintaresgeles.lt\/en\/wp-json\/wp\/v2\/product_cat?post=20901"},{"taxonomy":"product_tag","embeddable":true,"href":"https:\/\/www.gintaresgeles.lt\/en\/wp-json\/wp\/v2\/product_tag?post=20901"}],"curies":[{"name":"wp","href":"https:\/\/api.w.org\/{rel}","templated":true}]}}