{"id":20937,"date":"2018-10-30T13:21:19","date_gmt":"2018-11-12T09:17:23","guid":{"rendered":"https:\/\/www.gintaresgeles.lt\/?post_type=product&#038;p=20937"},"modified":"2025-05-29T02:01:10","modified_gmt":"2025-05-29T00:01:10","slug":"xxl-pink-foil-helium-balloon-champagne-bottle","status":"publish","type":"product","link":"https:\/\/www.gintaresgeles.lt\/en\/puokste\/xxl-pink-foil-helium-balloon-champagne-bottle\/","title":{"rendered":"XXL Pink Foil Helium Balloon &#8220;Champagne Bottle&#8221;"},"content":{"rendered":"","protected":false},"excerpt":{"rendered":"<p style=\"text-align: justify\">A bottle of &#8220;Champagne bottle&#8221; with a stunning 97-centimetres balloon will surprise everyone. This balloon is suitable for various celebrations, birthdays, school or university graduation celebrations, anniversaries.<\/p>\n","protected":false},"featured_media":20777,"template":"","meta":[],"product_brand":[],"product_cat":[270,1956,1960,893,916],"product_tag":[],"class_list":{"0":"post-20937","1":"product","2":"type-product","3":"status-publish","4":"has-post-thumbnail","6":"product_cat-helium-balloons","7":"product_cat-foil-helium-balloons","8":"product_cat-helium-balloons-for-a-hen-party","9":"product_cat-helium-balloons-for-birthday","10":"product_cat-helium-balloons-for-mom","11":"tm-has-options","13":"first","14":"instock","15":"taxable","16":"shipping-taxable","17":"purchasable","18":"product-type-simple"},"yoast_head":"<!-- This site is optimized with the Yoast SEO plugin v25.3 - https:\/\/yoast.com\/wordpress\/plugins\/seo\/ -->\n<title>XXL Foil Balloon &quot;Champagne Bottle&quot; Helium balloons | Gintares Geles<\/title>\n<meta name=\"description\" content=\"Looking for extra gifts for flowers or just a symbolic gift to friends or relatives? This huge Helium Balloon &quot;Champagne Bottle&quot; will surprise everyone! The balloon is even 97 cm tall!\" \/>\n<meta name=\"robots\" content=\"index, follow, max-snippet:-1, max-image-preview:large, max-video-preview:-1\" \/>\n<link rel=\"canonical\" href=\"https:\/\/www.gintaresgeles.lt\/en\/puokste\/xxl-pink-foil-helium-balloon-champagne-bottle\/\" \/>\n<meta property=\"og:locale\" content=\"en_US\" \/>\n<meta property=\"og:type\" content=\"article\" \/>\n<meta property=\"og:title\" content=\"XXL Foil Balloon &quot;Champagne Bottle&quot; Helium balloons | Gintares Geles\" \/>\n<meta property=\"og:description\" content=\"Looking for extra gifts for flowers or just a symbolic gift to friends or relatives? This huge Helium Balloon &quot;Champagne Bottle&quot; will surprise everyone! The balloon is even 97 cm tall!\" \/>\n<meta property=\"og:url\" content=\"https:\/\/www.gintaresgeles.lt\/en\/puokste\/xxl-pink-foil-helium-balloon-champagne-bottle\/\" \/>\n<meta property=\"og:site_name\" content=\"gintaresgeles.lt\" \/>\n<meta property=\"article:modified_time\" content=\"2025-05-29T00:01:10+00:00\" \/>\n<meta property=\"og:image\" content=\"https:\/\/www.gintaresgeles.lt\/wp-content\/uploads\/2018\/10\/foliniai-balionai-rozinis-butelis.jpg\" \/>\n\t<meta property=\"og:image:width\" content=\"600\" \/>\n\t<meta property=\"og:image:height\" content=\"600\" \/>\n\t<meta property=\"og:image:type\" content=\"image\/jpeg\" \/>\n<meta name=\"twitter:card\" content=\"summary_large_image\" \/>\n<script type=\"application\/ld+json\" class=\"yoast-schema-graph\">{\"@context\":\"https:\/\/schema.org\",\"@graph\":[{\"@type\":\"WebPage\",\"@id\":\"https:\/\/www.gintaresgeles.lt\/en\/puokste\/xxl-pink-foil-helium-balloon-champagne-bottle\/\",\"url\":\"https:\/\/www.gintaresgeles.lt\/en\/puokste\/xxl-pink-foil-helium-balloon-champagne-bottle\/\",\"name\":\"XXL Foil Balloon \\\"Champagne Bottle\\\" Helium balloons | Gintares Geles\",\"isPartOf\":{\"@id\":\"https:\/\/www.gintaresgeles.lt\/en\/#website\"},\"primaryImageOfPage\":{\"@id\":\"https:\/\/www.gintaresgeles.lt\/en\/puokste\/xxl-pink-foil-helium-balloon-champagne-bottle\/#primaryimage\"},\"image\":{\"@id\":\"https:\/\/www.gintaresgeles.lt\/en\/puokste\/xxl-pink-foil-helium-balloon-champagne-bottle\/#primaryimage\"},\"thumbnailUrl\":\"https:\/\/www.gintaresgeles.lt\/wp-content\/uploads\/2018\/10\/foliniai-balionai-rozinis-butelis.jpg\",\"datePublished\":\"2018-11-12T09:17:23+00:00\",\"dateModified\":\"2025-05-29T00:01:10+00:00\",\"description\":\"Looking for extra gifts for flowers or just a symbolic gift to friends or relatives? This huge Helium Balloon \\\"Champagne Bottle\\\" will surprise everyone! The balloon is even 97 cm tall!\",\"breadcrumb\":{\"@id\":\"https:\/\/www.gintaresgeles.lt\/en\/puokste\/xxl-pink-foil-helium-balloon-champagne-bottle\/#breadcrumb\"},\"inLanguage\":\"en-US\",\"potentialAction\":[{\"@type\":\"ReadAction\",\"target\":[\"https:\/\/www.gintaresgeles.lt\/en\/puokste\/xxl-pink-foil-helium-balloon-champagne-bottle\/\"]}]},{\"@type\":\"ImageObject\",\"inLanguage\":\"en-US\",\"@id\":\"https:\/\/www.gintaresgeles.lt\/en\/puokste\/xxl-pink-foil-helium-balloon-champagne-bottle\/#primaryimage\",\"url\":\"https:\/\/www.gintaresgeles.lt\/wp-content\/uploads\/2018\/10\/foliniai-balionai-rozinis-butelis.jpg\",\"contentUrl\":\"https:\/\/www.gintaresgeles.lt\/wp-content\/uploads\/2018\/10\/foliniai-balionai-rozinis-butelis.jpg\",\"width\":600,\"height\":600,\"caption\":\"Folly pink balloon bottle\"},{\"@type\":\"BreadcrumbList\",\"@id\":\"https:\/\/www.gintaresgeles.lt\/en\/puokste\/xxl-pink-foil-helium-balloon-champagne-bottle\/#breadcrumb\",\"itemListElement\":[{\"@type\":\"ListItem\",\"position\":1,\"name\":\"Prad\u017eia\",\"item\":\"https:\/\/www.gintaresgeles.lt\/en\/\"},{\"@type\":\"ListItem\",\"position\":2,\"name\":\"All flowers and other products\",\"item\":\"https:\/\/www.gintaresgeles.lt\/en\/all-flowers-and-other-products\/\"},{\"@type\":\"ListItem\",\"position\":3,\"name\":\"XXL Pink Foil Helium Balloon &#8222;Champagne Bottle&#8221;\"}]},{\"@type\":\"WebSite\",\"@id\":\"https:\/\/www.gintaresgeles.lt\/en\/#website\",\"url\":\"https:\/\/www.gintaresgeles.lt\/en\/\",\"name\":\"gintaresgeles.lt\",\"description\":\"G\u0117li\u0173 parduotuv\u0117 internete\",\"potentialAction\":[{\"@type\":\"SearchAction\",\"target\":{\"@type\":\"EntryPoint\",\"urlTemplate\":\"https:\/\/www.gintaresgeles.lt\/en\/?s={search_term_string}\"},\"query-input\":{\"@type\":\"PropertyValueSpecification\",\"valueRequired\":true,\"valueName\":\"search_term_string\"}}],\"inLanguage\":\"en-US\"}]}<\/script>\n<!-- \/ Yoast SEO plugin. -->","yoast_head_json":{"title":"XXL Foil Balloon \"Champagne Bottle\" Helium balloons | Gintares Geles","description":"Looking for extra gifts for flowers or just a symbolic gift to friends or relatives? This huge Helium Balloon \"Champagne Bottle\" will surprise everyone! The balloon is even 97 cm tall!","robots":{"index":"index","follow":"follow","max-snippet":"max-snippet:-1","max-image-preview":"max-image-preview:large","max-video-preview":"max-video-preview:-1"},"canonical":"https:\/\/www.gintaresgeles.lt\/en\/puokste\/xxl-pink-foil-helium-balloon-champagne-bottle\/","og_locale":"en_US","og_type":"article","og_title":"XXL Foil Balloon \"Champagne Bottle\" Helium balloons | Gintares Geles","og_description":"Looking for extra gifts for flowers or just a symbolic gift to friends or relatives? This huge Helium Balloon \"Champagne Bottle\" will surprise everyone! The balloon is even 97 cm tall!","og_url":"https:\/\/www.gintaresgeles.lt\/en\/puokste\/xxl-pink-foil-helium-balloon-champagne-bottle\/","og_site_name":"gintaresgeles.lt","article_modified_time":"2025-05-29T00:01:10+00:00","og_image":[{"width":600,"height":600,"url":"https:\/\/www.gintaresgeles.lt\/wp-content\/uploads\/2018\/10\/foliniai-balionai-rozinis-butelis.jpg","type":"image\/jpeg"}],"twitter_card":"summary_large_image","schema":{"@context":"https:\/\/schema.org","@graph":[{"@type":"WebPage","@id":"https:\/\/www.gintaresgeles.lt\/en\/puokste\/xxl-pink-foil-helium-balloon-champagne-bottle\/","url":"https:\/\/www.gintaresgeles.lt\/en\/puokste\/xxl-pink-foil-helium-balloon-champagne-bottle\/","name":"XXL Foil Balloon \"Champagne Bottle\" Helium balloons | Gintares Geles","isPartOf":{"@id":"https:\/\/www.gintaresgeles.lt\/en\/#website"},"primaryImageOfPage":{"@id":"https:\/\/www.gintaresgeles.lt\/en\/puokste\/xxl-pink-foil-helium-balloon-champagne-bottle\/#primaryimage"},"image":{"@id":"https:\/\/www.gintaresgeles.lt\/en\/puokste\/xxl-pink-foil-helium-balloon-champagne-bottle\/#primaryimage"},"thumbnailUrl":"https:\/\/www.gintaresgeles.lt\/wp-content\/uploads\/2018\/10\/foliniai-balionai-rozinis-butelis.jpg","datePublished":"2018-11-12T09:17:23+00:00","dateModified":"2025-05-29T00:01:10+00:00","description":"Looking for extra gifts for flowers or just a symbolic gift to friends or relatives? This huge Helium Balloon \"Champagne Bottle\" will surprise everyone! The balloon is even 97 cm tall!","breadcrumb":{"@id":"https:\/\/www.gintaresgeles.lt\/en\/puokste\/xxl-pink-foil-helium-balloon-champagne-bottle\/#breadcrumb"},"inLanguage":"en-US","potentialAction":[{"@type":"ReadAction","target":["https:\/\/www.gintaresgeles.lt\/en\/puokste\/xxl-pink-foil-helium-balloon-champagne-bottle\/"]}]},{"@type":"ImageObject","inLanguage":"en-US","@id":"https:\/\/www.gintaresgeles.lt\/en\/puokste\/xxl-pink-foil-helium-balloon-champagne-bottle\/#primaryimage","url":"https:\/\/www.gintaresgeles.lt\/wp-content\/uploads\/2018\/10\/foliniai-balionai-rozinis-butelis.jpg","contentUrl":"https:\/\/www.gintaresgeles.lt\/wp-content\/uploads\/2018\/10\/foliniai-balionai-rozinis-butelis.jpg","width":600,"height":600,"caption":"Folly pink balloon bottle"},{"@type":"BreadcrumbList","@id":"https:\/\/www.gintaresgeles.lt\/en\/puokste\/xxl-pink-foil-helium-balloon-champagne-bottle\/#breadcrumb","itemListElement":[{"@type":"ListItem","position":1,"name":"Prad\u017eia","item":"https:\/\/www.gintaresgeles.lt\/en\/"},{"@type":"ListItem","position":2,"name":"All flowers and other products","item":"https:\/\/www.gintaresgeles.lt\/en\/all-flowers-and-other-products\/"},{"@type":"ListItem","position":3,"name":"XXL Pink Foil Helium Balloon &#8222;Champagne Bottle&#8221;"}]},{"@type":"WebSite","@id":"https:\/\/www.gintaresgeles.lt\/en\/#website","url":"https:\/\/www.gintaresgeles.lt\/en\/","name":"gintaresgeles.lt","description":"G\u0117li\u0173 parduotuv\u0117 internete","potentialAction":[{"@type":"SearchAction","target":{"@type":"EntryPoint","urlTemplate":"https:\/\/www.gintaresgeles.lt\/en\/?s={search_term_string}"},"query-input":{"@type":"PropertyValueSpecification","valueRequired":true,"valueName":"search_term_string"}}],"inLanguage":"en-US"}]}},"_links":{"self":[{"href":"https:\/\/www.gintaresgeles.lt\/en\/wp-json\/wp\/v2\/product\/20937","targetHints":{"allow":["GET"]}}],"collection":[{"href":"https:\/\/www.gintaresgeles.lt\/en\/wp-json\/wp\/v2\/product"}],"about":[{"href":"https:\/\/www.gintaresgeles.lt\/en\/wp-json\/wp\/v2\/types\/product"}],"wp:featuredmedia":[{"embeddable":true,"href":"https:\/\/www.gintaresgeles.lt\/en\/wp-json\/wp\/v2\/media\/20777"}],"wp:attachment":[{"href":"https:\/\/www.gintaresgeles.lt\/en\/wp-json\/wp\/v2\/media?parent=20937"}],"wp:term":[{"taxonomy":"product_brand","embeddable":true,"href":"https:\/\/www.gintaresgeles.lt\/en\/wp-json\/wp\/v2\/product_brand?post=20937"},{"taxonomy":"product_cat","embeddable":true,"href":"https:\/\/www.gintaresgeles.lt\/en\/wp-json\/wp\/v2\/product_cat?post=20937"},{"taxonomy":"product_tag","embeddable":true,"href":"https:\/\/www.gintaresgeles.lt\/en\/wp-json\/wp\/v2\/product_tag?post=20937"}],"curies":[{"name":"wp","href":"https:\/\/api.w.org\/{rel}","templated":true}]}}