{"id":20938,"date":"2018-10-30T12:52:52","date_gmt":"2018-10-30T14:52:52","guid":{"rendered":"https:\/\/www.gintaresgeles.lt\/?post_type=product&#038;p=20938"},"modified":"2025-05-29T02:01:11","modified_gmt":"2025-05-29T00:01:11","slug":"square-box-of-red-roses","status":"publish","type":"product","link":"https:\/\/www.gintaresgeles.lt\/en\/puokste\/square-box-of-red-roses\/","title":{"rendered":"Square box of red roses"},"content":{"rendered":"","protected":false},"excerpt":{"rendered":"<p style=\"text-align: justify\">Bored of round rose boxes? This square flower box is perfect for those who want uniqueness and for those who want to surprise their beloved people. For the flower box to look flawless, the number of roses may vary depending on the size of a blossom.<\/p>\n<p style=\"text-align: right\">\n","protected":false},"featured_media":20792,"template":"","meta":[],"product_brand":[],"product_cat":[260,259,252,266,265,256,253,257,428,262,263,891,650,264,267,238],"product_tag":[],"class_list":{"0":"post-20938","1":"product","2":"type-product","3":"status-publish","4":"has-post-thumbnail","6":"product_cat-birthday-flowers","7":"product_cat-flowers-by-occasion","8":"product_cat-flowers-by-recipient","9":"product_cat-flowers-by-style","10":"product_cat-flowers-by-type","11":"product_cat-flowers-for-girlfriend","12":"product_cat-flowers-for-mom","13":"product_cat-flowers-for-women","14":"product_cat-jubilee-flowers","15":"product_cat-march8th-flowers","16":"product_cat-mothers-day-flowers","17":"product_cat-red-roses","18":"product_cat-roses-in-a-box","19":"product_cat-valentines-day-flowers","20":"product_cat-flower-boxes","21":"product_cat-roses","22":"tm-no-options","24":"first","25":"instock","26":"taxable","27":"shipping-taxable","28":"purchasable","29":"product-type-variable"},"yoast_head":"<!-- This site is optimized with the Yoast SEO plugin v25.3 - https:\/\/yoast.com\/wordpress\/plugins\/seo\/ -->\n<title>Square box of red roses | Surprise your beloved | Gintares Geles<\/title>\n<meta name=\"description\" content=\"The square flower box is unique because of its modernity and practicality. Surprise your mother, friends or loved ones with original red rose box. We will deliver flowers to your home or work place in Vilnius or in the suburbs of Vilnius.\" \/>\n<meta name=\"robots\" content=\"index, follow, max-snippet:-1, max-image-preview:large, max-video-preview:-1\" \/>\n<link rel=\"canonical\" href=\"https:\/\/www.gintaresgeles.lt\/en\/puokste\/square-box-of-red-roses\/\" \/>\n<meta property=\"og:locale\" content=\"en_US\" \/>\n<meta property=\"og:type\" content=\"article\" \/>\n<meta property=\"og:title\" content=\"Square box of red roses | Surprise your beloved | Gintares Geles\" \/>\n<meta property=\"og:description\" content=\"The square flower box is unique because of its modernity and practicality. Surprise your mother, friends or loved ones with original red rose box. We will deliver flowers to your home or work place in Vilnius or in the suburbs of Vilnius.\" \/>\n<meta property=\"og:url\" content=\"https:\/\/www.gintaresgeles.lt\/en\/puokste\/square-box-of-red-roses\/\" \/>\n<meta property=\"og:site_name\" content=\"gintaresgeles.lt\" \/>\n<meta property=\"article:modified_time\" content=\"2025-05-29T00:01:11+00:00\" \/>\n<meta property=\"og:image\" content=\"https:\/\/www.gintaresgeles.lt\/wp-content\/uploads\/2018\/10\/kvadratines-geliu-dezutes-Raudonos-rozes-4.jpg\" \/>\n\t<meta property=\"og:image:width\" content=\"1500\" \/>\n\t<meta property=\"og:image:height\" content=\"1500\" \/>\n\t<meta property=\"og:image:type\" content=\"image\/jpeg\" \/>\n<meta name=\"twitter:card\" content=\"summary_large_image\" \/>\n<script type=\"application\/ld+json\" class=\"yoast-schema-graph\">{\"@context\":\"https:\/\/schema.org\",\"@graph\":[{\"@type\":\"WebPage\",\"@id\":\"https:\/\/www.gintaresgeles.lt\/en\/puokste\/square-box-of-red-roses\/\",\"url\":\"https:\/\/www.gintaresgeles.lt\/en\/puokste\/square-box-of-red-roses\/\",\"name\":\"Square box of red roses | Surprise your beloved | Gintares Geles\",\"isPartOf\":{\"@id\":\"https:\/\/www.gintaresgeles.lt\/en\/#website\"},\"primaryImageOfPage\":{\"@id\":\"https:\/\/www.gintaresgeles.lt\/en\/puokste\/square-box-of-red-roses\/#primaryimage\"},\"image\":{\"@id\":\"https:\/\/www.gintaresgeles.lt\/en\/puokste\/square-box-of-red-roses\/#primaryimage\"},\"thumbnailUrl\":\"https:\/\/www.gintaresgeles.lt\/wp-content\/uploads\/2018\/10\/kvadratines-geliu-dezutes-Raudonos-rozes-4.jpg\",\"datePublished\":\"2018-10-30T14:52:52+00:00\",\"dateModified\":\"2025-05-29T00:01:11+00:00\",\"description\":\"The square flower box is unique because of its modernity and practicality. Surprise your mother, friends or loved ones with original red rose box. We will deliver flowers to your home or work place in Vilnius or in the suburbs of Vilnius.\",\"breadcrumb\":{\"@id\":\"https:\/\/www.gintaresgeles.lt\/en\/puokste\/square-box-of-red-roses\/#breadcrumb\"},\"inLanguage\":\"en-US\",\"potentialAction\":[{\"@type\":\"ReadAction\",\"target\":[\"https:\/\/www.gintaresgeles.lt\/en\/puokste\/square-box-of-red-roses\/\"]}]},{\"@type\":\"ImageObject\",\"inLanguage\":\"en-US\",\"@id\":\"https:\/\/www.gintaresgeles.lt\/en\/puokste\/square-box-of-red-roses\/#primaryimage\",\"url\":\"https:\/\/www.gintaresgeles.lt\/wp-content\/uploads\/2018\/10\/kvadratines-geliu-dezutes-Raudonos-rozes-4.jpg\",\"contentUrl\":\"https:\/\/www.gintaresgeles.lt\/wp-content\/uploads\/2018\/10\/kvadratines-geliu-dezutes-Raudonos-rozes-4.jpg\",\"width\":1500,\"height\":1500,\"caption\":\"Red rose flowers in square boxes\"},{\"@type\":\"BreadcrumbList\",\"@id\":\"https:\/\/www.gintaresgeles.lt\/en\/puokste\/square-box-of-red-roses\/#breadcrumb\",\"itemListElement\":[{\"@type\":\"ListItem\",\"position\":1,\"name\":\"Prad\u017eia\",\"item\":\"https:\/\/www.gintaresgeles.lt\/en\/\"},{\"@type\":\"ListItem\",\"position\":2,\"name\":\"All flowers and other products\",\"item\":\"https:\/\/www.gintaresgeles.lt\/en\/all-flowers-and-other-products\/\"},{\"@type\":\"ListItem\",\"position\":3,\"name\":\"Square box of red roses\"}]},{\"@type\":\"WebSite\",\"@id\":\"https:\/\/www.gintaresgeles.lt\/en\/#website\",\"url\":\"https:\/\/www.gintaresgeles.lt\/en\/\",\"name\":\"gintaresgeles.lt\",\"description\":\"G\u0117li\u0173 parduotuv\u0117 internete\",\"potentialAction\":[{\"@type\":\"SearchAction\",\"target\":{\"@type\":\"EntryPoint\",\"urlTemplate\":\"https:\/\/www.gintaresgeles.lt\/en\/?s={search_term_string}\"},\"query-input\":{\"@type\":\"PropertyValueSpecification\",\"valueRequired\":true,\"valueName\":\"search_term_string\"}}],\"inLanguage\":\"en-US\"}]}<\/script>\n<!-- \/ Yoast SEO plugin. -->","yoast_head_json":{"title":"Square box of red roses | Surprise your beloved | Gintares Geles","description":"The square flower box is unique because of its modernity and practicality. Surprise your mother, friends or loved ones with original red rose box. We will deliver flowers to your home or work place in Vilnius or in the suburbs of Vilnius.","robots":{"index":"index","follow":"follow","max-snippet":"max-snippet:-1","max-image-preview":"max-image-preview:large","max-video-preview":"max-video-preview:-1"},"canonical":"https:\/\/www.gintaresgeles.lt\/en\/puokste\/square-box-of-red-roses\/","og_locale":"en_US","og_type":"article","og_title":"Square box of red roses | Surprise your beloved | Gintares Geles","og_description":"The square flower box is unique because of its modernity and practicality. Surprise your mother, friends or loved ones with original red rose box. We will deliver flowers to your home or work place in Vilnius or in the suburbs of Vilnius.","og_url":"https:\/\/www.gintaresgeles.lt\/en\/puokste\/square-box-of-red-roses\/","og_site_name":"gintaresgeles.lt","article_modified_time":"2025-05-29T00:01:11+00:00","og_image":[{"width":1500,"height":1500,"url":"https:\/\/www.gintaresgeles.lt\/wp-content\/uploads\/2018\/10\/kvadratines-geliu-dezutes-Raudonos-rozes-4.jpg","type":"image\/jpeg"}],"twitter_card":"summary_large_image","schema":{"@context":"https:\/\/schema.org","@graph":[{"@type":"WebPage","@id":"https:\/\/www.gintaresgeles.lt\/en\/puokste\/square-box-of-red-roses\/","url":"https:\/\/www.gintaresgeles.lt\/en\/puokste\/square-box-of-red-roses\/","name":"Square box of red roses | Surprise your beloved | Gintares Geles","isPartOf":{"@id":"https:\/\/www.gintaresgeles.lt\/en\/#website"},"primaryImageOfPage":{"@id":"https:\/\/www.gintaresgeles.lt\/en\/puokste\/square-box-of-red-roses\/#primaryimage"},"image":{"@id":"https:\/\/www.gintaresgeles.lt\/en\/puokste\/square-box-of-red-roses\/#primaryimage"},"thumbnailUrl":"https:\/\/www.gintaresgeles.lt\/wp-content\/uploads\/2018\/10\/kvadratines-geliu-dezutes-Raudonos-rozes-4.jpg","datePublished":"2018-10-30T14:52:52+00:00","dateModified":"2025-05-29T00:01:11+00:00","description":"The square flower box is unique because of its modernity and practicality. Surprise your mother, friends or loved ones with original red rose box. We will deliver flowers to your home or work place in Vilnius or in the suburbs of Vilnius.","breadcrumb":{"@id":"https:\/\/www.gintaresgeles.lt\/en\/puokste\/square-box-of-red-roses\/#breadcrumb"},"inLanguage":"en-US","potentialAction":[{"@type":"ReadAction","target":["https:\/\/www.gintaresgeles.lt\/en\/puokste\/square-box-of-red-roses\/"]}]},{"@type":"ImageObject","inLanguage":"en-US","@id":"https:\/\/www.gintaresgeles.lt\/en\/puokste\/square-box-of-red-roses\/#primaryimage","url":"https:\/\/www.gintaresgeles.lt\/wp-content\/uploads\/2018\/10\/kvadratines-geliu-dezutes-Raudonos-rozes-4.jpg","contentUrl":"https:\/\/www.gintaresgeles.lt\/wp-content\/uploads\/2018\/10\/kvadratines-geliu-dezutes-Raudonos-rozes-4.jpg","width":1500,"height":1500,"caption":"Red rose flowers in square boxes"},{"@type":"BreadcrumbList","@id":"https:\/\/www.gintaresgeles.lt\/en\/puokste\/square-box-of-red-roses\/#breadcrumb","itemListElement":[{"@type":"ListItem","position":1,"name":"Prad\u017eia","item":"https:\/\/www.gintaresgeles.lt\/en\/"},{"@type":"ListItem","position":2,"name":"All flowers and other products","item":"https:\/\/www.gintaresgeles.lt\/en\/all-flowers-and-other-products\/"},{"@type":"ListItem","position":3,"name":"Square box of red roses"}]},{"@type":"WebSite","@id":"https:\/\/www.gintaresgeles.lt\/en\/#website","url":"https:\/\/www.gintaresgeles.lt\/en\/","name":"gintaresgeles.lt","description":"G\u0117li\u0173 parduotuv\u0117 internete","potentialAction":[{"@type":"SearchAction","target":{"@type":"EntryPoint","urlTemplate":"https:\/\/www.gintaresgeles.lt\/en\/?s={search_term_string}"},"query-input":{"@type":"PropertyValueSpecification","valueRequired":true,"valueName":"search_term_string"}}],"inLanguage":"en-US"}]}},"_links":{"self":[{"href":"https:\/\/www.gintaresgeles.lt\/en\/wp-json\/wp\/v2\/product\/20938","targetHints":{"allow":["GET"]}}],"collection":[{"href":"https:\/\/www.gintaresgeles.lt\/en\/wp-json\/wp\/v2\/product"}],"about":[{"href":"https:\/\/www.gintaresgeles.lt\/en\/wp-json\/wp\/v2\/types\/product"}],"wp:featuredmedia":[{"embeddable":true,"href":"https:\/\/www.gintaresgeles.lt\/en\/wp-json\/wp\/v2\/media\/20792"}],"wp:attachment":[{"href":"https:\/\/www.gintaresgeles.lt\/en\/wp-json\/wp\/v2\/media?parent=20938"}],"wp:term":[{"taxonomy":"product_brand","embeddable":true,"href":"https:\/\/www.gintaresgeles.lt\/en\/wp-json\/wp\/v2\/product_brand?post=20938"},{"taxonomy":"product_cat","embeddable":true,"href":"https:\/\/www.gintaresgeles.lt\/en\/wp-json\/wp\/v2\/product_cat?post=20938"},{"taxonomy":"product_tag","embeddable":true,"href":"https:\/\/www.gintaresgeles.lt\/en\/wp-json\/wp\/v2\/product_tag?post=20938"}],"curies":[{"name":"wp","href":"https:\/\/api.w.org\/{rel}","templated":true}]}}