{"id":20942,"date":"2018-10-30T06:17:59","date_gmt":"2018-10-30T08:17:59","guid":{"rendered":"https:\/\/www.gintaresgeles.lt\/?post_type=product&#038;p=20942"},"modified":"2025-05-29T02:01:11","modified_gmt":"2025-05-29T00:01:11","slug":"square-box-of-roses-surprise","status":"publish","type":"product","link":"https:\/\/www.gintaresgeles.lt\/en\/puokste\/square-box-of-roses-surprise\/","title":{"rendered":"Square Box of Roses &#8220;Surprise&#8221;"},"content":{"rendered":"","protected":false},"excerpt":{"rendered":"<p style=\"text-align: justify\">Square Box of Roses &#8220;Surprise&#8221; &#8211; an elegant and exclusive gift. Red roses will express the most sincere feelings &#8211; love, passion, and respect. Half of the box will consist of red roses and the other half will be filled with ,,Raffaello&#8221; candies.<\/p>\n<p style=\"text-align: right\">\n","protected":false},"featured_media":53796,"template":"","meta":[],"product_brand":[],"product_cat":[260,259,252,266,265,256,257,428,262,263,891,650,264,267,238],"product_tag":[],"class_list":{"0":"post-20942","1":"product","2":"type-product","3":"status-publish","4":"has-post-thumbnail","6":"product_cat-birthday-flowers","7":"product_cat-flowers-by-occasion","8":"product_cat-flowers-by-recipient","9":"product_cat-flowers-by-style","10":"product_cat-flowers-by-type","11":"product_cat-flowers-for-girlfriend","12":"product_cat-flowers-for-women","13":"product_cat-jubilee-flowers","14":"product_cat-march8th-flowers","15":"product_cat-mothers-day-flowers","16":"product_cat-red-roses","17":"product_cat-roses-in-a-box","18":"product_cat-valentines-day-flowers","19":"product_cat-flower-boxes","20":"product_cat-roses","21":"tm-no-options","23":"first","24":"instock","25":"taxable","26":"shipping-taxable","27":"purchasable","28":"product-type-variable","29":"has-default-attributes"},"yoast_head":"<!-- This site is optimized with the Yoast SEO plugin v25.3 - https:\/\/yoast.com\/wordpress\/plugins\/seo\/ -->\n<title>Square Box of Roses &quot;Surprise&quot; | Flower delivery | Ginatres Geles<\/title>\n<meta name=\"description\" content=\"This box is great for your mother or your beloved one, as the box contains elegant red roses and sweet sins - &quot;Raffaello&quot; candies.\" \/>\n<meta name=\"robots\" content=\"index, follow, max-snippet:-1, max-image-preview:large, max-video-preview:-1\" \/>\n<link rel=\"canonical\" href=\"https:\/\/www.gintaresgeles.lt\/en\/puokste\/square-box-of-roses-surprise\/\" \/>\n<meta property=\"og:locale\" content=\"en_US\" \/>\n<meta property=\"og:type\" content=\"article\" \/>\n<meta property=\"og:title\" content=\"Square Box of Roses &quot;Surprise&quot; | Flower delivery | Ginatres Geles\" \/>\n<meta property=\"og:description\" content=\"This box is great for your mother or your beloved one, as the box contains elegant red roses and sweet sins - &quot;Raffaello&quot; candies.\" \/>\n<meta property=\"og:url\" content=\"https:\/\/www.gintaresgeles.lt\/en\/puokste\/square-box-of-roses-surprise\/\" \/>\n<meta property=\"og:site_name\" content=\"gintaresgeles.lt\" \/>\n<meta property=\"article:modified_time\" content=\"2025-05-29T00:01:11+00:00\" \/>\n<meta property=\"og:image\" content=\"https:\/\/www.gintaresgeles.lt\/wp-content\/uploads\/2018\/10\/kvadratine-dezute-su-raudonomis-rozemis-ir-saldainiais-scaled.jpg\" \/>\n\t<meta property=\"og:image:width\" content=\"2560\" \/>\n\t<meta property=\"og:image:height\" content=\"2560\" \/>\n\t<meta property=\"og:image:type\" content=\"image\/jpeg\" \/>\n<meta name=\"twitter:card\" content=\"summary_large_image\" \/>\n<script type=\"application\/ld+json\" class=\"yoast-schema-graph\">{\"@context\":\"https:\/\/schema.org\",\"@graph\":[{\"@type\":\"WebPage\",\"@id\":\"https:\/\/www.gintaresgeles.lt\/en\/puokste\/square-box-of-roses-surprise\/\",\"url\":\"https:\/\/www.gintaresgeles.lt\/en\/puokste\/square-box-of-roses-surprise\/\",\"name\":\"Square Box of Roses \\\"Surprise\\\" | Flower delivery | Ginatres Geles\",\"isPartOf\":{\"@id\":\"https:\/\/www.gintaresgeles.lt\/en\/#website\"},\"primaryImageOfPage\":{\"@id\":\"https:\/\/www.gintaresgeles.lt\/en\/puokste\/square-box-of-roses-surprise\/#primaryimage\"},\"image\":{\"@id\":\"https:\/\/www.gintaresgeles.lt\/en\/puokste\/square-box-of-roses-surprise\/#primaryimage\"},\"thumbnailUrl\":\"https:\/\/www.gintaresgeles.lt\/wp-content\/uploads\/2018\/10\/kvadratine-dezute-su-raudonomis-rozemis-ir-saldainiais-scaled.jpg\",\"datePublished\":\"2018-10-30T08:17:59+00:00\",\"dateModified\":\"2025-05-29T00:01:11+00:00\",\"description\":\"This box is great for your mother or your beloved one, as the box contains elegant red roses and sweet sins - \\\"Raffaello\\\" candies.\",\"breadcrumb\":{\"@id\":\"https:\/\/www.gintaresgeles.lt\/en\/puokste\/square-box-of-roses-surprise\/#breadcrumb\"},\"inLanguage\":\"en-US\",\"potentialAction\":[{\"@type\":\"ReadAction\",\"target\":[\"https:\/\/www.gintaresgeles.lt\/en\/puokste\/square-box-of-roses-surprise\/\"]}]},{\"@type\":\"ImageObject\",\"inLanguage\":\"en-US\",\"@id\":\"https:\/\/www.gintaresgeles.lt\/en\/puokste\/square-box-of-roses-surprise\/#primaryimage\",\"url\":\"https:\/\/www.gintaresgeles.lt\/wp-content\/uploads\/2018\/10\/kvadratine-dezute-su-raudonomis-rozemis-ir-saldainiais-scaled.jpg\",\"contentUrl\":\"https:\/\/www.gintaresgeles.lt\/wp-content\/uploads\/2018\/10\/kvadratine-dezute-su-raudonomis-rozemis-ir-saldainiais-scaled.jpg\",\"width\":2560,\"height\":2560,\"caption\":\"Raffaello\"},{\"@type\":\"BreadcrumbList\",\"@id\":\"https:\/\/www.gintaresgeles.lt\/en\/puokste\/square-box-of-roses-surprise\/#breadcrumb\",\"itemListElement\":[{\"@type\":\"ListItem\",\"position\":1,\"name\":\"Prad\u017eia\",\"item\":\"https:\/\/www.gintaresgeles.lt\/en\/\"},{\"@type\":\"ListItem\",\"position\":2,\"name\":\"All flowers and other products\",\"item\":\"https:\/\/www.gintaresgeles.lt\/en\/all-flowers-and-other-products\/\"},{\"@type\":\"ListItem\",\"position\":3,\"name\":\"Square Box of Roses &#8222;Surprise&#8221;\"}]},{\"@type\":\"WebSite\",\"@id\":\"https:\/\/www.gintaresgeles.lt\/en\/#website\",\"url\":\"https:\/\/www.gintaresgeles.lt\/en\/\",\"name\":\"gintaresgeles.lt\",\"description\":\"G\u0117li\u0173 parduotuv\u0117 internete\",\"potentialAction\":[{\"@type\":\"SearchAction\",\"target\":{\"@type\":\"EntryPoint\",\"urlTemplate\":\"https:\/\/www.gintaresgeles.lt\/en\/?s={search_term_string}\"},\"query-input\":{\"@type\":\"PropertyValueSpecification\",\"valueRequired\":true,\"valueName\":\"search_term_string\"}}],\"inLanguage\":\"en-US\"}]}<\/script>\n<!-- \/ Yoast SEO plugin. -->","yoast_head_json":{"title":"Square Box of Roses \"Surprise\" | Flower delivery | Ginatres Geles","description":"This box is great for your mother or your beloved one, as the box contains elegant red roses and sweet sins - \"Raffaello\" candies.","robots":{"index":"index","follow":"follow","max-snippet":"max-snippet:-1","max-image-preview":"max-image-preview:large","max-video-preview":"max-video-preview:-1"},"canonical":"https:\/\/www.gintaresgeles.lt\/en\/puokste\/square-box-of-roses-surprise\/","og_locale":"en_US","og_type":"article","og_title":"Square Box of Roses \"Surprise\" | Flower delivery | Ginatres Geles","og_description":"This box is great for your mother or your beloved one, as the box contains elegant red roses and sweet sins - \"Raffaello\" candies.","og_url":"https:\/\/www.gintaresgeles.lt\/en\/puokste\/square-box-of-roses-surprise\/","og_site_name":"gintaresgeles.lt","article_modified_time":"2025-05-29T00:01:11+00:00","og_image":[{"width":2560,"height":2560,"url":"https:\/\/www.gintaresgeles.lt\/wp-content\/uploads\/2018\/10\/kvadratine-dezute-su-raudonomis-rozemis-ir-saldainiais-scaled.jpg","type":"image\/jpeg"}],"twitter_card":"summary_large_image","schema":{"@context":"https:\/\/schema.org","@graph":[{"@type":"WebPage","@id":"https:\/\/www.gintaresgeles.lt\/en\/puokste\/square-box-of-roses-surprise\/","url":"https:\/\/www.gintaresgeles.lt\/en\/puokste\/square-box-of-roses-surprise\/","name":"Square Box of Roses \"Surprise\" | Flower delivery | Ginatres Geles","isPartOf":{"@id":"https:\/\/www.gintaresgeles.lt\/en\/#website"},"primaryImageOfPage":{"@id":"https:\/\/www.gintaresgeles.lt\/en\/puokste\/square-box-of-roses-surprise\/#primaryimage"},"image":{"@id":"https:\/\/www.gintaresgeles.lt\/en\/puokste\/square-box-of-roses-surprise\/#primaryimage"},"thumbnailUrl":"https:\/\/www.gintaresgeles.lt\/wp-content\/uploads\/2018\/10\/kvadratine-dezute-su-raudonomis-rozemis-ir-saldainiais-scaled.jpg","datePublished":"2018-10-30T08:17:59+00:00","dateModified":"2025-05-29T00:01:11+00:00","description":"This box is great for your mother or your beloved one, as the box contains elegant red roses and sweet sins - \"Raffaello\" candies.","breadcrumb":{"@id":"https:\/\/www.gintaresgeles.lt\/en\/puokste\/square-box-of-roses-surprise\/#breadcrumb"},"inLanguage":"en-US","potentialAction":[{"@type":"ReadAction","target":["https:\/\/www.gintaresgeles.lt\/en\/puokste\/square-box-of-roses-surprise\/"]}]},{"@type":"ImageObject","inLanguage":"en-US","@id":"https:\/\/www.gintaresgeles.lt\/en\/puokste\/square-box-of-roses-surprise\/#primaryimage","url":"https:\/\/www.gintaresgeles.lt\/wp-content\/uploads\/2018\/10\/kvadratine-dezute-su-raudonomis-rozemis-ir-saldainiais-scaled.jpg","contentUrl":"https:\/\/www.gintaresgeles.lt\/wp-content\/uploads\/2018\/10\/kvadratine-dezute-su-raudonomis-rozemis-ir-saldainiais-scaled.jpg","width":2560,"height":2560,"caption":"Raffaello"},{"@type":"BreadcrumbList","@id":"https:\/\/www.gintaresgeles.lt\/en\/puokste\/square-box-of-roses-surprise\/#breadcrumb","itemListElement":[{"@type":"ListItem","position":1,"name":"Prad\u017eia","item":"https:\/\/www.gintaresgeles.lt\/en\/"},{"@type":"ListItem","position":2,"name":"All flowers and other products","item":"https:\/\/www.gintaresgeles.lt\/en\/all-flowers-and-other-products\/"},{"@type":"ListItem","position":3,"name":"Square Box of Roses &#8222;Surprise&#8221;"}]},{"@type":"WebSite","@id":"https:\/\/www.gintaresgeles.lt\/en\/#website","url":"https:\/\/www.gintaresgeles.lt\/en\/","name":"gintaresgeles.lt","description":"G\u0117li\u0173 parduotuv\u0117 internete","potentialAction":[{"@type":"SearchAction","target":{"@type":"EntryPoint","urlTemplate":"https:\/\/www.gintaresgeles.lt\/en\/?s={search_term_string}"},"query-input":{"@type":"PropertyValueSpecification","valueRequired":true,"valueName":"search_term_string"}}],"inLanguage":"en-US"}]}},"_links":{"self":[{"href":"https:\/\/www.gintaresgeles.lt\/en\/wp-json\/wp\/v2\/product\/20942","targetHints":{"allow":["GET"]}}],"collection":[{"href":"https:\/\/www.gintaresgeles.lt\/en\/wp-json\/wp\/v2\/product"}],"about":[{"href":"https:\/\/www.gintaresgeles.lt\/en\/wp-json\/wp\/v2\/types\/product"}],"wp:featuredmedia":[{"embeddable":true,"href":"https:\/\/www.gintaresgeles.lt\/en\/wp-json\/wp\/v2\/media\/53796"}],"wp:attachment":[{"href":"https:\/\/www.gintaresgeles.lt\/en\/wp-json\/wp\/v2\/media?parent=20942"}],"wp:term":[{"taxonomy":"product_brand","embeddable":true,"href":"https:\/\/www.gintaresgeles.lt\/en\/wp-json\/wp\/v2\/product_brand?post=20942"},{"taxonomy":"product_cat","embeddable":true,"href":"https:\/\/www.gintaresgeles.lt\/en\/wp-json\/wp\/v2\/product_cat?post=20942"},{"taxonomy":"product_tag","embeddable":true,"href":"https:\/\/www.gintaresgeles.lt\/en\/wp-json\/wp\/v2\/product_tag?post=20942"}],"curies":[{"name":"wp","href":"https:\/\/api.w.org\/{rel}","templated":true}]}}