{"id":20979,"date":"2018-06-07T16:04:47","date_gmt":"2018-11-13T07:17:19","guid":{"rendered":"https:\/\/www.gintaresgeles.lt\/?post_type=product&#038;p=20979"},"modified":"2025-05-29T02:01:23","modified_gmt":"2025-05-29T00:01:23","slug":"xxl-blue-helium-balloon-numbers","status":"publish","type":"product","link":"https:\/\/www.gintaresgeles.lt\/en\/puokste\/xxl-blue-helium-balloon-numbers\/","title":{"rendered":"XXL blue helium balloon &#8220;Numbers&#8221;"},"content":{"rendered":"<p>Helium blue foil balloons &#8220;Numbers&#8221; are 86 centimetres high when inflated. If you are trying to organize an unforgettable surprise and to present an impressive gift, then this is the best choice. Choose your desired number combination which can be the number of birthday, marriage, company&#8217;s, or any other anniversary. These huge balloon numbers will decorate every celebration.<\/p>\n","protected":false},"excerpt":{"rendered":"<p style=\"text-align: justify\">Huge helium balloons &#8220;Numbers&#8221; will perfectly suit any anniversary celebration. Choose the combination of numbers you need and make an unforgettable surprise!<\/p>\n","protected":false},"featured_media":20990,"template":"","meta":[],"product_brand":[],"product_cat":[270,1956,893,894,1278],"product_tag":[],"class_list":{"0":"post-20979","1":"product","2":"type-product","3":"status-publish","4":"has-post-thumbnail","6":"product_cat-helium-balloons","7":"product_cat-foil-helium-balloons","8":"product_cat-helium-balloons-for-birthday","9":"product_cat-helium-balloons-for-kids","10":"product_cat-helium-filled-balloons-numbers","11":"tm-no-options","13":"first","14":"instock","15":"taxable","16":"shipping-taxable","17":"purchasable","18":"product-type-variable","19":"has-default-attributes"},"yoast_head":"<!-- This site is optimized with the Yoast SEO plugin v25.3 - https:\/\/yoast.com\/wordpress\/plugins\/seo\/ -->\n<title>XXL blue helium balloon &quot;Number&quot; | Balloons | Gintares Geles<\/title>\n<meta name=\"description\" content=\"Surprise someone on their anniversary by sending a huge number combination of 86 centimetres high floating balloons. Such gift will astonish the culprit of the party and the balloons themselves will decorate surroundings\" \/>\n<meta name=\"robots\" content=\"index, follow, max-snippet:-1, max-image-preview:large, max-video-preview:-1\" \/>\n<link rel=\"canonical\" href=\"https:\/\/www.gintaresgeles.lt\/en\/puokste\/xxl-blue-helium-balloon-numbers\/\" \/>\n<meta property=\"og:locale\" content=\"en_US\" \/>\n<meta property=\"og:type\" content=\"article\" \/>\n<meta property=\"og:title\" content=\"XXL blue helium balloon &quot;Number&quot; | Balloons | Gintares Geles\" \/>\n<meta property=\"og:description\" content=\"Surprise someone on their anniversary by sending a huge number combination of 86 centimetres high floating balloons. Such gift will astonish the culprit of the party and the balloons themselves will decorate surroundings\" \/>\n<meta property=\"og:url\" content=\"https:\/\/www.gintaresgeles.lt\/en\/puokste\/xxl-blue-helium-balloon-numbers\/\" \/>\n<meta property=\"og:site_name\" content=\"gintaresgeles.lt\" \/>\n<meta property=\"article:modified_time\" content=\"2025-05-29T00:01:23+00:00\" \/>\n<meta property=\"og:image\" content=\"https:\/\/www.gintaresgeles.lt\/wp-content\/uploads\/2018\/11\/wwwwww.jpg\" \/>\n\t<meta property=\"og:image:width\" content=\"400\" \/>\n\t<meta property=\"og:image:height\" content=\"400\" \/>\n\t<meta property=\"og:image:type\" content=\"image\/jpeg\" \/>\n<meta name=\"twitter:card\" content=\"summary_large_image\" \/>\n<script type=\"application\/ld+json\" class=\"yoast-schema-graph\">{\"@context\":\"https:\/\/schema.org\",\"@graph\":[{\"@type\":\"WebPage\",\"@id\":\"https:\/\/www.gintaresgeles.lt\/en\/puokste\/xxl-blue-helium-balloon-numbers\/\",\"url\":\"https:\/\/www.gintaresgeles.lt\/en\/puokste\/xxl-blue-helium-balloon-numbers\/\",\"name\":\"XXL blue helium balloon \\\"Number\\\" | Balloons | Gintares Geles\",\"isPartOf\":{\"@id\":\"https:\/\/www.gintaresgeles.lt\/en\/#website\"},\"primaryImageOfPage\":{\"@id\":\"https:\/\/www.gintaresgeles.lt\/en\/puokste\/xxl-blue-helium-balloon-numbers\/#primaryimage\"},\"image\":{\"@id\":\"https:\/\/www.gintaresgeles.lt\/en\/puokste\/xxl-blue-helium-balloon-numbers\/#primaryimage\"},\"thumbnailUrl\":\"https:\/\/www.gintaresgeles.lt\/wp-content\/uploads\/2018\/11\/wwwwww.jpg\",\"datePublished\":\"2018-11-13T07:17:19+00:00\",\"dateModified\":\"2025-05-29T00:01:23+00:00\",\"description\":\"Surprise someone on their anniversary by sending a huge number combination of 86 centimetres high floating balloons. Such gift will astonish the culprit of the party and the balloons themselves will decorate surroundings\",\"breadcrumb\":{\"@id\":\"https:\/\/www.gintaresgeles.lt\/en\/puokste\/xxl-blue-helium-balloon-numbers\/#breadcrumb\"},\"inLanguage\":\"en-US\",\"potentialAction\":[{\"@type\":\"ReadAction\",\"target\":[\"https:\/\/www.gintaresgeles.lt\/en\/puokste\/xxl-blue-helium-balloon-numbers\/\"]}]},{\"@type\":\"ImageObject\",\"inLanguage\":\"en-US\",\"@id\":\"https:\/\/www.gintaresgeles.lt\/en\/puokste\/xxl-blue-helium-balloon-numbers\/#primaryimage\",\"url\":\"https:\/\/www.gintaresgeles.lt\/wp-content\/uploads\/2018\/11\/wwwwww.jpg\",\"contentUrl\":\"https:\/\/www.gintaresgeles.lt\/wp-content\/uploads\/2018\/11\/wwwwww.jpg\",\"width\":400,\"height\":400,\"caption\":\"Helium foil numbers balloons\"},{\"@type\":\"BreadcrumbList\",\"@id\":\"https:\/\/www.gintaresgeles.lt\/en\/puokste\/xxl-blue-helium-balloon-numbers\/#breadcrumb\",\"itemListElement\":[{\"@type\":\"ListItem\",\"position\":1,\"name\":\"Prad\u017eia\",\"item\":\"https:\/\/www.gintaresgeles.lt\/en\/\"},{\"@type\":\"ListItem\",\"position\":2,\"name\":\"All flowers and other products\",\"item\":\"https:\/\/www.gintaresgeles.lt\/en\/all-flowers-and-other-products\/\"},{\"@type\":\"ListItem\",\"position\":3,\"name\":\"XXL blue helium balloon &#8222;Numbers&#8221;\"}]},{\"@type\":\"WebSite\",\"@id\":\"https:\/\/www.gintaresgeles.lt\/en\/#website\",\"url\":\"https:\/\/www.gintaresgeles.lt\/en\/\",\"name\":\"gintaresgeles.lt\",\"description\":\"G\u0117li\u0173 parduotuv\u0117 internete\",\"potentialAction\":[{\"@type\":\"SearchAction\",\"target\":{\"@type\":\"EntryPoint\",\"urlTemplate\":\"https:\/\/www.gintaresgeles.lt\/en\/?s={search_term_string}\"},\"query-input\":{\"@type\":\"PropertyValueSpecification\",\"valueRequired\":true,\"valueName\":\"search_term_string\"}}],\"inLanguage\":\"en-US\"}]}<\/script>\n<!-- \/ Yoast SEO plugin. -->","yoast_head_json":{"title":"XXL blue helium balloon \"Number\" | Balloons | Gintares Geles","description":"Surprise someone on their anniversary by sending a huge number combination of 86 centimetres high floating balloons. Such gift will astonish the culprit of the party and the balloons themselves will decorate surroundings","robots":{"index":"index","follow":"follow","max-snippet":"max-snippet:-1","max-image-preview":"max-image-preview:large","max-video-preview":"max-video-preview:-1"},"canonical":"https:\/\/www.gintaresgeles.lt\/en\/puokste\/xxl-blue-helium-balloon-numbers\/","og_locale":"en_US","og_type":"article","og_title":"XXL blue helium balloon \"Number\" | Balloons | Gintares Geles","og_description":"Surprise someone on their anniversary by sending a huge number combination of 86 centimetres high floating balloons. Such gift will astonish the culprit of the party and the balloons themselves will decorate surroundings","og_url":"https:\/\/www.gintaresgeles.lt\/en\/puokste\/xxl-blue-helium-balloon-numbers\/","og_site_name":"gintaresgeles.lt","article_modified_time":"2025-05-29T00:01:23+00:00","og_image":[{"width":400,"height":400,"url":"https:\/\/www.gintaresgeles.lt\/wp-content\/uploads\/2018\/11\/wwwwww.jpg","type":"image\/jpeg"}],"twitter_card":"summary_large_image","schema":{"@context":"https:\/\/schema.org","@graph":[{"@type":"WebPage","@id":"https:\/\/www.gintaresgeles.lt\/en\/puokste\/xxl-blue-helium-balloon-numbers\/","url":"https:\/\/www.gintaresgeles.lt\/en\/puokste\/xxl-blue-helium-balloon-numbers\/","name":"XXL blue helium balloon \"Number\" | Balloons | Gintares Geles","isPartOf":{"@id":"https:\/\/www.gintaresgeles.lt\/en\/#website"},"primaryImageOfPage":{"@id":"https:\/\/www.gintaresgeles.lt\/en\/puokste\/xxl-blue-helium-balloon-numbers\/#primaryimage"},"image":{"@id":"https:\/\/www.gintaresgeles.lt\/en\/puokste\/xxl-blue-helium-balloon-numbers\/#primaryimage"},"thumbnailUrl":"https:\/\/www.gintaresgeles.lt\/wp-content\/uploads\/2018\/11\/wwwwww.jpg","datePublished":"2018-11-13T07:17:19+00:00","dateModified":"2025-05-29T00:01:23+00:00","description":"Surprise someone on their anniversary by sending a huge number combination of 86 centimetres high floating balloons. Such gift will astonish the culprit of the party and the balloons themselves will decorate surroundings","breadcrumb":{"@id":"https:\/\/www.gintaresgeles.lt\/en\/puokste\/xxl-blue-helium-balloon-numbers\/#breadcrumb"},"inLanguage":"en-US","potentialAction":[{"@type":"ReadAction","target":["https:\/\/www.gintaresgeles.lt\/en\/puokste\/xxl-blue-helium-balloon-numbers\/"]}]},{"@type":"ImageObject","inLanguage":"en-US","@id":"https:\/\/www.gintaresgeles.lt\/en\/puokste\/xxl-blue-helium-balloon-numbers\/#primaryimage","url":"https:\/\/www.gintaresgeles.lt\/wp-content\/uploads\/2018\/11\/wwwwww.jpg","contentUrl":"https:\/\/www.gintaresgeles.lt\/wp-content\/uploads\/2018\/11\/wwwwww.jpg","width":400,"height":400,"caption":"Helium foil numbers balloons"},{"@type":"BreadcrumbList","@id":"https:\/\/www.gintaresgeles.lt\/en\/puokste\/xxl-blue-helium-balloon-numbers\/#breadcrumb","itemListElement":[{"@type":"ListItem","position":1,"name":"Prad\u017eia","item":"https:\/\/www.gintaresgeles.lt\/en\/"},{"@type":"ListItem","position":2,"name":"All flowers and other products","item":"https:\/\/www.gintaresgeles.lt\/en\/all-flowers-and-other-products\/"},{"@type":"ListItem","position":3,"name":"XXL blue helium balloon &#8222;Numbers&#8221;"}]},{"@type":"WebSite","@id":"https:\/\/www.gintaresgeles.lt\/en\/#website","url":"https:\/\/www.gintaresgeles.lt\/en\/","name":"gintaresgeles.lt","description":"G\u0117li\u0173 parduotuv\u0117 internete","potentialAction":[{"@type":"SearchAction","target":{"@type":"EntryPoint","urlTemplate":"https:\/\/www.gintaresgeles.lt\/en\/?s={search_term_string}"},"query-input":{"@type":"PropertyValueSpecification","valueRequired":true,"valueName":"search_term_string"}}],"inLanguage":"en-US"}]}},"_links":{"self":[{"href":"https:\/\/www.gintaresgeles.lt\/en\/wp-json\/wp\/v2\/product\/20979","targetHints":{"allow":["GET"]}}],"collection":[{"href":"https:\/\/www.gintaresgeles.lt\/en\/wp-json\/wp\/v2\/product"}],"about":[{"href":"https:\/\/www.gintaresgeles.lt\/en\/wp-json\/wp\/v2\/types\/product"}],"wp:featuredmedia":[{"embeddable":true,"href":"https:\/\/www.gintaresgeles.lt\/en\/wp-json\/wp\/v2\/media\/20990"}],"wp:attachment":[{"href":"https:\/\/www.gintaresgeles.lt\/en\/wp-json\/wp\/v2\/media?parent=20979"}],"wp:term":[{"taxonomy":"product_brand","embeddable":true,"href":"https:\/\/www.gintaresgeles.lt\/en\/wp-json\/wp\/v2\/product_brand?post=20979"},{"taxonomy":"product_cat","embeddable":true,"href":"https:\/\/www.gintaresgeles.lt\/en\/wp-json\/wp\/v2\/product_cat?post=20979"},{"taxonomy":"product_tag","embeddable":true,"href":"https:\/\/www.gintaresgeles.lt\/en\/wp-json\/wp\/v2\/product_tag?post=20979"}],"curies":[{"name":"wp","href":"https:\/\/api.w.org\/{rel}","templated":true}]}}