{"id":23699,"date":"2019-07-26T13:44:19","date_gmt":"2019-11-08T09:01:22","guid":{"rendered":"https:\/\/www.gintaresgeles.lt\/?post_type=product&#038;p=23699"},"modified":"2021-03-29T10:36:54","modified_gmt":"2021-03-29T08:36:54","slug":"disco-style-foil-helium-balloon-for-birthday","status":"publish","type":"product","link":"https:\/\/www.gintaresgeles.lt\/en\/puokste\/disco-style-foil-helium-balloon-for-birthday\/","title":{"rendered":"Disco-style foil helium balloon for birthday"},"content":{"rendered":"","protected":false},"excerpt":{"rendered":"<div class=\"jhH5U r-iNBwBGVWvJQo\" data-rtid=\"iNBwBGVWvJQo\">\n<div id=\"tw-ob\" class=\"tw-src-ltr\">\n<div class=\"oSioSc\">\n<div id=\"tw-target\">\n<div id=\"kAz1tf\" class=\"g9WsWb\">\n<div id=\"tw-target-text-container\" class=\"tw-ta-container tw-nfl\">\n<p id=\"tw-target-text\" class=\"tw-data-text tw-ta tw-text-small\" dir=\"ltr\" data-placeholder=\"Vertimas\"><span lang=\"en\">Balloon, decorated with golden dots and black letters, reminds of disco style. Surprise your loved ones!<\/span><\/p>\n<pre class=\"tw-ta tw-text-small\">\u00a0<\/pre>\n<\/div>\n<div id=\"tw-target-rmn-container\" class=\"tw-ta-container tw-nfl\">\n<pre id=\"tw-target-rmn\" class=\"tw-data-placeholder tw-ta tw-text-small\" data-placeholder=\"\">\u00a0<\/pre>\n<pre class=\"tw-ta tw-text-small\">\u00a0<\/pre>\n<\/div>\n<div id=\"tw-tmenu\" class=\"tw-menu\">\u00a0<\/div>\n<\/div>\n<\/div>\n<\/div>\n<\/div>\n<div class=\"dURPtb\">\u00a0<\/div>\n<div class=\"iS1RR_kP2Zb0-pvVKlfEP0Yk\">\u00a0<\/div>\n<\/div>\n","protected":false},"featured_media":24335,"template":"","meta":[],"product_brand":[],"product_cat":[270,1956,893],"product_tag":[],"class_list":{"0":"post-23699","1":"product","2":"type-product","3":"status-publish","4":"has-post-thumbnail","6":"product_cat-helium-balloons","7":"product_cat-foil-helium-balloons","8":"product_cat-helium-balloons-for-birthday","9":"tm-has-options","11":"first","12":"outofstock","13":"taxable","14":"shipping-taxable","15":"purchasable","16":"product-type-simple"},"yoast_head":"<!-- This site is optimized with the Yoast SEO plugin v25.3 - https:\/\/yoast.com\/wordpress\/plugins\/seo\/ -->\n<title>Disco-style birthday foil helium balloon | Gintar\u0117s g\u0117l\u0117s<\/title>\n<meta name=\"description\" content=\"Balloon that will suit everyone who likes glitter. This disco-style balloon will perfectly decorate the interior of the beautiful celebration.\" \/>\n<meta name=\"robots\" content=\"index, follow, max-snippet:-1, max-image-preview:large, max-video-preview:-1\" \/>\n<link rel=\"canonical\" href=\"https:\/\/www.gintaresgeles.lt\/en\/puokste\/disco-style-foil-helium-balloon-for-birthday\/\" \/>\n<meta property=\"og:locale\" content=\"en_US\" \/>\n<meta property=\"og:type\" content=\"article\" \/>\n<meta property=\"og:title\" content=\"Disco-style birthday foil helium balloon | Gintar\u0117s g\u0117l\u0117s\" \/>\n<meta property=\"og:description\" content=\"Balloon that will suit everyone who likes glitter. This disco-style balloon will perfectly decorate the interior of the beautiful celebration.\" \/>\n<meta property=\"og:url\" content=\"https:\/\/www.gintaresgeles.lt\/en\/puokste\/disco-style-foil-helium-balloon-for-birthday\/\" \/>\n<meta property=\"og:site_name\" content=\"gintaresgeles.lt\" \/>\n<meta property=\"article:modified_time\" content=\"2021-03-29T08:36:54+00:00\" \/>\n<meta property=\"og:image\" content=\"https:\/\/www.gintaresgeles.lt\/wp-content\/uploads\/2019\/05\/auksinis-helio-folinis-balionas-linksmo-gimtadienio.jpg\" \/>\n\t<meta property=\"og:image:width\" content=\"600\" \/>\n\t<meta property=\"og:image:height\" content=\"600\" \/>\n\t<meta property=\"og:image:type\" content=\"image\/jpeg\" \/>\n<meta name=\"twitter:card\" content=\"summary_large_image\" \/>\n<script type=\"application\/ld+json\" class=\"yoast-schema-graph\">{\"@context\":\"https:\/\/schema.org\",\"@graph\":[{\"@type\":\"WebPage\",\"@id\":\"https:\/\/www.gintaresgeles.lt\/en\/puokste\/disco-style-foil-helium-balloon-for-birthday\/\",\"url\":\"https:\/\/www.gintaresgeles.lt\/en\/puokste\/disco-style-foil-helium-balloon-for-birthday\/\",\"name\":\"Disco-style birthday foil helium balloon | Gintar\u0117s g\u0117l\u0117s\",\"isPartOf\":{\"@id\":\"https:\/\/www.gintaresgeles.lt\/en\/#website\"},\"primaryImageOfPage\":{\"@id\":\"https:\/\/www.gintaresgeles.lt\/en\/puokste\/disco-style-foil-helium-balloon-for-birthday\/#primaryimage\"},\"image\":{\"@id\":\"https:\/\/www.gintaresgeles.lt\/en\/puokste\/disco-style-foil-helium-balloon-for-birthday\/#primaryimage\"},\"thumbnailUrl\":\"https:\/\/www.gintaresgeles.lt\/wp-content\/uploads\/2019\/05\/auksinis-helio-folinis-balionas-linksmo-gimtadienio.jpg\",\"datePublished\":\"2019-11-08T09:01:22+00:00\",\"dateModified\":\"2021-03-29T08:36:54+00:00\",\"description\":\"Balloon that will suit everyone who likes glitter. This disco-style balloon will perfectly decorate the interior of the beautiful celebration.\",\"breadcrumb\":{\"@id\":\"https:\/\/www.gintaresgeles.lt\/en\/puokste\/disco-style-foil-helium-balloon-for-birthday\/#breadcrumb\"},\"inLanguage\":\"en-US\",\"potentialAction\":[{\"@type\":\"ReadAction\",\"target\":[\"https:\/\/www.gintaresgeles.lt\/en\/puokste\/disco-style-foil-helium-balloon-for-birthday\/\"]}]},{\"@type\":\"ImageObject\",\"inLanguage\":\"en-US\",\"@id\":\"https:\/\/www.gintaresgeles.lt\/en\/puokste\/disco-style-foil-helium-balloon-for-birthday\/#primaryimage\",\"url\":\"https:\/\/www.gintaresgeles.lt\/wp-content\/uploads\/2019\/05\/auksinis-helio-folinis-balionas-linksmo-gimtadienio.jpg\",\"contentUrl\":\"https:\/\/www.gintaresgeles.lt\/wp-content\/uploads\/2019\/05\/auksinis-helio-folinis-balionas-linksmo-gimtadienio.jpg\",\"width\":600,\"height\":600,\"caption\":\"Helio balionas su blizgu\u010diais linksmo gimtadienio\"},{\"@type\":\"BreadcrumbList\",\"@id\":\"https:\/\/www.gintaresgeles.lt\/en\/puokste\/disco-style-foil-helium-balloon-for-birthday\/#breadcrumb\",\"itemListElement\":[{\"@type\":\"ListItem\",\"position\":1,\"name\":\"Prad\u017eia\",\"item\":\"https:\/\/www.gintaresgeles.lt\/en\/\"},{\"@type\":\"ListItem\",\"position\":2,\"name\":\"All flowers and other products\",\"item\":\"https:\/\/www.gintaresgeles.lt\/en\/all-flowers-and-other-products\/\"},{\"@type\":\"ListItem\",\"position\":3,\"name\":\"Disco-style foil helium balloon for birthday\"}]},{\"@type\":\"WebSite\",\"@id\":\"https:\/\/www.gintaresgeles.lt\/en\/#website\",\"url\":\"https:\/\/www.gintaresgeles.lt\/en\/\",\"name\":\"gintaresgeles.lt\",\"description\":\"G\u0117li\u0173 parduotuv\u0117 internete\",\"potentialAction\":[{\"@type\":\"SearchAction\",\"target\":{\"@type\":\"EntryPoint\",\"urlTemplate\":\"https:\/\/www.gintaresgeles.lt\/en\/?s={search_term_string}\"},\"query-input\":{\"@type\":\"PropertyValueSpecification\",\"valueRequired\":true,\"valueName\":\"search_term_string\"}}],\"inLanguage\":\"en-US\"}]}<\/script>\n<!-- \/ Yoast SEO plugin. -->","yoast_head_json":{"title":"Disco-style birthday foil helium balloon | Gintar\u0117s g\u0117l\u0117s","description":"Balloon that will suit everyone who likes glitter. This disco-style balloon will perfectly decorate the interior of the beautiful celebration.","robots":{"index":"index","follow":"follow","max-snippet":"max-snippet:-1","max-image-preview":"max-image-preview:large","max-video-preview":"max-video-preview:-1"},"canonical":"https:\/\/www.gintaresgeles.lt\/en\/puokste\/disco-style-foil-helium-balloon-for-birthday\/","og_locale":"en_US","og_type":"article","og_title":"Disco-style birthday foil helium balloon | Gintar\u0117s g\u0117l\u0117s","og_description":"Balloon that will suit everyone who likes glitter. This disco-style balloon will perfectly decorate the interior of the beautiful celebration.","og_url":"https:\/\/www.gintaresgeles.lt\/en\/puokste\/disco-style-foil-helium-balloon-for-birthday\/","og_site_name":"gintaresgeles.lt","article_modified_time":"2021-03-29T08:36:54+00:00","og_image":[{"width":600,"height":600,"url":"https:\/\/www.gintaresgeles.lt\/wp-content\/uploads\/2019\/05\/auksinis-helio-folinis-balionas-linksmo-gimtadienio.jpg","type":"image\/jpeg"}],"twitter_card":"summary_large_image","schema":{"@context":"https:\/\/schema.org","@graph":[{"@type":"WebPage","@id":"https:\/\/www.gintaresgeles.lt\/en\/puokste\/disco-style-foil-helium-balloon-for-birthday\/","url":"https:\/\/www.gintaresgeles.lt\/en\/puokste\/disco-style-foil-helium-balloon-for-birthday\/","name":"Disco-style birthday foil helium balloon | Gintar\u0117s g\u0117l\u0117s","isPartOf":{"@id":"https:\/\/www.gintaresgeles.lt\/en\/#website"},"primaryImageOfPage":{"@id":"https:\/\/www.gintaresgeles.lt\/en\/puokste\/disco-style-foil-helium-balloon-for-birthday\/#primaryimage"},"image":{"@id":"https:\/\/www.gintaresgeles.lt\/en\/puokste\/disco-style-foil-helium-balloon-for-birthday\/#primaryimage"},"thumbnailUrl":"https:\/\/www.gintaresgeles.lt\/wp-content\/uploads\/2019\/05\/auksinis-helio-folinis-balionas-linksmo-gimtadienio.jpg","datePublished":"2019-11-08T09:01:22+00:00","dateModified":"2021-03-29T08:36:54+00:00","description":"Balloon that will suit everyone who likes glitter. This disco-style balloon will perfectly decorate the interior of the beautiful celebration.","breadcrumb":{"@id":"https:\/\/www.gintaresgeles.lt\/en\/puokste\/disco-style-foil-helium-balloon-for-birthday\/#breadcrumb"},"inLanguage":"en-US","potentialAction":[{"@type":"ReadAction","target":["https:\/\/www.gintaresgeles.lt\/en\/puokste\/disco-style-foil-helium-balloon-for-birthday\/"]}]},{"@type":"ImageObject","inLanguage":"en-US","@id":"https:\/\/www.gintaresgeles.lt\/en\/puokste\/disco-style-foil-helium-balloon-for-birthday\/#primaryimage","url":"https:\/\/www.gintaresgeles.lt\/wp-content\/uploads\/2019\/05\/auksinis-helio-folinis-balionas-linksmo-gimtadienio.jpg","contentUrl":"https:\/\/www.gintaresgeles.lt\/wp-content\/uploads\/2019\/05\/auksinis-helio-folinis-balionas-linksmo-gimtadienio.jpg","width":600,"height":600,"caption":"Helio balionas su blizgu\u010diais linksmo gimtadienio"},{"@type":"BreadcrumbList","@id":"https:\/\/www.gintaresgeles.lt\/en\/puokste\/disco-style-foil-helium-balloon-for-birthday\/#breadcrumb","itemListElement":[{"@type":"ListItem","position":1,"name":"Prad\u017eia","item":"https:\/\/www.gintaresgeles.lt\/en\/"},{"@type":"ListItem","position":2,"name":"All flowers and other products","item":"https:\/\/www.gintaresgeles.lt\/en\/all-flowers-and-other-products\/"},{"@type":"ListItem","position":3,"name":"Disco-style foil helium balloon for birthday"}]},{"@type":"WebSite","@id":"https:\/\/www.gintaresgeles.lt\/en\/#website","url":"https:\/\/www.gintaresgeles.lt\/en\/","name":"gintaresgeles.lt","description":"G\u0117li\u0173 parduotuv\u0117 internete","potentialAction":[{"@type":"SearchAction","target":{"@type":"EntryPoint","urlTemplate":"https:\/\/www.gintaresgeles.lt\/en\/?s={search_term_string}"},"query-input":{"@type":"PropertyValueSpecification","valueRequired":true,"valueName":"search_term_string"}}],"inLanguage":"en-US"}]}},"_links":{"self":[{"href":"https:\/\/www.gintaresgeles.lt\/en\/wp-json\/wp\/v2\/product\/23699","targetHints":{"allow":["GET"]}}],"collection":[{"href":"https:\/\/www.gintaresgeles.lt\/en\/wp-json\/wp\/v2\/product"}],"about":[{"href":"https:\/\/www.gintaresgeles.lt\/en\/wp-json\/wp\/v2\/types\/product"}],"wp:featuredmedia":[{"embeddable":true,"href":"https:\/\/www.gintaresgeles.lt\/en\/wp-json\/wp\/v2\/media\/24335"}],"wp:attachment":[{"href":"https:\/\/www.gintaresgeles.lt\/en\/wp-json\/wp\/v2\/media?parent=23699"}],"wp:term":[{"taxonomy":"product_brand","embeddable":true,"href":"https:\/\/www.gintaresgeles.lt\/en\/wp-json\/wp\/v2\/product_brand?post=23699"},{"taxonomy":"product_cat","embeddable":true,"href":"https:\/\/www.gintaresgeles.lt\/en\/wp-json\/wp\/v2\/product_cat?post=23699"},{"taxonomy":"product_tag","embeddable":true,"href":"https:\/\/www.gintaresgeles.lt\/en\/wp-json\/wp\/v2\/product_tag?post=23699"}],"curies":[{"name":"wp","href":"https:\/\/api.w.org\/{rel}","templated":true}]}}