{"id":23758,"date":"2019-05-02T11:00:40","date_gmt":"2023-07-26T16:58:58","guid":{"rendered":"https:\/\/www.gintaresgeles.lt\/?post_type=product&#038;p=23758"},"modified":"2025-05-29T02:00:58","modified_gmt":"2025-05-29T00:00:58","slug":"red-color-medium-size-sleeping-rose","status":"publish","type":"product","link":"https:\/\/www.gintaresgeles.lt\/en\/puokste\/red-color-medium-size-sleeping-rose\/","title":{"rendered":"Red color medium size sleeping rose"},"content":{"rendered":"","protected":false},"excerpt":{"rendered":"<p>Red medium size sleeping roses under the glass canopy can become one of the most memorable parts of the house, and sometimes one of the most beautiful gifts on any beautiful occasion. Since the rose is stabilized, it will be look as good as a few years, so it will be a nice and practical gift.<\/p>\n","protected":false},"featured_media":33790,"template":"","meta":[],"product_brand":[],"product_cat":[260,259,428,262,892,264],"product_tag":[],"class_list":{"0":"post-23758","1":"product","2":"type-product","3":"status-publish","4":"has-post-thumbnail","6":"product_cat-birthday-flowers","7":"product_cat-flowers-by-occasion","8":"product_cat-jubilee-flowers","9":"product_cat-march8th-flowers","10":"product_cat-sleeping-roses-en-flowers-by-type","11":"product_cat-valentines-day-flowers","12":"tm-has-options","14":"first","15":"instock","16":"taxable","17":"shipping-taxable","18":"purchasable","19":"product-type-simple"},"yoast_head":"<!-- This site is optimized with the Yoast SEO plugin v25.3 - https:\/\/yoast.com\/wordpress\/plugins\/seo\/ -->\n<title>Red color medium size sleeping rose | Gintar\u0117s g\u0117l\u0117s<\/title>\n<meta name=\"description\" content=\"For those looking for exclusive and extraordinary looking gifts, this red medium size sleeping rose will be the perfect solution.\" \/>\n<meta name=\"robots\" content=\"index, follow, max-snippet:-1, max-image-preview:large, max-video-preview:-1\" \/>\n<link rel=\"canonical\" href=\"https:\/\/www.gintaresgeles.lt\/en\/puokste\/red-color-medium-size-sleeping-rose\/\" \/>\n<meta property=\"og:locale\" content=\"en_US\" \/>\n<meta property=\"og:type\" content=\"article\" \/>\n<meta property=\"og:title\" content=\"Red color medium size sleeping rose | Gintar\u0117s g\u0117l\u0117s\" \/>\n<meta property=\"og:description\" content=\"For those looking for exclusive and extraordinary looking gifts, this red medium size sleeping rose will be the perfect solution.\" \/>\n<meta property=\"og:url\" content=\"https:\/\/www.gintaresgeles.lt\/en\/puokste\/red-color-medium-size-sleeping-rose\/\" \/>\n<meta property=\"og:site_name\" content=\"gintaresgeles.lt\" \/>\n<meta property=\"article:modified_time\" content=\"2025-05-29T00:00:58+00:00\" \/>\n<meta property=\"og:image\" content=\"https:\/\/www.gintaresgeles.lt\/wp-content\/uploads\/2019\/05\/vidutine-raudona-mieganti-roze-dovana-draugei.jpg\" \/>\n\t<meta property=\"og:image:width\" content=\"2268\" \/>\n\t<meta property=\"og:image:height\" content=\"2268\" \/>\n\t<meta property=\"og:image:type\" content=\"image\/jpeg\" \/>\n<meta name=\"twitter:card\" content=\"summary_large_image\" \/>\n<script type=\"application\/ld+json\" class=\"yoast-schema-graph\">{\"@context\":\"https:\/\/schema.org\",\"@graph\":[{\"@type\":\"WebPage\",\"@id\":\"https:\/\/www.gintaresgeles.lt\/en\/puokste\/red-color-medium-size-sleeping-rose\/\",\"url\":\"https:\/\/www.gintaresgeles.lt\/en\/puokste\/red-color-medium-size-sleeping-rose\/\",\"name\":\"Red color medium size sleeping rose | Gintar\u0117s g\u0117l\u0117s\",\"isPartOf\":{\"@id\":\"https:\/\/www.gintaresgeles.lt\/en\/#website\"},\"primaryImageOfPage\":{\"@id\":\"https:\/\/www.gintaresgeles.lt\/en\/puokste\/red-color-medium-size-sleeping-rose\/#primaryimage\"},\"image\":{\"@id\":\"https:\/\/www.gintaresgeles.lt\/en\/puokste\/red-color-medium-size-sleeping-rose\/#primaryimage\"},\"thumbnailUrl\":\"https:\/\/www.gintaresgeles.lt\/wp-content\/uploads\/2019\/05\/vidutine-raudona-mieganti-roze-dovana-draugei.jpg\",\"datePublished\":\"2023-07-26T16:58:58+00:00\",\"dateModified\":\"2025-05-29T00:00:58+00:00\",\"description\":\"For those looking for exclusive and extraordinary looking gifts, this red medium size sleeping rose will be the perfect solution.\",\"breadcrumb\":{\"@id\":\"https:\/\/www.gintaresgeles.lt\/en\/puokste\/red-color-medium-size-sleeping-rose\/#breadcrumb\"},\"inLanguage\":\"en-US\",\"potentialAction\":[{\"@type\":\"ReadAction\",\"target\":[\"https:\/\/www.gintaresgeles.lt\/en\/puokste\/red-color-medium-size-sleeping-rose\/\"]}]},{\"@type\":\"ImageObject\",\"inLanguage\":\"en-US\",\"@id\":\"https:\/\/www.gintaresgeles.lt\/en\/puokste\/red-color-medium-size-sleeping-rose\/#primaryimage\",\"url\":\"https:\/\/www.gintaresgeles.lt\/wp-content\/uploads\/2019\/05\/vidutine-raudona-mieganti-roze-dovana-draugei.jpg\",\"contentUrl\":\"https:\/\/www.gintaresgeles.lt\/wp-content\/uploads\/2019\/05\/vidutine-raudona-mieganti-roze-dovana-draugei.jpg\",\"width\":2268,\"height\":2268,\"caption\":\"Mieganti vidutin\u0117 raudona ro\u017e\u0117 po stiklu\"},{\"@type\":\"BreadcrumbList\",\"@id\":\"https:\/\/www.gintaresgeles.lt\/en\/puokste\/red-color-medium-size-sleeping-rose\/#breadcrumb\",\"itemListElement\":[{\"@type\":\"ListItem\",\"position\":1,\"name\":\"Prad\u017eia\",\"item\":\"https:\/\/www.gintaresgeles.lt\/en\/\"},{\"@type\":\"ListItem\",\"position\":2,\"name\":\"All flowers and other products\",\"item\":\"https:\/\/www.gintaresgeles.lt\/en\/all-flowers-and-other-products\/\"},{\"@type\":\"ListItem\",\"position\":3,\"name\":\"Red color medium size sleeping rose\"}]},{\"@type\":\"WebSite\",\"@id\":\"https:\/\/www.gintaresgeles.lt\/en\/#website\",\"url\":\"https:\/\/www.gintaresgeles.lt\/en\/\",\"name\":\"gintaresgeles.lt\",\"description\":\"G\u0117li\u0173 parduotuv\u0117 internete\",\"potentialAction\":[{\"@type\":\"SearchAction\",\"target\":{\"@type\":\"EntryPoint\",\"urlTemplate\":\"https:\/\/www.gintaresgeles.lt\/en\/?s={search_term_string}\"},\"query-input\":{\"@type\":\"PropertyValueSpecification\",\"valueRequired\":true,\"valueName\":\"search_term_string\"}}],\"inLanguage\":\"en-US\"}]}<\/script>\n<!-- \/ Yoast SEO plugin. -->","yoast_head_json":{"title":"Red color medium size sleeping rose | Gintar\u0117s g\u0117l\u0117s","description":"For those looking for exclusive and extraordinary looking gifts, this red medium size sleeping rose will be the perfect solution.","robots":{"index":"index","follow":"follow","max-snippet":"max-snippet:-1","max-image-preview":"max-image-preview:large","max-video-preview":"max-video-preview:-1"},"canonical":"https:\/\/www.gintaresgeles.lt\/en\/puokste\/red-color-medium-size-sleeping-rose\/","og_locale":"en_US","og_type":"article","og_title":"Red color medium size sleeping rose | Gintar\u0117s g\u0117l\u0117s","og_description":"For those looking for exclusive and extraordinary looking gifts, this red medium size sleeping rose will be the perfect solution.","og_url":"https:\/\/www.gintaresgeles.lt\/en\/puokste\/red-color-medium-size-sleeping-rose\/","og_site_name":"gintaresgeles.lt","article_modified_time":"2025-05-29T00:00:58+00:00","og_image":[{"width":2268,"height":2268,"url":"https:\/\/www.gintaresgeles.lt\/wp-content\/uploads\/2019\/05\/vidutine-raudona-mieganti-roze-dovana-draugei.jpg","type":"image\/jpeg"}],"twitter_card":"summary_large_image","schema":{"@context":"https:\/\/schema.org","@graph":[{"@type":"WebPage","@id":"https:\/\/www.gintaresgeles.lt\/en\/puokste\/red-color-medium-size-sleeping-rose\/","url":"https:\/\/www.gintaresgeles.lt\/en\/puokste\/red-color-medium-size-sleeping-rose\/","name":"Red color medium size sleeping rose | Gintar\u0117s g\u0117l\u0117s","isPartOf":{"@id":"https:\/\/www.gintaresgeles.lt\/en\/#website"},"primaryImageOfPage":{"@id":"https:\/\/www.gintaresgeles.lt\/en\/puokste\/red-color-medium-size-sleeping-rose\/#primaryimage"},"image":{"@id":"https:\/\/www.gintaresgeles.lt\/en\/puokste\/red-color-medium-size-sleeping-rose\/#primaryimage"},"thumbnailUrl":"https:\/\/www.gintaresgeles.lt\/wp-content\/uploads\/2019\/05\/vidutine-raudona-mieganti-roze-dovana-draugei.jpg","datePublished":"2023-07-26T16:58:58+00:00","dateModified":"2025-05-29T00:00:58+00:00","description":"For those looking for exclusive and extraordinary looking gifts, this red medium size sleeping rose will be the perfect solution.","breadcrumb":{"@id":"https:\/\/www.gintaresgeles.lt\/en\/puokste\/red-color-medium-size-sleeping-rose\/#breadcrumb"},"inLanguage":"en-US","potentialAction":[{"@type":"ReadAction","target":["https:\/\/www.gintaresgeles.lt\/en\/puokste\/red-color-medium-size-sleeping-rose\/"]}]},{"@type":"ImageObject","inLanguage":"en-US","@id":"https:\/\/www.gintaresgeles.lt\/en\/puokste\/red-color-medium-size-sleeping-rose\/#primaryimage","url":"https:\/\/www.gintaresgeles.lt\/wp-content\/uploads\/2019\/05\/vidutine-raudona-mieganti-roze-dovana-draugei.jpg","contentUrl":"https:\/\/www.gintaresgeles.lt\/wp-content\/uploads\/2019\/05\/vidutine-raudona-mieganti-roze-dovana-draugei.jpg","width":2268,"height":2268,"caption":"Mieganti vidutin\u0117 raudona ro\u017e\u0117 po stiklu"},{"@type":"BreadcrumbList","@id":"https:\/\/www.gintaresgeles.lt\/en\/puokste\/red-color-medium-size-sleeping-rose\/#breadcrumb","itemListElement":[{"@type":"ListItem","position":1,"name":"Prad\u017eia","item":"https:\/\/www.gintaresgeles.lt\/en\/"},{"@type":"ListItem","position":2,"name":"All flowers and other products","item":"https:\/\/www.gintaresgeles.lt\/en\/all-flowers-and-other-products\/"},{"@type":"ListItem","position":3,"name":"Red color medium size sleeping rose"}]},{"@type":"WebSite","@id":"https:\/\/www.gintaresgeles.lt\/en\/#website","url":"https:\/\/www.gintaresgeles.lt\/en\/","name":"gintaresgeles.lt","description":"G\u0117li\u0173 parduotuv\u0117 internete","potentialAction":[{"@type":"SearchAction","target":{"@type":"EntryPoint","urlTemplate":"https:\/\/www.gintaresgeles.lt\/en\/?s={search_term_string}"},"query-input":{"@type":"PropertyValueSpecification","valueRequired":true,"valueName":"search_term_string"}}],"inLanguage":"en-US"}]}},"_links":{"self":[{"href":"https:\/\/www.gintaresgeles.lt\/en\/wp-json\/wp\/v2\/product\/23758","targetHints":{"allow":["GET"]}}],"collection":[{"href":"https:\/\/www.gintaresgeles.lt\/en\/wp-json\/wp\/v2\/product"}],"about":[{"href":"https:\/\/www.gintaresgeles.lt\/en\/wp-json\/wp\/v2\/types\/product"}],"wp:featuredmedia":[{"embeddable":true,"href":"https:\/\/www.gintaresgeles.lt\/en\/wp-json\/wp\/v2\/media\/33790"}],"wp:attachment":[{"href":"https:\/\/www.gintaresgeles.lt\/en\/wp-json\/wp\/v2\/media?parent=23758"}],"wp:term":[{"taxonomy":"product_brand","embeddable":true,"href":"https:\/\/www.gintaresgeles.lt\/en\/wp-json\/wp\/v2\/product_brand?post=23758"},{"taxonomy":"product_cat","embeddable":true,"href":"https:\/\/www.gintaresgeles.lt\/en\/wp-json\/wp\/v2\/product_cat?post=23758"},{"taxonomy":"product_tag","embeddable":true,"href":"https:\/\/www.gintaresgeles.lt\/en\/wp-json\/wp\/v2\/product_tag?post=23758"}],"curies":[{"name":"wp","href":"https:\/\/api.w.org\/{rel}","templated":true}]}}