{"id":23774,"date":"2019-05-15T10:36:07","date_gmt":"2019-05-15T12:36:07","guid":{"rendered":"https:\/\/www.gintaresgeles.lt\/puokste\/heart-shaped-helium-balloon-love\/"},"modified":"2021-03-17T11:23:55","modified_gmt":"2021-03-17T09:23:55","slug":"heart-shaped-helium-balloon-love","status":"publish","type":"product","link":"https:\/\/www.gintaresgeles.lt\/en\/puokste\/heart-shaped-helium-balloon-love\/","title":{"rendered":"Heart-shaped Helium Balloon &#8220;Love&#8221;"},"content":{"rendered":"","protected":false},"excerpt":{"rendered":"<p id=\"tw-target-text\" class=\"tw-data-text tw-ta tw-text-small\" dir=\"ltr\" data-placeholder=\"Vertimas\"><span lang=\"en\">Red foil helium balloon with black letters and a heart on it. This balloon is a perfect addition to flowers or any other gifts. For romantic occasions, anniversaries or any other important celebrations.<\/span><\/p>\n","protected":false},"featured_media":53763,"template":"","meta":[],"product_brand":[],"product_cat":[270,1956,916,1954,1951],"product_tag":[],"class_list":{"0":"post-23774","1":"product","2":"type-product","3":"status-publish","4":"has-post-thumbnail","6":"product_cat-helium-balloons","7":"product_cat-foil-helium-balloons","8":"product_cat-helium-balloons-for-mom","9":"product_cat-helium-balloons-for-the-valentines-day","10":"product_cat-helium-balloons-for-the-wedding","11":"tm-has-options","13":"first","14":"instock","15":"taxable","16":"shipping-taxable","17":"purchasable","18":"product-type-simple"},"yoast_head":"<!-- This site is optimized with the Yoast SEO plugin v25.3 - https:\/\/yoast.com\/wordpress\/plugins\/seo\/ -->\n<title>Heart-shaped Helium Balloon &quot;Love&quot; | Balion\u0173 pristatymas | Gintar\u0117s g\u0117l\u0117s<\/title>\n<meta name=\"description\" content=\"A red balloon with a black inscription &quot;Love&quot; and a little heart on it. Give it to your loved ones and rejoice with them.\" \/>\n<meta name=\"robots\" content=\"index, follow, max-snippet:-1, max-image-preview:large, max-video-preview:-1\" \/>\n<link rel=\"canonical\" href=\"https:\/\/www.gintaresgeles.lt\/en\/puokste\/heart-shaped-helium-balloon-love\/\" \/>\n<meta property=\"og:locale\" content=\"en_US\" \/>\n<meta property=\"og:type\" content=\"article\" \/>\n<meta property=\"og:title\" content=\"Heart-shaped Helium Balloon &quot;Love&quot; | Balion\u0173 pristatymas | Gintar\u0117s g\u0117l\u0117s\" \/>\n<meta property=\"og:description\" content=\"A red balloon with a black inscription &quot;Love&quot; and a little heart on it. Give it to your loved ones and rejoice with them.\" \/>\n<meta property=\"og:url\" content=\"https:\/\/www.gintaresgeles.lt\/en\/puokste\/heart-shaped-helium-balloon-love\/\" \/>\n<meta property=\"og:site_name\" content=\"gintaresgeles.lt\" \/>\n<meta property=\"article:modified_time\" content=\"2021-03-17T09:23:55+00:00\" \/>\n<meta property=\"og:image\" content=\"https:\/\/www.gintaresgeles.lt\/wp-content\/uploads\/2019\/05\/folinis-helio-balionas-su-raidemis.jpg\" \/>\n\t<meta property=\"og:image:width\" content=\"300\" \/>\n\t<meta property=\"og:image:height\" content=\"300\" \/>\n\t<meta property=\"og:image:type\" content=\"image\/jpeg\" \/>\n<meta name=\"twitter:card\" content=\"summary_large_image\" \/>\n<script type=\"application\/ld+json\" class=\"yoast-schema-graph\">{\"@context\":\"https:\/\/schema.org\",\"@graph\":[{\"@type\":\"WebPage\",\"@id\":\"https:\/\/www.gintaresgeles.lt\/en\/puokste\/heart-shaped-helium-balloon-love\/\",\"url\":\"https:\/\/www.gintaresgeles.lt\/en\/puokste\/heart-shaped-helium-balloon-love\/\",\"name\":\"Heart-shaped Helium Balloon \\\"Love\\\" | Balion\u0173 pristatymas | Gintar\u0117s g\u0117l\u0117s\",\"isPartOf\":{\"@id\":\"https:\/\/www.gintaresgeles.lt\/en\/#website\"},\"primaryImageOfPage\":{\"@id\":\"https:\/\/www.gintaresgeles.lt\/en\/puokste\/heart-shaped-helium-balloon-love\/#primaryimage\"},\"image\":{\"@id\":\"https:\/\/www.gintaresgeles.lt\/en\/puokste\/heart-shaped-helium-balloon-love\/#primaryimage\"},\"thumbnailUrl\":\"https:\/\/www.gintaresgeles.lt\/wp-content\/uploads\/2019\/05\/rozine-sirdele-folinis-balionas-love.jpg\",\"datePublished\":\"2019-05-15T12:36:07+00:00\",\"dateModified\":\"2021-03-17T09:23:55+00:00\",\"description\":\"A red balloon with a black inscription \\\"Love\\\" and a little heart on it. Give it to your loved ones and rejoice with them.\",\"breadcrumb\":{\"@id\":\"https:\/\/www.gintaresgeles.lt\/en\/puokste\/heart-shaped-helium-balloon-love\/#breadcrumb\"},\"inLanguage\":\"en-US\",\"potentialAction\":[{\"@type\":\"ReadAction\",\"target\":[\"https:\/\/www.gintaresgeles.lt\/en\/puokste\/heart-shaped-helium-balloon-love\/\"]}]},{\"@type\":\"ImageObject\",\"inLanguage\":\"en-US\",\"@id\":\"https:\/\/www.gintaresgeles.lt\/en\/puokste\/heart-shaped-helium-balloon-love\/#primaryimage\",\"url\":\"https:\/\/www.gintaresgeles.lt\/wp-content\/uploads\/2019\/05\/rozine-sirdele-folinis-balionas-love.jpg\",\"contentUrl\":\"https:\/\/www.gintaresgeles.lt\/wp-content\/uploads\/2019\/05\/rozine-sirdele-folinis-balionas-love.jpg\",\"width\":901,\"height\":900,\"caption\":\"Folinis helios balionas ro\u017ein\u0117 \u0161irdel\u0117\"},{\"@type\":\"BreadcrumbList\",\"@id\":\"https:\/\/www.gintaresgeles.lt\/en\/puokste\/heart-shaped-helium-balloon-love\/#breadcrumb\",\"itemListElement\":[{\"@type\":\"ListItem\",\"position\":1,\"name\":\"Prad\u017eia\",\"item\":\"https:\/\/www.gintaresgeles.lt\/en\/\"},{\"@type\":\"ListItem\",\"position\":2,\"name\":\"All flowers and other products\",\"item\":\"https:\/\/www.gintaresgeles.lt\/en\/all-flowers-and-other-products\/\"},{\"@type\":\"ListItem\",\"position\":3,\"name\":\"Heart-shaped Helium Balloon &#8222;Love&#8221;\"}]},{\"@type\":\"WebSite\",\"@id\":\"https:\/\/www.gintaresgeles.lt\/en\/#website\",\"url\":\"https:\/\/www.gintaresgeles.lt\/en\/\",\"name\":\"Gintares Geles\",\"description\":\"Flower delivery in Vilnius | Same-day delivery | Gintares geles\",\"potentialAction\":[{\"@type\":\"SearchAction\",\"target\":{\"@type\":\"EntryPoint\",\"urlTemplate\":\"https:\/\/www.gintaresgeles.lt\/en\/?s={search_term_string}\"},\"query-input\":{\"@type\":\"PropertyValueSpecification\",\"valueRequired\":true,\"valueName\":\"search_term_string\"}}],\"inLanguage\":\"en-US\"}]}<\/script>\n<!-- \/ Yoast SEO plugin. -->","yoast_head_json":{"title":"Heart-shaped Helium Balloon \"Love\" | Balion\u0173 pristatymas | Gintar\u0117s g\u0117l\u0117s","description":"A red balloon with a black inscription \"Love\" and a little heart on it. Give it to your loved ones and rejoice with them.","robots":{"index":"index","follow":"follow","max-snippet":"max-snippet:-1","max-image-preview":"max-image-preview:large","max-video-preview":"max-video-preview:-1"},"canonical":"https:\/\/www.gintaresgeles.lt\/en\/puokste\/heart-shaped-helium-balloon-love\/","og_locale":"en_US","og_type":"article","og_title":"Heart-shaped Helium Balloon \"Love\" | Balion\u0173 pristatymas | Gintar\u0117s g\u0117l\u0117s","og_description":"A red balloon with a black inscription \"Love\" and a little heart on it. Give it to your loved ones and rejoice with them.","og_url":"https:\/\/www.gintaresgeles.lt\/en\/puokste\/heart-shaped-helium-balloon-love\/","og_site_name":"gintaresgeles.lt","article_modified_time":"2021-03-17T09:23:55+00:00","og_image":[{"width":300,"height":300,"url":"https:\/\/www.gintaresgeles.lt\/wp-content\/uploads\/2019\/05\/folinis-helio-balionas-su-raidemis.jpg","type":"image\/jpeg"}],"twitter_card":"summary_large_image","schema":{"@context":"https:\/\/schema.org","@graph":[{"@type":"WebPage","@id":"https:\/\/www.gintaresgeles.lt\/en\/puokste\/heart-shaped-helium-balloon-love\/","url":"https:\/\/www.gintaresgeles.lt\/en\/puokste\/heart-shaped-helium-balloon-love\/","name":"Heart-shaped Helium Balloon \"Love\" | Balion\u0173 pristatymas | Gintar\u0117s g\u0117l\u0117s","isPartOf":{"@id":"https:\/\/www.gintaresgeles.lt\/en\/#website"},"primaryImageOfPage":{"@id":"https:\/\/www.gintaresgeles.lt\/en\/puokste\/heart-shaped-helium-balloon-love\/#primaryimage"},"image":{"@id":"https:\/\/www.gintaresgeles.lt\/en\/puokste\/heart-shaped-helium-balloon-love\/#primaryimage"},"thumbnailUrl":"https:\/\/www.gintaresgeles.lt\/wp-content\/uploads\/2019\/05\/rozine-sirdele-folinis-balionas-love.jpg","datePublished":"2019-05-15T12:36:07+00:00","dateModified":"2021-03-17T09:23:55+00:00","description":"A red balloon with a black inscription \"Love\" and a little heart on it. Give it to your loved ones and rejoice with them.","breadcrumb":{"@id":"https:\/\/www.gintaresgeles.lt\/en\/puokste\/heart-shaped-helium-balloon-love\/#breadcrumb"},"inLanguage":"en-US","potentialAction":[{"@type":"ReadAction","target":["https:\/\/www.gintaresgeles.lt\/en\/puokste\/heart-shaped-helium-balloon-love\/"]}]},{"@type":"ImageObject","inLanguage":"en-US","@id":"https:\/\/www.gintaresgeles.lt\/en\/puokste\/heart-shaped-helium-balloon-love\/#primaryimage","url":"https:\/\/www.gintaresgeles.lt\/wp-content\/uploads\/2019\/05\/rozine-sirdele-folinis-balionas-love.jpg","contentUrl":"https:\/\/www.gintaresgeles.lt\/wp-content\/uploads\/2019\/05\/rozine-sirdele-folinis-balionas-love.jpg","width":901,"height":900,"caption":"Folinis helios balionas ro\u017ein\u0117 \u0161irdel\u0117"},{"@type":"BreadcrumbList","@id":"https:\/\/www.gintaresgeles.lt\/en\/puokste\/heart-shaped-helium-balloon-love\/#breadcrumb","itemListElement":[{"@type":"ListItem","position":1,"name":"Prad\u017eia","item":"https:\/\/www.gintaresgeles.lt\/en\/"},{"@type":"ListItem","position":2,"name":"All flowers and other products","item":"https:\/\/www.gintaresgeles.lt\/en\/all-flowers-and-other-products\/"},{"@type":"ListItem","position":3,"name":"Heart-shaped Helium Balloon &#8222;Love&#8221;"}]},{"@type":"WebSite","@id":"https:\/\/www.gintaresgeles.lt\/en\/#website","url":"https:\/\/www.gintaresgeles.lt\/en\/","name":"Gintares Geles","description":"Flower delivery in Vilnius | Same-day delivery | Gintares geles","potentialAction":[{"@type":"SearchAction","target":{"@type":"EntryPoint","urlTemplate":"https:\/\/www.gintaresgeles.lt\/en\/?s={search_term_string}"},"query-input":{"@type":"PropertyValueSpecification","valueRequired":true,"valueName":"search_term_string"}}],"inLanguage":"en-US"}]}},"_links":{"self":[{"href":"https:\/\/www.gintaresgeles.lt\/en\/wp-json\/wp\/v2\/product\/23774","targetHints":{"allow":["GET"]}}],"collection":[{"href":"https:\/\/www.gintaresgeles.lt\/en\/wp-json\/wp\/v2\/product"}],"about":[{"href":"https:\/\/www.gintaresgeles.lt\/en\/wp-json\/wp\/v2\/types\/product"}],"wp:featuredmedia":[{"embeddable":true,"href":"https:\/\/www.gintaresgeles.lt\/en\/wp-json\/wp\/v2\/media\/53763"}],"wp:attachment":[{"href":"https:\/\/www.gintaresgeles.lt\/en\/wp-json\/wp\/v2\/media?parent=23774"}],"wp:term":[{"taxonomy":"product_brand","embeddable":true,"href":"https:\/\/www.gintaresgeles.lt\/en\/wp-json\/wp\/v2\/product_brand?post=23774"},{"taxonomy":"product_cat","embeddable":true,"href":"https:\/\/www.gintaresgeles.lt\/en\/wp-json\/wp\/v2\/product_cat?post=23774"},{"taxonomy":"product_tag","embeddable":true,"href":"https:\/\/www.gintaresgeles.lt\/en\/wp-json\/wp\/v2\/product_tag?post=23774"}],"curies":[{"name":"wp","href":"https:\/\/api.w.org\/{rel}","templated":true}]}}