{"id":23792,"date":"2019-09-20T06:27:09","date_gmt":"2019-09-20T08:27:09","guid":{"rendered":"https:\/\/www.gintaresgeles.lt\/?post_type=product&#038;p=23792"},"modified":"2025-11-23T16:40:57","modified_gmt":"2025-11-23T14:40:57","slug":"rose-bouquet-grace","status":"publish","type":"product","link":"https:\/\/www.gintaresgeles.lt\/en\/puokste\/rose-bouquet-grace\/","title":{"rendered":"Rose bouquet &#8220;Grace&#8221;"},"content":{"rendered":"<p><strong>The size of the bouquet depends on the number of flowers you choose:<\/strong><\/p>\n<p>Bouquet of 15 flowers consists of 11 roses and 4 St. John&#8217;s wort sprigs;<\/p>\n<p>Bouquet of 23 flowers consists of 17 roses and 6 St. John&#8217;s wort sprigs;<\/p>\n<p>Bouquet of 35 flowers consists of 25 roses and 10 St. John&#8217;s wort sprigs;<\/p>\n<p>Bouquet of 45 flowers consist of 35 roses and 12 St. John&#8217;s wort sprigs.<\/p>\n","protected":false},"excerpt":{"rendered":"<p style=\"text-align: justify;\">The bouquet &#8220;Grace&#8221; is the combination of red roses and St. John&#8217;s wort sprigs that will make you smile and to brace up. It is a wonderful gift for a loved person. By gifting this bouquet, you will be able to convey your romantic feelings and respect to your significant other. The number of roses and sprigs depends on your choice. The color of ribbon is the same as the flowers.<\/p>\n<p>&nbsp;<\/p>\n<p style=\"text-align: right;\">\n","protected":false},"featured_media":46506,"template":"","meta":[],"product_brand":[],"product_cat":[261,260,259,252,266,265,256,253,257,428,262,263,891,264,268,1966,238],"product_tag":[],"class_list":{"0":"post-23792","1":"product","2":"type-product","3":"status-publish","4":"has-post-thumbnail","6":"product_cat-birthday-bouquets","7":"product_cat-birthday-flowers","8":"product_cat-flowers-by-occasion","9":"product_cat-flowers-by-recipient","10":"product_cat-flowers-by-style","11":"product_cat-flowers-by-type","12":"product_cat-flowers-for-girlfriend","13":"product_cat-flowers-for-mom","14":"product_cat-flowers-for-women","15":"product_cat-jubilee-flowers","16":"product_cat-march8th-flowers","17":"product_cat-mothers-day-flowers","18":"product_cat-red-roses","19":"product_cat-valentines-day-flowers","20":"product_cat-flower-bouquets","21":"product_cat-flowers-wrapped-in-paper","22":"product_cat-roses","23":"tm-has-options","25":"first","26":"instock","27":"taxable","28":"shipping-taxable","29":"purchasable","30":"product-type-variable","31":"has-default-attributes"},"yoast_head":"<!-- This site is optimized with the Yoast SEO plugin v25.3 - https:\/\/yoast.com\/wordpress\/plugins\/seo\/ -->\n<title>Rose bouquet &quot;Grace&quot; | Red roses | Gintar\u0117s g\u0117l\u0117s<\/title>\n<meta name=\"description\" content=\"Red roses with berries is a bouquet of stunning beauty, which makes those who have received it to brace up. &quot;Gintar\u0117s G\u0117l\u0117s&quot; is a choice of perfection.\" \/>\n<meta name=\"robots\" content=\"index, follow, max-snippet:-1, max-image-preview:large, max-video-preview:-1\" \/>\n<link rel=\"canonical\" href=\"https:\/\/www.gintaresgeles.lt\/en\/puokste\/rose-bouquet-grace\/\" \/>\n<meta property=\"og:locale\" content=\"en_US\" \/>\n<meta property=\"og:type\" content=\"article\" \/>\n<meta property=\"og:title\" content=\"Rose bouquet &quot;Grace&quot; | Red roses | Gintar\u0117s g\u0117l\u0117s\" \/>\n<meta property=\"og:description\" content=\"Red roses with berries is a bouquet of stunning beauty, which makes those who have received it to brace up. &quot;Gintar\u0117s G\u0117l\u0117s&quot; is a choice of perfection.\" \/>\n<meta property=\"og:url\" content=\"https:\/\/www.gintaresgeles.lt\/en\/puokste\/rose-bouquet-grace\/\" \/>\n<meta property=\"og:site_name\" content=\"gintaresgeles.lt\" \/>\n<meta property=\"article:modified_time\" content=\"2025-11-23T14:40:57+00:00\" \/>\n<meta property=\"og:image\" content=\"https:\/\/www.gintaresgeles.lt\/wp-content\/uploads\/2019\/09\/raudonos-rozes-su-uogytems-geliu-puokstes-moteriai.jpg\" \/>\n\t<meta property=\"og:image:width\" content=\"1200\" \/>\n\t<meta property=\"og:image:height\" content=\"1200\" \/>\n\t<meta property=\"og:image:type\" content=\"image\/jpeg\" \/>\n<meta name=\"twitter:card\" content=\"summary_large_image\" \/>\n<meta name=\"twitter:label1\" content=\"Est. reading time\" \/>\n\t<meta name=\"twitter:data1\" content=\"1 minute\" \/>\n<script type=\"application\/ld+json\" class=\"yoast-schema-graph\">{\"@context\":\"https:\/\/schema.org\",\"@graph\":[{\"@type\":\"WebPage\",\"@id\":\"https:\/\/www.gintaresgeles.lt\/en\/puokste\/rose-bouquet-grace\/\",\"url\":\"https:\/\/www.gintaresgeles.lt\/en\/puokste\/rose-bouquet-grace\/\",\"name\":\"Rose bouquet \\\"Grace\\\" | Red roses | Gintar\u0117s g\u0117l\u0117s\",\"isPartOf\":{\"@id\":\"https:\/\/www.gintaresgeles.lt\/en\/#website\"},\"primaryImageOfPage\":{\"@id\":\"https:\/\/www.gintaresgeles.lt\/en\/puokste\/rose-bouquet-grace\/#primaryimage\"},\"image\":{\"@id\":\"https:\/\/www.gintaresgeles.lt\/en\/puokste\/rose-bouquet-grace\/#primaryimage\"},\"thumbnailUrl\":\"https:\/\/www.gintaresgeles.lt\/wp-content\/uploads\/2019\/09\/raudonos-rozes-su-uogytems-geliu-puokstes-moteriai.jpg\",\"datePublished\":\"2019-09-20T08:27:09+00:00\",\"dateModified\":\"2025-11-23T14:40:57+00:00\",\"description\":\"Red roses with berries is a bouquet of stunning beauty, which makes those who have received it to brace up. \\\"Gintar\u0117s G\u0117l\u0117s\\\" is a choice of perfection.\",\"breadcrumb\":{\"@id\":\"https:\/\/www.gintaresgeles.lt\/en\/puokste\/rose-bouquet-grace\/#breadcrumb\"},\"inLanguage\":\"en-US\",\"potentialAction\":[{\"@type\":\"ReadAction\",\"target\":[\"https:\/\/www.gintaresgeles.lt\/en\/puokste\/rose-bouquet-grace\/\"]}]},{\"@type\":\"ImageObject\",\"inLanguage\":\"en-US\",\"@id\":\"https:\/\/www.gintaresgeles.lt\/en\/puokste\/rose-bouquet-grace\/#primaryimage\",\"url\":\"https:\/\/www.gintaresgeles.lt\/wp-content\/uploads\/2019\/09\/raudonos-rozes-su-uogytems-geliu-puokstes-moteriai.jpg\",\"contentUrl\":\"https:\/\/www.gintaresgeles.lt\/wp-content\/uploads\/2019\/09\/raudonos-rozes-su-uogytems-geliu-puokstes-moteriai.jpg\",\"width\":1200,\"height\":1200,\"caption\":\"Raudon\u0173 ro\u017ei\u0173 ir uogy\u010di\u0173 puok\u0161t\u0117\"},{\"@type\":\"BreadcrumbList\",\"@id\":\"https:\/\/www.gintaresgeles.lt\/en\/puokste\/rose-bouquet-grace\/#breadcrumb\",\"itemListElement\":[{\"@type\":\"ListItem\",\"position\":1,\"name\":\"Prad\u017eia\",\"item\":\"https:\/\/www.gintaresgeles.lt\/en\/\"},{\"@type\":\"ListItem\",\"position\":2,\"name\":\"All flowers and other products\",\"item\":\"https:\/\/www.gintaresgeles.lt\/en\/all-flowers-and-other-products\/\"},{\"@type\":\"ListItem\",\"position\":3,\"name\":\"Rose bouquet &#8222;Grace&#8221;\"}]},{\"@type\":\"WebSite\",\"@id\":\"https:\/\/www.gintaresgeles.lt\/en\/#website\",\"url\":\"https:\/\/www.gintaresgeles.lt\/en\/\",\"name\":\"gintaresgeles.lt\",\"description\":\"G\u0117li\u0173 parduotuv\u0117 internete\",\"potentialAction\":[{\"@type\":\"SearchAction\",\"target\":{\"@type\":\"EntryPoint\",\"urlTemplate\":\"https:\/\/www.gintaresgeles.lt\/en\/?s={search_term_string}\"},\"query-input\":{\"@type\":\"PropertyValueSpecification\",\"valueRequired\":true,\"valueName\":\"search_term_string\"}}],\"inLanguage\":\"en-US\"}]}<\/script>\n<!-- \/ Yoast SEO plugin. -->","yoast_head_json":{"title":"Rose bouquet \"Grace\" | Red roses | Gintar\u0117s g\u0117l\u0117s","description":"Red roses with berries is a bouquet of stunning beauty, which makes those who have received it to brace up. \"Gintar\u0117s G\u0117l\u0117s\" is a choice of perfection.","robots":{"index":"index","follow":"follow","max-snippet":"max-snippet:-1","max-image-preview":"max-image-preview:large","max-video-preview":"max-video-preview:-1"},"canonical":"https:\/\/www.gintaresgeles.lt\/en\/puokste\/rose-bouquet-grace\/","og_locale":"en_US","og_type":"article","og_title":"Rose bouquet \"Grace\" | Red roses | Gintar\u0117s g\u0117l\u0117s","og_description":"Red roses with berries is a bouquet of stunning beauty, which makes those who have received it to brace up. \"Gintar\u0117s G\u0117l\u0117s\" is a choice of perfection.","og_url":"https:\/\/www.gintaresgeles.lt\/en\/puokste\/rose-bouquet-grace\/","og_site_name":"gintaresgeles.lt","article_modified_time":"2025-11-23T14:40:57+00:00","og_image":[{"width":1200,"height":1200,"url":"https:\/\/www.gintaresgeles.lt\/wp-content\/uploads\/2019\/09\/raudonos-rozes-su-uogytems-geliu-puokstes-moteriai.jpg","type":"image\/jpeg"}],"twitter_card":"summary_large_image","twitter_misc":{"Est. reading time":"1 minute"},"schema":{"@context":"https:\/\/schema.org","@graph":[{"@type":"WebPage","@id":"https:\/\/www.gintaresgeles.lt\/en\/puokste\/rose-bouquet-grace\/","url":"https:\/\/www.gintaresgeles.lt\/en\/puokste\/rose-bouquet-grace\/","name":"Rose bouquet \"Grace\" | Red roses | Gintar\u0117s g\u0117l\u0117s","isPartOf":{"@id":"https:\/\/www.gintaresgeles.lt\/en\/#website"},"primaryImageOfPage":{"@id":"https:\/\/www.gintaresgeles.lt\/en\/puokste\/rose-bouquet-grace\/#primaryimage"},"image":{"@id":"https:\/\/www.gintaresgeles.lt\/en\/puokste\/rose-bouquet-grace\/#primaryimage"},"thumbnailUrl":"https:\/\/www.gintaresgeles.lt\/wp-content\/uploads\/2019\/09\/raudonos-rozes-su-uogytems-geliu-puokstes-moteriai.jpg","datePublished":"2019-09-20T08:27:09+00:00","dateModified":"2025-11-23T14:40:57+00:00","description":"Red roses with berries is a bouquet of stunning beauty, which makes those who have received it to brace up. \"Gintar\u0117s G\u0117l\u0117s\" is a choice of perfection.","breadcrumb":{"@id":"https:\/\/www.gintaresgeles.lt\/en\/puokste\/rose-bouquet-grace\/#breadcrumb"},"inLanguage":"en-US","potentialAction":[{"@type":"ReadAction","target":["https:\/\/www.gintaresgeles.lt\/en\/puokste\/rose-bouquet-grace\/"]}]},{"@type":"ImageObject","inLanguage":"en-US","@id":"https:\/\/www.gintaresgeles.lt\/en\/puokste\/rose-bouquet-grace\/#primaryimage","url":"https:\/\/www.gintaresgeles.lt\/wp-content\/uploads\/2019\/09\/raudonos-rozes-su-uogytems-geliu-puokstes-moteriai.jpg","contentUrl":"https:\/\/www.gintaresgeles.lt\/wp-content\/uploads\/2019\/09\/raudonos-rozes-su-uogytems-geliu-puokstes-moteriai.jpg","width":1200,"height":1200,"caption":"Raudon\u0173 ro\u017ei\u0173 ir uogy\u010di\u0173 puok\u0161t\u0117"},{"@type":"BreadcrumbList","@id":"https:\/\/www.gintaresgeles.lt\/en\/puokste\/rose-bouquet-grace\/#breadcrumb","itemListElement":[{"@type":"ListItem","position":1,"name":"Prad\u017eia","item":"https:\/\/www.gintaresgeles.lt\/en\/"},{"@type":"ListItem","position":2,"name":"All flowers and other products","item":"https:\/\/www.gintaresgeles.lt\/en\/all-flowers-and-other-products\/"},{"@type":"ListItem","position":3,"name":"Rose bouquet &#8222;Grace&#8221;"}]},{"@type":"WebSite","@id":"https:\/\/www.gintaresgeles.lt\/en\/#website","url":"https:\/\/www.gintaresgeles.lt\/en\/","name":"gintaresgeles.lt","description":"G\u0117li\u0173 parduotuv\u0117 internete","potentialAction":[{"@type":"SearchAction","target":{"@type":"EntryPoint","urlTemplate":"https:\/\/www.gintaresgeles.lt\/en\/?s={search_term_string}"},"query-input":{"@type":"PropertyValueSpecification","valueRequired":true,"valueName":"search_term_string"}}],"inLanguage":"en-US"}]}},"_links":{"self":[{"href":"https:\/\/www.gintaresgeles.lt\/en\/wp-json\/wp\/v2\/product\/23792","targetHints":{"allow":["GET"]}}],"collection":[{"href":"https:\/\/www.gintaresgeles.lt\/en\/wp-json\/wp\/v2\/product"}],"about":[{"href":"https:\/\/www.gintaresgeles.lt\/en\/wp-json\/wp\/v2\/types\/product"}],"wp:featuredmedia":[{"embeddable":true,"href":"https:\/\/www.gintaresgeles.lt\/en\/wp-json\/wp\/v2\/media\/46506"}],"wp:attachment":[{"href":"https:\/\/www.gintaresgeles.lt\/en\/wp-json\/wp\/v2\/media?parent=23792"}],"wp:term":[{"taxonomy":"product_brand","embeddable":true,"href":"https:\/\/www.gintaresgeles.lt\/en\/wp-json\/wp\/v2\/product_brand?post=23792"},{"taxonomy":"product_cat","embeddable":true,"href":"https:\/\/www.gintaresgeles.lt\/en\/wp-json\/wp\/v2\/product_cat?post=23792"},{"taxonomy":"product_tag","embeddable":true,"href":"https:\/\/www.gintaresgeles.lt\/en\/wp-json\/wp\/v2\/product_tag?post=23792"}],"curies":[{"name":"wp","href":"https:\/\/api.w.org\/{rel}","templated":true}]}}