{"id":23808,"date":"2019-04-17T06:08:52","date_gmt":"2019-04-17T08:08:52","guid":{"rendered":"https:\/\/www.gintaresgeles.lt\/puokste\/wine-set\/"},"modified":"2024-04-18T03:42:10","modified_gmt":"2024-04-18T01:42:10","slug":"wine-set","status":"publish","type":"product","link":"https:\/\/www.gintaresgeles.lt\/en\/puokste\/wine-set\/","title":{"rendered":"Wine Set"},"content":{"rendered":"<p>A set of several pieces of wine, consisting of:<\/p>\n<ul>\n<li>bottle-shaped packaging (black color);<\/li>\n<li>opener;<\/li>\n<li>cork guard removed;<\/li>\n<li>dispenser with cork for bottle;<\/li>\n<li>ring holding drops.<\/li>\n<\/ul>\n","protected":false},"excerpt":{"rendered":"<p>A black bottle imbued with an elegant and refined taste. A wine set that closes with a magnet is a great gift choice for everyone. Surprise a colleague, friend, girlfriend\/boyfriend with this option if you want to leave people indifferent to the gift.<\/p>\n","protected":false},"featured_media":54396,"template":"","meta":[],"product_brand":[],"product_cat":[237,1982,1983],"product_tag":[],"class_list":{"0":"post-23808","1":"product","2":"type-product","3":"status-publish","4":"has-post-thumbnail","6":"product_cat-gifts","7":"product_cat-cute-presents","8":"product_cat-little-things","9":"tm-has-options","11":"first","12":"instock","13":"taxable","14":"shipping-taxable","15":"purchasable","16":"product-type-simple"},"yoast_head":"<!-- This site is optimized with the Yoast SEO plugin v25.3 - https:\/\/yoast.com\/wordpress\/plugins\/seo\/ -->\n<title>Wine Set | Presentation of gifts and flowers in Vilnius | Gintar\u0117s g\u0117l\u0117s<\/title>\n<meta name=\"description\" content=\"Set of several pieces of wine in a bottle pack. Surprise for adults who love practical gifts and easy use.\" \/>\n<meta name=\"robots\" content=\"index, follow, max-snippet:-1, max-image-preview:large, max-video-preview:-1\" \/>\n<link rel=\"canonical\" href=\"https:\/\/www.gintaresgeles.lt\/en\/puokste\/wine-set\/\" \/>\n<meta property=\"og:locale\" content=\"en_US\" \/>\n<meta property=\"og:type\" content=\"article\" \/>\n<meta property=\"og:title\" content=\"Wine Set | Presentation of gifts and flowers in Vilnius | Gintar\u0117s g\u0117l\u0117s\" \/>\n<meta property=\"og:description\" content=\"Set of several pieces of wine in a bottle pack. Surprise for adults who love practical gifts and easy use.\" \/>\n<meta property=\"og:url\" content=\"https:\/\/www.gintaresgeles.lt\/en\/puokste\/wine-set\/\" \/>\n<meta property=\"og:site_name\" content=\"gintaresgeles.lt\" \/>\n<meta property=\"article:modified_time\" content=\"2024-04-18T01:42:10+00:00\" \/>\n<meta property=\"og:image\" content=\"https:\/\/www.gintaresgeles.lt\/wp-content\/uploads\/2019\/04\/vyno-dovanu-rinkinys.jpg\" \/>\n\t<meta property=\"og:image:width\" content=\"600\" \/>\n\t<meta property=\"og:image:height\" content=\"600\" \/>\n\t<meta property=\"og:image:type\" content=\"image\/jpeg\" \/>\n<meta name=\"twitter:card\" content=\"summary_large_image\" \/>\n<script type=\"application\/ld+json\" class=\"yoast-schema-graph\">{\"@context\":\"https:\/\/schema.org\",\"@graph\":[{\"@type\":\"WebPage\",\"@id\":\"https:\/\/www.gintaresgeles.lt\/en\/puokste\/wine-set\/\",\"url\":\"https:\/\/www.gintaresgeles.lt\/en\/puokste\/wine-set\/\",\"name\":\"Wine Set | Presentation of gifts and flowers in Vilnius | Gintar\u0117s g\u0117l\u0117s\",\"isPartOf\":{\"@id\":\"https:\/\/www.gintaresgeles.lt\/en\/#website\"},\"primaryImageOfPage\":{\"@id\":\"https:\/\/www.gintaresgeles.lt\/en\/puokste\/wine-set\/#primaryimage\"},\"image\":{\"@id\":\"https:\/\/www.gintaresgeles.lt\/en\/puokste\/wine-set\/#primaryimage\"},\"thumbnailUrl\":\"https:\/\/www.gintaresgeles.lt\/wp-content\/uploads\/2019\/04\/vyno-dovanu-rinkinys.jpg\",\"datePublished\":\"2019-04-17T08:08:52+00:00\",\"dateModified\":\"2024-04-18T01:42:10+00:00\",\"description\":\"Set of several pieces of wine in a bottle pack. Surprise for adults who love practical gifts and easy use.\",\"breadcrumb\":{\"@id\":\"https:\/\/www.gintaresgeles.lt\/en\/puokste\/wine-set\/#breadcrumb\"},\"inLanguage\":\"en-US\",\"potentialAction\":[{\"@type\":\"ReadAction\",\"target\":[\"https:\/\/www.gintaresgeles.lt\/en\/puokste\/wine-set\/\"]}]},{\"@type\":\"ImageObject\",\"inLanguage\":\"en-US\",\"@id\":\"https:\/\/www.gintaresgeles.lt\/en\/puokste\/wine-set\/#primaryimage\",\"url\":\"https:\/\/www.gintaresgeles.lt\/wp-content\/uploads\/2019\/04\/vyno-dovanu-rinkinys.jpg\",\"contentUrl\":\"https:\/\/www.gintaresgeles.lt\/wp-content\/uploads\/2019\/04\/vyno-dovanu-rinkinys.jpg\",\"width\":600,\"height\":600,\"caption\":\"Trij\u0173 dali\u0173 vyno somelj\u0117 \u012fkurtuvi\u0173 dovanos\"},{\"@type\":\"BreadcrumbList\",\"@id\":\"https:\/\/www.gintaresgeles.lt\/en\/puokste\/wine-set\/#breadcrumb\",\"itemListElement\":[{\"@type\":\"ListItem\",\"position\":1,\"name\":\"Prad\u017eia\",\"item\":\"https:\/\/www.gintaresgeles.lt\/en\/\"},{\"@type\":\"ListItem\",\"position\":2,\"name\":\"All flowers and other products\",\"item\":\"https:\/\/www.gintaresgeles.lt\/en\/all-flowers-and-other-products\/\"},{\"@type\":\"ListItem\",\"position\":3,\"name\":\"Wine Set\"}]},{\"@type\":\"WebSite\",\"@id\":\"https:\/\/www.gintaresgeles.lt\/en\/#website\",\"url\":\"https:\/\/www.gintaresgeles.lt\/en\/\",\"name\":\"gintaresgeles.lt\",\"description\":\"G\u0117li\u0173 parduotuv\u0117 internete\",\"potentialAction\":[{\"@type\":\"SearchAction\",\"target\":{\"@type\":\"EntryPoint\",\"urlTemplate\":\"https:\/\/www.gintaresgeles.lt\/en\/?s={search_term_string}\"},\"query-input\":{\"@type\":\"PropertyValueSpecification\",\"valueRequired\":true,\"valueName\":\"search_term_string\"}}],\"inLanguage\":\"en-US\"}]}<\/script>\n<!-- \/ Yoast SEO plugin. -->","yoast_head_json":{"title":"Wine Set | Presentation of gifts and flowers in Vilnius | Gintar\u0117s g\u0117l\u0117s","description":"Set of several pieces of wine in a bottle pack. Surprise for adults who love practical gifts and easy use.","robots":{"index":"index","follow":"follow","max-snippet":"max-snippet:-1","max-image-preview":"max-image-preview:large","max-video-preview":"max-video-preview:-1"},"canonical":"https:\/\/www.gintaresgeles.lt\/en\/puokste\/wine-set\/","og_locale":"en_US","og_type":"article","og_title":"Wine Set | Presentation of gifts and flowers in Vilnius | Gintar\u0117s g\u0117l\u0117s","og_description":"Set of several pieces of wine in a bottle pack. Surprise for adults who love practical gifts and easy use.","og_url":"https:\/\/www.gintaresgeles.lt\/en\/puokste\/wine-set\/","og_site_name":"gintaresgeles.lt","article_modified_time":"2024-04-18T01:42:10+00:00","og_image":[{"width":600,"height":600,"url":"https:\/\/www.gintaresgeles.lt\/wp-content\/uploads\/2019\/04\/vyno-dovanu-rinkinys.jpg","type":"image\/jpeg"}],"twitter_card":"summary_large_image","schema":{"@context":"https:\/\/schema.org","@graph":[{"@type":"WebPage","@id":"https:\/\/www.gintaresgeles.lt\/en\/puokste\/wine-set\/","url":"https:\/\/www.gintaresgeles.lt\/en\/puokste\/wine-set\/","name":"Wine Set | Presentation of gifts and flowers in Vilnius | Gintar\u0117s g\u0117l\u0117s","isPartOf":{"@id":"https:\/\/www.gintaresgeles.lt\/en\/#website"},"primaryImageOfPage":{"@id":"https:\/\/www.gintaresgeles.lt\/en\/puokste\/wine-set\/#primaryimage"},"image":{"@id":"https:\/\/www.gintaresgeles.lt\/en\/puokste\/wine-set\/#primaryimage"},"thumbnailUrl":"https:\/\/www.gintaresgeles.lt\/wp-content\/uploads\/2019\/04\/vyno-dovanu-rinkinys.jpg","datePublished":"2019-04-17T08:08:52+00:00","dateModified":"2024-04-18T01:42:10+00:00","description":"Set of several pieces of wine in a bottle pack. Surprise for adults who love practical gifts and easy use.","breadcrumb":{"@id":"https:\/\/www.gintaresgeles.lt\/en\/puokste\/wine-set\/#breadcrumb"},"inLanguage":"en-US","potentialAction":[{"@type":"ReadAction","target":["https:\/\/www.gintaresgeles.lt\/en\/puokste\/wine-set\/"]}]},{"@type":"ImageObject","inLanguage":"en-US","@id":"https:\/\/www.gintaresgeles.lt\/en\/puokste\/wine-set\/#primaryimage","url":"https:\/\/www.gintaresgeles.lt\/wp-content\/uploads\/2019\/04\/vyno-dovanu-rinkinys.jpg","contentUrl":"https:\/\/www.gintaresgeles.lt\/wp-content\/uploads\/2019\/04\/vyno-dovanu-rinkinys.jpg","width":600,"height":600,"caption":"Trij\u0173 dali\u0173 vyno somelj\u0117 \u012fkurtuvi\u0173 dovanos"},{"@type":"BreadcrumbList","@id":"https:\/\/www.gintaresgeles.lt\/en\/puokste\/wine-set\/#breadcrumb","itemListElement":[{"@type":"ListItem","position":1,"name":"Prad\u017eia","item":"https:\/\/www.gintaresgeles.lt\/en\/"},{"@type":"ListItem","position":2,"name":"All flowers and other products","item":"https:\/\/www.gintaresgeles.lt\/en\/all-flowers-and-other-products\/"},{"@type":"ListItem","position":3,"name":"Wine Set"}]},{"@type":"WebSite","@id":"https:\/\/www.gintaresgeles.lt\/en\/#website","url":"https:\/\/www.gintaresgeles.lt\/en\/","name":"gintaresgeles.lt","description":"G\u0117li\u0173 parduotuv\u0117 internete","potentialAction":[{"@type":"SearchAction","target":{"@type":"EntryPoint","urlTemplate":"https:\/\/www.gintaresgeles.lt\/en\/?s={search_term_string}"},"query-input":{"@type":"PropertyValueSpecification","valueRequired":true,"valueName":"search_term_string"}}],"inLanguage":"en-US"}]}},"_links":{"self":[{"href":"https:\/\/www.gintaresgeles.lt\/en\/wp-json\/wp\/v2\/product\/23808","targetHints":{"allow":["GET"]}}],"collection":[{"href":"https:\/\/www.gintaresgeles.lt\/en\/wp-json\/wp\/v2\/product"}],"about":[{"href":"https:\/\/www.gintaresgeles.lt\/en\/wp-json\/wp\/v2\/types\/product"}],"wp:featuredmedia":[{"embeddable":true,"href":"https:\/\/www.gintaresgeles.lt\/en\/wp-json\/wp\/v2\/media\/54396"}],"wp:attachment":[{"href":"https:\/\/www.gintaresgeles.lt\/en\/wp-json\/wp\/v2\/media?parent=23808"}],"wp:term":[{"taxonomy":"product_brand","embeddable":true,"href":"https:\/\/www.gintaresgeles.lt\/en\/wp-json\/wp\/v2\/product_brand?post=23808"},{"taxonomy":"product_cat","embeddable":true,"href":"https:\/\/www.gintaresgeles.lt\/en\/wp-json\/wp\/v2\/product_cat?post=23808"},{"taxonomy":"product_tag","embeddable":true,"href":"https:\/\/www.gintaresgeles.lt\/en\/wp-json\/wp\/v2\/product_tag?post=23808"}],"curies":[{"name":"wp","href":"https:\/\/api.w.org\/{rel}","templated":true}]}}