{"id":23816,"date":"2019-04-17T06:01:07","date_gmt":"2019-04-17T08:01:07","guid":{"rendered":"https:\/\/www.gintaresgeles.lt\/puokste\/cups-with-a-note-you-and-me\/"},"modified":"2025-05-29T02:01:01","modified_gmt":"2025-05-29T00:01:01","slug":"cups-with-a-note-you-and-me","status":"publish","type":"product","link":"https:\/\/www.gintaresgeles.lt\/en\/puokste\/cups-with-a-note-you-and-me\/","title":{"rendered":"Cups with a note &#8220;You&#8221; and &#8220;Me&#8221;"},"content":{"rendered":"<p>The package consists of two white, light cups with the words &#8220;You&#8221; and &#8220;Me&#8221;. Romantic spice pods will make you feel great<\/p>\n","protected":false},"excerpt":{"rendered":"<p>Two 300-ml ceramic cups will be perfect for a girlfriend or boyfriend gift for a romantic morning coffee or tea. Surprise someone close to the heart with this great gift that will last for long weeks. The cups are very stylish &#8211; white, light-eyed, color.<\/p>\n","protected":false},"featured_media":56953,"template":"","meta":[],"product_brand":[],"product_cat":[237,1985],"product_tag":[],"class_list":{"0":"post-23816","1":"product","2":"type-product","3":"status-publish","4":"has-post-thumbnail","6":"product_cat-gifts","7":"product_cat-cups-glasses","8":"tm-has-options","10":"first","11":"instock","12":"taxable","13":"shipping-taxable","14":"purchasable","15":"product-type-simple"},"yoast_head":"<!-- This site is optimized with the Yoast SEO plugin v25.3 - https:\/\/yoast.com\/wordpress\/plugins\/seo\/ -->\n<title>Cups &quot;You&quot; and &quot;Me&quot; | Gifts for Couples | Gintar\u0117s g\u0117l\u0117s<\/title>\n<meta name=\"description\" content=\"White cups - 300 ml, ceramic, for couples, friends or spouses. The inscriptions &quot;You&quot; and &quot;Me&quot; give the cups romance.\" \/>\n<meta name=\"robots\" content=\"index, follow, max-snippet:-1, max-image-preview:large, max-video-preview:-1\" \/>\n<link rel=\"canonical\" href=\"https:\/\/www.gintaresgeles.lt\/en\/puokste\/cups-with-a-note-you-and-me\/\" \/>\n<meta property=\"og:locale\" content=\"en_US\" \/>\n<meta property=\"og:type\" content=\"article\" \/>\n<meta property=\"og:title\" content=\"Cups &quot;You&quot; and &quot;Me&quot; | Gifts for Couples | Gintar\u0117s g\u0117l\u0117s\" \/>\n<meta property=\"og:description\" content=\"White cups - 300 ml, ceramic, for couples, friends or spouses. The inscriptions &quot;You&quot; and &quot;Me&quot; give the cups romance.\" \/>\n<meta property=\"og:url\" content=\"https:\/\/www.gintaresgeles.lt\/en\/puokste\/cups-with-a-note-you-and-me\/\" \/>\n<meta property=\"og:site_name\" content=\"gintaresgeles.lt\" \/>\n<meta property=\"article:modified_time\" content=\"2025-05-29T00:01:01+00:00\" \/>\n<meta property=\"og:image\" content=\"https:\/\/www.gintaresgeles.lt\/wp-content\/uploads\/2019\/03\/puodeliai-as-ir-tu.jpg\" \/>\n\t<meta property=\"og:image:width\" content=\"600\" \/>\n\t<meta property=\"og:image:height\" content=\"600\" \/>\n\t<meta property=\"og:image:type\" content=\"image\/jpeg\" \/>\n<meta name=\"twitter:card\" content=\"summary_large_image\" \/>\n<script type=\"application\/ld+json\" class=\"yoast-schema-graph\">{\"@context\":\"https:\/\/schema.org\",\"@graph\":[{\"@type\":\"WebPage\",\"@id\":\"https:\/\/www.gintaresgeles.lt\/en\/puokste\/cups-with-a-note-you-and-me\/\",\"url\":\"https:\/\/www.gintaresgeles.lt\/en\/puokste\/cups-with-a-note-you-and-me\/\",\"name\":\"Cups \\\"You\\\" and \\\"Me\\\" | Gifts for Couples | Gintar\u0117s g\u0117l\u0117s\",\"isPartOf\":{\"@id\":\"https:\/\/www.gintaresgeles.lt\/en\/#website\"},\"primaryImageOfPage\":{\"@id\":\"https:\/\/www.gintaresgeles.lt\/en\/puokste\/cups-with-a-note-you-and-me\/#primaryimage\"},\"image\":{\"@id\":\"https:\/\/www.gintaresgeles.lt\/en\/puokste\/cups-with-a-note-you-and-me\/#primaryimage\"},\"thumbnailUrl\":\"https:\/\/www.gintaresgeles.lt\/wp-content\/uploads\/2019\/04\/teisuoliu-puodelis.jpg\",\"datePublished\":\"2019-04-17T08:01:07+00:00\",\"dateModified\":\"2025-05-29T00:01:01+00:00\",\"description\":\"White cups - 300 ml, ceramic, for couples, friends or spouses. The inscriptions \\\"You\\\" and \\\"Me\\\" give the cups romance.\",\"breadcrumb\":{\"@id\":\"https:\/\/www.gintaresgeles.lt\/en\/puokste\/cups-with-a-note-you-and-me\/#breadcrumb\"},\"inLanguage\":\"en-US\",\"potentialAction\":[{\"@type\":\"ReadAction\",\"target\":[\"https:\/\/www.gintaresgeles.lt\/en\/puokste\/cups-with-a-note-you-and-me\/\"]}]},{\"@type\":\"ImageObject\",\"inLanguage\":\"en-US\",\"@id\":\"https:\/\/www.gintaresgeles.lt\/en\/puokste\/cups-with-a-note-you-and-me\/#primaryimage\",\"url\":\"https:\/\/www.gintaresgeles.lt\/wp-content\/uploads\/2019\/04\/teisuoliu-puodelis.jpg\",\"contentUrl\":\"https:\/\/www.gintaresgeles.lt\/wp-content\/uploads\/2019\/04\/teisuoliu-puodelis.jpg\",\"width\":600,\"height\":600,\"caption\":\"Du keramikiniai balti puodeliai porai\"},{\"@type\":\"BreadcrumbList\",\"@id\":\"https:\/\/www.gintaresgeles.lt\/en\/puokste\/cups-with-a-note-you-and-me\/#breadcrumb\",\"itemListElement\":[{\"@type\":\"ListItem\",\"position\":1,\"name\":\"Prad\u017eia\",\"item\":\"https:\/\/www.gintaresgeles.lt\/en\/\"},{\"@type\":\"ListItem\",\"position\":2,\"name\":\"All flowers and other products\",\"item\":\"https:\/\/www.gintaresgeles.lt\/en\/all-flowers-and-other-products\/\"},{\"@type\":\"ListItem\",\"position\":3,\"name\":\"Cups with a note &#8222;You&#8221; and &#8222;Me&#8221;\"}]},{\"@type\":\"WebSite\",\"@id\":\"https:\/\/www.gintaresgeles.lt\/en\/#website\",\"url\":\"https:\/\/www.gintaresgeles.lt\/en\/\",\"name\":\"Gintares Geles\",\"description\":\"Flower delivery in Vilnius | Same-day delivery | Gintares geles\",\"potentialAction\":[{\"@type\":\"SearchAction\",\"target\":{\"@type\":\"EntryPoint\",\"urlTemplate\":\"https:\/\/www.gintaresgeles.lt\/en\/?s={search_term_string}\"},\"query-input\":{\"@type\":\"PropertyValueSpecification\",\"valueRequired\":true,\"valueName\":\"search_term_string\"}}],\"inLanguage\":\"en-US\"}]}<\/script>\n<!-- \/ Yoast SEO plugin. -->","yoast_head_json":{"title":"Cups \"You\" and \"Me\" | Gifts for Couples | Gintar\u0117s g\u0117l\u0117s","description":"White cups - 300 ml, ceramic, for couples, friends or spouses. The inscriptions \"You\" and \"Me\" give the cups romance.","robots":{"index":"index","follow":"follow","max-snippet":"max-snippet:-1","max-image-preview":"max-image-preview:large","max-video-preview":"max-video-preview:-1"},"canonical":"https:\/\/www.gintaresgeles.lt\/en\/puokste\/cups-with-a-note-you-and-me\/","og_locale":"en_US","og_type":"article","og_title":"Cups \"You\" and \"Me\" | Gifts for Couples | Gintar\u0117s g\u0117l\u0117s","og_description":"White cups - 300 ml, ceramic, for couples, friends or spouses. The inscriptions \"You\" and \"Me\" give the cups romance.","og_url":"https:\/\/www.gintaresgeles.lt\/en\/puokste\/cups-with-a-note-you-and-me\/","og_site_name":"gintaresgeles.lt","article_modified_time":"2025-05-29T00:01:01+00:00","og_image":[{"width":600,"height":600,"url":"https:\/\/www.gintaresgeles.lt\/wp-content\/uploads\/2019\/03\/puodeliai-as-ir-tu.jpg","type":"image\/jpeg"}],"twitter_card":"summary_large_image","schema":{"@context":"https:\/\/schema.org","@graph":[{"@type":"WebPage","@id":"https:\/\/www.gintaresgeles.lt\/en\/puokste\/cups-with-a-note-you-and-me\/","url":"https:\/\/www.gintaresgeles.lt\/en\/puokste\/cups-with-a-note-you-and-me\/","name":"Cups \"You\" and \"Me\" | Gifts for Couples | Gintar\u0117s g\u0117l\u0117s","isPartOf":{"@id":"https:\/\/www.gintaresgeles.lt\/en\/#website"},"primaryImageOfPage":{"@id":"https:\/\/www.gintaresgeles.lt\/en\/puokste\/cups-with-a-note-you-and-me\/#primaryimage"},"image":{"@id":"https:\/\/www.gintaresgeles.lt\/en\/puokste\/cups-with-a-note-you-and-me\/#primaryimage"},"thumbnailUrl":"https:\/\/www.gintaresgeles.lt\/wp-content\/uploads\/2019\/04\/teisuoliu-puodelis.jpg","datePublished":"2019-04-17T08:01:07+00:00","dateModified":"2025-05-29T00:01:01+00:00","description":"White cups - 300 ml, ceramic, for couples, friends or spouses. The inscriptions \"You\" and \"Me\" give the cups romance.","breadcrumb":{"@id":"https:\/\/www.gintaresgeles.lt\/en\/puokste\/cups-with-a-note-you-and-me\/#breadcrumb"},"inLanguage":"en-US","potentialAction":[{"@type":"ReadAction","target":["https:\/\/www.gintaresgeles.lt\/en\/puokste\/cups-with-a-note-you-and-me\/"]}]},{"@type":"ImageObject","inLanguage":"en-US","@id":"https:\/\/www.gintaresgeles.lt\/en\/puokste\/cups-with-a-note-you-and-me\/#primaryimage","url":"https:\/\/www.gintaresgeles.lt\/wp-content\/uploads\/2019\/04\/teisuoliu-puodelis.jpg","contentUrl":"https:\/\/www.gintaresgeles.lt\/wp-content\/uploads\/2019\/04\/teisuoliu-puodelis.jpg","width":600,"height":600,"caption":"Du keramikiniai balti puodeliai porai"},{"@type":"BreadcrumbList","@id":"https:\/\/www.gintaresgeles.lt\/en\/puokste\/cups-with-a-note-you-and-me\/#breadcrumb","itemListElement":[{"@type":"ListItem","position":1,"name":"Prad\u017eia","item":"https:\/\/www.gintaresgeles.lt\/en\/"},{"@type":"ListItem","position":2,"name":"All flowers and other products","item":"https:\/\/www.gintaresgeles.lt\/en\/all-flowers-and-other-products\/"},{"@type":"ListItem","position":3,"name":"Cups with a note &#8222;You&#8221; and &#8222;Me&#8221;"}]},{"@type":"WebSite","@id":"https:\/\/www.gintaresgeles.lt\/en\/#website","url":"https:\/\/www.gintaresgeles.lt\/en\/","name":"Gintares Geles","description":"Flower delivery in Vilnius | Same-day delivery | Gintares geles","potentialAction":[{"@type":"SearchAction","target":{"@type":"EntryPoint","urlTemplate":"https:\/\/www.gintaresgeles.lt\/en\/?s={search_term_string}"},"query-input":{"@type":"PropertyValueSpecification","valueRequired":true,"valueName":"search_term_string"}}],"inLanguage":"en-US"}]}},"_links":{"self":[{"href":"https:\/\/www.gintaresgeles.lt\/en\/wp-json\/wp\/v2\/product\/23816","targetHints":{"allow":["GET"]}}],"collection":[{"href":"https:\/\/www.gintaresgeles.lt\/en\/wp-json\/wp\/v2\/product"}],"about":[{"href":"https:\/\/www.gintaresgeles.lt\/en\/wp-json\/wp\/v2\/types\/product"}],"wp:featuredmedia":[{"embeddable":true,"href":"https:\/\/www.gintaresgeles.lt\/en\/wp-json\/wp\/v2\/media\/56953"}],"wp:attachment":[{"href":"https:\/\/www.gintaresgeles.lt\/en\/wp-json\/wp\/v2\/media?parent=23816"}],"wp:term":[{"taxonomy":"product_brand","embeddable":true,"href":"https:\/\/www.gintaresgeles.lt\/en\/wp-json\/wp\/v2\/product_brand?post=23816"},{"taxonomy":"product_cat","embeddable":true,"href":"https:\/\/www.gintaresgeles.lt\/en\/wp-json\/wp\/v2\/product_cat?post=23816"},{"taxonomy":"product_tag","embeddable":true,"href":"https:\/\/www.gintaresgeles.lt\/en\/wp-json\/wp\/v2\/product_tag?post=23816"}],"curies":[{"name":"wp","href":"https:\/\/api.w.org\/{rel}","templated":true}]}}