{"id":23847,"date":"2019-03-21T14:34:32","date_gmt":"2019-03-21T16:34:32","guid":{"rendered":"https:\/\/www.gintaresgeles.lt\/puokste\/small-lilac-sleeping-rose\/"},"modified":"2021-03-29T11:14:40","modified_gmt":"2021-03-29T09:14:40","slug":"small-lilac-sleeping-rose","status":"publish","type":"product","link":"https:\/\/www.gintaresgeles.lt\/en\/puokste\/small-lilac-sleeping-rose\/","title":{"rendered":"Small lilac sleeping rose"},"content":{"rendered":"","protected":false},"excerpt":{"rendered":"<p>Surprise your loved ones ! Give this wonderful embalmed rose and you will definitely brighten up the passing day. Let&#8217;s fill them with warm feelings and gratitude. The person you gift this embalmed, charming rose will also receive a beautiful glass cover with a ribbon that will make the overall look even better. You can admire the rose for years.<\/p>\n","protected":false},"featured_media":45079,"template":"","meta":[],"product_brand":[],"product_cat":[260,259,252,265,256,253,257,428,262,263,892,264],"product_tag":[],"class_list":{"0":"post-23847","1":"product","2":"type-product","3":"status-publish","4":"has-post-thumbnail","6":"product_cat-birthday-flowers","7":"product_cat-flowers-by-occasion","8":"product_cat-flowers-by-recipient","9":"product_cat-flowers-by-type","10":"product_cat-flowers-for-girlfriend","11":"product_cat-flowers-for-mom","12":"product_cat-flowers-for-women","13":"product_cat-jubilee-flowers","14":"product_cat-march8th-flowers","15":"product_cat-mothers-day-flowers","16":"product_cat-sleeping-roses-en-flowers-by-type","17":"product_cat-valentines-day-flowers","18":"tm-has-options","20":"first","21":"outofstock","22":"taxable","23":"shipping-taxable","24":"purchasable","25":"product-type-simple"},"yoast_head":"<!-- This site is optimized with the Yoast SEO plugin v25.3 - https:\/\/yoast.com\/wordpress\/plugins\/seo\/ -->\n<title>Small lilac sleeping rose | Stabilized flowers | Gintar\u0117s G\u0117l\u0117s<\/title>\n<meta name=\"description\" content=\"A small lilac sleeping rose will be a great gift for any occasion. With this flower you will cheer up a number of recipients and decorate a few houses.\" \/>\n<meta name=\"robots\" content=\"index, follow, max-snippet:-1, max-image-preview:large, max-video-preview:-1\" \/>\n<link rel=\"canonical\" href=\"https:\/\/www.gintaresgeles.lt\/en\/puokste\/small-lilac-sleeping-rose\/\" \/>\n<meta property=\"og:locale\" content=\"en_US\" \/>\n<meta property=\"og:type\" content=\"article\" \/>\n<meta property=\"og:title\" content=\"Small lilac sleeping rose | Stabilized flowers | Gintar\u0117s G\u0117l\u0117s\" \/>\n<meta property=\"og:description\" content=\"A small lilac sleeping rose will be a great gift for any occasion. With this flower you will cheer up a number of recipients and decorate a few houses.\" \/>\n<meta property=\"og:url\" content=\"https:\/\/www.gintaresgeles.lt\/en\/puokste\/small-lilac-sleeping-rose\/\" \/>\n<meta property=\"og:site_name\" content=\"gintaresgeles.lt\" \/>\n<meta property=\"article:modified_time\" content=\"2021-03-29T09:14:40+00:00\" \/>\n<meta property=\"og:image\" content=\"https:\/\/www.gintaresgeles.lt\/wp-content\/uploads\/2019\/03\/stabilizuotos-alyvines-rozes-po-stiklu.jpg\" \/>\n\t<meta property=\"og:image:width\" content=\"600\" \/>\n\t<meta property=\"og:image:height\" content=\"600\" \/>\n\t<meta property=\"og:image:type\" content=\"image\/jpeg\" \/>\n<meta name=\"twitter:card\" content=\"summary_large_image\" \/>\n<script type=\"application\/ld+json\" class=\"yoast-schema-graph\">{\"@context\":\"https:\/\/schema.org\",\"@graph\":[{\"@type\":\"WebPage\",\"@id\":\"https:\/\/www.gintaresgeles.lt\/en\/puokste\/small-lilac-sleeping-rose\/\",\"url\":\"https:\/\/www.gintaresgeles.lt\/en\/puokste\/small-lilac-sleeping-rose\/\",\"name\":\"Small lilac sleeping rose | Stabilized flowers | Gintar\u0117s G\u0117l\u0117s\",\"isPartOf\":{\"@id\":\"https:\/\/www.gintaresgeles.lt\/en\/#website\"},\"primaryImageOfPage\":{\"@id\":\"https:\/\/www.gintaresgeles.lt\/en\/puokste\/small-lilac-sleeping-rose\/#primaryimage\"},\"image\":{\"@id\":\"https:\/\/www.gintaresgeles.lt\/en\/puokste\/small-lilac-sleeping-rose\/#primaryimage\"},\"thumbnailUrl\":\"https:\/\/www.gintaresgeles.lt\/wp-content\/uploads\/2019\/03\/alyvine-mieganti-roze-po-stiklu-maza-dovana-merginai.jpg\",\"datePublished\":\"2019-03-21T16:34:32+00:00\",\"dateModified\":\"2021-03-29T09:14:40+00:00\",\"description\":\"A small lilac sleeping rose will be a great gift for any occasion. With this flower you will cheer up a number of recipients and decorate a few houses.\",\"breadcrumb\":{\"@id\":\"https:\/\/www.gintaresgeles.lt\/en\/puokste\/small-lilac-sleeping-rose\/#breadcrumb\"},\"inLanguage\":\"en-US\",\"potentialAction\":[{\"@type\":\"ReadAction\",\"target\":[\"https:\/\/www.gintaresgeles.lt\/en\/puokste\/small-lilac-sleeping-rose\/\"]}]},{\"@type\":\"ImageObject\",\"inLanguage\":\"en-US\",\"@id\":\"https:\/\/www.gintaresgeles.lt\/en\/puokste\/small-lilac-sleeping-rose\/#primaryimage\",\"url\":\"https:\/\/www.gintaresgeles.lt\/wp-content\/uploads\/2019\/03\/alyvine-mieganti-roze-po-stiklu-maza-dovana-merginai.jpg\",\"contentUrl\":\"https:\/\/www.gintaresgeles.lt\/wp-content\/uploads\/2019\/03\/alyvine-mieganti-roze-po-stiklu-maza-dovana-merginai.jpg\",\"width\":1200,\"height\":1200,\"caption\":\"Ma\u017ea stabilizuota alyvin\u0117 ro\u017e\u0117 po stikliniu kupolu\"},{\"@type\":\"BreadcrumbList\",\"@id\":\"https:\/\/www.gintaresgeles.lt\/en\/puokste\/small-lilac-sleeping-rose\/#breadcrumb\",\"itemListElement\":[{\"@type\":\"ListItem\",\"position\":1,\"name\":\"Prad\u017eia\",\"item\":\"https:\/\/www.gintaresgeles.lt\/en\/\"},{\"@type\":\"ListItem\",\"position\":2,\"name\":\"All flowers and other products\",\"item\":\"https:\/\/www.gintaresgeles.lt\/en\/all-flowers-and-other-products\/\"},{\"@type\":\"ListItem\",\"position\":3,\"name\":\"Small lilac sleeping rose\"}]},{\"@type\":\"WebSite\",\"@id\":\"https:\/\/www.gintaresgeles.lt\/en\/#website\",\"url\":\"https:\/\/www.gintaresgeles.lt\/en\/\",\"name\":\"Gintares Geles\",\"description\":\"Flower delivery in Vilnius | Same-day delivery | Gintares geles\",\"potentialAction\":[{\"@type\":\"SearchAction\",\"target\":{\"@type\":\"EntryPoint\",\"urlTemplate\":\"https:\/\/www.gintaresgeles.lt\/en\/?s={search_term_string}\"},\"query-input\":{\"@type\":\"PropertyValueSpecification\",\"valueRequired\":true,\"valueName\":\"search_term_string\"}}],\"inLanguage\":\"en-US\"}]}<\/script>\n<!-- \/ Yoast SEO plugin. -->","yoast_head_json":{"title":"Small lilac sleeping rose | Stabilized flowers | Gintar\u0117s G\u0117l\u0117s","description":"A small lilac sleeping rose will be a great gift for any occasion. With this flower you will cheer up a number of recipients and decorate a few houses.","robots":{"index":"index","follow":"follow","max-snippet":"max-snippet:-1","max-image-preview":"max-image-preview:large","max-video-preview":"max-video-preview:-1"},"canonical":"https:\/\/www.gintaresgeles.lt\/en\/puokste\/small-lilac-sleeping-rose\/","og_locale":"en_US","og_type":"article","og_title":"Small lilac sleeping rose | Stabilized flowers | Gintar\u0117s G\u0117l\u0117s","og_description":"A small lilac sleeping rose will be a great gift for any occasion. With this flower you will cheer up a number of recipients and decorate a few houses.","og_url":"https:\/\/www.gintaresgeles.lt\/en\/puokste\/small-lilac-sleeping-rose\/","og_site_name":"gintaresgeles.lt","article_modified_time":"2021-03-29T09:14:40+00:00","og_image":[{"width":600,"height":600,"url":"https:\/\/www.gintaresgeles.lt\/wp-content\/uploads\/2019\/03\/stabilizuotos-alyvines-rozes-po-stiklu.jpg","type":"image\/jpeg"}],"twitter_card":"summary_large_image","schema":{"@context":"https:\/\/schema.org","@graph":[{"@type":"WebPage","@id":"https:\/\/www.gintaresgeles.lt\/en\/puokste\/small-lilac-sleeping-rose\/","url":"https:\/\/www.gintaresgeles.lt\/en\/puokste\/small-lilac-sleeping-rose\/","name":"Small lilac sleeping rose | Stabilized flowers | Gintar\u0117s G\u0117l\u0117s","isPartOf":{"@id":"https:\/\/www.gintaresgeles.lt\/en\/#website"},"primaryImageOfPage":{"@id":"https:\/\/www.gintaresgeles.lt\/en\/puokste\/small-lilac-sleeping-rose\/#primaryimage"},"image":{"@id":"https:\/\/www.gintaresgeles.lt\/en\/puokste\/small-lilac-sleeping-rose\/#primaryimage"},"thumbnailUrl":"https:\/\/www.gintaresgeles.lt\/wp-content\/uploads\/2019\/03\/alyvine-mieganti-roze-po-stiklu-maza-dovana-merginai.jpg","datePublished":"2019-03-21T16:34:32+00:00","dateModified":"2021-03-29T09:14:40+00:00","description":"A small lilac sleeping rose will be a great gift for any occasion. With this flower you will cheer up a number of recipients and decorate a few houses.","breadcrumb":{"@id":"https:\/\/www.gintaresgeles.lt\/en\/puokste\/small-lilac-sleeping-rose\/#breadcrumb"},"inLanguage":"en-US","potentialAction":[{"@type":"ReadAction","target":["https:\/\/www.gintaresgeles.lt\/en\/puokste\/small-lilac-sleeping-rose\/"]}]},{"@type":"ImageObject","inLanguage":"en-US","@id":"https:\/\/www.gintaresgeles.lt\/en\/puokste\/small-lilac-sleeping-rose\/#primaryimage","url":"https:\/\/www.gintaresgeles.lt\/wp-content\/uploads\/2019\/03\/alyvine-mieganti-roze-po-stiklu-maza-dovana-merginai.jpg","contentUrl":"https:\/\/www.gintaresgeles.lt\/wp-content\/uploads\/2019\/03\/alyvine-mieganti-roze-po-stiklu-maza-dovana-merginai.jpg","width":1200,"height":1200,"caption":"Ma\u017ea stabilizuota alyvin\u0117 ro\u017e\u0117 po stikliniu kupolu"},{"@type":"BreadcrumbList","@id":"https:\/\/www.gintaresgeles.lt\/en\/puokste\/small-lilac-sleeping-rose\/#breadcrumb","itemListElement":[{"@type":"ListItem","position":1,"name":"Prad\u017eia","item":"https:\/\/www.gintaresgeles.lt\/en\/"},{"@type":"ListItem","position":2,"name":"All flowers and other products","item":"https:\/\/www.gintaresgeles.lt\/en\/all-flowers-and-other-products\/"},{"@type":"ListItem","position":3,"name":"Small lilac sleeping rose"}]},{"@type":"WebSite","@id":"https:\/\/www.gintaresgeles.lt\/en\/#website","url":"https:\/\/www.gintaresgeles.lt\/en\/","name":"Gintares Geles","description":"Flower delivery in Vilnius | Same-day delivery | Gintares geles","potentialAction":[{"@type":"SearchAction","target":{"@type":"EntryPoint","urlTemplate":"https:\/\/www.gintaresgeles.lt\/en\/?s={search_term_string}"},"query-input":{"@type":"PropertyValueSpecification","valueRequired":true,"valueName":"search_term_string"}}],"inLanguage":"en-US"}]}},"_links":{"self":[{"href":"https:\/\/www.gintaresgeles.lt\/en\/wp-json\/wp\/v2\/product\/23847","targetHints":{"allow":["GET"]}}],"collection":[{"href":"https:\/\/www.gintaresgeles.lt\/en\/wp-json\/wp\/v2\/product"}],"about":[{"href":"https:\/\/www.gintaresgeles.lt\/en\/wp-json\/wp\/v2\/types\/product"}],"wp:featuredmedia":[{"embeddable":true,"href":"https:\/\/www.gintaresgeles.lt\/en\/wp-json\/wp\/v2\/media\/45079"}],"wp:attachment":[{"href":"https:\/\/www.gintaresgeles.lt\/en\/wp-json\/wp\/v2\/media?parent=23847"}],"wp:term":[{"taxonomy":"product_brand","embeddable":true,"href":"https:\/\/www.gintaresgeles.lt\/en\/wp-json\/wp\/v2\/product_brand?post=23847"},{"taxonomy":"product_cat","embeddable":true,"href":"https:\/\/www.gintaresgeles.lt\/en\/wp-json\/wp\/v2\/product_cat?post=23847"},{"taxonomy":"product_tag","embeddable":true,"href":"https:\/\/www.gintaresgeles.lt\/en\/wp-json\/wp\/v2\/product_tag?post=23847"}],"curies":[{"name":"wp","href":"https:\/\/api.w.org\/{rel}","templated":true}]}}