{"id":23863,"date":"2019-02-08T13:00:40","date_gmt":"2019-02-08T15:00:40","guid":{"rendered":"https:\/\/www.gintaresgeles.lt\/puokste\/red-sleeping-roses-in-acrylic-box\/"},"modified":"2025-05-29T02:01:05","modified_gmt":"2025-05-29T00:01:05","slug":"red-sleeping-roses-in-acrylic-box","status":"publish","type":"product","link":"https:\/\/www.gintaresgeles.lt\/en\/puokste\/red-sleeping-roses-in-acrylic-box\/","title":{"rendered":"Red sleeping roses in acrylic box"},"content":{"rendered":"<p>Red sleeping roses in acrylic box are a symbol of strong love and romance. Giving the girl these flowers in a beautiful box will not only show you love, but also express her respect and gratitude. The red sleeping rose is embalmed in its best shape. You can enjoy these wonderful rose blossoms for several years without any effort to keep them. You will not need to water these flowers. Blossoms are placed in a transparent box and are even 9 pcs. The box is surrounded by a black, neatly curled ribbon.<\/p>\n","protected":false},"excerpt":{"rendered":"<p>Want to give your beloved woman the most romantic gift? This acrylic box with sleeping roses will be the perfect surprise factor!<\/p>\n","protected":false},"featured_media":56786,"template":"","meta":[],"product_brand":[],"product_cat":[260,259,252,265,256,253,257,428,262,263,892,264],"product_tag":[],"class_list":{"0":"post-23863","1":"product","2":"type-product","3":"status-publish","4":"has-post-thumbnail","6":"product_cat-birthday-flowers","7":"product_cat-flowers-by-occasion","8":"product_cat-flowers-by-recipient","9":"product_cat-flowers-by-type","10":"product_cat-flowers-for-girlfriend","11":"product_cat-flowers-for-mom","12":"product_cat-flowers-for-women","13":"product_cat-jubilee-flowers","14":"product_cat-march8th-flowers","15":"product_cat-mothers-day-flowers","16":"product_cat-sleeping-roses-en-flowers-by-type","17":"product_cat-valentines-day-flowers","18":"tm-has-options","20":"first","21":"outofstock","22":"taxable","23":"shipping-taxable","24":"purchasable","25":"product-type-simple"},"yoast_head":"<!-- This site is optimized with the Yoast SEO plugin v25.3 - https:\/\/yoast.com\/wordpress\/plugins\/seo\/ -->\n<title>Red roses in acrylic box | Sleeping roses | Breto<\/title>\n<meta name=\"description\" content=\"Sleeping rose in acrylic box is a great gift for a girl. Surprise your loved ones with this wonderful box. The box contains nine flowers.\" \/>\n<meta name=\"robots\" content=\"index, follow, max-snippet:-1, max-image-preview:large, max-video-preview:-1\" \/>\n<link rel=\"canonical\" href=\"https:\/\/www.gintaresgeles.lt\/en\/puokste\/red-sleeping-roses-in-acrylic-box\/\" \/>\n<meta property=\"og:locale\" content=\"en_US\" \/>\n<meta property=\"og:type\" content=\"article\" \/>\n<meta property=\"og:title\" content=\"Red roses in acrylic box | Sleeping roses | Breto\" \/>\n<meta property=\"og:description\" content=\"Sleeping rose in acrylic box is a great gift for a girl. Surprise your loved ones with this wonderful box. The box contains nine flowers.\" \/>\n<meta property=\"og:url\" content=\"https:\/\/www.gintaresgeles.lt\/en\/puokste\/red-sleeping-roses-in-acrylic-box\/\" \/>\n<meta property=\"og:site_name\" content=\"gintaresgeles.lt\" \/>\n<meta property=\"article:modified_time\" content=\"2025-05-29T00:01:05+00:00\" \/>\n<meta property=\"og:image\" content=\"https:\/\/www.gintaresgeles.lt\/wp-content\/uploads\/2019\/02\/miegancios-rozes-akrilineje-dezuteje.jpg\" \/>\n\t<meta property=\"og:image:width\" content=\"600\" \/>\n\t<meta property=\"og:image:height\" content=\"600\" \/>\n\t<meta property=\"og:image:type\" content=\"image\/jpeg\" \/>\n<meta name=\"twitter:card\" content=\"summary_large_image\" \/>\n<script type=\"application\/ld+json\" class=\"yoast-schema-graph\">{\"@context\":\"https:\/\/schema.org\",\"@graph\":[{\"@type\":\"WebPage\",\"@id\":\"https:\/\/www.gintaresgeles.lt\/en\/puokste\/red-sleeping-roses-in-acrylic-box\/\",\"url\":\"https:\/\/www.gintaresgeles.lt\/en\/puokste\/red-sleeping-roses-in-acrylic-box\/\",\"name\":\"Red roses in acrylic box | Sleeping roses | Breto\",\"isPartOf\":{\"@id\":\"https:\/\/www.gintaresgeles.lt\/en\/#website\"},\"primaryImageOfPage\":{\"@id\":\"https:\/\/www.gintaresgeles.lt\/en\/puokste\/red-sleeping-roses-in-acrylic-box\/#primaryimage\"},\"image\":{\"@id\":\"https:\/\/www.gintaresgeles.lt\/en\/puokste\/red-sleeping-roses-in-acrylic-box\/#primaryimage\"},\"thumbnailUrl\":\"https:\/\/www.gintaresgeles.lt\/wp-content\/uploads\/2019\/02\/raudonos-miegancios-rozes-akrilineje-dezuteje-gimtadienio-proga-scaled.jpg\",\"datePublished\":\"2019-02-08T15:00:40+00:00\",\"dateModified\":\"2025-05-29T00:01:05+00:00\",\"description\":\"Sleeping rose in acrylic box is a great gift for a girl. Surprise your loved ones with this wonderful box. The box contains nine flowers.\",\"breadcrumb\":{\"@id\":\"https:\/\/www.gintaresgeles.lt\/en\/puokste\/red-sleeping-roses-in-acrylic-box\/#breadcrumb\"},\"inLanguage\":\"en-US\",\"potentialAction\":[{\"@type\":\"ReadAction\",\"target\":[\"https:\/\/www.gintaresgeles.lt\/en\/puokste\/red-sleeping-roses-in-acrylic-box\/\"]}]},{\"@type\":\"ImageObject\",\"inLanguage\":\"en-US\",\"@id\":\"https:\/\/www.gintaresgeles.lt\/en\/puokste\/red-sleeping-roses-in-acrylic-box\/#primaryimage\",\"url\":\"https:\/\/www.gintaresgeles.lt\/wp-content\/uploads\/2019\/02\/raudonos-miegancios-rozes-akrilineje-dezuteje-gimtadienio-proga-scaled.jpg\",\"contentUrl\":\"https:\/\/www.gintaresgeles.lt\/wp-content\/uploads\/2019\/02\/raudonos-miegancios-rozes-akrilineje-dezuteje-gimtadienio-proga-scaled.jpg\",\"width\":2560,\"height\":2560,\"caption\":\"Akrilin\u0117 d\u0117\u017eut\u0117 su stabilizuotomis raudonomis ro\u017e\u0117mis valentino dienos proga\"},{\"@type\":\"BreadcrumbList\",\"@id\":\"https:\/\/www.gintaresgeles.lt\/en\/puokste\/red-sleeping-roses-in-acrylic-box\/#breadcrumb\",\"itemListElement\":[{\"@type\":\"ListItem\",\"position\":1,\"name\":\"Prad\u017eia\",\"item\":\"https:\/\/www.gintaresgeles.lt\/en\/\"},{\"@type\":\"ListItem\",\"position\":2,\"name\":\"All flowers and other products\",\"item\":\"https:\/\/www.gintaresgeles.lt\/en\/all-flowers-and-other-products\/\"},{\"@type\":\"ListItem\",\"position\":3,\"name\":\"Red sleeping roses in acrylic box\"}]},{\"@type\":\"WebSite\",\"@id\":\"https:\/\/www.gintaresgeles.lt\/en\/#website\",\"url\":\"https:\/\/www.gintaresgeles.lt\/en\/\",\"name\":\"gintaresgeles.lt\",\"description\":\"G\u0117li\u0173 parduotuv\u0117 internete\",\"potentialAction\":[{\"@type\":\"SearchAction\",\"target\":{\"@type\":\"EntryPoint\",\"urlTemplate\":\"https:\/\/www.gintaresgeles.lt\/en\/?s={search_term_string}\"},\"query-input\":{\"@type\":\"PropertyValueSpecification\",\"valueRequired\":true,\"valueName\":\"search_term_string\"}}],\"inLanguage\":\"en-US\"}]}<\/script>\n<!-- \/ Yoast SEO plugin. -->","yoast_head_json":{"title":"Red roses in acrylic box | Sleeping roses | Breto","description":"Sleeping rose in acrylic box is a great gift for a girl. Surprise your loved ones with this wonderful box. The box contains nine flowers.","robots":{"index":"index","follow":"follow","max-snippet":"max-snippet:-1","max-image-preview":"max-image-preview:large","max-video-preview":"max-video-preview:-1"},"canonical":"https:\/\/www.gintaresgeles.lt\/en\/puokste\/red-sleeping-roses-in-acrylic-box\/","og_locale":"en_US","og_type":"article","og_title":"Red roses in acrylic box | Sleeping roses | Breto","og_description":"Sleeping rose in acrylic box is a great gift for a girl. Surprise your loved ones with this wonderful box. The box contains nine flowers.","og_url":"https:\/\/www.gintaresgeles.lt\/en\/puokste\/red-sleeping-roses-in-acrylic-box\/","og_site_name":"gintaresgeles.lt","article_modified_time":"2025-05-29T00:01:05+00:00","og_image":[{"width":600,"height":600,"url":"https:\/\/www.gintaresgeles.lt\/wp-content\/uploads\/2019\/02\/miegancios-rozes-akrilineje-dezuteje.jpg","type":"image\/jpeg"}],"twitter_card":"summary_large_image","schema":{"@context":"https:\/\/schema.org","@graph":[{"@type":"WebPage","@id":"https:\/\/www.gintaresgeles.lt\/en\/puokste\/red-sleeping-roses-in-acrylic-box\/","url":"https:\/\/www.gintaresgeles.lt\/en\/puokste\/red-sleeping-roses-in-acrylic-box\/","name":"Red roses in acrylic box | Sleeping roses | Breto","isPartOf":{"@id":"https:\/\/www.gintaresgeles.lt\/en\/#website"},"primaryImageOfPage":{"@id":"https:\/\/www.gintaresgeles.lt\/en\/puokste\/red-sleeping-roses-in-acrylic-box\/#primaryimage"},"image":{"@id":"https:\/\/www.gintaresgeles.lt\/en\/puokste\/red-sleeping-roses-in-acrylic-box\/#primaryimage"},"thumbnailUrl":"https:\/\/www.gintaresgeles.lt\/wp-content\/uploads\/2019\/02\/raudonos-miegancios-rozes-akrilineje-dezuteje-gimtadienio-proga-scaled.jpg","datePublished":"2019-02-08T15:00:40+00:00","dateModified":"2025-05-29T00:01:05+00:00","description":"Sleeping rose in acrylic box is a great gift for a girl. Surprise your loved ones with this wonderful box. The box contains nine flowers.","breadcrumb":{"@id":"https:\/\/www.gintaresgeles.lt\/en\/puokste\/red-sleeping-roses-in-acrylic-box\/#breadcrumb"},"inLanguage":"en-US","potentialAction":[{"@type":"ReadAction","target":["https:\/\/www.gintaresgeles.lt\/en\/puokste\/red-sleeping-roses-in-acrylic-box\/"]}]},{"@type":"ImageObject","inLanguage":"en-US","@id":"https:\/\/www.gintaresgeles.lt\/en\/puokste\/red-sleeping-roses-in-acrylic-box\/#primaryimage","url":"https:\/\/www.gintaresgeles.lt\/wp-content\/uploads\/2019\/02\/raudonos-miegancios-rozes-akrilineje-dezuteje-gimtadienio-proga-scaled.jpg","contentUrl":"https:\/\/www.gintaresgeles.lt\/wp-content\/uploads\/2019\/02\/raudonos-miegancios-rozes-akrilineje-dezuteje-gimtadienio-proga-scaled.jpg","width":2560,"height":2560,"caption":"Akrilin\u0117 d\u0117\u017eut\u0117 su stabilizuotomis raudonomis ro\u017e\u0117mis valentino dienos proga"},{"@type":"BreadcrumbList","@id":"https:\/\/www.gintaresgeles.lt\/en\/puokste\/red-sleeping-roses-in-acrylic-box\/#breadcrumb","itemListElement":[{"@type":"ListItem","position":1,"name":"Prad\u017eia","item":"https:\/\/www.gintaresgeles.lt\/en\/"},{"@type":"ListItem","position":2,"name":"All flowers and other products","item":"https:\/\/www.gintaresgeles.lt\/en\/all-flowers-and-other-products\/"},{"@type":"ListItem","position":3,"name":"Red sleeping roses in acrylic box"}]},{"@type":"WebSite","@id":"https:\/\/www.gintaresgeles.lt\/en\/#website","url":"https:\/\/www.gintaresgeles.lt\/en\/","name":"gintaresgeles.lt","description":"G\u0117li\u0173 parduotuv\u0117 internete","potentialAction":[{"@type":"SearchAction","target":{"@type":"EntryPoint","urlTemplate":"https:\/\/www.gintaresgeles.lt\/en\/?s={search_term_string}"},"query-input":{"@type":"PropertyValueSpecification","valueRequired":true,"valueName":"search_term_string"}}],"inLanguage":"en-US"}]}},"_links":{"self":[{"href":"https:\/\/www.gintaresgeles.lt\/en\/wp-json\/wp\/v2\/product\/23863","targetHints":{"allow":["GET"]}}],"collection":[{"href":"https:\/\/www.gintaresgeles.lt\/en\/wp-json\/wp\/v2\/product"}],"about":[{"href":"https:\/\/www.gintaresgeles.lt\/en\/wp-json\/wp\/v2\/types\/product"}],"wp:featuredmedia":[{"embeddable":true,"href":"https:\/\/www.gintaresgeles.lt\/en\/wp-json\/wp\/v2\/media\/56786"}],"wp:attachment":[{"href":"https:\/\/www.gintaresgeles.lt\/en\/wp-json\/wp\/v2\/media?parent=23863"}],"wp:term":[{"taxonomy":"product_brand","embeddable":true,"href":"https:\/\/www.gintaresgeles.lt\/en\/wp-json\/wp\/v2\/product_brand?post=23863"},{"taxonomy":"product_cat","embeddable":true,"href":"https:\/\/www.gintaresgeles.lt\/en\/wp-json\/wp\/v2\/product_cat?post=23863"},{"taxonomy":"product_tag","embeddable":true,"href":"https:\/\/www.gintaresgeles.lt\/en\/wp-json\/wp\/v2\/product_tag?post=23863"}],"curies":[{"name":"wp","href":"https:\/\/api.w.org\/{rel}","templated":true}]}}