{"id":24078,"date":"2019-05-27T18:18:19","date_gmt":"2019-05-27T20:18:19","guid":{"rendered":"https:\/\/www.gintaresgeles.lt\/puokste\/red-carnations-box\/"},"modified":"2022-11-15T13:14:17","modified_gmt":"2022-11-15T10:14:17","slug":"box-of-red-carnations-for-father","status":"publish","type":"product","link":"https:\/\/www.gintaresgeles.lt\/en\/puokste\/box-of-red-carnations-for-father\/","title":{"rendered":"Box of red carnations  &#8220;For Father&#8221;"},"content":{"rendered":"","protected":false},"excerpt":{"rendered":"<p>Box of red carnations will be the perfect gift for Father&#8217;s Day. This flower composition is decorated with wooden ornaments which make this carnation box even more exceptional.\u00a0<\/p>\n<p>You may choose from several flower box options.\u00a0<\/p>\n","protected":false},"featured_media":23504,"template":"","meta":[],"product_brand":[],"product_cat":[252,266,265,258,246,267],"product_tag":[],"class_list":{"0":"post-24078","1":"product","2":"type-product","3":"status-publish","4":"has-post-thumbnail","6":"product_cat-flowers-by-recipient","7":"product_cat-flowers-by-style","8":"product_cat-flowers-by-type","9":"product_cat-flowers-for-men","10":"product_cat-carnations","11":"product_cat-flower-boxes","12":"tm-has-options","14":"first","15":"outofstock","16":"taxable","17":"shipping-taxable","18":"purchasable","19":"product-type-variable","20":"has-default-attributes"},"yoast_head":"<!-- This site is optimized with the Yoast SEO plugin v25.3 - https:\/\/yoast.com\/wordpress\/plugins\/seo\/ -->\n<title>Box of red carnations &quot;For Father&quot; | Father&#039;s day gifts | Gintar\u0117s g\u0117l\u0117s<\/title>\n<meta name=\"description\" content=\"Congratulate your dearest dads with a brightly colored carnation box that is decorated with a wooden flower decoration.\" \/>\n<meta name=\"robots\" content=\"index, follow, max-snippet:-1, max-image-preview:large, max-video-preview:-1\" \/>\n<link rel=\"canonical\" href=\"https:\/\/www.gintaresgeles.lt\/en\/puokste\/box-of-red-carnations-for-father\/\" \/>\n<meta property=\"og:locale\" content=\"en_US\" \/>\n<meta property=\"og:type\" content=\"article\" \/>\n<meta property=\"og:title\" content=\"Box of red carnations &quot;For Father&quot; | Father&#039;s day gifts | Gintar\u0117s g\u0117l\u0117s\" \/>\n<meta property=\"og:description\" content=\"Congratulate your dearest dads with a brightly colored carnation box that is decorated with a wooden flower decoration.\" \/>\n<meta property=\"og:url\" content=\"https:\/\/www.gintaresgeles.lt\/en\/puokste\/box-of-red-carnations-for-father\/\" \/>\n<meta property=\"og:site_name\" content=\"gintaresgeles.lt\" \/>\n<meta property=\"article:modified_time\" content=\"2022-11-15T10:14:17+00:00\" \/>\n<meta property=\"og:image\" content=\"https:\/\/www.gintaresgeles.lt\/wp-content\/uploads\/2019\/05\/geliu-dezutes-raudoni-gvazdikai.jpg\" \/>\n\t<meta property=\"og:image:width\" content=\"601\" \/>\n\t<meta property=\"og:image:height\" content=\"600\" \/>\n\t<meta property=\"og:image:type\" content=\"image\/jpeg\" \/>\n<meta name=\"twitter:card\" content=\"summary_large_image\" \/>\n<script type=\"application\/ld+json\" class=\"yoast-schema-graph\">{\"@context\":\"https:\/\/schema.org\",\"@graph\":[{\"@type\":\"WebPage\",\"@id\":\"https:\/\/www.gintaresgeles.lt\/en\/puokste\/box-of-red-carnations-for-father\/\",\"url\":\"https:\/\/www.gintaresgeles.lt\/en\/puokste\/box-of-red-carnations-for-father\/\",\"name\":\"Box of red carnations \\\"For Father\\\" | Father's day gifts | Gintar\u0117s g\u0117l\u0117s\",\"isPartOf\":{\"@id\":\"https:\/\/www.gintaresgeles.lt\/en\/#website\"},\"primaryImageOfPage\":{\"@id\":\"https:\/\/www.gintaresgeles.lt\/en\/puokste\/box-of-red-carnations-for-father\/#primaryimage\"},\"image\":{\"@id\":\"https:\/\/www.gintaresgeles.lt\/en\/puokste\/box-of-red-carnations-for-father\/#primaryimage\"},\"thumbnailUrl\":\"https:\/\/www.gintaresgeles.lt\/wp-content\/uploads\/2019\/05\/geliu-dezutes-raudoni-gvazdikai.jpg\",\"datePublished\":\"2019-05-27T20:18:19+00:00\",\"dateModified\":\"2022-11-15T10:14:17+00:00\",\"description\":\"Congratulate your dearest dads with a brightly colored carnation box that is decorated with a wooden flower decoration.\",\"breadcrumb\":{\"@id\":\"https:\/\/www.gintaresgeles.lt\/en\/puokste\/box-of-red-carnations-for-father\/#breadcrumb\"},\"inLanguage\":\"en-US\",\"potentialAction\":[{\"@type\":\"ReadAction\",\"target\":[\"https:\/\/www.gintaresgeles.lt\/en\/puokste\/box-of-red-carnations-for-father\/\"]}]},{\"@type\":\"ImageObject\",\"inLanguage\":\"en-US\",\"@id\":\"https:\/\/www.gintaresgeles.lt\/en\/puokste\/box-of-red-carnations-for-father\/#primaryimage\",\"url\":\"https:\/\/www.gintaresgeles.lt\/wp-content\/uploads\/2019\/05\/geliu-dezutes-raudoni-gvazdikai.jpg\",\"contentUrl\":\"https:\/\/www.gintaresgeles.lt\/wp-content\/uploads\/2019\/05\/geliu-dezutes-raudoni-gvazdikai.jpg\",\"width\":601,\"height\":600,\"caption\":\"Gift for Father's day red carnations box\"},{\"@type\":\"BreadcrumbList\",\"@id\":\"https:\/\/www.gintaresgeles.lt\/en\/puokste\/box-of-red-carnations-for-father\/#breadcrumb\",\"itemListElement\":[{\"@type\":\"ListItem\",\"position\":1,\"name\":\"Prad\u017eia\",\"item\":\"https:\/\/www.gintaresgeles.lt\/en\/\"},{\"@type\":\"ListItem\",\"position\":2,\"name\":\"All flowers and other products\",\"item\":\"https:\/\/www.gintaresgeles.lt\/en\/all-flowers-and-other-products\/\"},{\"@type\":\"ListItem\",\"position\":3,\"name\":\"Box of red carnations &#8222;For Father&#8221;\"}]},{\"@type\":\"WebSite\",\"@id\":\"https:\/\/www.gintaresgeles.lt\/en\/#website\",\"url\":\"https:\/\/www.gintaresgeles.lt\/en\/\",\"name\":\"gintaresgeles.lt\",\"description\":\"G\u0117li\u0173 parduotuv\u0117 internete\",\"potentialAction\":[{\"@type\":\"SearchAction\",\"target\":{\"@type\":\"EntryPoint\",\"urlTemplate\":\"https:\/\/www.gintaresgeles.lt\/en\/?s={search_term_string}\"},\"query-input\":{\"@type\":\"PropertyValueSpecification\",\"valueRequired\":true,\"valueName\":\"search_term_string\"}}],\"inLanguage\":\"en-US\"}]}<\/script>\n<!-- \/ Yoast SEO plugin. -->","yoast_head_json":{"title":"Box of red carnations \"For Father\" | Father's day gifts | Gintar\u0117s g\u0117l\u0117s","description":"Congratulate your dearest dads with a brightly colored carnation box that is decorated with a wooden flower decoration.","robots":{"index":"index","follow":"follow","max-snippet":"max-snippet:-1","max-image-preview":"max-image-preview:large","max-video-preview":"max-video-preview:-1"},"canonical":"https:\/\/www.gintaresgeles.lt\/en\/puokste\/box-of-red-carnations-for-father\/","og_locale":"en_US","og_type":"article","og_title":"Box of red carnations \"For Father\" | Father's day gifts | Gintar\u0117s g\u0117l\u0117s","og_description":"Congratulate your dearest dads with a brightly colored carnation box that is decorated with a wooden flower decoration.","og_url":"https:\/\/www.gintaresgeles.lt\/en\/puokste\/box-of-red-carnations-for-father\/","og_site_name":"gintaresgeles.lt","article_modified_time":"2022-11-15T10:14:17+00:00","og_image":[{"width":601,"height":600,"url":"https:\/\/www.gintaresgeles.lt\/wp-content\/uploads\/2019\/05\/geliu-dezutes-raudoni-gvazdikai.jpg","type":"image\/jpeg"}],"twitter_card":"summary_large_image","schema":{"@context":"https:\/\/schema.org","@graph":[{"@type":"WebPage","@id":"https:\/\/www.gintaresgeles.lt\/en\/puokste\/box-of-red-carnations-for-father\/","url":"https:\/\/www.gintaresgeles.lt\/en\/puokste\/box-of-red-carnations-for-father\/","name":"Box of red carnations \"For Father\" | Father's day gifts | Gintar\u0117s g\u0117l\u0117s","isPartOf":{"@id":"https:\/\/www.gintaresgeles.lt\/en\/#website"},"primaryImageOfPage":{"@id":"https:\/\/www.gintaresgeles.lt\/en\/puokste\/box-of-red-carnations-for-father\/#primaryimage"},"image":{"@id":"https:\/\/www.gintaresgeles.lt\/en\/puokste\/box-of-red-carnations-for-father\/#primaryimage"},"thumbnailUrl":"https:\/\/www.gintaresgeles.lt\/wp-content\/uploads\/2019\/05\/geliu-dezutes-raudoni-gvazdikai.jpg","datePublished":"2019-05-27T20:18:19+00:00","dateModified":"2022-11-15T10:14:17+00:00","description":"Congratulate your dearest dads with a brightly colored carnation box that is decorated with a wooden flower decoration.","breadcrumb":{"@id":"https:\/\/www.gintaresgeles.lt\/en\/puokste\/box-of-red-carnations-for-father\/#breadcrumb"},"inLanguage":"en-US","potentialAction":[{"@type":"ReadAction","target":["https:\/\/www.gintaresgeles.lt\/en\/puokste\/box-of-red-carnations-for-father\/"]}]},{"@type":"ImageObject","inLanguage":"en-US","@id":"https:\/\/www.gintaresgeles.lt\/en\/puokste\/box-of-red-carnations-for-father\/#primaryimage","url":"https:\/\/www.gintaresgeles.lt\/wp-content\/uploads\/2019\/05\/geliu-dezutes-raudoni-gvazdikai.jpg","contentUrl":"https:\/\/www.gintaresgeles.lt\/wp-content\/uploads\/2019\/05\/geliu-dezutes-raudoni-gvazdikai.jpg","width":601,"height":600,"caption":"Gift for Father's day red carnations box"},{"@type":"BreadcrumbList","@id":"https:\/\/www.gintaresgeles.lt\/en\/puokste\/box-of-red-carnations-for-father\/#breadcrumb","itemListElement":[{"@type":"ListItem","position":1,"name":"Prad\u017eia","item":"https:\/\/www.gintaresgeles.lt\/en\/"},{"@type":"ListItem","position":2,"name":"All flowers and other products","item":"https:\/\/www.gintaresgeles.lt\/en\/all-flowers-and-other-products\/"},{"@type":"ListItem","position":3,"name":"Box of red carnations &#8222;For Father&#8221;"}]},{"@type":"WebSite","@id":"https:\/\/www.gintaresgeles.lt\/en\/#website","url":"https:\/\/www.gintaresgeles.lt\/en\/","name":"gintaresgeles.lt","description":"G\u0117li\u0173 parduotuv\u0117 internete","potentialAction":[{"@type":"SearchAction","target":{"@type":"EntryPoint","urlTemplate":"https:\/\/www.gintaresgeles.lt\/en\/?s={search_term_string}"},"query-input":{"@type":"PropertyValueSpecification","valueRequired":true,"valueName":"search_term_string"}}],"inLanguage":"en-US"}]}},"_links":{"self":[{"href":"https:\/\/www.gintaresgeles.lt\/en\/wp-json\/wp\/v2\/product\/24078","targetHints":{"allow":["GET"]}}],"collection":[{"href":"https:\/\/www.gintaresgeles.lt\/en\/wp-json\/wp\/v2\/product"}],"about":[{"href":"https:\/\/www.gintaresgeles.lt\/en\/wp-json\/wp\/v2\/types\/product"}],"wp:featuredmedia":[{"embeddable":true,"href":"https:\/\/www.gintaresgeles.lt\/en\/wp-json\/wp\/v2\/media\/23504"}],"wp:attachment":[{"href":"https:\/\/www.gintaresgeles.lt\/en\/wp-json\/wp\/v2\/media?parent=24078"}],"wp:term":[{"taxonomy":"product_brand","embeddable":true,"href":"https:\/\/www.gintaresgeles.lt\/en\/wp-json\/wp\/v2\/product_brand?post=24078"},{"taxonomy":"product_cat","embeddable":true,"href":"https:\/\/www.gintaresgeles.lt\/en\/wp-json\/wp\/v2\/product_cat?post=24078"},{"taxonomy":"product_tag","embeddable":true,"href":"https:\/\/www.gintaresgeles.lt\/en\/wp-json\/wp\/v2\/product_tag?post=24078"}],"curies":[{"name":"wp","href":"https:\/\/api.w.org\/{rel}","templated":true}]}}