{"id":25836,"date":"2019-11-08T09:19:39","date_gmt":"2020-02-04T16:29:22","guid":{"rendered":"https:\/\/www.gintaresgeles.lt\/?post_type=product&#038;p=25836"},"modified":"2025-05-29T02:00:45","modified_gmt":"2025-05-29T00:00:45","slug":"bouquet-of-exclusive-red-roses","status":"publish","type":"product","link":"https:\/\/www.gintaresgeles.lt\/en\/puokste\/bouquet-of-exclusive-red-roses\/","title":{"rendered":"Bouquet of exclusive red roses"},"content":{"rendered":"<p>Unique red roses with black petals from the sides will be an incredible gift for everyone. This exclusive bouquet is suitable for various occasions: Valentine\u2019s Day, birthdays, anniversaries. It will not leave anyone indifferent and will decorate every interior.<\/p>\n","protected":false},"excerpt":{"rendered":"<p style=\"text-align: justify\">The unique bouquet of roses will leave unforgettable impression for everyone. This bouquet is extraordinary because instead of red roses we use red roses with black petals from the sides. The bouquet symbolizes elegance and love.<\/p>\n<p><strong><em>This bouquet needs to be ordered in advance.\u00a0<\/em><\/strong><\/p>\n<p style=\"text-align: right\">\n","protected":false},"featured_media":26384,"template":"","meta":[],"product_brand":[],"product_cat":[261,260,256,258,253,257,428,262,263,891,264,268,1966,238],"product_tag":[],"class_list":{"0":"post-25836","1":"product","2":"type-product","3":"status-publish","4":"has-post-thumbnail","6":"product_cat-birthday-bouquets","7":"product_cat-birthday-flowers","8":"product_cat-flowers-for-girlfriend","9":"product_cat-flowers-for-men","10":"product_cat-flowers-for-mom","11":"product_cat-flowers-for-women","12":"product_cat-jubilee-flowers","13":"product_cat-march8th-flowers","14":"product_cat-mothers-day-flowers","15":"product_cat-red-roses","16":"product_cat-valentines-day-flowers","17":"product_cat-flower-bouquets","18":"product_cat-flowers-wrapped-in-paper","19":"product_cat-roses","20":"tm-has-options","22":"first","23":"outofstock","24":"taxable","25":"shipping-taxable","26":"purchasable","27":"product-type-variable","28":"has-default-attributes"},"yoast_head":"<!-- This site is optimized with the Yoast SEO plugin v25.3 - https:\/\/yoast.com\/wordpress\/plugins\/seo\/ -->\n<title>Bouquet of exclusive red roses | Flower bouquets | Gintar\u0117sg\u0117l\u0117s<\/title>\n<meta name=\"description\" content=\"An extremely unique bouquet of roses with black petals from the side will not leave recipient indifferent. Suitable as a gift for various occasions: from birthdays to weddings and anniversaries.\" \/>\n<meta name=\"robots\" content=\"index, follow, max-snippet:-1, max-image-preview:large, max-video-preview:-1\" \/>\n<link rel=\"canonical\" href=\"https:\/\/www.gintaresgeles.lt\/en\/puokste\/bouquet-of-exclusive-red-roses\/\" \/>\n<meta property=\"og:locale\" content=\"en_US\" \/>\n<meta property=\"og:type\" content=\"article\" \/>\n<meta property=\"og:title\" content=\"Bouquet of exclusive red roses | Flower bouquets | Gintar\u0117sg\u0117l\u0117s\" \/>\n<meta property=\"og:description\" content=\"An extremely unique bouquet of roses with black petals from the side will not leave recipient indifferent. Suitable as a gift for various occasions: from birthdays to weddings and anniversaries.\" \/>\n<meta property=\"og:url\" content=\"https:\/\/www.gintaresgeles.lt\/en\/puokste\/bouquet-of-exclusive-red-roses\/\" \/>\n<meta property=\"og:site_name\" content=\"gintaresgeles.lt\" \/>\n<meta property=\"article:modified_time\" content=\"2025-05-29T00:00:45+00:00\" \/>\n<meta property=\"og:image\" content=\"https:\/\/www.gintaresgeles.lt\/wp-content\/uploads\/2019\/10\/roziu-puokstes-raudonos-su-juodais.jpg\" \/>\n\t<meta property=\"og:image:width\" content=\"1500\" \/>\n\t<meta property=\"og:image:height\" content=\"1500\" \/>\n\t<meta property=\"og:image:type\" content=\"image\/jpeg\" \/>\n<meta name=\"twitter:card\" content=\"summary_large_image\" \/>\n<script type=\"application\/ld+json\" class=\"yoast-schema-graph\">{\"@context\":\"https:\/\/schema.org\",\"@graph\":[{\"@type\":\"WebPage\",\"@id\":\"https:\/\/www.gintaresgeles.lt\/en\/puokste\/bouquet-of-exclusive-red-roses\/\",\"url\":\"https:\/\/www.gintaresgeles.lt\/en\/puokste\/bouquet-of-exclusive-red-roses\/\",\"name\":\"Bouquet of exclusive red roses | Flower bouquets | Gintar\u0117sg\u0117l\u0117s\",\"isPartOf\":{\"@id\":\"https:\/\/www.gintaresgeles.lt\/en\/#website\"},\"primaryImageOfPage\":{\"@id\":\"https:\/\/www.gintaresgeles.lt\/en\/puokste\/bouquet-of-exclusive-red-roses\/#primaryimage\"},\"image\":{\"@id\":\"https:\/\/www.gintaresgeles.lt\/en\/puokste\/bouquet-of-exclusive-red-roses\/#primaryimage\"},\"thumbnailUrl\":\"https:\/\/www.gintaresgeles.lt\/wp-content\/uploads\/2019\/10\/roziu-puokstes-raudonos-su-juodais.jpg\",\"datePublished\":\"2020-02-04T16:29:22+00:00\",\"dateModified\":\"2025-05-29T00:00:45+00:00\",\"description\":\"An extremely unique bouquet of roses with black petals from the side will not leave recipient indifferent. Suitable as a gift for various occasions: from birthdays to weddings and anniversaries.\",\"breadcrumb\":{\"@id\":\"https:\/\/www.gintaresgeles.lt\/en\/puokste\/bouquet-of-exclusive-red-roses\/#breadcrumb\"},\"inLanguage\":\"en-US\",\"potentialAction\":[{\"@type\":\"ReadAction\",\"target\":[\"https:\/\/www.gintaresgeles.lt\/en\/puokste\/bouquet-of-exclusive-red-roses\/\"]}]},{\"@type\":\"ImageObject\",\"inLanguage\":\"en-US\",\"@id\":\"https:\/\/www.gintaresgeles.lt\/en\/puokste\/bouquet-of-exclusive-red-roses\/#primaryimage\",\"url\":\"https:\/\/www.gintaresgeles.lt\/wp-content\/uploads\/2019\/10\/roziu-puokstes-raudonos-su-juodais.jpg\",\"contentUrl\":\"https:\/\/www.gintaresgeles.lt\/wp-content\/uploads\/2019\/10\/roziu-puokstes-raudonos-su-juodais.jpg\",\"width\":1500,\"height\":1500,\"caption\":\"Flowers for women bouquet of red roses with black borders\"},{\"@type\":\"BreadcrumbList\",\"@id\":\"https:\/\/www.gintaresgeles.lt\/en\/puokste\/bouquet-of-exclusive-red-roses\/#breadcrumb\",\"itemListElement\":[{\"@type\":\"ListItem\",\"position\":1,\"name\":\"Prad\u017eia\",\"item\":\"https:\/\/www.gintaresgeles.lt\/en\/\"},{\"@type\":\"ListItem\",\"position\":2,\"name\":\"All flowers and other products\",\"item\":\"https:\/\/www.gintaresgeles.lt\/en\/all-flowers-and-other-products\/\"},{\"@type\":\"ListItem\",\"position\":3,\"name\":\"Bouquet of exclusive red roses\"}]},{\"@type\":\"WebSite\",\"@id\":\"https:\/\/www.gintaresgeles.lt\/en\/#website\",\"url\":\"https:\/\/www.gintaresgeles.lt\/en\/\",\"name\":\"gintaresgeles.lt\",\"description\":\"G\u0117li\u0173 parduotuv\u0117 internete\",\"potentialAction\":[{\"@type\":\"SearchAction\",\"target\":{\"@type\":\"EntryPoint\",\"urlTemplate\":\"https:\/\/www.gintaresgeles.lt\/en\/?s={search_term_string}\"},\"query-input\":{\"@type\":\"PropertyValueSpecification\",\"valueRequired\":true,\"valueName\":\"search_term_string\"}}],\"inLanguage\":\"en-US\"}]}<\/script>\n<!-- \/ Yoast SEO plugin. -->","yoast_head_json":{"title":"Bouquet of exclusive red roses | Flower bouquets | Gintar\u0117sg\u0117l\u0117s","description":"An extremely unique bouquet of roses with black petals from the side will not leave recipient indifferent. Suitable as a gift for various occasions: from birthdays to weddings and anniversaries.","robots":{"index":"index","follow":"follow","max-snippet":"max-snippet:-1","max-image-preview":"max-image-preview:large","max-video-preview":"max-video-preview:-1"},"canonical":"https:\/\/www.gintaresgeles.lt\/en\/puokste\/bouquet-of-exclusive-red-roses\/","og_locale":"en_US","og_type":"article","og_title":"Bouquet of exclusive red roses | Flower bouquets | Gintar\u0117sg\u0117l\u0117s","og_description":"An extremely unique bouquet of roses with black petals from the side will not leave recipient indifferent. Suitable as a gift for various occasions: from birthdays to weddings and anniversaries.","og_url":"https:\/\/www.gintaresgeles.lt\/en\/puokste\/bouquet-of-exclusive-red-roses\/","og_site_name":"gintaresgeles.lt","article_modified_time":"2025-05-29T00:00:45+00:00","og_image":[{"width":1500,"height":1500,"url":"https:\/\/www.gintaresgeles.lt\/wp-content\/uploads\/2019\/10\/roziu-puokstes-raudonos-su-juodais.jpg","type":"image\/jpeg"}],"twitter_card":"summary_large_image","schema":{"@context":"https:\/\/schema.org","@graph":[{"@type":"WebPage","@id":"https:\/\/www.gintaresgeles.lt\/en\/puokste\/bouquet-of-exclusive-red-roses\/","url":"https:\/\/www.gintaresgeles.lt\/en\/puokste\/bouquet-of-exclusive-red-roses\/","name":"Bouquet of exclusive red roses | Flower bouquets | Gintar\u0117sg\u0117l\u0117s","isPartOf":{"@id":"https:\/\/www.gintaresgeles.lt\/en\/#website"},"primaryImageOfPage":{"@id":"https:\/\/www.gintaresgeles.lt\/en\/puokste\/bouquet-of-exclusive-red-roses\/#primaryimage"},"image":{"@id":"https:\/\/www.gintaresgeles.lt\/en\/puokste\/bouquet-of-exclusive-red-roses\/#primaryimage"},"thumbnailUrl":"https:\/\/www.gintaresgeles.lt\/wp-content\/uploads\/2019\/10\/roziu-puokstes-raudonos-su-juodais.jpg","datePublished":"2020-02-04T16:29:22+00:00","dateModified":"2025-05-29T00:00:45+00:00","description":"An extremely unique bouquet of roses with black petals from the side will not leave recipient indifferent. Suitable as a gift for various occasions: from birthdays to weddings and anniversaries.","breadcrumb":{"@id":"https:\/\/www.gintaresgeles.lt\/en\/puokste\/bouquet-of-exclusive-red-roses\/#breadcrumb"},"inLanguage":"en-US","potentialAction":[{"@type":"ReadAction","target":["https:\/\/www.gintaresgeles.lt\/en\/puokste\/bouquet-of-exclusive-red-roses\/"]}]},{"@type":"ImageObject","inLanguage":"en-US","@id":"https:\/\/www.gintaresgeles.lt\/en\/puokste\/bouquet-of-exclusive-red-roses\/#primaryimage","url":"https:\/\/www.gintaresgeles.lt\/wp-content\/uploads\/2019\/10\/roziu-puokstes-raudonos-su-juodais.jpg","contentUrl":"https:\/\/www.gintaresgeles.lt\/wp-content\/uploads\/2019\/10\/roziu-puokstes-raudonos-su-juodais.jpg","width":1500,"height":1500,"caption":"Flowers for women bouquet of red roses with black borders"},{"@type":"BreadcrumbList","@id":"https:\/\/www.gintaresgeles.lt\/en\/puokste\/bouquet-of-exclusive-red-roses\/#breadcrumb","itemListElement":[{"@type":"ListItem","position":1,"name":"Prad\u017eia","item":"https:\/\/www.gintaresgeles.lt\/en\/"},{"@type":"ListItem","position":2,"name":"All flowers and other products","item":"https:\/\/www.gintaresgeles.lt\/en\/all-flowers-and-other-products\/"},{"@type":"ListItem","position":3,"name":"Bouquet of exclusive red roses"}]},{"@type":"WebSite","@id":"https:\/\/www.gintaresgeles.lt\/en\/#website","url":"https:\/\/www.gintaresgeles.lt\/en\/","name":"gintaresgeles.lt","description":"G\u0117li\u0173 parduotuv\u0117 internete","potentialAction":[{"@type":"SearchAction","target":{"@type":"EntryPoint","urlTemplate":"https:\/\/www.gintaresgeles.lt\/en\/?s={search_term_string}"},"query-input":{"@type":"PropertyValueSpecification","valueRequired":true,"valueName":"search_term_string"}}],"inLanguage":"en-US"}]}},"_links":{"self":[{"href":"https:\/\/www.gintaresgeles.lt\/en\/wp-json\/wp\/v2\/product\/25836","targetHints":{"allow":["GET"]}}],"collection":[{"href":"https:\/\/www.gintaresgeles.lt\/en\/wp-json\/wp\/v2\/product"}],"about":[{"href":"https:\/\/www.gintaresgeles.lt\/en\/wp-json\/wp\/v2\/types\/product"}],"wp:featuredmedia":[{"embeddable":true,"href":"https:\/\/www.gintaresgeles.lt\/en\/wp-json\/wp\/v2\/media\/26384"}],"wp:attachment":[{"href":"https:\/\/www.gintaresgeles.lt\/en\/wp-json\/wp\/v2\/media?parent=25836"}],"wp:term":[{"taxonomy":"product_brand","embeddable":true,"href":"https:\/\/www.gintaresgeles.lt\/en\/wp-json\/wp\/v2\/product_brand?post=25836"},{"taxonomy":"product_cat","embeddable":true,"href":"https:\/\/www.gintaresgeles.lt\/en\/wp-json\/wp\/v2\/product_cat?post=25836"},{"taxonomy":"product_tag","embeddable":true,"href":"https:\/\/www.gintaresgeles.lt\/en\/wp-json\/wp\/v2\/product_tag?post=25836"}],"curies":[{"name":"wp","href":"https:\/\/api.w.org\/{rel}","templated":true}]}}