{"id":26275,"date":"2019-11-07T07:23:29","date_gmt":"2019-11-07T09:23:29","guid":{"rendered":"https:\/\/www.gintaresgeles.lt\/puokste\/one-color-bouquet-of-chrysanthemums\/"},"modified":"2025-05-29T02:00:46","modified_gmt":"2025-05-29T00:00:46","slug":"one-color-bouquet-of-chrysanthemums","status":"publish","type":"product","link":"https:\/\/www.gintaresgeles.lt\/en\/puokste\/one-color-bouquet-of-chrysanthemums\/","title":{"rendered":"One color bouquet of chrysanthemums"},"content":{"rendered":"<p>Chrysanthemums are autumn flowers. Surprise your loved ones on a rainy and nippy autumn day with these brightly colored flowers. Chrysanthemum\u2019s sprig has several blossoms, so even a small amount will look impressive. Chrysanthemum bouquet will be the perfect gift for any occasion, so do not hesitate to order this exclusive bouquet. The color of flowers is chosen from the ones we have at the moment for selling.<\/p>\n","protected":false},"excerpt":{"rendered":"<p style=\"text-align: justify\">Chrysanthemums &#8211; a great autumn gift for loved ones to show love. This single-colored bouquet of chrysanthemums will decorate both home and office interiors.<\/p>\n<p><em><strong>The colors are chosen from those we have on sale at the time, if you want a specific color contact us.<\/strong><\/em><\/p>\n<p style=\"text-align: right\">\n","protected":false},"featured_media":26248,"template":"","meta":[],"product_brand":[],"product_cat":[261,260,256,253,257,428,243,268,1966],"product_tag":[],"class_list":{"0":"post-26275","1":"product","2":"type-product","3":"status-publish","4":"has-post-thumbnail","6":"product_cat-birthday-bouquets","7":"product_cat-birthday-flowers","8":"product_cat-flowers-for-girlfriend","9":"product_cat-flowers-for-mom","10":"product_cat-flowers-for-women","11":"product_cat-jubilee-flowers","12":"product_cat-chrysanthemums","13":"product_cat-flower-bouquets","14":"product_cat-flowers-wrapped-in-paper","15":"tm-has-options","17":"first","18":"instock","19":"taxable","20":"shipping-taxable","21":"purchasable","22":"product-type-variable","23":"has-default-attributes"},"yoast_head":"<!-- This site is optimized with the Yoast SEO plugin v25.3 - https:\/\/yoast.com\/wordpress\/plugins\/seo\/ -->\n<title>Single color bouquet of chrysanthemums | Bouquets of flowers | Gintar\u0117s g\u0117l\u0117s<\/title>\n<meta name=\"description\" content=\"This bouquet of chrysanthemums will be a great way to surprise your loved one. Place the order and we will deliver it at any place in Vilnius.\" \/>\n<meta name=\"robots\" content=\"index, follow, max-snippet:-1, max-image-preview:large, max-video-preview:-1\" \/>\n<link rel=\"canonical\" href=\"https:\/\/www.gintaresgeles.lt\/en\/puokste\/one-color-bouquet-of-chrysanthemums\/\" \/>\n<meta property=\"og:locale\" content=\"en_US\" \/>\n<meta property=\"og:type\" content=\"article\" \/>\n<meta property=\"og:title\" content=\"Single color bouquet of chrysanthemums | Bouquets of flowers | Gintar\u0117s g\u0117l\u0117s\" \/>\n<meta property=\"og:description\" content=\"This bouquet of chrysanthemums will be a great way to surprise your loved one. Place the order and we will deliver it at any place in Vilnius.\" \/>\n<meta property=\"og:url\" content=\"https:\/\/www.gintaresgeles.lt\/en\/puokste\/one-color-bouquet-of-chrysanthemums\/\" \/>\n<meta property=\"og:site_name\" content=\"gintaresgeles.lt\" \/>\n<meta property=\"article:modified_time\" content=\"2025-05-29T00:00:46+00:00\" \/>\n<meta property=\"og:image\" content=\"https:\/\/www.gintaresgeles.lt\/wp-content\/uploads\/2019\/11\/geliu-puokste-chrizantemos.jpg\" \/>\n\t<meta property=\"og:image:width\" content=\"600\" \/>\n\t<meta property=\"og:image:height\" content=\"600\" \/>\n\t<meta property=\"og:image:type\" content=\"image\/jpeg\" \/>\n<meta name=\"twitter:card\" content=\"summary_large_image\" \/>\n<script type=\"application\/ld+json\" class=\"yoast-schema-graph\">{\"@context\":\"https:\/\/schema.org\",\"@graph\":[{\"@type\":\"WebPage\",\"@id\":\"https:\/\/www.gintaresgeles.lt\/en\/puokste\/one-color-bouquet-of-chrysanthemums\/\",\"url\":\"https:\/\/www.gintaresgeles.lt\/en\/puokste\/one-color-bouquet-of-chrysanthemums\/\",\"name\":\"Single color bouquet of chrysanthemums | Bouquets of flowers | Gintar\u0117s g\u0117l\u0117s\",\"isPartOf\":{\"@id\":\"https:\/\/www.gintaresgeles.lt\/en\/#website\"},\"primaryImageOfPage\":{\"@id\":\"https:\/\/www.gintaresgeles.lt\/en\/puokste\/one-color-bouquet-of-chrysanthemums\/#primaryimage\"},\"image\":{\"@id\":\"https:\/\/www.gintaresgeles.lt\/en\/puokste\/one-color-bouquet-of-chrysanthemums\/#primaryimage\"},\"thumbnailUrl\":\"https:\/\/www.gintaresgeles.lt\/wp-content\/uploads\/2019\/11\/geliu-puokste-chrizantemos.jpg\",\"datePublished\":\"2019-11-07T09:23:29+00:00\",\"dateModified\":\"2025-05-29T00:00:46+00:00\",\"description\":\"This bouquet of chrysanthemums will be a great way to surprise your loved one. Place the order and we will deliver it at any place in Vilnius.\",\"breadcrumb\":{\"@id\":\"https:\/\/www.gintaresgeles.lt\/en\/puokste\/one-color-bouquet-of-chrysanthemums\/#breadcrumb\"},\"inLanguage\":\"en-US\",\"potentialAction\":[{\"@type\":\"ReadAction\",\"target\":[\"https:\/\/www.gintaresgeles.lt\/en\/puokste\/one-color-bouquet-of-chrysanthemums\/\"]}]},{\"@type\":\"ImageObject\",\"inLanguage\":\"en-US\",\"@id\":\"https:\/\/www.gintaresgeles.lt\/en\/puokste\/one-color-bouquet-of-chrysanthemums\/#primaryimage\",\"url\":\"https:\/\/www.gintaresgeles.lt\/wp-content\/uploads\/2019\/11\/geliu-puokste-chrizantemos.jpg\",\"contentUrl\":\"https:\/\/www.gintaresgeles.lt\/wp-content\/uploads\/2019\/11\/geliu-puokste-chrizantemos.jpg\",\"width\":600,\"height\":600,\"caption\":\"Monochrome bouquet of chrysanthemums for women\"},{\"@type\":\"BreadcrumbList\",\"@id\":\"https:\/\/www.gintaresgeles.lt\/en\/puokste\/one-color-bouquet-of-chrysanthemums\/#breadcrumb\",\"itemListElement\":[{\"@type\":\"ListItem\",\"position\":1,\"name\":\"Prad\u017eia\",\"item\":\"https:\/\/www.gintaresgeles.lt\/en\/\"},{\"@type\":\"ListItem\",\"position\":2,\"name\":\"All flowers and other products\",\"item\":\"https:\/\/www.gintaresgeles.lt\/en\/all-flowers-and-other-products\/\"},{\"@type\":\"ListItem\",\"position\":3,\"name\":\"One color bouquet of chrysanthemums\"}]},{\"@type\":\"WebSite\",\"@id\":\"https:\/\/www.gintaresgeles.lt\/en\/#website\",\"url\":\"https:\/\/www.gintaresgeles.lt\/en\/\",\"name\":\"gintaresgeles.lt\",\"description\":\"G\u0117li\u0173 parduotuv\u0117 internete\",\"potentialAction\":[{\"@type\":\"SearchAction\",\"target\":{\"@type\":\"EntryPoint\",\"urlTemplate\":\"https:\/\/www.gintaresgeles.lt\/en\/?s={search_term_string}\"},\"query-input\":{\"@type\":\"PropertyValueSpecification\",\"valueRequired\":true,\"valueName\":\"search_term_string\"}}],\"inLanguage\":\"en-US\"}]}<\/script>\n<!-- \/ Yoast SEO plugin. -->","yoast_head_json":{"title":"Single color bouquet of chrysanthemums | Bouquets of flowers | Gintar\u0117s g\u0117l\u0117s","description":"This bouquet of chrysanthemums will be a great way to surprise your loved one. Place the order and we will deliver it at any place in Vilnius.","robots":{"index":"index","follow":"follow","max-snippet":"max-snippet:-1","max-image-preview":"max-image-preview:large","max-video-preview":"max-video-preview:-1"},"canonical":"https:\/\/www.gintaresgeles.lt\/en\/puokste\/one-color-bouquet-of-chrysanthemums\/","og_locale":"en_US","og_type":"article","og_title":"Single color bouquet of chrysanthemums | Bouquets of flowers | Gintar\u0117s g\u0117l\u0117s","og_description":"This bouquet of chrysanthemums will be a great way to surprise your loved one. Place the order and we will deliver it at any place in Vilnius.","og_url":"https:\/\/www.gintaresgeles.lt\/en\/puokste\/one-color-bouquet-of-chrysanthemums\/","og_site_name":"gintaresgeles.lt","article_modified_time":"2025-05-29T00:00:46+00:00","og_image":[{"width":600,"height":600,"url":"https:\/\/www.gintaresgeles.lt\/wp-content\/uploads\/2019\/11\/geliu-puokste-chrizantemos.jpg","type":"image\/jpeg"}],"twitter_card":"summary_large_image","schema":{"@context":"https:\/\/schema.org","@graph":[{"@type":"WebPage","@id":"https:\/\/www.gintaresgeles.lt\/en\/puokste\/one-color-bouquet-of-chrysanthemums\/","url":"https:\/\/www.gintaresgeles.lt\/en\/puokste\/one-color-bouquet-of-chrysanthemums\/","name":"Single color bouquet of chrysanthemums | Bouquets of flowers | Gintar\u0117s g\u0117l\u0117s","isPartOf":{"@id":"https:\/\/www.gintaresgeles.lt\/en\/#website"},"primaryImageOfPage":{"@id":"https:\/\/www.gintaresgeles.lt\/en\/puokste\/one-color-bouquet-of-chrysanthemums\/#primaryimage"},"image":{"@id":"https:\/\/www.gintaresgeles.lt\/en\/puokste\/one-color-bouquet-of-chrysanthemums\/#primaryimage"},"thumbnailUrl":"https:\/\/www.gintaresgeles.lt\/wp-content\/uploads\/2019\/11\/geliu-puokste-chrizantemos.jpg","datePublished":"2019-11-07T09:23:29+00:00","dateModified":"2025-05-29T00:00:46+00:00","description":"This bouquet of chrysanthemums will be a great way to surprise your loved one. Place the order and we will deliver it at any place in Vilnius.","breadcrumb":{"@id":"https:\/\/www.gintaresgeles.lt\/en\/puokste\/one-color-bouquet-of-chrysanthemums\/#breadcrumb"},"inLanguage":"en-US","potentialAction":[{"@type":"ReadAction","target":["https:\/\/www.gintaresgeles.lt\/en\/puokste\/one-color-bouquet-of-chrysanthemums\/"]}]},{"@type":"ImageObject","inLanguage":"en-US","@id":"https:\/\/www.gintaresgeles.lt\/en\/puokste\/one-color-bouquet-of-chrysanthemums\/#primaryimage","url":"https:\/\/www.gintaresgeles.lt\/wp-content\/uploads\/2019\/11\/geliu-puokste-chrizantemos.jpg","contentUrl":"https:\/\/www.gintaresgeles.lt\/wp-content\/uploads\/2019\/11\/geliu-puokste-chrizantemos.jpg","width":600,"height":600,"caption":"Monochrome bouquet of chrysanthemums for women"},{"@type":"BreadcrumbList","@id":"https:\/\/www.gintaresgeles.lt\/en\/puokste\/one-color-bouquet-of-chrysanthemums\/#breadcrumb","itemListElement":[{"@type":"ListItem","position":1,"name":"Prad\u017eia","item":"https:\/\/www.gintaresgeles.lt\/en\/"},{"@type":"ListItem","position":2,"name":"All flowers and other products","item":"https:\/\/www.gintaresgeles.lt\/en\/all-flowers-and-other-products\/"},{"@type":"ListItem","position":3,"name":"One color bouquet of chrysanthemums"}]},{"@type":"WebSite","@id":"https:\/\/www.gintaresgeles.lt\/en\/#website","url":"https:\/\/www.gintaresgeles.lt\/en\/","name":"gintaresgeles.lt","description":"G\u0117li\u0173 parduotuv\u0117 internete","potentialAction":[{"@type":"SearchAction","target":{"@type":"EntryPoint","urlTemplate":"https:\/\/www.gintaresgeles.lt\/en\/?s={search_term_string}"},"query-input":{"@type":"PropertyValueSpecification","valueRequired":true,"valueName":"search_term_string"}}],"inLanguage":"en-US"}]}},"_links":{"self":[{"href":"https:\/\/www.gintaresgeles.lt\/en\/wp-json\/wp\/v2\/product\/26275","targetHints":{"allow":["GET"]}}],"collection":[{"href":"https:\/\/www.gintaresgeles.lt\/en\/wp-json\/wp\/v2\/product"}],"about":[{"href":"https:\/\/www.gintaresgeles.lt\/en\/wp-json\/wp\/v2\/types\/product"}],"wp:featuredmedia":[{"embeddable":true,"href":"https:\/\/www.gintaresgeles.lt\/en\/wp-json\/wp\/v2\/media\/26248"}],"wp:attachment":[{"href":"https:\/\/www.gintaresgeles.lt\/en\/wp-json\/wp\/v2\/media?parent=26275"}],"wp:term":[{"taxonomy":"product_brand","embeddable":true,"href":"https:\/\/www.gintaresgeles.lt\/en\/wp-json\/wp\/v2\/product_brand?post=26275"},{"taxonomy":"product_cat","embeddable":true,"href":"https:\/\/www.gintaresgeles.lt\/en\/wp-json\/wp\/v2\/product_cat?post=26275"},{"taxonomy":"product_tag","embeddable":true,"href":"https:\/\/www.gintaresgeles.lt\/en\/wp-json\/wp\/v2\/product_tag?post=26275"}],"curies":[{"name":"wp","href":"https:\/\/api.w.org\/{rel}","templated":true}]}}