{"id":26317,"date":"2019-07-31T07:05:06","date_gmt":"2019-07-31T09:05:06","guid":{"rendered":"https:\/\/www.gintaresgeles.lt\/puokste\/two-colored-bouquet-of-peonies\/"},"modified":"2025-05-29T02:00:50","modified_gmt":"2025-05-29T00:00:50","slug":"two-colored-bouquet-of-peonies","status":"publish","type":"product","link":"https:\/\/www.gintaresgeles.lt\/en\/puokste\/two-colored-bouquet-of-peonies\/","title":{"rendered":"Two-colored bouquet of peonies"},"content":{"rendered":"","protected":false},"excerpt":{"rendered":"<p>Purchase this very adorable two-color bouquet of peonies (the color of the flowers may differ from the one in the photo), which will be perfect for different occasions and will certainly leave no one indifferent!<\/p>\n<p><em><strong>The colors are chosen from those we have on sale at the time, if you want a specific color contact us.<\/strong><\/em><\/p>\n","protected":false},"featured_media":24561,"template":"","meta":[],"product_brand":[],"product_cat":[261,260,259,252,266,265,256,253,257,268,1966,943],"product_tag":[],"class_list":{"0":"post-26317","1":"product","2":"type-product","3":"status-publish","4":"has-post-thumbnail","6":"product_cat-birthday-bouquets","7":"product_cat-birthday-flowers","8":"product_cat-flowers-by-occasion","9":"product_cat-flowers-by-recipient","10":"product_cat-flowers-by-style","11":"product_cat-flowers-by-type","12":"product_cat-flowers-for-girlfriend","13":"product_cat-flowers-for-mom","14":"product_cat-flowers-for-women","15":"product_cat-flower-bouquets","16":"product_cat-flowers-wrapped-in-paper","17":"product_cat-peonies","18":"tm-has-options","20":"first","21":"outofstock","22":"taxable","23":"shipping-taxable","24":"purchasable","25":"product-type-variable","26":"has-default-attributes"},"yoast_head":"<!-- This site is optimized with the Yoast SEO plugin v25.3 - https:\/\/yoast.com\/wordpress\/plugins\/seo\/ -->\n<title>Bouquet of peonies | Flower delivery in Vilnius | Gintar\u0117s g\u0117l\u0117s<\/title>\n<meta name=\"description\" content=\"This bouquet of peonies is perfect for greeting loved ones on various occasions. Order now and we will deliver the flowers to the address you specify.\" \/>\n<meta name=\"robots\" content=\"index, follow, max-snippet:-1, max-image-preview:large, max-video-preview:-1\" \/>\n<link rel=\"canonical\" href=\"https:\/\/www.gintaresgeles.lt\/en\/puokste\/two-colored-bouquet-of-peonies\/\" \/>\n<meta property=\"og:locale\" content=\"en_US\" \/>\n<meta property=\"og:type\" content=\"article\" \/>\n<meta property=\"og:title\" content=\"Bouquet of peonies | Flower delivery in Vilnius | Gintar\u0117s g\u0117l\u0117s\" \/>\n<meta property=\"og:description\" content=\"This bouquet of peonies is perfect for greeting loved ones on various occasions. Order now and we will deliver the flowers to the address you specify.\" \/>\n<meta property=\"og:url\" content=\"https:\/\/www.gintaresgeles.lt\/en\/puokste\/two-colored-bouquet-of-peonies\/\" \/>\n<meta property=\"og:site_name\" content=\"gintaresgeles.lt\" \/>\n<meta property=\"article:modified_time\" content=\"2025-05-29T00:00:50+00:00\" \/>\n<meta property=\"og:image\" content=\"https:\/\/www.gintaresgeles.lt\/wp-content\/uploads\/2019\/07\/geliu-puokstes-dvieju-spalvu-bijunai.jpg\" \/>\n\t<meta property=\"og:image:width\" content=\"600\" \/>\n\t<meta property=\"og:image:height\" content=\"600\" \/>\n\t<meta property=\"og:image:type\" content=\"image\/jpeg\" \/>\n<meta name=\"twitter:card\" content=\"summary_large_image\" \/>\n<script type=\"application\/ld+json\" class=\"yoast-schema-graph\">{\"@context\":\"https:\/\/schema.org\",\"@graph\":[{\"@type\":\"WebPage\",\"@id\":\"https:\/\/www.gintaresgeles.lt\/en\/puokste\/two-colored-bouquet-of-peonies\/\",\"url\":\"https:\/\/www.gintaresgeles.lt\/en\/puokste\/two-colored-bouquet-of-peonies\/\",\"name\":\"Bouquet of peonies | Flower delivery in Vilnius | Gintar\u0117s g\u0117l\u0117s\",\"isPartOf\":{\"@id\":\"https:\/\/www.gintaresgeles.lt\/en\/#website\"},\"primaryImageOfPage\":{\"@id\":\"https:\/\/www.gintaresgeles.lt\/en\/puokste\/two-colored-bouquet-of-peonies\/#primaryimage\"},\"image\":{\"@id\":\"https:\/\/www.gintaresgeles.lt\/en\/puokste\/two-colored-bouquet-of-peonies\/#primaryimage\"},\"thumbnailUrl\":\"https:\/\/www.gintaresgeles.lt\/wp-content\/uploads\/2019\/07\/geliu-puokstes-dvieju-spalvu-bijunai.jpg\",\"datePublished\":\"2019-07-31T09:05:06+00:00\",\"dateModified\":\"2025-05-29T00:00:50+00:00\",\"description\":\"This bouquet of peonies is perfect for greeting loved ones on various occasions. Order now and we will deliver the flowers to the address you specify.\",\"breadcrumb\":{\"@id\":\"https:\/\/www.gintaresgeles.lt\/en\/puokste\/two-colored-bouquet-of-peonies\/#breadcrumb\"},\"inLanguage\":\"en-US\",\"potentialAction\":[{\"@type\":\"ReadAction\",\"target\":[\"https:\/\/www.gintaresgeles.lt\/en\/puokste\/two-colored-bouquet-of-peonies\/\"]}]},{\"@type\":\"ImageObject\",\"inLanguage\":\"en-US\",\"@id\":\"https:\/\/www.gintaresgeles.lt\/en\/puokste\/two-colored-bouquet-of-peonies\/#primaryimage\",\"url\":\"https:\/\/www.gintaresgeles.lt\/wp-content\/uploads\/2019\/07\/geliu-puokstes-dvieju-spalvu-bijunai.jpg\",\"contentUrl\":\"https:\/\/www.gintaresgeles.lt\/wp-content\/uploads\/2019\/07\/geliu-puokstes-dvieju-spalvu-bijunai.jpg\",\"width\":600,\"height\":600,\"caption\":\"Two color peonies in a bouquet\"},{\"@type\":\"BreadcrumbList\",\"@id\":\"https:\/\/www.gintaresgeles.lt\/en\/puokste\/two-colored-bouquet-of-peonies\/#breadcrumb\",\"itemListElement\":[{\"@type\":\"ListItem\",\"position\":1,\"name\":\"Prad\u017eia\",\"item\":\"https:\/\/www.gintaresgeles.lt\/en\/\"},{\"@type\":\"ListItem\",\"position\":2,\"name\":\"All flowers and other products\",\"item\":\"https:\/\/www.gintaresgeles.lt\/en\/all-flowers-and-other-products\/\"},{\"@type\":\"ListItem\",\"position\":3,\"name\":\"Two-colored bouquet of peonies\"}]},{\"@type\":\"WebSite\",\"@id\":\"https:\/\/www.gintaresgeles.lt\/en\/#website\",\"url\":\"https:\/\/www.gintaresgeles.lt\/en\/\",\"name\":\"gintaresgeles.lt\",\"description\":\"G\u0117li\u0173 parduotuv\u0117 internete\",\"potentialAction\":[{\"@type\":\"SearchAction\",\"target\":{\"@type\":\"EntryPoint\",\"urlTemplate\":\"https:\/\/www.gintaresgeles.lt\/en\/?s={search_term_string}\"},\"query-input\":{\"@type\":\"PropertyValueSpecification\",\"valueRequired\":true,\"valueName\":\"search_term_string\"}}],\"inLanguage\":\"en-US\"}]}<\/script>\n<!-- \/ Yoast SEO plugin. -->","yoast_head_json":{"title":"Bouquet of peonies | Flower delivery in Vilnius | Gintar\u0117s g\u0117l\u0117s","description":"This bouquet of peonies is perfect for greeting loved ones on various occasions. Order now and we will deliver the flowers to the address you specify.","robots":{"index":"index","follow":"follow","max-snippet":"max-snippet:-1","max-image-preview":"max-image-preview:large","max-video-preview":"max-video-preview:-1"},"canonical":"https:\/\/www.gintaresgeles.lt\/en\/puokste\/two-colored-bouquet-of-peonies\/","og_locale":"en_US","og_type":"article","og_title":"Bouquet of peonies | Flower delivery in Vilnius | Gintar\u0117s g\u0117l\u0117s","og_description":"This bouquet of peonies is perfect for greeting loved ones on various occasions. Order now and we will deliver the flowers to the address you specify.","og_url":"https:\/\/www.gintaresgeles.lt\/en\/puokste\/two-colored-bouquet-of-peonies\/","og_site_name":"gintaresgeles.lt","article_modified_time":"2025-05-29T00:00:50+00:00","og_image":[{"width":600,"height":600,"url":"https:\/\/www.gintaresgeles.lt\/wp-content\/uploads\/2019\/07\/geliu-puokstes-dvieju-spalvu-bijunai.jpg","type":"image\/jpeg"}],"twitter_card":"summary_large_image","schema":{"@context":"https:\/\/schema.org","@graph":[{"@type":"WebPage","@id":"https:\/\/www.gintaresgeles.lt\/en\/puokste\/two-colored-bouquet-of-peonies\/","url":"https:\/\/www.gintaresgeles.lt\/en\/puokste\/two-colored-bouquet-of-peonies\/","name":"Bouquet of peonies | Flower delivery in Vilnius | Gintar\u0117s g\u0117l\u0117s","isPartOf":{"@id":"https:\/\/www.gintaresgeles.lt\/en\/#website"},"primaryImageOfPage":{"@id":"https:\/\/www.gintaresgeles.lt\/en\/puokste\/two-colored-bouquet-of-peonies\/#primaryimage"},"image":{"@id":"https:\/\/www.gintaresgeles.lt\/en\/puokste\/two-colored-bouquet-of-peonies\/#primaryimage"},"thumbnailUrl":"https:\/\/www.gintaresgeles.lt\/wp-content\/uploads\/2019\/07\/geliu-puokstes-dvieju-spalvu-bijunai.jpg","datePublished":"2019-07-31T09:05:06+00:00","dateModified":"2025-05-29T00:00:50+00:00","description":"This bouquet of peonies is perfect for greeting loved ones on various occasions. Order now and we will deliver the flowers to the address you specify.","breadcrumb":{"@id":"https:\/\/www.gintaresgeles.lt\/en\/puokste\/two-colored-bouquet-of-peonies\/#breadcrumb"},"inLanguage":"en-US","potentialAction":[{"@type":"ReadAction","target":["https:\/\/www.gintaresgeles.lt\/en\/puokste\/two-colored-bouquet-of-peonies\/"]}]},{"@type":"ImageObject","inLanguage":"en-US","@id":"https:\/\/www.gintaresgeles.lt\/en\/puokste\/two-colored-bouquet-of-peonies\/#primaryimage","url":"https:\/\/www.gintaresgeles.lt\/wp-content\/uploads\/2019\/07\/geliu-puokstes-dvieju-spalvu-bijunai.jpg","contentUrl":"https:\/\/www.gintaresgeles.lt\/wp-content\/uploads\/2019\/07\/geliu-puokstes-dvieju-spalvu-bijunai.jpg","width":600,"height":600,"caption":"Two color peonies in a bouquet"},{"@type":"BreadcrumbList","@id":"https:\/\/www.gintaresgeles.lt\/en\/puokste\/two-colored-bouquet-of-peonies\/#breadcrumb","itemListElement":[{"@type":"ListItem","position":1,"name":"Prad\u017eia","item":"https:\/\/www.gintaresgeles.lt\/en\/"},{"@type":"ListItem","position":2,"name":"All flowers and other products","item":"https:\/\/www.gintaresgeles.lt\/en\/all-flowers-and-other-products\/"},{"@type":"ListItem","position":3,"name":"Two-colored bouquet of peonies"}]},{"@type":"WebSite","@id":"https:\/\/www.gintaresgeles.lt\/en\/#website","url":"https:\/\/www.gintaresgeles.lt\/en\/","name":"gintaresgeles.lt","description":"G\u0117li\u0173 parduotuv\u0117 internete","potentialAction":[{"@type":"SearchAction","target":{"@type":"EntryPoint","urlTemplate":"https:\/\/www.gintaresgeles.lt\/en\/?s={search_term_string}"},"query-input":{"@type":"PropertyValueSpecification","valueRequired":true,"valueName":"search_term_string"}}],"inLanguage":"en-US"}]}},"_links":{"self":[{"href":"https:\/\/www.gintaresgeles.lt\/en\/wp-json\/wp\/v2\/product\/26317","targetHints":{"allow":["GET"]}}],"collection":[{"href":"https:\/\/www.gintaresgeles.lt\/en\/wp-json\/wp\/v2\/product"}],"about":[{"href":"https:\/\/www.gintaresgeles.lt\/en\/wp-json\/wp\/v2\/types\/product"}],"wp:featuredmedia":[{"embeddable":true,"href":"https:\/\/www.gintaresgeles.lt\/en\/wp-json\/wp\/v2\/media\/24561"}],"wp:attachment":[{"href":"https:\/\/www.gintaresgeles.lt\/en\/wp-json\/wp\/v2\/media?parent=26317"}],"wp:term":[{"taxonomy":"product_brand","embeddable":true,"href":"https:\/\/www.gintaresgeles.lt\/en\/wp-json\/wp\/v2\/product_brand?post=26317"},{"taxonomy":"product_cat","embeddable":true,"href":"https:\/\/www.gintaresgeles.lt\/en\/wp-json\/wp\/v2\/product_cat?post=26317"},{"taxonomy":"product_tag","embeddable":true,"href":"https:\/\/www.gintaresgeles.lt\/en\/wp-json\/wp\/v2\/product_tag?post=26317"}],"curies":[{"name":"wp","href":"https:\/\/api.w.org\/{rel}","templated":true}]}}