{"id":26400,"date":"2019-02-04T08:55:51","date_gmt":"2019-02-04T10:55:51","guid":{"rendered":"https:\/\/www.gintaresgeles.lt\/puokste\/pink-sleeping-rose-in-a-tube\/"},"modified":"2022-11-15T13:28:16","modified_gmt":"2022-11-15T10:28:16","slug":"pink-sleeping-rose-in-a-tube","status":"publish","type":"product","link":"https:\/\/www.gintaresgeles.lt\/en\/puokste\/pink-sleeping-rose-in-a-tube\/","title":{"rendered":"Pink sleeping rose in a tube"},"content":{"rendered":"<p>A pyramid-shaped box is an elegant way to present a pink sleeping rose. A sleeping rose is probably one of the warmest and most romantic expressions of love for your significant other. The flowers of sleeping roses are distinguished by the special richness of the color of the petals and the ability to maintain an impeccable appearance even after many months. These rose flowers are a 100% natural product that does not require sunlight, water or any other care. The box has a beautiful ribbon.<\/p>\n","protected":false},"excerpt":{"rendered":"<p>Padovanokite savo antrai pusei \u0161i\u0105 ro\u017ein\u0117s spalvos, dailioje pailgoje d\u0117\u017eut\u0117je patalpint\u0105, ro\u017e\u0119. J\u0173 nebl\u0117stantis gro\u017eis dar ilgai apgaubs j\u0105 \u0161iltais prisiminimais apie jus siejan\u010dius jausmus.<\/p>\n","protected":false},"featured_media":21765,"template":"","meta":[],"product_brand":[],"product_cat":[260,259,252,265,256,253,257,262,263,892,264],"product_tag":[],"class_list":{"0":"post-26400","1":"product","2":"type-product","3":"status-publish","4":"has-post-thumbnail","6":"product_cat-birthday-flowers","7":"product_cat-flowers-by-occasion","8":"product_cat-flowers-by-recipient","9":"product_cat-flowers-by-type","10":"product_cat-flowers-for-girlfriend","11":"product_cat-flowers-for-mom","12":"product_cat-flowers-for-women","13":"product_cat-march8th-flowers","14":"product_cat-mothers-day-flowers","15":"product_cat-sleeping-roses-en-flowers-by-type","16":"product_cat-valentines-day-flowers","17":"tm-no-options","19":"first","20":"outofstock","21":"taxable","22":"shipping-taxable","23":"purchasable","24":"product-type-variable","25":"has-default-attributes"},"yoast_head":"<!-- This site is optimized with the Yoast SEO plugin v25.3 - https:\/\/yoast.com\/wordpress\/plugins\/seo\/ -->\n<title>Pink sleeping rose in a tube | Romantic gifts | Gintar\u0117s G\u0117l\u0117s<\/title>\n<meta name=\"description\" content=\"Stabilizuotos miegan\u010dios ro\u017e\u0117s \u017eiedai yra sodriai ro\u017ein\u0117s spalvos balzamavimo b\u016bdu apdorotos g\u0117l\u0117s. Ro\u017e\u0117 gali b\u016bti patalpinta \u012f J\u016bs\u0173 pasirinkt\u0105 d\u0117\u017eut\u0119.\" \/>\n<meta name=\"robots\" content=\"index, follow, max-snippet:-1, max-image-preview:large, max-video-preview:-1\" \/>\n<link rel=\"canonical\" href=\"https:\/\/www.gintaresgeles.lt\/en\/puokste\/pink-sleeping-rose-in-a-tube\/\" \/>\n<meta property=\"og:locale\" content=\"en_US\" \/>\n<meta property=\"og:type\" content=\"article\" \/>\n<meta property=\"og:title\" content=\"Pink sleeping rose in a tube | Romantic gifts | Gintar\u0117s G\u0117l\u0117s\" \/>\n<meta property=\"og:description\" content=\"Stabilizuotos miegan\u010dios ro\u017e\u0117s \u017eiedai yra sodriai ro\u017ein\u0117s spalvos balzamavimo b\u016bdu apdorotos g\u0117l\u0117s. Ro\u017e\u0117 gali b\u016bti patalpinta \u012f J\u016bs\u0173 pasirinkt\u0105 d\u0117\u017eut\u0119.\" \/>\n<meta property=\"og:url\" content=\"https:\/\/www.gintaresgeles.lt\/en\/puokste\/pink-sleeping-rose-in-a-tube\/\" \/>\n<meta property=\"og:site_name\" content=\"gintaresgeles.lt\" \/>\n<meta property=\"article:modified_time\" content=\"2022-11-15T10:28:16+00:00\" \/>\n<meta property=\"og:image\" content=\"https:\/\/www.gintaresgeles.lt\/wp-content\/uploads\/2019\/02\/miegancios-rozes-rozines-spalvos.jpg\" \/>\n\t<meta property=\"og:image:width\" content=\"600\" \/>\n\t<meta property=\"og:image:height\" content=\"600\" \/>\n\t<meta property=\"og:image:type\" content=\"image\/jpeg\" \/>\n<meta name=\"twitter:card\" content=\"summary_large_image\" \/>\n<script type=\"application\/ld+json\" class=\"yoast-schema-graph\">{\"@context\":\"https:\/\/schema.org\",\"@graph\":[{\"@type\":\"WebPage\",\"@id\":\"https:\/\/www.gintaresgeles.lt\/en\/puokste\/pink-sleeping-rose-in-a-tube\/\",\"url\":\"https:\/\/www.gintaresgeles.lt\/en\/puokste\/pink-sleeping-rose-in-a-tube\/\",\"name\":\"Pink sleeping rose in a tube | Romantic gifts | Gintar\u0117s G\u0117l\u0117s\",\"isPartOf\":{\"@id\":\"https:\/\/www.gintaresgeles.lt\/en\/#website\"},\"primaryImageOfPage\":{\"@id\":\"https:\/\/www.gintaresgeles.lt\/en\/puokste\/pink-sleeping-rose-in-a-tube\/#primaryimage\"},\"image\":{\"@id\":\"https:\/\/www.gintaresgeles.lt\/en\/puokste\/pink-sleeping-rose-in-a-tube\/#primaryimage\"},\"thumbnailUrl\":\"https:\/\/www.gintaresgeles.lt\/wp-content\/uploads\/2019\/02\/miegancios-rozes-rozines-spalvos.jpg\",\"datePublished\":\"2019-02-04T10:55:51+00:00\",\"dateModified\":\"2022-11-15T10:28:16+00:00\",\"description\":\"Stabilizuotos miegan\u010dios ro\u017e\u0117s \u017eiedai yra sodriai ro\u017ein\u0117s spalvos balzamavimo b\u016bdu apdorotos g\u0117l\u0117s. Ro\u017e\u0117 gali b\u016bti patalpinta \u012f J\u016bs\u0173 pasirinkt\u0105 d\u0117\u017eut\u0119.\",\"breadcrumb\":{\"@id\":\"https:\/\/www.gintaresgeles.lt\/en\/puokste\/pink-sleeping-rose-in-a-tube\/#breadcrumb\"},\"inLanguage\":\"en-US\",\"potentialAction\":[{\"@type\":\"ReadAction\",\"target\":[\"https:\/\/www.gintaresgeles.lt\/en\/puokste\/pink-sleeping-rose-in-a-tube\/\"]}]},{\"@type\":\"ImageObject\",\"inLanguage\":\"en-US\",\"@id\":\"https:\/\/www.gintaresgeles.lt\/en\/puokste\/pink-sleeping-rose-in-a-tube\/#primaryimage\",\"url\":\"https:\/\/www.gintaresgeles.lt\/wp-content\/uploads\/2019\/02\/miegancios-rozes-rozines-spalvos.jpg\",\"contentUrl\":\"https:\/\/www.gintaresgeles.lt\/wp-content\/uploads\/2019\/02\/miegancios-rozes-rozines-spalvos.jpg\",\"width\":600,\"height\":600,\"caption\":\"Ro\u017ein\u0117 stabilizuota mieganti ro\u017e\u0117 t\u016bboje\"},{\"@type\":\"BreadcrumbList\",\"@id\":\"https:\/\/www.gintaresgeles.lt\/en\/puokste\/pink-sleeping-rose-in-a-tube\/#breadcrumb\",\"itemListElement\":[{\"@type\":\"ListItem\",\"position\":1,\"name\":\"Prad\u017eia\",\"item\":\"https:\/\/www.gintaresgeles.lt\/en\/\"},{\"@type\":\"ListItem\",\"position\":2,\"name\":\"All flowers and other products\",\"item\":\"https:\/\/www.gintaresgeles.lt\/en\/all-flowers-and-other-products\/\"},{\"@type\":\"ListItem\",\"position\":3,\"name\":\"Pink sleeping rose in a tube\"}]},{\"@type\":\"WebSite\",\"@id\":\"https:\/\/www.gintaresgeles.lt\/en\/#website\",\"url\":\"https:\/\/www.gintaresgeles.lt\/en\/\",\"name\":\"gintaresgeles.lt\",\"description\":\"G\u0117li\u0173 parduotuv\u0117 internete\",\"potentialAction\":[{\"@type\":\"SearchAction\",\"target\":{\"@type\":\"EntryPoint\",\"urlTemplate\":\"https:\/\/www.gintaresgeles.lt\/en\/?s={search_term_string}\"},\"query-input\":{\"@type\":\"PropertyValueSpecification\",\"valueRequired\":true,\"valueName\":\"search_term_string\"}}],\"inLanguage\":\"en-US\"}]}<\/script>\n<!-- \/ Yoast SEO plugin. -->","yoast_head_json":{"title":"Pink sleeping rose in a tube | Romantic gifts | Gintar\u0117s G\u0117l\u0117s","description":"Stabilizuotos miegan\u010dios ro\u017e\u0117s \u017eiedai yra sodriai ro\u017ein\u0117s spalvos balzamavimo b\u016bdu apdorotos g\u0117l\u0117s. Ro\u017e\u0117 gali b\u016bti patalpinta \u012f J\u016bs\u0173 pasirinkt\u0105 d\u0117\u017eut\u0119.","robots":{"index":"index","follow":"follow","max-snippet":"max-snippet:-1","max-image-preview":"max-image-preview:large","max-video-preview":"max-video-preview:-1"},"canonical":"https:\/\/www.gintaresgeles.lt\/en\/puokste\/pink-sleeping-rose-in-a-tube\/","og_locale":"en_US","og_type":"article","og_title":"Pink sleeping rose in a tube | Romantic gifts | Gintar\u0117s G\u0117l\u0117s","og_description":"Stabilizuotos miegan\u010dios ro\u017e\u0117s \u017eiedai yra sodriai ro\u017ein\u0117s spalvos balzamavimo b\u016bdu apdorotos g\u0117l\u0117s. Ro\u017e\u0117 gali b\u016bti patalpinta \u012f J\u016bs\u0173 pasirinkt\u0105 d\u0117\u017eut\u0119.","og_url":"https:\/\/www.gintaresgeles.lt\/en\/puokste\/pink-sleeping-rose-in-a-tube\/","og_site_name":"gintaresgeles.lt","article_modified_time":"2022-11-15T10:28:16+00:00","og_image":[{"width":600,"height":600,"url":"https:\/\/www.gintaresgeles.lt\/wp-content\/uploads\/2019\/02\/miegancios-rozes-rozines-spalvos.jpg","type":"image\/jpeg"}],"twitter_card":"summary_large_image","schema":{"@context":"https:\/\/schema.org","@graph":[{"@type":"WebPage","@id":"https:\/\/www.gintaresgeles.lt\/en\/puokste\/pink-sleeping-rose-in-a-tube\/","url":"https:\/\/www.gintaresgeles.lt\/en\/puokste\/pink-sleeping-rose-in-a-tube\/","name":"Pink sleeping rose in a tube | Romantic gifts | Gintar\u0117s G\u0117l\u0117s","isPartOf":{"@id":"https:\/\/www.gintaresgeles.lt\/en\/#website"},"primaryImageOfPage":{"@id":"https:\/\/www.gintaresgeles.lt\/en\/puokste\/pink-sleeping-rose-in-a-tube\/#primaryimage"},"image":{"@id":"https:\/\/www.gintaresgeles.lt\/en\/puokste\/pink-sleeping-rose-in-a-tube\/#primaryimage"},"thumbnailUrl":"https:\/\/www.gintaresgeles.lt\/wp-content\/uploads\/2019\/02\/miegancios-rozes-rozines-spalvos.jpg","datePublished":"2019-02-04T10:55:51+00:00","dateModified":"2022-11-15T10:28:16+00:00","description":"Stabilizuotos miegan\u010dios ro\u017e\u0117s \u017eiedai yra sodriai ro\u017ein\u0117s spalvos balzamavimo b\u016bdu apdorotos g\u0117l\u0117s. Ro\u017e\u0117 gali b\u016bti patalpinta \u012f J\u016bs\u0173 pasirinkt\u0105 d\u0117\u017eut\u0119.","breadcrumb":{"@id":"https:\/\/www.gintaresgeles.lt\/en\/puokste\/pink-sleeping-rose-in-a-tube\/#breadcrumb"},"inLanguage":"en-US","potentialAction":[{"@type":"ReadAction","target":["https:\/\/www.gintaresgeles.lt\/en\/puokste\/pink-sleeping-rose-in-a-tube\/"]}]},{"@type":"ImageObject","inLanguage":"en-US","@id":"https:\/\/www.gintaresgeles.lt\/en\/puokste\/pink-sleeping-rose-in-a-tube\/#primaryimage","url":"https:\/\/www.gintaresgeles.lt\/wp-content\/uploads\/2019\/02\/miegancios-rozes-rozines-spalvos.jpg","contentUrl":"https:\/\/www.gintaresgeles.lt\/wp-content\/uploads\/2019\/02\/miegancios-rozes-rozines-spalvos.jpg","width":600,"height":600,"caption":"Ro\u017ein\u0117 stabilizuota mieganti ro\u017e\u0117 t\u016bboje"},{"@type":"BreadcrumbList","@id":"https:\/\/www.gintaresgeles.lt\/en\/puokste\/pink-sleeping-rose-in-a-tube\/#breadcrumb","itemListElement":[{"@type":"ListItem","position":1,"name":"Prad\u017eia","item":"https:\/\/www.gintaresgeles.lt\/en\/"},{"@type":"ListItem","position":2,"name":"All flowers and other products","item":"https:\/\/www.gintaresgeles.lt\/en\/all-flowers-and-other-products\/"},{"@type":"ListItem","position":3,"name":"Pink sleeping rose in a tube"}]},{"@type":"WebSite","@id":"https:\/\/www.gintaresgeles.lt\/en\/#website","url":"https:\/\/www.gintaresgeles.lt\/en\/","name":"gintaresgeles.lt","description":"G\u0117li\u0173 parduotuv\u0117 internete","potentialAction":[{"@type":"SearchAction","target":{"@type":"EntryPoint","urlTemplate":"https:\/\/www.gintaresgeles.lt\/en\/?s={search_term_string}"},"query-input":{"@type":"PropertyValueSpecification","valueRequired":true,"valueName":"search_term_string"}}],"inLanguage":"en-US"}]}},"_links":{"self":[{"href":"https:\/\/www.gintaresgeles.lt\/en\/wp-json\/wp\/v2\/product\/26400","targetHints":{"allow":["GET"]}}],"collection":[{"href":"https:\/\/www.gintaresgeles.lt\/en\/wp-json\/wp\/v2\/product"}],"about":[{"href":"https:\/\/www.gintaresgeles.lt\/en\/wp-json\/wp\/v2\/types\/product"}],"wp:featuredmedia":[{"embeddable":true,"href":"https:\/\/www.gintaresgeles.lt\/en\/wp-json\/wp\/v2\/media\/21765"}],"wp:attachment":[{"href":"https:\/\/www.gintaresgeles.lt\/en\/wp-json\/wp\/v2\/media?parent=26400"}],"wp:term":[{"taxonomy":"product_brand","embeddable":true,"href":"https:\/\/www.gintaresgeles.lt\/en\/wp-json\/wp\/v2\/product_brand?post=26400"},{"taxonomy":"product_cat","embeddable":true,"href":"https:\/\/www.gintaresgeles.lt\/en\/wp-json\/wp\/v2\/product_cat?post=26400"},{"taxonomy":"product_tag","embeddable":true,"href":"https:\/\/www.gintaresgeles.lt\/en\/wp-json\/wp\/v2\/product_tag?post=26400"}],"curies":[{"name":"wp","href":"https:\/\/api.w.org\/{rel}","templated":true}]}}