{"id":26408,"date":"2019-02-04T08:53:38","date_gmt":"2019-02-04T10:53:38","guid":{"rendered":"https:\/\/www.gintaresgeles.lt\/puokste\/purple-sleeping-rose-in-a-tube\/"},"modified":"2022-11-22T13:20:32","modified_gmt":"2022-11-22T10:20:32","slug":"purple-sleeping-rose-in-a-tube","status":"publish","type":"product","link":"https:\/\/www.gintaresgeles.lt\/en\/puokste\/purple-sleeping-rose-in-a-tube\/","title":{"rendered":"Purple sleeping rose in a tube"},"content":{"rendered":"<p>A pyramid-shaped box is an elegant way to present a purple sleeping rose. A sleeping rose is probably one of the warmest and most romantic expressions of love for your significant other. The flowers of sleeping roses are distinguished by the special richness of the color of the petals and the ability to maintain an impeccable appearance even after many months. These rose flowers are a 100% natural product that does not require sunlight, water or any other care. The box has a beautiful ribbon.<\/p>\n","protected":false},"excerpt":{"rendered":"<p>Give your other half this purple rose in a neat elongated box. Their unfading beauty will stay for a long time, envelop her with warm memories of the feelings that bind you.<\/p>\n","protected":false},"featured_media":21746,"template":"","meta":[],"product_brand":[],"product_cat":[260,259,252,256,253,257,262,263,892,264],"product_tag":[],"class_list":{"0":"post-26408","1":"product","2":"type-product","3":"status-publish","4":"has-post-thumbnail","6":"product_cat-birthday-flowers","7":"product_cat-flowers-by-occasion","8":"product_cat-flowers-by-recipient","9":"product_cat-flowers-for-girlfriend","10":"product_cat-flowers-for-mom","11":"product_cat-flowers-for-women","12":"product_cat-march8th-flowers","13":"product_cat-mothers-day-flowers","14":"product_cat-sleeping-roses-en-flowers-by-type","15":"product_cat-valentines-day-flowers","16":"tm-no-options","18":"first","19":"outofstock","20":"taxable","21":"shipping-taxable","22":"purchasable","23":"product-type-variable","24":"has-default-attributes"},"yoast_head":"<!-- This site is optimized with the Yoast SEO plugin v25.3 - https:\/\/yoast.com\/wordpress\/plugins\/seo\/ -->\n<title>Purple sleeping rose in a tube | Stabilized flowers | Gintar\u0117s G\u0117l\u0117s<\/title>\n<meta name=\"description\" content=\"The stabilized sleeping rose blossoms are rich purple embalmed flowers. The rose can be placed in a box of your choice.\" \/>\n<meta name=\"robots\" content=\"index, follow, max-snippet:-1, max-image-preview:large, max-video-preview:-1\" \/>\n<link rel=\"canonical\" href=\"https:\/\/www.gintaresgeles.lt\/en\/puokste\/purple-sleeping-rose-in-a-tube\/\" \/>\n<meta property=\"og:locale\" content=\"en_US\" \/>\n<meta property=\"og:type\" content=\"article\" \/>\n<meta property=\"og:title\" content=\"Purple sleeping rose in a tube | Stabilized flowers | Gintar\u0117s G\u0117l\u0117s\" \/>\n<meta property=\"og:description\" content=\"The stabilized sleeping rose blossoms are rich purple embalmed flowers. The rose can be placed in a box of your choice.\" \/>\n<meta property=\"og:url\" content=\"https:\/\/www.gintaresgeles.lt\/en\/puokste\/purple-sleeping-rose-in-a-tube\/\" \/>\n<meta property=\"og:site_name\" content=\"gintaresgeles.lt\" \/>\n<meta property=\"article:modified_time\" content=\"2022-11-22T10:20:32+00:00\" \/>\n<meta property=\"og:image\" content=\"https:\/\/www.gintaresgeles.lt\/wp-content\/uploads\/2019\/02\/balzamuota-violetine-roze.jpg\" \/>\n\t<meta property=\"og:image:width\" content=\"600\" \/>\n\t<meta property=\"og:image:height\" content=\"600\" \/>\n\t<meta property=\"og:image:type\" content=\"image\/jpeg\" \/>\n<meta name=\"twitter:card\" content=\"summary_large_image\" \/>\n<script type=\"application\/ld+json\" class=\"yoast-schema-graph\">{\"@context\":\"https:\/\/schema.org\",\"@graph\":[{\"@type\":\"WebPage\",\"@id\":\"https:\/\/www.gintaresgeles.lt\/en\/puokste\/purple-sleeping-rose-in-a-tube\/\",\"url\":\"https:\/\/www.gintaresgeles.lt\/en\/puokste\/purple-sleeping-rose-in-a-tube\/\",\"name\":\"Purple sleeping rose in a tube | Stabilized flowers | Gintar\u0117s G\u0117l\u0117s\",\"isPartOf\":{\"@id\":\"https:\/\/www.gintaresgeles.lt\/en\/#website\"},\"primaryImageOfPage\":{\"@id\":\"https:\/\/www.gintaresgeles.lt\/en\/puokste\/purple-sleeping-rose-in-a-tube\/#primaryimage\"},\"image\":{\"@id\":\"https:\/\/www.gintaresgeles.lt\/en\/puokste\/purple-sleeping-rose-in-a-tube\/#primaryimage\"},\"thumbnailUrl\":\"https:\/\/www.gintaresgeles.lt\/wp-content\/uploads\/2019\/02\/balzamuota-violetine-roze.jpg\",\"datePublished\":\"2019-02-04T10:53:38+00:00\",\"dateModified\":\"2022-11-22T10:20:32+00:00\",\"description\":\"The stabilized sleeping rose blossoms are rich purple embalmed flowers. The rose can be placed in a box of your choice.\",\"breadcrumb\":{\"@id\":\"https:\/\/www.gintaresgeles.lt\/en\/puokste\/purple-sleeping-rose-in-a-tube\/#breadcrumb\"},\"inLanguage\":\"en-US\",\"potentialAction\":[{\"@type\":\"ReadAction\",\"target\":[\"https:\/\/www.gintaresgeles.lt\/en\/puokste\/purple-sleeping-rose-in-a-tube\/\"]}]},{\"@type\":\"ImageObject\",\"inLanguage\":\"en-US\",\"@id\":\"https:\/\/www.gintaresgeles.lt\/en\/puokste\/purple-sleeping-rose-in-a-tube\/#primaryimage\",\"url\":\"https:\/\/www.gintaresgeles.lt\/wp-content\/uploads\/2019\/02\/balzamuota-violetine-roze.jpg\",\"contentUrl\":\"https:\/\/www.gintaresgeles.lt\/wp-content\/uploads\/2019\/02\/balzamuota-violetine-roze.jpg\",\"width\":600,\"height\":600,\"caption\":\"A stabilized purple rose in a tube\"},{\"@type\":\"BreadcrumbList\",\"@id\":\"https:\/\/www.gintaresgeles.lt\/en\/puokste\/purple-sleeping-rose-in-a-tube\/#breadcrumb\",\"itemListElement\":[{\"@type\":\"ListItem\",\"position\":1,\"name\":\"Prad\u017eia\",\"item\":\"https:\/\/www.gintaresgeles.lt\/en\/\"},{\"@type\":\"ListItem\",\"position\":2,\"name\":\"All flowers and other products\",\"item\":\"https:\/\/www.gintaresgeles.lt\/en\/all-flowers-and-other-products\/\"},{\"@type\":\"ListItem\",\"position\":3,\"name\":\"Purple sleeping rose in a tube\"}]},{\"@type\":\"WebSite\",\"@id\":\"https:\/\/www.gintaresgeles.lt\/en\/#website\",\"url\":\"https:\/\/www.gintaresgeles.lt\/en\/\",\"name\":\"gintaresgeles.lt\",\"description\":\"G\u0117li\u0173 parduotuv\u0117 internete\",\"potentialAction\":[{\"@type\":\"SearchAction\",\"target\":{\"@type\":\"EntryPoint\",\"urlTemplate\":\"https:\/\/www.gintaresgeles.lt\/en\/?s={search_term_string}\"},\"query-input\":{\"@type\":\"PropertyValueSpecification\",\"valueRequired\":true,\"valueName\":\"search_term_string\"}}],\"inLanguage\":\"en-US\"}]}<\/script>\n<!-- \/ Yoast SEO plugin. -->","yoast_head_json":{"title":"Purple sleeping rose in a tube | Stabilized flowers | Gintar\u0117s G\u0117l\u0117s","description":"The stabilized sleeping rose blossoms are rich purple embalmed flowers. The rose can be placed in a box of your choice.","robots":{"index":"index","follow":"follow","max-snippet":"max-snippet:-1","max-image-preview":"max-image-preview:large","max-video-preview":"max-video-preview:-1"},"canonical":"https:\/\/www.gintaresgeles.lt\/en\/puokste\/purple-sleeping-rose-in-a-tube\/","og_locale":"en_US","og_type":"article","og_title":"Purple sleeping rose in a tube | Stabilized flowers | Gintar\u0117s G\u0117l\u0117s","og_description":"The stabilized sleeping rose blossoms are rich purple embalmed flowers. The rose can be placed in a box of your choice.","og_url":"https:\/\/www.gintaresgeles.lt\/en\/puokste\/purple-sleeping-rose-in-a-tube\/","og_site_name":"gintaresgeles.lt","article_modified_time":"2022-11-22T10:20:32+00:00","og_image":[{"width":600,"height":600,"url":"https:\/\/www.gintaresgeles.lt\/wp-content\/uploads\/2019\/02\/balzamuota-violetine-roze.jpg","type":"image\/jpeg"}],"twitter_card":"summary_large_image","schema":{"@context":"https:\/\/schema.org","@graph":[{"@type":"WebPage","@id":"https:\/\/www.gintaresgeles.lt\/en\/puokste\/purple-sleeping-rose-in-a-tube\/","url":"https:\/\/www.gintaresgeles.lt\/en\/puokste\/purple-sleeping-rose-in-a-tube\/","name":"Purple sleeping rose in a tube | Stabilized flowers | Gintar\u0117s G\u0117l\u0117s","isPartOf":{"@id":"https:\/\/www.gintaresgeles.lt\/en\/#website"},"primaryImageOfPage":{"@id":"https:\/\/www.gintaresgeles.lt\/en\/puokste\/purple-sleeping-rose-in-a-tube\/#primaryimage"},"image":{"@id":"https:\/\/www.gintaresgeles.lt\/en\/puokste\/purple-sleeping-rose-in-a-tube\/#primaryimage"},"thumbnailUrl":"https:\/\/www.gintaresgeles.lt\/wp-content\/uploads\/2019\/02\/balzamuota-violetine-roze.jpg","datePublished":"2019-02-04T10:53:38+00:00","dateModified":"2022-11-22T10:20:32+00:00","description":"The stabilized sleeping rose blossoms are rich purple embalmed flowers. The rose can be placed in a box of your choice.","breadcrumb":{"@id":"https:\/\/www.gintaresgeles.lt\/en\/puokste\/purple-sleeping-rose-in-a-tube\/#breadcrumb"},"inLanguage":"en-US","potentialAction":[{"@type":"ReadAction","target":["https:\/\/www.gintaresgeles.lt\/en\/puokste\/purple-sleeping-rose-in-a-tube\/"]}]},{"@type":"ImageObject","inLanguage":"en-US","@id":"https:\/\/www.gintaresgeles.lt\/en\/puokste\/purple-sleeping-rose-in-a-tube\/#primaryimage","url":"https:\/\/www.gintaresgeles.lt\/wp-content\/uploads\/2019\/02\/balzamuota-violetine-roze.jpg","contentUrl":"https:\/\/www.gintaresgeles.lt\/wp-content\/uploads\/2019\/02\/balzamuota-violetine-roze.jpg","width":600,"height":600,"caption":"A stabilized purple rose in a tube"},{"@type":"BreadcrumbList","@id":"https:\/\/www.gintaresgeles.lt\/en\/puokste\/purple-sleeping-rose-in-a-tube\/#breadcrumb","itemListElement":[{"@type":"ListItem","position":1,"name":"Prad\u017eia","item":"https:\/\/www.gintaresgeles.lt\/en\/"},{"@type":"ListItem","position":2,"name":"All flowers and other products","item":"https:\/\/www.gintaresgeles.lt\/en\/all-flowers-and-other-products\/"},{"@type":"ListItem","position":3,"name":"Purple sleeping rose in a tube"}]},{"@type":"WebSite","@id":"https:\/\/www.gintaresgeles.lt\/en\/#website","url":"https:\/\/www.gintaresgeles.lt\/en\/","name":"gintaresgeles.lt","description":"G\u0117li\u0173 parduotuv\u0117 internete","potentialAction":[{"@type":"SearchAction","target":{"@type":"EntryPoint","urlTemplate":"https:\/\/www.gintaresgeles.lt\/en\/?s={search_term_string}"},"query-input":{"@type":"PropertyValueSpecification","valueRequired":true,"valueName":"search_term_string"}}],"inLanguage":"en-US"}]}},"_links":{"self":[{"href":"https:\/\/www.gintaresgeles.lt\/en\/wp-json\/wp\/v2\/product\/26408","targetHints":{"allow":["GET"]}}],"collection":[{"href":"https:\/\/www.gintaresgeles.lt\/en\/wp-json\/wp\/v2\/product"}],"about":[{"href":"https:\/\/www.gintaresgeles.lt\/en\/wp-json\/wp\/v2\/types\/product"}],"wp:featuredmedia":[{"embeddable":true,"href":"https:\/\/www.gintaresgeles.lt\/en\/wp-json\/wp\/v2\/media\/21746"}],"wp:attachment":[{"href":"https:\/\/www.gintaresgeles.lt\/en\/wp-json\/wp\/v2\/media?parent=26408"}],"wp:term":[{"taxonomy":"product_brand","embeddable":true,"href":"https:\/\/www.gintaresgeles.lt\/en\/wp-json\/wp\/v2\/product_brand?post=26408"},{"taxonomy":"product_cat","embeddable":true,"href":"https:\/\/www.gintaresgeles.lt\/en\/wp-json\/wp\/v2\/product_cat?post=26408"},{"taxonomy":"product_tag","embeddable":true,"href":"https:\/\/www.gintaresgeles.lt\/en\/wp-json\/wp\/v2\/product_tag?post=26408"}],"curies":[{"name":"wp","href":"https:\/\/api.w.org\/{rel}","templated":true}]}}