{"id":26432,"date":"2019-01-24T13:19:23","date_gmt":"2019-01-24T15:19:23","guid":{"rendered":"https:\/\/www.gintaresgeles.lt\/puokste\/a-small-yellow-sleeping-rose\/"},"modified":"2021-03-29T11:53:16","modified_gmt":"2021-03-29T09:53:16","slug":"a-small-yellow-sleeping-rose","status":"publish","type":"product","link":"https:\/\/www.gintaresgeles.lt\/en\/puokste\/a-small-yellow-sleeping-rose\/","title":{"rendered":"A small yellow sleeping rose"},"content":{"rendered":"<p>The sleeping rose under the glass symbolizes the warmest feelings and sincere love. Giving a yellow stabilized rose will show your loved one that you are thinking about her every day and your dear person that you respect him or her. Sleeping roses are natural, picked in their most beautiful form &#8211; conserved flowers, so they last up to several years. The recipient will receive not only a sleeping yellow rose, but also a dome to cover and admire for many years to come. This gift will be wrapped in a brightly colored ribbon that matches the yellow rose. The black matte wood base has a diameter of 11cm and a dome height of 25cm.<\/p>\n","protected":false},"excerpt":{"rendered":"<p>Want to impress your loved ones? Give this romantic gift\u00a0 that won&#8217;t leave anyone indifferent. The stabilized yellow rose under the glass is not only a symbol of love but also of endless respect. The brightly colored ribbon around the glass dome will add an extra charm to the embalmed rose, whose beauty can be enjoyed for up to a couple of years.<\/p>\n","protected":false},"featured_media":39929,"template":"","meta":[],"product_brand":[],"product_cat":[259,252,265,256,257,428,262,263,892,264],"product_tag":[],"class_list":{"0":"post-26432","1":"product","2":"type-product","3":"status-publish","4":"has-post-thumbnail","6":"product_cat-flowers-by-occasion","7":"product_cat-flowers-by-recipient","8":"product_cat-flowers-by-type","9":"product_cat-flowers-for-girlfriend","10":"product_cat-flowers-for-women","11":"product_cat-jubilee-flowers","12":"product_cat-march8th-flowers","13":"product_cat-mothers-day-flowers","14":"product_cat-sleeping-roses-en-flowers-by-type","15":"product_cat-valentines-day-flowers","16":"tm-has-options","18":"first","19":"outofstock","20":"taxable","21":"shipping-taxable","22":"purchasable","23":"product-type-simple"},"yoast_head":"<!-- This site is optimized with the Yoast SEO plugin v25.3 - https:\/\/yoast.com\/wordpress\/plugins\/seo\/ -->\n<title>Little Yellow Sleeping Rose | Stabilized flowers | Gintar\u0117s G\u0117l\u0117s<\/title>\n<meta name=\"description\" content=\"The mini-sized sleeping rose under the glass is a yellow stabilized flower. The flower is placed under a glass dome, which is bound by a brightly colored ribbon.\" \/>\n<meta name=\"robots\" content=\"index, follow, max-snippet:-1, max-image-preview:large, max-video-preview:-1\" \/>\n<link rel=\"canonical\" href=\"https:\/\/www.gintaresgeles.lt\/en\/puokste\/a-small-yellow-sleeping-rose\/\" \/>\n<meta property=\"og:locale\" content=\"en_US\" \/>\n<meta property=\"og:type\" content=\"article\" \/>\n<meta property=\"og:title\" content=\"Little Yellow Sleeping Rose | Stabilized flowers | Gintar\u0117s G\u0117l\u0117s\" \/>\n<meta property=\"og:description\" content=\"The mini-sized sleeping rose under the glass is a yellow stabilized flower. The flower is placed under a glass dome, which is bound by a brightly colored ribbon.\" \/>\n<meta property=\"og:url\" content=\"https:\/\/www.gintaresgeles.lt\/en\/puokste\/a-small-yellow-sleeping-rose\/\" \/>\n<meta property=\"og:site_name\" content=\"gintaresgeles.lt\" \/>\n<meta property=\"article:modified_time\" content=\"2021-03-29T09:53:16+00:00\" \/>\n<meta property=\"og:image\" content=\"https:\/\/www.gintaresgeles.lt\/wp-content\/uploads\/2019\/01\/maza-stabilizuota-roze-po-stiklu-geltonos-spalvos-scaled.jpg\" \/>\n\t<meta property=\"og:image:width\" content=\"2560\" \/>\n\t<meta property=\"og:image:height\" content=\"2560\" \/>\n\t<meta property=\"og:image:type\" content=\"image\/jpeg\" \/>\n<meta name=\"twitter:card\" content=\"summary_large_image\" \/>\n<meta name=\"twitter:label1\" content=\"Est. reading time\" \/>\n\t<meta name=\"twitter:data1\" content=\"1 minute\" \/>\n<script type=\"application\/ld+json\" class=\"yoast-schema-graph\">{\"@context\":\"https:\/\/schema.org\",\"@graph\":[{\"@type\":\"WebPage\",\"@id\":\"https:\/\/www.gintaresgeles.lt\/en\/puokste\/a-small-yellow-sleeping-rose\/\",\"url\":\"https:\/\/www.gintaresgeles.lt\/en\/puokste\/a-small-yellow-sleeping-rose\/\",\"name\":\"Little Yellow Sleeping Rose | Stabilized flowers | Gintar\u0117s G\u0117l\u0117s\",\"isPartOf\":{\"@id\":\"https:\/\/www.gintaresgeles.lt\/en\/#website\"},\"primaryImageOfPage\":{\"@id\":\"https:\/\/www.gintaresgeles.lt\/en\/puokste\/a-small-yellow-sleeping-rose\/#primaryimage\"},\"image\":{\"@id\":\"https:\/\/www.gintaresgeles.lt\/en\/puokste\/a-small-yellow-sleeping-rose\/#primaryimage\"},\"thumbnailUrl\":\"https:\/\/www.gintaresgeles.lt\/wp-content\/uploads\/2019\/01\/maza-stabilizuota-roze-po-stiklu-geltonos-spalvos-scaled.jpg\",\"datePublished\":\"2019-01-24T15:19:23+00:00\",\"dateModified\":\"2021-03-29T09:53:16+00:00\",\"description\":\"The mini-sized sleeping rose under the glass is a yellow stabilized flower. The flower is placed under a glass dome, which is bound by a brightly colored ribbon.\",\"breadcrumb\":{\"@id\":\"https:\/\/www.gintaresgeles.lt\/en\/puokste\/a-small-yellow-sleeping-rose\/#breadcrumb\"},\"inLanguage\":\"en-US\",\"potentialAction\":[{\"@type\":\"ReadAction\",\"target\":[\"https:\/\/www.gintaresgeles.lt\/en\/puokste\/a-small-yellow-sleeping-rose\/\"]}]},{\"@type\":\"ImageObject\",\"inLanguage\":\"en-US\",\"@id\":\"https:\/\/www.gintaresgeles.lt\/en\/puokste\/a-small-yellow-sleeping-rose\/#primaryimage\",\"url\":\"https:\/\/www.gintaresgeles.lt\/wp-content\/uploads\/2019\/01\/maza-stabilizuota-roze-po-stiklu-geltonos-spalvos-scaled.jpg\",\"contentUrl\":\"https:\/\/www.gintaresgeles.lt\/wp-content\/uploads\/2019\/01\/maza-stabilizuota-roze-po-stiklu-geltonos-spalvos-scaled.jpg\",\"width\":2560,\"height\":2560,\"caption\":\"Geltona mieganti ma\u017ea ro\u017e\u0117 po stiklu dovana merginai\"},{\"@type\":\"BreadcrumbList\",\"@id\":\"https:\/\/www.gintaresgeles.lt\/en\/puokste\/a-small-yellow-sleeping-rose\/#breadcrumb\",\"itemListElement\":[{\"@type\":\"ListItem\",\"position\":1,\"name\":\"Prad\u017eia\",\"item\":\"https:\/\/www.gintaresgeles.lt\/en\/\"},{\"@type\":\"ListItem\",\"position\":2,\"name\":\"All flowers and other products\",\"item\":\"https:\/\/www.gintaresgeles.lt\/en\/all-flowers-and-other-products\/\"},{\"@type\":\"ListItem\",\"position\":3,\"name\":\"A small yellow sleeping rose\"}]},{\"@type\":\"WebSite\",\"@id\":\"https:\/\/www.gintaresgeles.lt\/en\/#website\",\"url\":\"https:\/\/www.gintaresgeles.lt\/en\/\",\"name\":\"Gintares Geles\",\"description\":\"Flower delivery in Vilnius | Same-day delivery | Gintares geles\",\"potentialAction\":[{\"@type\":\"SearchAction\",\"target\":{\"@type\":\"EntryPoint\",\"urlTemplate\":\"https:\/\/www.gintaresgeles.lt\/en\/?s={search_term_string}\"},\"query-input\":{\"@type\":\"PropertyValueSpecification\",\"valueRequired\":true,\"valueName\":\"search_term_string\"}}],\"inLanguage\":\"en-US\"}]}<\/script>\n<!-- \/ Yoast SEO plugin. -->","yoast_head_json":{"title":"Little Yellow Sleeping Rose | Stabilized flowers | Gintar\u0117s G\u0117l\u0117s","description":"The mini-sized sleeping rose under the glass is a yellow stabilized flower. The flower is placed under a glass dome, which is bound by a brightly colored ribbon.","robots":{"index":"index","follow":"follow","max-snippet":"max-snippet:-1","max-image-preview":"max-image-preview:large","max-video-preview":"max-video-preview:-1"},"canonical":"https:\/\/www.gintaresgeles.lt\/en\/puokste\/a-small-yellow-sleeping-rose\/","og_locale":"en_US","og_type":"article","og_title":"Little Yellow Sleeping Rose | Stabilized flowers | Gintar\u0117s G\u0117l\u0117s","og_description":"The mini-sized sleeping rose under the glass is a yellow stabilized flower. The flower is placed under a glass dome, which is bound by a brightly colored ribbon.","og_url":"https:\/\/www.gintaresgeles.lt\/en\/puokste\/a-small-yellow-sleeping-rose\/","og_site_name":"gintaresgeles.lt","article_modified_time":"2021-03-29T09:53:16+00:00","og_image":[{"width":2560,"height":2560,"url":"https:\/\/www.gintaresgeles.lt\/wp-content\/uploads\/2019\/01\/maza-stabilizuota-roze-po-stiklu-geltonos-spalvos-scaled.jpg","type":"image\/jpeg"}],"twitter_card":"summary_large_image","twitter_misc":{"Est. reading time":"1 minute"},"schema":{"@context":"https:\/\/schema.org","@graph":[{"@type":"WebPage","@id":"https:\/\/www.gintaresgeles.lt\/en\/puokste\/a-small-yellow-sleeping-rose\/","url":"https:\/\/www.gintaresgeles.lt\/en\/puokste\/a-small-yellow-sleeping-rose\/","name":"Little Yellow Sleeping Rose | Stabilized flowers | Gintar\u0117s G\u0117l\u0117s","isPartOf":{"@id":"https:\/\/www.gintaresgeles.lt\/en\/#website"},"primaryImageOfPage":{"@id":"https:\/\/www.gintaresgeles.lt\/en\/puokste\/a-small-yellow-sleeping-rose\/#primaryimage"},"image":{"@id":"https:\/\/www.gintaresgeles.lt\/en\/puokste\/a-small-yellow-sleeping-rose\/#primaryimage"},"thumbnailUrl":"https:\/\/www.gintaresgeles.lt\/wp-content\/uploads\/2019\/01\/maza-stabilizuota-roze-po-stiklu-geltonos-spalvos-scaled.jpg","datePublished":"2019-01-24T15:19:23+00:00","dateModified":"2021-03-29T09:53:16+00:00","description":"The mini-sized sleeping rose under the glass is a yellow stabilized flower. The flower is placed under a glass dome, which is bound by a brightly colored ribbon.","breadcrumb":{"@id":"https:\/\/www.gintaresgeles.lt\/en\/puokste\/a-small-yellow-sleeping-rose\/#breadcrumb"},"inLanguage":"en-US","potentialAction":[{"@type":"ReadAction","target":["https:\/\/www.gintaresgeles.lt\/en\/puokste\/a-small-yellow-sleeping-rose\/"]}]},{"@type":"ImageObject","inLanguage":"en-US","@id":"https:\/\/www.gintaresgeles.lt\/en\/puokste\/a-small-yellow-sleeping-rose\/#primaryimage","url":"https:\/\/www.gintaresgeles.lt\/wp-content\/uploads\/2019\/01\/maza-stabilizuota-roze-po-stiklu-geltonos-spalvos-scaled.jpg","contentUrl":"https:\/\/www.gintaresgeles.lt\/wp-content\/uploads\/2019\/01\/maza-stabilizuota-roze-po-stiklu-geltonos-spalvos-scaled.jpg","width":2560,"height":2560,"caption":"Geltona mieganti ma\u017ea ro\u017e\u0117 po stiklu dovana merginai"},{"@type":"BreadcrumbList","@id":"https:\/\/www.gintaresgeles.lt\/en\/puokste\/a-small-yellow-sleeping-rose\/#breadcrumb","itemListElement":[{"@type":"ListItem","position":1,"name":"Prad\u017eia","item":"https:\/\/www.gintaresgeles.lt\/en\/"},{"@type":"ListItem","position":2,"name":"All flowers and other products","item":"https:\/\/www.gintaresgeles.lt\/en\/all-flowers-and-other-products\/"},{"@type":"ListItem","position":3,"name":"A small yellow sleeping rose"}]},{"@type":"WebSite","@id":"https:\/\/www.gintaresgeles.lt\/en\/#website","url":"https:\/\/www.gintaresgeles.lt\/en\/","name":"Gintares Geles","description":"Flower delivery in Vilnius | Same-day delivery | Gintares geles","potentialAction":[{"@type":"SearchAction","target":{"@type":"EntryPoint","urlTemplate":"https:\/\/www.gintaresgeles.lt\/en\/?s={search_term_string}"},"query-input":{"@type":"PropertyValueSpecification","valueRequired":true,"valueName":"search_term_string"}}],"inLanguage":"en-US"}]}},"_links":{"self":[{"href":"https:\/\/www.gintaresgeles.lt\/en\/wp-json\/wp\/v2\/product\/26432","targetHints":{"allow":["GET"]}}],"collection":[{"href":"https:\/\/www.gintaresgeles.lt\/en\/wp-json\/wp\/v2\/product"}],"about":[{"href":"https:\/\/www.gintaresgeles.lt\/en\/wp-json\/wp\/v2\/types\/product"}],"wp:featuredmedia":[{"embeddable":true,"href":"https:\/\/www.gintaresgeles.lt\/en\/wp-json\/wp\/v2\/media\/39929"}],"wp:attachment":[{"href":"https:\/\/www.gintaresgeles.lt\/en\/wp-json\/wp\/v2\/media?parent=26432"}],"wp:term":[{"taxonomy":"product_brand","embeddable":true,"href":"https:\/\/www.gintaresgeles.lt\/en\/wp-json\/wp\/v2\/product_brand?post=26432"},{"taxonomy":"product_cat","embeddable":true,"href":"https:\/\/www.gintaresgeles.lt\/en\/wp-json\/wp\/v2\/product_cat?post=26432"},{"taxonomy":"product_tag","embeddable":true,"href":"https:\/\/www.gintaresgeles.lt\/en\/wp-json\/wp\/v2\/product_tag?post=26432"}],"curies":[{"name":"wp","href":"https:\/\/api.w.org\/{rel}","templated":true}]}}