{"id":26434,"date":"2019-01-22T17:22:59","date_gmt":"2019-01-22T19:22:59","guid":{"rendered":"https:\/\/www.gintaresgeles.lt\/puokste\/a-small-creamy-sleeping-rose\/"},"modified":"2021-03-29T11:58:44","modified_gmt":"2021-03-29T09:58:44","slug":"a-small-creamy-sleeping-rose","status":"publish","type":"product","link":"https:\/\/www.gintaresgeles.lt\/en\/puokste\/a-small-creamy-sleeping-rose\/","title":{"rendered":"A small creamy sleeping rose"},"content":{"rendered":"<p>Creamy little sleeping rose &#8211; a symbol of luck, joy, purity. Surprise your beloved women with this caring gesture and they will surely be satisfied. Let your feelings and good moments be immortalized by this flower that will not lose its charm. Also, this beautiful rose is a perfect gift for friends and colleagues as a token of respect or gratitude to admire for a long time. The Sleeping Rose is a naturally grown flower that has been picked in its finest form and then embalmed to maintain its appearance. It is protected by a glass dome and a base with a total height of about 25cm and a base diameter of 12cm. You can enjoy this flower for a couple of years.<\/p>\n","protected":false},"excerpt":{"rendered":"<p>Surprise your loved ones! Give this beautiful embalmed rose a chance to brighten up your loved ones day. Let us fill them up with warm feelings and gratitude. The person to whom you give this creamy embalmed rose, which does not lose its charm, will also receive a beautiful glass dome with a ribbon, which will make the overall picture even better. You can admire the rose for years.<\/p>\n","protected":false},"featured_media":40056,"template":"","meta":[],"product_brand":[],"product_cat":[260,259,252,265,256,253,257,428,262,263,892,264],"product_tag":[],"class_list":{"0":"post-26434","1":"product","2":"type-product","3":"status-publish","4":"has-post-thumbnail","6":"product_cat-birthday-flowers","7":"product_cat-flowers-by-occasion","8":"product_cat-flowers-by-recipient","9":"product_cat-flowers-by-type","10":"product_cat-flowers-for-girlfriend","11":"product_cat-flowers-for-mom","12":"product_cat-flowers-for-women","13":"product_cat-jubilee-flowers","14":"product_cat-march8th-flowers","15":"product_cat-mothers-day-flowers","16":"product_cat-sleeping-roses-en-flowers-by-type","17":"product_cat-valentines-day-flowers","18":"tm-has-options","20":"first","21":"outofstock","22":"taxable","23":"shipping-taxable","24":"purchasable","25":"product-type-simple"},"yoast_head":"<!-- This site is optimized with the Yoast SEO plugin v25.3 - https:\/\/yoast.com\/wordpress\/plugins\/seo\/ -->\n<title>Creamy little sleeping rose | Stabilized flowers | Gintar\u0117s G\u0117l\u0117s<\/title>\n<meta name=\"description\" content=\"The creamy little sleeping rose is a symbol of joy, purity and success. Sleeping Rose is a naturally grown flower. It is surrounded by a glass dome with a total height of about 25 cm and a base of 12 cm in diameter.\" \/>\n<meta name=\"robots\" content=\"index, follow, max-snippet:-1, max-image-preview:large, max-video-preview:-1\" \/>\n<link rel=\"canonical\" href=\"https:\/\/www.gintaresgeles.lt\/en\/puokste\/a-small-creamy-sleeping-rose\/\" \/>\n<meta property=\"og:locale\" content=\"en_US\" \/>\n<meta property=\"og:type\" content=\"article\" \/>\n<meta property=\"og:title\" content=\"Creamy little sleeping rose | Stabilized flowers | Gintar\u0117s G\u0117l\u0117s\" \/>\n<meta property=\"og:description\" content=\"The creamy little sleeping rose is a symbol of joy, purity and success. Sleeping Rose is a naturally grown flower. It is surrounded by a glass dome with a total height of about 25 cm and a base of 12 cm in diameter.\" \/>\n<meta property=\"og:url\" content=\"https:\/\/www.gintaresgeles.lt\/en\/puokste\/a-small-creamy-sleeping-rose\/\" \/>\n<meta property=\"og:site_name\" content=\"gintaresgeles.lt\" \/>\n<meta property=\"article:modified_time\" content=\"2021-03-29T09:58:44+00:00\" \/>\n<meta property=\"og:image\" content=\"https:\/\/www.gintaresgeles.lt\/wp-content\/uploads\/2019\/01\/maza-stabilizuota-roze-po-stiklu-kremines-spalvos-scaled.jpg\" \/>\n\t<meta property=\"og:image:width\" content=\"2560\" \/>\n\t<meta property=\"og:image:height\" content=\"2560\" \/>\n\t<meta property=\"og:image:type\" content=\"image\/jpeg\" \/>\n<meta name=\"twitter:card\" content=\"summary_large_image\" \/>\n<meta name=\"twitter:label1\" content=\"Est. reading time\" \/>\n\t<meta name=\"twitter:data1\" content=\"1 minute\" \/>\n<script type=\"application\/ld+json\" class=\"yoast-schema-graph\">{\"@context\":\"https:\/\/schema.org\",\"@graph\":[{\"@type\":\"WebPage\",\"@id\":\"https:\/\/www.gintaresgeles.lt\/en\/puokste\/a-small-creamy-sleeping-rose\/\",\"url\":\"https:\/\/www.gintaresgeles.lt\/en\/puokste\/a-small-creamy-sleeping-rose\/\",\"name\":\"Creamy little sleeping rose | Stabilized flowers | Gintar\u0117s G\u0117l\u0117s\",\"isPartOf\":{\"@id\":\"https:\/\/www.gintaresgeles.lt\/en\/#website\"},\"primaryImageOfPage\":{\"@id\":\"https:\/\/www.gintaresgeles.lt\/en\/puokste\/a-small-creamy-sleeping-rose\/#primaryimage\"},\"image\":{\"@id\":\"https:\/\/www.gintaresgeles.lt\/en\/puokste\/a-small-creamy-sleeping-rose\/#primaryimage\"},\"thumbnailUrl\":\"https:\/\/www.gintaresgeles.lt\/wp-content\/uploads\/2019\/01\/maza-stabilizuota-roze-po-stiklu-kremines-spalvos-scaled.jpg\",\"datePublished\":\"2019-01-22T19:22:59+00:00\",\"dateModified\":\"2021-03-29T09:58:44+00:00\",\"description\":\"The creamy little sleeping rose is a symbol of joy, purity and success. Sleeping Rose is a naturally grown flower. It is surrounded by a glass dome with a total height of about 25 cm and a base of 12 cm in diameter.\",\"breadcrumb\":{\"@id\":\"https:\/\/www.gintaresgeles.lt\/en\/puokste\/a-small-creamy-sleeping-rose\/#breadcrumb\"},\"inLanguage\":\"en-US\",\"potentialAction\":[{\"@type\":\"ReadAction\",\"target\":[\"https:\/\/www.gintaresgeles.lt\/en\/puokste\/a-small-creamy-sleeping-rose\/\"]}]},{\"@type\":\"ImageObject\",\"inLanguage\":\"en-US\",\"@id\":\"https:\/\/www.gintaresgeles.lt\/en\/puokste\/a-small-creamy-sleeping-rose\/#primaryimage\",\"url\":\"https:\/\/www.gintaresgeles.lt\/wp-content\/uploads\/2019\/01\/maza-stabilizuota-roze-po-stiklu-kremines-spalvos-scaled.jpg\",\"contentUrl\":\"https:\/\/www.gintaresgeles.lt\/wp-content\/uploads\/2019\/01\/maza-stabilizuota-roze-po-stiklu-kremines-spalvos-scaled.jpg\",\"width\":2560,\"height\":2560,\"caption\":\"Kremin\u0117 mieganti ma\u017ea ro\u017e\u0117 po stiklu dovana merginai\"},{\"@type\":\"BreadcrumbList\",\"@id\":\"https:\/\/www.gintaresgeles.lt\/en\/puokste\/a-small-creamy-sleeping-rose\/#breadcrumb\",\"itemListElement\":[{\"@type\":\"ListItem\",\"position\":1,\"name\":\"Prad\u017eia\",\"item\":\"https:\/\/www.gintaresgeles.lt\/en\/\"},{\"@type\":\"ListItem\",\"position\":2,\"name\":\"All flowers and other products\",\"item\":\"https:\/\/www.gintaresgeles.lt\/en\/all-flowers-and-other-products\/\"},{\"@type\":\"ListItem\",\"position\":3,\"name\":\"A small creamy sleeping rose\"}]},{\"@type\":\"WebSite\",\"@id\":\"https:\/\/www.gintaresgeles.lt\/en\/#website\",\"url\":\"https:\/\/www.gintaresgeles.lt\/en\/\",\"name\":\"gintaresgeles.lt\",\"description\":\"G\u0117li\u0173 parduotuv\u0117 internete\",\"potentialAction\":[{\"@type\":\"SearchAction\",\"target\":{\"@type\":\"EntryPoint\",\"urlTemplate\":\"https:\/\/www.gintaresgeles.lt\/en\/?s={search_term_string}\"},\"query-input\":{\"@type\":\"PropertyValueSpecification\",\"valueRequired\":true,\"valueName\":\"search_term_string\"}}],\"inLanguage\":\"en-US\"}]}<\/script>\n<!-- \/ Yoast SEO plugin. -->","yoast_head_json":{"title":"Creamy little sleeping rose | Stabilized flowers | Gintar\u0117s G\u0117l\u0117s","description":"The creamy little sleeping rose is a symbol of joy, purity and success. Sleeping Rose is a naturally grown flower. It is surrounded by a glass dome with a total height of about 25 cm and a base of 12 cm in diameter.","robots":{"index":"index","follow":"follow","max-snippet":"max-snippet:-1","max-image-preview":"max-image-preview:large","max-video-preview":"max-video-preview:-1"},"canonical":"https:\/\/www.gintaresgeles.lt\/en\/puokste\/a-small-creamy-sleeping-rose\/","og_locale":"en_US","og_type":"article","og_title":"Creamy little sleeping rose | Stabilized flowers | Gintar\u0117s G\u0117l\u0117s","og_description":"The creamy little sleeping rose is a symbol of joy, purity and success. Sleeping Rose is a naturally grown flower. It is surrounded by a glass dome with a total height of about 25 cm and a base of 12 cm in diameter.","og_url":"https:\/\/www.gintaresgeles.lt\/en\/puokste\/a-small-creamy-sleeping-rose\/","og_site_name":"gintaresgeles.lt","article_modified_time":"2021-03-29T09:58:44+00:00","og_image":[{"width":2560,"height":2560,"url":"https:\/\/www.gintaresgeles.lt\/wp-content\/uploads\/2019\/01\/maza-stabilizuota-roze-po-stiklu-kremines-spalvos-scaled.jpg","type":"image\/jpeg"}],"twitter_card":"summary_large_image","twitter_misc":{"Est. reading time":"1 minute"},"schema":{"@context":"https:\/\/schema.org","@graph":[{"@type":"WebPage","@id":"https:\/\/www.gintaresgeles.lt\/en\/puokste\/a-small-creamy-sleeping-rose\/","url":"https:\/\/www.gintaresgeles.lt\/en\/puokste\/a-small-creamy-sleeping-rose\/","name":"Creamy little sleeping rose | Stabilized flowers | Gintar\u0117s G\u0117l\u0117s","isPartOf":{"@id":"https:\/\/www.gintaresgeles.lt\/en\/#website"},"primaryImageOfPage":{"@id":"https:\/\/www.gintaresgeles.lt\/en\/puokste\/a-small-creamy-sleeping-rose\/#primaryimage"},"image":{"@id":"https:\/\/www.gintaresgeles.lt\/en\/puokste\/a-small-creamy-sleeping-rose\/#primaryimage"},"thumbnailUrl":"https:\/\/www.gintaresgeles.lt\/wp-content\/uploads\/2019\/01\/maza-stabilizuota-roze-po-stiklu-kremines-spalvos-scaled.jpg","datePublished":"2019-01-22T19:22:59+00:00","dateModified":"2021-03-29T09:58:44+00:00","description":"The creamy little sleeping rose is a symbol of joy, purity and success. Sleeping Rose is a naturally grown flower. It is surrounded by a glass dome with a total height of about 25 cm and a base of 12 cm in diameter.","breadcrumb":{"@id":"https:\/\/www.gintaresgeles.lt\/en\/puokste\/a-small-creamy-sleeping-rose\/#breadcrumb"},"inLanguage":"en-US","potentialAction":[{"@type":"ReadAction","target":["https:\/\/www.gintaresgeles.lt\/en\/puokste\/a-small-creamy-sleeping-rose\/"]}]},{"@type":"ImageObject","inLanguage":"en-US","@id":"https:\/\/www.gintaresgeles.lt\/en\/puokste\/a-small-creamy-sleeping-rose\/#primaryimage","url":"https:\/\/www.gintaresgeles.lt\/wp-content\/uploads\/2019\/01\/maza-stabilizuota-roze-po-stiklu-kremines-spalvos-scaled.jpg","contentUrl":"https:\/\/www.gintaresgeles.lt\/wp-content\/uploads\/2019\/01\/maza-stabilizuota-roze-po-stiklu-kremines-spalvos-scaled.jpg","width":2560,"height":2560,"caption":"Kremin\u0117 mieganti ma\u017ea ro\u017e\u0117 po stiklu dovana merginai"},{"@type":"BreadcrumbList","@id":"https:\/\/www.gintaresgeles.lt\/en\/puokste\/a-small-creamy-sleeping-rose\/#breadcrumb","itemListElement":[{"@type":"ListItem","position":1,"name":"Prad\u017eia","item":"https:\/\/www.gintaresgeles.lt\/en\/"},{"@type":"ListItem","position":2,"name":"All flowers and other products","item":"https:\/\/www.gintaresgeles.lt\/en\/all-flowers-and-other-products\/"},{"@type":"ListItem","position":3,"name":"A small creamy sleeping rose"}]},{"@type":"WebSite","@id":"https:\/\/www.gintaresgeles.lt\/en\/#website","url":"https:\/\/www.gintaresgeles.lt\/en\/","name":"gintaresgeles.lt","description":"G\u0117li\u0173 parduotuv\u0117 internete","potentialAction":[{"@type":"SearchAction","target":{"@type":"EntryPoint","urlTemplate":"https:\/\/www.gintaresgeles.lt\/en\/?s={search_term_string}"},"query-input":{"@type":"PropertyValueSpecification","valueRequired":true,"valueName":"search_term_string"}}],"inLanguage":"en-US"}]}},"_links":{"self":[{"href":"https:\/\/www.gintaresgeles.lt\/en\/wp-json\/wp\/v2\/product\/26434","targetHints":{"allow":["GET"]}}],"collection":[{"href":"https:\/\/www.gintaresgeles.lt\/en\/wp-json\/wp\/v2\/product"}],"about":[{"href":"https:\/\/www.gintaresgeles.lt\/en\/wp-json\/wp\/v2\/types\/product"}],"wp:featuredmedia":[{"embeddable":true,"href":"https:\/\/www.gintaresgeles.lt\/en\/wp-json\/wp\/v2\/media\/40056"}],"wp:attachment":[{"href":"https:\/\/www.gintaresgeles.lt\/en\/wp-json\/wp\/v2\/media?parent=26434"}],"wp:term":[{"taxonomy":"product_brand","embeddable":true,"href":"https:\/\/www.gintaresgeles.lt\/en\/wp-json\/wp\/v2\/product_brand?post=26434"},{"taxonomy":"product_cat","embeddable":true,"href":"https:\/\/www.gintaresgeles.lt\/en\/wp-json\/wp\/v2\/product_cat?post=26434"},{"taxonomy":"product_tag","embeddable":true,"href":"https:\/\/www.gintaresgeles.lt\/en\/wp-json\/wp\/v2\/product_tag?post=26434"}],"curies":[{"name":"wp","href":"https:\/\/api.w.org\/{rel}","templated":true}]}}